{"id":840,"date":"2014-11-12T13:56:05","date_gmt":"2014-11-12T11:56:05","guid":{"rendered":"http:\/\/80.69.171.23\/py\/?page_id=840"},"modified":"2021-08-17T16:58:54","modified_gmt":"2021-08-17T13:58:54","slug":"raava-eennamviljaleijeid","status":"publish","type":"page","link":"https:\/\/paliskunnat.fi\/po\/puasuivahageh\/kalvemvahageh\/raava-eennamviljaleijeid\/","title":{"rendered":"Raav\u00e2 eenn\u00e2mvilj\u00e2leijeid"},"content":{"rendered":"<h2>Raav\u00e2 eenn\u00e2mvilj\u00e2leijeid<\/h2>\n<p>Jis poccuid selv\u00e2tteh ku\u00e1vlust, kost toh pyehtih tov\u00e2tti\u0111 vah\u00e2gijd, kalga potentiaal vaah\u00e2gkill\u00e1jeijee v\u00e4ldi\u0111 t\u00e1ll\u00e2n oht\u00e2vuo\u0111\u00e2 palg\u00e2s pu\u00e1sui-i\u0161ed\u00e2n. Pu\u00e1sui-i\u0161\u0161eed lii kenig\u00e2ttum huol\u00e2tti\u0111 tast, et poccuuh huol\u00e2ttuvvojeh medd\u00e2l ku\u00e1vlust. Jis paalg\u00e2s ij huol\u00e2t kenig\u00e2svuo\u0111\u00e2inis, pu\u00e1sui-i\u0161\u0161eed teikk\u00e2 vaah\u00e2g kill\u00e1jeijest lii vuoig\u00e2dvuot\u00e2 huol\u00e2tti\u0111 poccui medd\u00e2l palg\u00e2s ku\u00e1st\u00e1d\u00e2s\u00e2in.<\/p>\n<p>Jis poccuuh l\u00e1\u00e1 tov\u00e2tt\u00e2m vah\u00e2gijd, \u00e4\u0161\u0161iom\u00e2h\u00e1\u00e1h r\u00e1\u0111\u00e1d\u00e2lleh vaah\u00e2g \u00e1rvu\u0161t\u00e2lmist, pyereetmist j\u00e1 pu\u00e1ttei vah\u00e2gij estimist. Jis r\u00e1\u0111\u00e1d\u00e2lmijn ij pees\u00e2 ovd\u00e2u\u00e1ivil\u00e2n, pu\u00e1ht\u00e1 \u00e4\u00e4\u0161i \u010du\u00e1vdim v\u00e1r\u00e1s ko\u010d\u010do\u0111 pu\u00e1suivaah\u00e2gl\u00e4vdikodde.<\/p>\n<p>&nbsp;<\/p>\n<p>Pu\u00e1suiom\u00e2steijeid\u00a0<a href=\"https:\/\/paliskunnat.fi\/py\/poroisannat\/\">oht\u00e2vuot\u00e2ti\u00e4\u0111uh<\/a><\/p>\n<p>&nbsp;<\/p>\n<p>&nbsp;<\/p>\n","protected":false},"excerpt":{"rendered":"<p>Raav\u00e2 eenn\u00e2mvilj\u00e2leijeid Jis poccuid selv\u00e2tteh ku\u00e1vlust, kost toh pyehtih tov\u00e2tti\u0111 vah\u00e2gijd, kalga potentiaal vaah\u00e2gkill\u00e1jeijee v\u00e4ldi\u0111 t\u00e1ll\u00e2n oht\u00e2vuo\u0111\u00e2 palg\u00e2s pu\u00e1sui-i\u0161ed\u00e2n. Pu\u00e1sui-i\u0161\u0161eed lii kenig\u00e2ttum huol\u00e2tti\u0111 tast, et poccuuh huol\u00e2ttuvvojeh medd\u00e2l ku\u00e1vlust. Jis paalg\u00e2s ij huol\u00e2t kenig\u00e2svuo\u0111\u00e2inis, pu\u00e1sui-i\u0161\u0161eed teikk\u00e2 vaah\u00e2g kill\u00e1jeijest lii vuoig\u00e2dvuot\u00e2 huol\u00e2tti\u0111 poccui medd\u00e2l palg\u00e2s ku\u00e1st\u00e1d\u00e2s\u00e2in. Jis poccuuh l\u00e1\u00e1 tov\u00e2tt\u00e2m vah\u00e2gijd, \u00e4\u0161\u0161iom\u00e2h\u00e1\u00e1h r\u00e1\u0111\u00e1d\u00e2lleh vaah\u00e2g \u00e1rvu\u0161t\u00e2lmist, pyereetmist [&hellip;]<\/p>\n","protected":false},"author":1,"featured_media":0,"parent":836,"menu_order":1,"comment_status":"open","ping_status":"closed","template":"","meta":{"footnotes":""},"class_list":["post-840","page","type-page","status-publish","hentry"],"_links":{"self":[{"href":"https:\/\/paliskunnat.fi\/po\/wp-json\/wp\/v2\/pages\/840","targetHints":{"allow":["GET"]}}],"collection":[{"href":"https:\/\/paliskunnat.fi\/po\/wp-json\/wp\/v2\/pages"}],"about":[{"href":"https:\/\/paliskunnat.fi\/po\/wp-json\/wp\/v2\/types\/page"}],"author":[{"embeddable":true,"href":"https:\/\/paliskunnat.fi\/po\/wp-json\/wp\/v2\/users\/1"}],"replies":[{"embeddable":true,"href":"https:\/\/paliskunnat.fi\/po\/wp-json\/wp\/v2\/comments?post=840"}],"version-history":[{"count":4,"href":"https:\/\/paliskunnat.fi\/po\/wp-json\/wp\/v2\/pages\/840\/revisions"}],"predecessor-version":[{"id":5808,"href":"https:\/\/paliskunnat.fi\/po\/wp-json\/wp\/v2\/pages\/840\/revisions\/5808"}],"up":[{"embeddable":true,"href":"https:\/\/paliskunnat.fi\/po\/wp-json\/wp\/v2\/pages\/836"}],"wp:attachment":[{"href":"https:\/\/paliskunnat.fi\/po\/wp-json\/wp\/v2\/media?parent=840"}],"curies":[{"name":"wp","href":"https:\/\/api.w.org\/{rel}","templated":true}]}}