{"id":842,"date":"2014-11-12T13:57:38","date_gmt":"2014-11-12T11:57:38","guid":{"rendered":"http:\/\/80.69.171.23\/py\/?page_id=842"},"modified":"2017-12-28T13:33:47","modified_gmt":"2017-12-28T13:33:47","slug":"raava-palgasan","status":"publish","type":"page","link":"https:\/\/paliskunnat.fi\/po\/puasuivahageh\/kalvemvahageh\/raava-palgasan\/","title":{"rendered":"Raav\u00e2 palg\u00e2s\u00e2n"},"content":{"rendered":"<h2>Raav\u00e2 palg\u00e2s\u00e2n<\/h2>\n<p>Paalg\u00e2s lii kenig\u00e2ttum toim\u00e2\u0111 ko u\u00e1\u017e\u017eu almott\u00e2s poccuin ku\u00e1vlust, kost toh pyehtih tov\u00e2tti\u0111 vaah\u00e2g. Jis paalg\u00e2s ij huol\u00e2t kenig\u00e2svuo\u0111\u00e2stis, eenn\u00e2mi\u00e4ig\u00e1dist teikk\u00e2 vaah\u00e2g kill\u00e1jeijest lii vuoig\u00e2dvuot\u00e2 huol\u00e2tti\u0111 poccui medd\u00e2l palg\u00e2s ku\u00e1st\u00e1d\u00e2s\u00e2in.<\/p>\n<p>Ain ko poccuid huol\u00e2tti\u0111 medd\u00e2l palg\u00e2s tooim\u00e2st kieldum ku\u00e1vlust, kalga \u010d\u00e4\u00e4lli\u0111 tooimah peivimeerijn j\u00e1 tijmeaaigijn muu\u0161ton huol\u00e2l\u00e1vt. Pyeri toim\u00e2mvyehi lii meid eelli\u0111 almootmin \u00e4\u0161\u0161iom\u00e2h\u00e1id porgum toim\u00e1in teikk\u00e2 eres vuovvijn huol\u00e2tti\u0111 tast, et ti\u00e4tu porgum pargoost pu\u00e1t\u00e1 puoh \u00e4\u0161\u0161iom\u00e2h\u00e1id ti\u00e4tun.<\/p>\n<p>&nbsp;<\/p>\n","protected":false},"excerpt":{"rendered":"<p>Raav\u00e2 palg\u00e2s\u00e2n Paalg\u00e2s lii kenig\u00e2ttum toim\u00e2\u0111 ko u\u00e1\u017e\u017eu almott\u00e2s poccuin ku\u00e1vlust, kost toh pyehtih tov\u00e2tti\u0111 vaah\u00e2g. Jis paalg\u00e2s ij huol\u00e2t kenig\u00e2svuo\u0111\u00e2stis, eenn\u00e2mi\u00e4ig\u00e1dist teikk\u00e2 vaah\u00e2g kill\u00e1jeijest lii vuoig\u00e2dvuot\u00e2 huol\u00e2tti\u0111 poccui medd\u00e2l palg\u00e2s ku\u00e1st\u00e1d\u00e2s\u00e2in. Ain ko poccuid huol\u00e2tti\u0111 medd\u00e2l palg\u00e2s tooim\u00e2st kieldum ku\u00e1vlust, kalga \u010d\u00e4\u00e4lli\u0111 tooimah peivimeerijn j\u00e1 tijmeaaigijn muu\u0161ton huol\u00e2l\u00e1vt. Pyeri toim\u00e2mvyehi lii meid eelli\u0111 almootmin [&hellip;]<\/p>\n","protected":false},"author":1,"featured_media":0,"parent":836,"menu_order":2,"comment_status":"open","ping_status":"closed","template":"","meta":{"footnotes":""},"class_list":["post-842","page","type-page","status-publish","hentry"],"_links":{"self":[{"href":"https:\/\/paliskunnat.fi\/po\/wp-json\/wp\/v2\/pages\/842","targetHints":{"allow":["GET"]}}],"collection":[{"href":"https:\/\/paliskunnat.fi\/po\/wp-json\/wp\/v2\/pages"}],"about":[{"href":"https:\/\/paliskunnat.fi\/po\/wp-json\/wp\/v2\/types\/page"}],"author":[{"embeddable":true,"href":"https:\/\/paliskunnat.fi\/po\/wp-json\/wp\/v2\/users\/1"}],"replies":[{"embeddable":true,"href":"https:\/\/paliskunnat.fi\/po\/wp-json\/wp\/v2\/comments?post=842"}],"version-history":[{"count":2,"href":"https:\/\/paliskunnat.fi\/po\/wp-json\/wp\/v2\/pages\/842\/revisions"}],"predecessor-version":[{"id":5486,"href":"https:\/\/paliskunnat.fi\/po\/wp-json\/wp\/v2\/pages\/842\/revisions\/5486"}],"up":[{"embeddable":true,"href":"https:\/\/paliskunnat.fi\/po\/wp-json\/wp\/v2\/pages\/836"}],"wp:attachment":[{"href":"https:\/\/paliskunnat.fi\/po\/wp-json\/wp\/v2\/media?parent=842"}],"curies":[{"name":"wp","href":"https:\/\/api.w.org\/{rel}","templated":true}]}}