{"id":844,"date":"2014-11-12T14:03:04","date_gmt":"2014-11-12T12:03:04","guid":{"rendered":"http:\/\/80.69.171.23\/py\/?page_id=844"},"modified":"2021-08-17T16:58:10","modified_gmt":"2021-08-17T13:58:10","slug":"kalvemsyejiaidi","status":"publish","type":"page","link":"https:\/\/paliskunnat.fi\/po\/puasuivahageh\/kalvemvahageh\/kalvemsyejiaidi\/","title":{"rendered":"Kalvemsyeji\u00e4i\u0111i"},"content":{"rendered":"<h2>Kalvemsyeji\u00e4i\u0111i<\/h2>\n<p>Kalvemij \u00e1i\u0111um pu\u00e1ht\u00e1 le\u0111e tarb\u00e2\u0161l\u00e2\u0161, jis ki\u00e4vtust ij lah eres vyehi tolli\u0111 poccuid medd\u00e2l kalvemijn. \u00c1i\u0111umku\u00e1st\u00e1d\u00e2sah kalgeh kuitt\u00e2g le\u0111e ku\u00e1htul\u00e1vt kosk\u00e2vuo\u0111\u00e2st m\u00e1h\u0111ul\u00e1id vah\u00e2g\u00e1id. \u00c1i\u0111umist r\u00e1\u0111\u00e1d\u00e2lloo j\u00e1 su\u00e1ppoo \u00e4\u0161\u0161iom\u00e2h\u00e1i koosk\u00e2st. Jis \u00e4\u0161\u0161iom\u00e2h\u00e1\u00e1h i\u00e4 pees\u00e2 \u00e1i\u0111umist ib\u00e1rd\u00e2s\u00e2n, pu\u00e1ht\u00e1 \u00e4\u00e4\u0161i \u010du\u00e1vdim v\u00e1r\u00e1s ko\u010d\u010do\u0111 \u010du\u00e1k\u00e1n pu\u00e1suivaah\u00e2gl\u00e4vdikodde.<\/p>\n<p>Tigge mi\u00e4ru\u0161t\u00e2ll\u00e2m hi\u00e4ivul\u00e2\u0161 \u00e1i\u0111umhuksimvyevi mield \u00e4i\u0111i lii tohhum meetteralos\u00e2\u0161 \u00e4i\u0111iviermist (23.6.2004, 04\/627). Stu\u00e1lppun ki\u00e4vttoo ollum kuos\u00e2- teikk\u00e2 pecistu\u00e1lpuid.<\/p>\n<p>\u00c1i\u0111um\u00e2n tarb\u00e2\u0161uvvoo ain eenn\u00e2mi\u00e4ig\u00e1d love. Jis eenn\u00e2mi\u00e4ig\u00e1d ki\u00e4ld\u00e1 \u00e4\u00e4i\u0111i huksim jieij\u00e2s en\u00e2m\u00e2n, ij palg\u00e2s taarb\u00e2\u0161 sajanm\u00e4ksi\u0111 poccuid tov\u00e2tt\u00e2m vah\u00e2gijd (Ru\u00e1vinjaarg\u00e2 haavirievti mi\u00e4r\u00e1d\u00e2s 6.9.2006 \/756). Sajanm\u00e4ksimkenig\u00e2svuot\u00e2 ij aain\u00e2skin \u0161ood\u00e2, jis vaah\u00e2gkill\u00e1jeijee i\u0161\u0161eed toim\u00e2inis vaah\u00e2g \u0161odd\u00e2m\u00e2n. Eenn\u00e2mi\u00e4ig\u00e1d teikk\u00e2 hald\u00e2\u0161eijee huol\u00e2ttemkenig\u00e2svuot\u00e2n j\u00e1 vah\u00e2gij estim\u00e2n kulloo eereeb i\u00e4rr\u00e1s tooll\u00e2\u0111 aai\u0111ijd ver\u00e1j\u00e1id toppum, v\u00e2i poccuuh i\u00e4 peess\u00e2\u0111 en\u00e2m\u00e2n, kost toh i\u00e4 u\u00e1\u017eu le\u0111e.<\/p>\n<p>\u00c1i\u0111umist tahhoo ain kirj\u00e1l\u00e2\u0161 sop\u00e2mu\u0161 palg\u00e2s j\u00e1 eenn\u00e2mi\u00e4ig\u00e1d koosk\u00e2st. Meiddei \u00e4\u00e4i\u0111i huol\u00e2tmist kalga soopp\u00e2\u0111 u\u00e1sipeelij koosk\u00e2st kirj\u00e1l\u00e1vt. Palg\u00e2seh pyehtih uucc\u00e2\u0111 Laapi ELY-ku\u00e1vd\u00e1\u00e1st pu\u00e1suitu\u00e1lu j\u00e1 lu\u00e1ndui\u00e4l\u00e1tt\u00e2s\u00e2i rutt\u00e2demlaav\u00e2 (POLURA 896\/2011) mield \u00e1i\u0111umi\u0161e syeji\u00e4\u00e4i\u0111i huksimkoloi v\u00e1r\u00e1s.<\/p>\n<p>Kalvemsyeji\u00e4\u00e4i\u0111ih l\u00e1\u00e1 palg\u00e2s om\u00e2duv. Aai\u0111ij vah\u00e2gittee lii vaah\u00e2gsajanm\u00e4ksimkenig\u00e2svuo\u0111\u00e2st vah\u00e2gijn.<\/p>\n<p>&nbsp;<\/p>\n","protected":false},"excerpt":{"rendered":"<p>Kalvemsyeji\u00e4i\u0111i Kalvemij \u00e1i\u0111um pu\u00e1ht\u00e1 le\u0111e tarb\u00e2\u0161l\u00e2\u0161, jis ki\u00e4vtust ij lah eres vyehi tolli\u0111 poccuid medd\u00e2l kalvemijn. \u00c1i\u0111umku\u00e1st\u00e1d\u00e2sah kalgeh kuitt\u00e2g le\u0111e ku\u00e1htul\u00e1vt kosk\u00e2vuo\u0111\u00e2st m\u00e1h\u0111ul\u00e1id vah\u00e2g\u00e1id. \u00c1i\u0111umist r\u00e1\u0111\u00e1d\u00e2lloo j\u00e1 su\u00e1ppoo \u00e4\u0161\u0161iom\u00e2h\u00e1i koosk\u00e2st. Jis \u00e4\u0161\u0161iom\u00e2h\u00e1\u00e1h i\u00e4 pees\u00e2 \u00e1i\u0111umist ib\u00e1rd\u00e2s\u00e2n, pu\u00e1ht\u00e1 \u00e4\u00e4\u0161i \u010du\u00e1vdim v\u00e1r\u00e1s ko\u010d\u010do\u0111 \u010du\u00e1k\u00e1n pu\u00e1suivaah\u00e2gl\u00e4vdikodde. Tigge mi\u00e4ru\u0161t\u00e2ll\u00e2m hi\u00e4ivul\u00e2\u0161 \u00e1i\u0111umhuksimvyevi mield \u00e4i\u0111i lii tohhum meetteralos\u00e2\u0161 \u00e4i\u0111iviermist (23.6.2004, 04\/627). [&hellip;]<\/p>\n","protected":false},"author":1,"featured_media":0,"parent":836,"menu_order":3,"comment_status":"open","ping_status":"closed","template":"","meta":{"footnotes":""},"class_list":["post-844","page","type-page","status-publish","hentry"],"_links":{"self":[{"href":"https:\/\/paliskunnat.fi\/po\/wp-json\/wp\/v2\/pages\/844","targetHints":{"allow":["GET"]}}],"collection":[{"href":"https:\/\/paliskunnat.fi\/po\/wp-json\/wp\/v2\/pages"}],"about":[{"href":"https:\/\/paliskunnat.fi\/po\/wp-json\/wp\/v2\/types\/page"}],"author":[{"embeddable":true,"href":"https:\/\/paliskunnat.fi\/po\/wp-json\/wp\/v2\/users\/1"}],"replies":[{"embeddable":true,"href":"https:\/\/paliskunnat.fi\/po\/wp-json\/wp\/v2\/comments?post=844"}],"version-history":[{"count":4,"href":"https:\/\/paliskunnat.fi\/po\/wp-json\/wp\/v2\/pages\/844\/revisions"}],"predecessor-version":[{"id":5807,"href":"https:\/\/paliskunnat.fi\/po\/wp-json\/wp\/v2\/pages\/844\/revisions\/5807"}],"up":[{"embeddable":true,"href":"https:\/\/paliskunnat.fi\/po\/wp-json\/wp\/v2\/pages\/836"}],"wp:attachment":[{"href":"https:\/\/paliskunnat.fi\/po\/wp-json\/wp\/v2\/media?parent=844"}],"curies":[{"name":"wp","href":"https:\/\/api.w.org\/{rel}","templated":true}]}}