{"id":855,"date":"2014-11-12T14:54:24","date_gmt":"2014-11-12T12:54:24","guid":{"rendered":"http:\/\/80.69.171.23\/py\/?page_id=855"},"modified":"2021-08-17T17:00:22","modified_gmt":"2021-08-17T14:00:22","slug":"pisovis-viasu-siljo","status":"publish","type":"page","link":"https:\/\/paliskunnat.fi\/po\/puasuivahageh\/pisovis-viasu-siljo\/","title":{"rendered":"Pisovis vi\u00e4su \u0161iljo"},"content":{"rendered":"<h2>Pisovis vi\u00e4su \u0161iljo<\/h2>\n<p>Pu\u00e1suitu\u00e1lu vu\u00e1\u0111uduv\u00e1 lu\u00e1nduku\u00e1ttumen\u00e2mij ki\u00e4vtun. Lah\u00e2aas\u00e2tmijn lii turv\u00e2stum pu\u00e1suitu\u00e1lun pisov\u00e1vt rijj\u00e2 ku\u00e1ttumriehti, heiviittum raijiitt\u00e2s\u00e2idisguin. Poccuin lii eenn\u00e2mi\u00e4ig\u00e1dkosk\u00e2vuo\u0111\u00e2in peerusth\u00e1nn\u00e1\u00e1 riehti le\u0111e j\u00e1 v\u00e4ldi\u0111 purr\u00e2mu\u0161 lu\u00e1ndust, mut ij toovv\u00e2t ekonom\u00e2l\u00e2\u0161 vaah\u00e2g eenn\u00e2m- j\u00e1 vyevditu\u00e1lun (PHL 3 \u00a7 j\u00e1 PHL 31 \u00a7).<\/p>\n<p>Luov\u00e2sin ku\u00e1ttoo poccuuh l\u00e1\u00e1 palg\u00e2s tip\u0161ost j\u00e1 palg\u00e2sist lii ovd\u00e2sv\u00e1st\u00e1d\u00e2s taid m\u00e1h\u0111ul\u00e1vt tov\u00e2tt\u00e2m vah\u00e2gijn.<\/p>\n<p>Pu\u00e1suitu\u00e1luku\u00e1vlu lii juohhum kulm\u00e2 stiel\u00e2s\u00e2n. Taat lii s\u00e4mmilij p\u00e4ikkiku\u00e1vlu, erom\u00e2\u0161\u00e1vt pu\u00e1suitu\u00e1lu v\u00e1r\u00e1s u\u00e1ivildum ku\u00e1vlu teikk\u00e2 erom\u00e2\u0161 pu\u00e1suitu\u00e1luku\u00e1vlu j\u00e1 eres pu\u00e1suitu\u00e1luku\u00e1vlu. Erom\u00e2\u0161 pu\u00e1suitu\u00e1luku\u00e1vlu, moos meid s\u00e4mmilij p\u00e4ikkiku\u00e1vlu kul\u00e1, pu\u00e1suitu\u00e1lu sajatt\u00e2h i\u00e4l\u00e1tt\u00e2ss\u00e2n lii erom\u00e2\u0161 merh\u00e2\u0161ittee. Taat lii valdum hu\u00e1mm\u00e1\u0161um\u00e1n meid lah\u00e2aas\u00e2tmist pu\u00e1suitu\u00e1lu erom\u00e2\u0161\u00e1vt suoj\u00e2leijee as\u00e2tt\u00e2s\u00e2iguin.<\/p>\n<p>Eres saajeest ko s\u00e4mmilij p\u00e4ikkiku\u00e1vlust poccuid kalga ku\u00e1\u0111utti\u0111 nuuvt, et toh i\u00e4 pees\u00e2 \u0161addok\u00e1\u00e1rd\u00e1n, pisovis t\u00e1\u00e1lu \u0161iiljon teikk\u00e2 eres erom\u00e2\u0161 ki\u00e4vtun valdum ku\u00e1vloid (PHL 31 \u00a7)<\/p>\n<p>Jis poccuuh l\u00e1\u00e1 en\u00e2mist kost toh i\u00e4 u\u00e1\u017eu le\u0111e j\u00e1 kost toh pyehtih tov\u00e2tti\u0111 vaah\u00e2g, kalga t\u00e1ll\u00e2n v\u00e4ldi\u0111 oht\u00e2vuo\u0111\u00e2 \u00e4\u0161\u0161iom\u00e2h\u00e2\u0161 palg\u00e2s pu\u00e1sui-i\u0161ed\u00e2n. Pu\u00e1sui-i\u0161\u0161eed lii kenig\u00e2ttum huol\u00e2tti\u0111 tast, et poccuuh huol\u00e2ttuvvojeh medd\u00e2l ku\u00e1vlust. Jis poccuuh l\u00e1\u00e1 tov\u00e2tt\u00e2m vaah\u00e2g, r\u00e1\u0111\u00e1d\u00e2ll\u00e2\u0111 \u00e4\u0161\u0161iom\u00e2h\u00e1\u00e1h kosk\u00e2nis vaah\u00e2g sajanpu\u00e1ttimist j\u00e1 pu\u00e1ttee vah\u00e2gij estimist. Jis \u00e4\u0161\u0161iom\u00e2h\u00e1\u00e1h i\u00e4 pees\u00e2 ib\u00e1rd\u00e2s\u00e2n, pu\u00e1ht\u00e1 \u00e4\u00e4\u0161i tu\u00e1lvu\u0111 pu\u00e1suivaah\u00e2gl\u00e4vdikood\u00e1n \u010du\u00e1vdim v\u00e1r\u00e1s. \u00c1i\u0111umkenig\u00e2svuot\u00e2 ij kuosk\u00e2 asto\u00e4igit\u00e1\u00e1lui. S\u00e4mmilij p\u00e4ikkiku\u00e1vlust kenig\u00e2svuot\u00e2 ku\u00e1sk\u00e1 tu\u0161e eenn\u00e2m- j\u00e1 vyevditu\u00e1lu ki\u00e4vtust leijee en\u00e2mijd.<\/p>\n<p>&nbsp;<\/p>\n<p>Pu\u00e1suiom\u00e2steijeid\u00a0<a href=\"https:\/\/paliskunnat.fi\/py\/poroisannat\/\">oht\u00e2vuot\u00e2ti\u00e4\u0111uh<\/a><\/p>\n<p>&nbsp;<\/p>\n<p>&nbsp;<\/p>\n<p>&nbsp;<\/p>\n","protected":false},"excerpt":{"rendered":"<p>Pisovis vi\u00e4su \u0161iljo Pu\u00e1suitu\u00e1lu vu\u00e1\u0111uduv\u00e1 lu\u00e1nduku\u00e1ttumen\u00e2mij ki\u00e4vtun. Lah\u00e2aas\u00e2tmijn lii turv\u00e2stum pu\u00e1suitu\u00e1lun pisov\u00e1vt rijj\u00e2 ku\u00e1ttumriehti, heiviittum raijiitt\u00e2s\u00e2idisguin. Poccuin lii eenn\u00e2mi\u00e4ig\u00e1dkosk\u00e2vuo\u0111\u00e2in peerusth\u00e1nn\u00e1\u00e1 riehti le\u0111e j\u00e1 v\u00e4ldi\u0111 purr\u00e2mu\u0161 lu\u00e1ndust, mut ij toovv\u00e2t ekonom\u00e2l\u00e2\u0161 vaah\u00e2g eenn\u00e2m- j\u00e1 vyevditu\u00e1lun (PHL 3 \u00a7 j\u00e1 PHL 31 \u00a7). Luov\u00e2sin ku\u00e1ttoo poccuuh l\u00e1\u00e1 palg\u00e2s tip\u0161ost j\u00e1 palg\u00e2sist lii ovd\u00e2sv\u00e1st\u00e1d\u00e2s taid m\u00e1h\u0111ul\u00e1vt tov\u00e2tt\u00e2m vah\u00e2gijn. [&hellip;]<\/p>\n","protected":false},"author":1,"featured_media":0,"parent":177,"menu_order":5,"comment_status":"open","ping_status":"closed","template":"","meta":{"footnotes":""},"class_list":["post-855","page","type-page","status-publish","hentry"],"_links":{"self":[{"href":"https:\/\/paliskunnat.fi\/po\/wp-json\/wp\/v2\/pages\/855","targetHints":{"allow":["GET"]}}],"collection":[{"href":"https:\/\/paliskunnat.fi\/po\/wp-json\/wp\/v2\/pages"}],"about":[{"href":"https:\/\/paliskunnat.fi\/po\/wp-json\/wp\/v2\/types\/page"}],"author":[{"embeddable":true,"href":"https:\/\/paliskunnat.fi\/po\/wp-json\/wp\/v2\/users\/1"}],"replies":[{"embeddable":true,"href":"https:\/\/paliskunnat.fi\/po\/wp-json\/wp\/v2\/comments?post=855"}],"version-history":[{"count":5,"href":"https:\/\/paliskunnat.fi\/po\/wp-json\/wp\/v2\/pages\/855\/revisions"}],"predecessor-version":[{"id":5809,"href":"https:\/\/paliskunnat.fi\/po\/wp-json\/wp\/v2\/pages\/855\/revisions\/5809"}],"up":[{"embeddable":true,"href":"https:\/\/paliskunnat.fi\/po\/wp-json\/wp\/v2\/pages\/177"}],"wp:attachment":[{"href":"https:\/\/paliskunnat.fi\/po\/wp-json\/wp\/v2\/media?parent=855"}],"curies":[{"name":"wp","href":"https:\/\/api.w.org\/{rel}","templated":true}]}}