{"id":863,"date":"2014-11-12T15:18:31","date_gmt":"2014-11-12T13:18:31","guid":{"rendered":"http:\/\/80.69.171.23\/py\/?page_id=863"},"modified":"2017-12-28T12:43:00","modified_gmt":"2017-12-28T12:43:00","slug":"peenuvvahageh","status":"publish","type":"page","link":"https:\/\/paliskunnat.fi\/po\/puasuivahageh\/peenuvvahageh\/","title":{"rendered":"Peenuvvah\u00e2geh"},"content":{"rendered":"<h2>Peenuvvah\u00e2geh<\/h2>\n<p>Pu\u00e1suitu\u00e1luku\u00e1vlu lii oht\u00e2 Suom\u00e2 pivnohumosij ma\u0111h\u00e2\u0161em- j\u00e1 mi\u00e4c\u00e1stemku\u00e1vluid. Pennuuom\u00e2steijeeh kalgeh hi\u00e4jusmi\u0111 poccuid j\u00e1 pennuid teiv\u00e2dm\u00e2n laht\u00e2seijee v\u00e4disvuo\u0111\u00e2id j\u00e1 vuovijd ij tuoivum teiv\u00e2dmij j\u00e1 vah\u00e2gij estim\u00e2n. Pyeri ovt\u00e2spargon tave lu\u00e1ndust lih\u00e2dem lii puoh u\u00e1sipeelijd luhostum feerim.<\/p>\n<p>Pyeremus vyehi vah\u00e2gij estim\u00e2n lii \u010du\u00e1vvu\u0111 pennui kidd\u00e2tooll\u00e2m lah\u00e2as\u00e2ttem. Pennuid kalga alg\u00e2vu\u00e1\u0111us tooll\u00e2\u0111 kidd\u00e2. Pennuu ij meid u\u00e1\u017eu ku\u00e1ssin lye\u0161ti\u0111 luov\u00e2sin eenn\u00e2mom\u00e2steijee teikk\u00e2 mi\u00e4c\u00e1stemvuoig\u00e2dvuo\u0111\u00e2 lovett\u00e1\u00e1. Kidd\u00e2tooll\u00e2m\u00e4\u00e4igist j\u00e1 meid lov\u00e1lii \u00e1ig\u00e1duvv\u00e2st mi\u00e4c\u00e1stemtil\u00e1l\u00e2\u0161vuo\u0111\u00e2in pennuuom\u00e2steijest lii korr\u00e2 ovd\u00e2sv\u00e1st\u00e1d\u00e2s pennuustis.<\/p>\n<p><a href=\"http:\/\/paliskunnat.fi\/bo\/wp-content\/uploads\/2014\/11\/koira-ja-poro.jpg\" rel=\"lightbox[863]\"><img loading=\"lazy\" decoding=\"async\" class=\"alignnone wp-image-1781\" src=\"http:\/\/paliskunnat.fi\/bo\/wp-content\/uploads\/2014\/11\/koira-ja-poro.jpg\" alt=\"Mi\u00e4c\u00e1stempeenuv j\u00e1 pu\u00e1sui.\" width=\"500\" height=\"352\" srcset=\"https:\/\/paliskunnat.fi\/po\/wp-content\/uploads\/2014\/11\/koira-ja-poro.jpg 532w, https:\/\/paliskunnat.fi\/po\/wp-content\/uploads\/2014\/11\/koira-ja-poro-300x211.jpg 300w\" sizes=\"auto, (max-width: 500px) 100vw, 500px\" \/><\/a><\/p>\n<p>Pennui poccuid j\u00e1 pu\u00e1suipargoid tov\u00e2tt\u00e2m vah\u00e2geh j\u00e1 hem\u00e2d\u00e2sah l\u00e1\u00e1 lasan\u00e2m \u010duuvtij majemuin iivijn. Erom\u00e2\u0161 stuorr\u00e2 v\u00e4disvuo\u0111\u00e2id lii u\u00e1\u017e\u017eum \u00e1\u00e1ig\u00e1n t\u00e1v\u00e1l\u00e2\u017e\u017e\u00e2n \u0161odd\u00e2m t\u00e4\u00e4pi kevtti\u0111 ma\u014bg\u00e2 mi\u00e4c\u00e1stempennuu si\u00e4mm\u00e1\u00e1 \u00e4\u00e4igi. Meiddei muide ko mi\u00e4c\u00e1stempennuuh tov\u00e2tteh t\u00e1vj\u00e1 pu\u00e1suivah\u00e2gijd ko le\u0111e kocceem.<\/p>\n<p>Pennuuh koddeh poccuid ki\u0161koodmin teikk\u00e2 vah\u00e2gitteh ki\u0161koodmijn teikk\u00e2 vyejitteh poccuid nuuvt, et poccuu kalga kodde\u0111 lamm\u00e2\u0161um tiet. Pennuuh tov\u00e2tteh meid poccui hevv\u00e2nmij j\u00e1 pu\u00e1suipaartij vyejeetmijn poccui hi\u00e4jus jie\u014b\u00e2i ool\u00e2 teikk\u00e2 jotol\u00e2h\u00e2n. Eres u\u00e1li t\u00e1v\u00e1liih vah\u00e2geh l\u00e1\u00e1 poccui vyejettem aai\u0111ij \u010doo\u0111\u00e2, i\u00e4luid pie\u0111gim sehe ku\u00e1tumij kevttim j\u00e1 pu\u00e1suitu\u00e1lupargoid hettiim teikk\u00e2 cogg\u00e2m.<\/p>\n<p>Lah\u00e2as\u00e2ttem pennui kyeskee paragrafij lii pyeri tubd\u00e2\u0111 jo\u0111edijn pu\u00e1suitu\u00e1luku\u00e1vlust. Pennui luov\u00e2stooll\u00e2m lii ain alg\u00e2vu\u00e1\u0111ul\u00e1vt kieldum: Mi\u00e4c\u00e1stemlaav\u00e2 53 \u00a7 mield pennuu ij koolg\u00e2 lye\u0161ti\u0111 luov\u00e2sin eenn\u00e2mi\u00e4ig\u00e1d teikk\u00e2 mi\u00e4c\u00e1stemrievti lovett\u00e1\u00e1. Almol\u00e2\u0161 kidd\u00e2tooll\u00e2mkenig\u00e2svuo\u0111\u00e2 lasseen mi\u00e4c\u00e1stemlaav\u00e2 heiviitt\u00e1m pennui kidd\u00e2tooll\u00e2m\u00e4igi lii 1.3.-19.8. Taam \u00e4\u00e4igi meid mi\u00e4c\u00e1stempennuid kalga tooll\u00e2\u0111 kidd\u00e2 teikk\u00e2 toh kalgeh le\u0111e t\u00e1ll\u00e1n kiddimist.<\/p>\n<p>Pu\u00e1suitu\u00e1lulaav\u00e2 42 \u00a7:st heiviittuvvoo poccui paldem estimist. Poccui paldem lii kieldum. Paldemist pu\u00e1suiom\u00e2steijeid teikk\u00e2 palg\u00e2s\u00e2n tov\u00e2ttum vaah\u00e2g j\u00e1 hem\u00e2d\u00e2s kalga sajanm\u00e4ksi\u0111. (PHL 42.1 \u00a7.) Mi\u00e4c\u00e1stemlaav\u00e2 \u010du\u00e1vvum koccee virgeom\u00e2h\u00e2\u0161 sehe pu\u00e1suiom\u00e2steijee j\u00e1 ku\u00e1\u0111utteijee u\u00e1\u017e\u017euh jieij\u00e2s palg\u00e2sistis kodde\u0111 lu\u00e1vus pennuu, mii pennui kidd\u00e2tooll\u00e2m\u00e1ig\u00e1duvv\u00e2st k\u00e1vnoo vyejeetmin poccuid tain ku\u00e1ttumen\u00e2mijn teikk\u00e2 eres \u00e4\u00e4igist selv\u00e2ttuvvoo ki\u0161koodmin poccuu. Pennuu ij kuitt\u00e2g u\u00e1\u017eu kodde\u0111, jis tom u\u00e1\u017e\u017eu\u0111 kidd\u00e2 teikk\u00e2 vaah\u00e2g pu\u00e1ht\u00e1 mudoi esti\u0111. Kidd\u00e2v\u00e4ldimist teikk\u00e2 koddemist kalga almotti\u0111 t\u00e1ll\u00e2n poolis\u00e2n. (PHL 42.2. \u00a7)<\/p>\n<p>Pu\u00e1suivah\u00e2gij risk\u00e2 \u0161adda maa\u014bg\u00e2ki\u00e4rd\u00e1s\u00e2\u017e\u017e\u00e2n, jis luov\u00e2sin lii si\u00e4mm\u00e1\u00e1 \u00e4\u00e4igi kyehti teikk\u00e2 een\u00e2b pennuuh. Pu\u00e1suitu\u00e1luku\u00e1vlust mi\u00e4c\u00e1stdijn vaah\u00e2grisk\u00e2 kepiduvvoo tol\u00e2min luov\u00e2sin tu\u0161e oovt\u00e2 haaldust leijee pu\u00e1suirijj\u00e2 pennuu. Poccui vyejitteijee teikk\u00e2 poccuu vah\u00e2gitt\u00e1m pennuu ij koolg\u00e2 maggaargin tiileest lye\u0161ti\u0111 luov\u00e2sin nube tove pu\u00e1suitu\u00e1luku\u00e1vlust.<\/p>\n<p>Mi\u00e4c\u00e1sti\u0111 ij koolg\u00e2 pu\u00e1suipargoin si\u00e4mm\u00e1\u00e1 \u00e4\u00e4igi si\u00e4mm\u00e1\u00e1 ku\u00e1vluin. Taan u\u00e1sist ti\u00e4tu ool\u00e2t pyeremus\u00e1vt, ko pennuin jotteeh ulmuuh almotteh jotemist palg\u00e2sij pu\u00e1sui-i\u0161ed\u00e2n. Palg\u00e2sij kiddiist \u00e4i\u0111iku\u00e1vloid ij koolg\u00e2 tu\u00e1lvu\u0111 pennuu oll\u00e1gin. Poccui \u010dokkim lii stuorr\u00e2 pargo j\u00e1 poccuid tu\u00e1lloo ovdil pyg\u00e1lysk\u00e1\u00e1rd\u00e1n tu\u00e1lvum \u010dokkimen\u00e2mijn pyg\u00e1lusaai\u0111ij pi\u00e4ll\u00e1st u\u00e1nihis aaigijd. Talle lii teh\u00e1l\u00e2\u0161, et poccuid ij hettii. \u00c4igit\u00e4sil\u00e2\u0161 ti\u00e4\u0111u pu\u00e1suipargoin u\u00e1\u017e\u017eoo palg\u00e2sist. Meiddei Meccihald\u00e2tt\u00e2s ju\u00e1h\u00e1 palg\u00e2sij oht\u00e2vuot\u00e2ti\u00e4\u0111uid mi\u00e4c\u00e1steijeid luuvij vyebdim oht\u00e2vuo\u0111\u00e2st.<\/p>\n<p>Pu\u00e1suipargoh \u00e4lgih \u010doh\u010d\u00e2m\u00e1\u00e1nu pelimudo ma\u014ba j\u00e1 ju\u00e1tkojeh ive loop\u00e2n, ku\u00e1snii meid ki\u0111\u0111\u00e2t\u00e4\u00e4lvi \u00e4\u00e4igi. \u00c4igit\u00e4sil\u00e2\u0161 ti\u00e4\u0111u joo\u0111oost leijee pu\u00e1suipargoin u\u00e1\u017e\u017eu palg\u00e2sij pu\u00e1suiom\u00e2steijein. Motomijn palg\u00e2sijn lii ki\u00e4vtust pu\u00e1suipargoin almotteijee fal\u00e2ld\u00e2h <a href=\"http:\/\/www.porotyot.fi\/\">www.porotyot.fi<\/a>. Torvol\u00e2\u0161vuo\u0111\u00e2 tiet lii kuitt\u00e2g pyeri le\u0111e oht\u00e2vuo\u0111\u00e2st palg\u00e2s\u00e2n ovdil mi\u00e4c\u00e1n vyelgim.<\/p>\n<p>I\u00e4n\u00e1\u00e1\u0161 pennui tov\u00e2tt\u00e2m vah\u00e2geh t\u00e1b\u00e1htuveh \u010doh\u010duv j\u00e1 t\u00e4lviv. \u010coh\u010duv mi\u00e4c\u00e1stem\u00e1ig\u00e1duv\u00e2in ti\u00e4iv\u00e1 si\u00e4mm\u00e1\u00e1 \u00e1\u00e1ig\u00e1n meid pyg\u00e1lyspaje hu\u00e1ppumus pargo\u00e1ig\u00e1d\u00e2h. Stuorr\u00e2 u\u00e1si vah\u00e2gijn pu\u00e1ht\u00e1 esti\u0111 huol\u00e2lijn tooim\u00e2in pennuu kevtidijn j\u00e1 pyeri kommunika\u0161um\u00e1in j\u00e1 ovt\u00e2spargoin ku\u00e1vlu palg\u00e2sijn. Ain vah\u00e2gijd ij pyevti esti\u0111 huol\u00e2lijn valm\u00e2\u0161t\u00e2lmijngin. Pennuin jo\u0111edijn lii-uv pyeri tietti\u0111, maht vaah\u00e2g teividdijn kalga toim\u00e2\u0111.<\/p>\n<p>&nbsp;<\/p>\n<p><!--more--><\/p>\n<h2>Ti\u00e4\u0111u pu\u00e1suipargoin<\/h2>\n<p><a href=\"http:\/\/www.porotyot.fi\">www.porotyot.fi<\/a> -fal\u00e2ld\u00e2h (suom\u00e2kiel\u00e2n) f\u00e1\u00e1l\u00e1 mi\u00e4c\u00e1stem\u00e1ig\u00e1duv \u00e4\u00e4igi mi\u00e4c\u00e1steijeid \u00e4igit\u00e4sil\u00e2\u0161 ti\u00e4\u0111u joo\u0111oost leehi pu\u00e1suipargoin. Ti\u00e4tu lii f\u00e1llun tu\u0161e fal\u00e2lduvv\u00e2st f\u00e1\u00e1rust leehi palg\u00e2sijn (pu\u00e1tkoos\u00e1rg\u00e1 pir\u00e2stittee ku\u00e1vluh). Eres palg\u00e2sijn ti\u00e4\u0111u u\u00e1\u017e\u017eu su\u00e1ittimin pu\u00e1sui-i\u0161ed\u00e2n.<\/p>\n","protected":false},"excerpt":{"rendered":"<p>Peenuvvah\u00e2geh Pu\u00e1suitu\u00e1luku\u00e1vlu lii oht\u00e2 Suom\u00e2 pivnohumosij ma\u0111h\u00e2\u0161em- j\u00e1 mi\u00e4c\u00e1stemku\u00e1vluid. Pennuuom\u00e2steijeeh kalgeh hi\u00e4jusmi\u0111 poccuid j\u00e1 pennuid teiv\u00e2dm\u00e2n laht\u00e2seijee v\u00e4disvuo\u0111\u00e2id j\u00e1 vuovijd ij tuoivum teiv\u00e2dmij j\u00e1 vah\u00e2gij estim\u00e2n. Pyeri ovt\u00e2spargon tave lu\u00e1ndust lih\u00e2dem lii puoh u\u00e1sipeelijd luhostum feerim. Pyeremus vyehi vah\u00e2gij estim\u00e2n lii \u010du\u00e1vvu\u0111 pennui kidd\u00e2tooll\u00e2m lah\u00e2as\u00e2ttem. Pennuid kalga alg\u00e2vu\u00e1\u0111us tooll\u00e2\u0111 kidd\u00e2. Pennuu ij meid u\u00e1\u017eu ku\u00e1ssin [&hellip;]<\/p>\n","protected":false},"author":1,"featured_media":0,"parent":177,"menu_order":3,"comment_status":"open","ping_status":"closed","template":"","meta":{"footnotes":""},"class_list":["post-863","page","type-page","status-publish","hentry"],"_links":{"self":[{"href":"https:\/\/paliskunnat.fi\/po\/wp-json\/wp\/v2\/pages\/863","targetHints":{"allow":["GET"]}}],"collection":[{"href":"https:\/\/paliskunnat.fi\/po\/wp-json\/wp\/v2\/pages"}],"about":[{"href":"https:\/\/paliskunnat.fi\/po\/wp-json\/wp\/v2\/types\/page"}],"author":[{"embeddable":true,"href":"https:\/\/paliskunnat.fi\/po\/wp-json\/wp\/v2\/users\/1"}],"replies":[{"embeddable":true,"href":"https:\/\/paliskunnat.fi\/po\/wp-json\/wp\/v2\/comments?post=863"}],"version-history":[{"count":6,"href":"https:\/\/paliskunnat.fi\/po\/wp-json\/wp\/v2\/pages\/863\/revisions"}],"predecessor-version":[{"id":5469,"href":"https:\/\/paliskunnat.fi\/po\/wp-json\/wp\/v2\/pages\/863\/revisions\/5469"}],"up":[{"embeddable":true,"href":"https:\/\/paliskunnat.fi\/po\/wp-json\/wp\/v2\/pages\/177"}],"wp:attachment":[{"href":"https:\/\/paliskunnat.fi\/po\/wp-json\/wp\/v2\/media?parent=863"}],"curies":[{"name":"wp","href":"https:\/\/api.w.org\/{rel}","templated":true}]}}