{"id":870,"date":"2014-11-12T15:37:59","date_gmt":"2014-11-12T13:37:59","guid":{"rendered":"http:\/\/80.69.171.23\/py\/?page_id=870"},"modified":"2018-01-18T12:58:22","modified_gmt":"2018-01-18T12:58:22","slug":"peenuvvaahag","status":"publish","type":"page","link":"https:\/\/paliskunnat.fi\/po\/puasuivahageh\/peenuvvahageh\/peenuvvaahag\/","title":{"rendered":"Jis peenuvvaah\u00e2g ti\u00e4iv\u00e1"},"content":{"rendered":"<h2>Jis peenuvvaah\u00e2g ti\u00e4iv\u00e1<\/h2>\n<p>Kode paa lama\u0161uvv\u00e2m poccuu. Almoot t\u00e1b\u00e1htus\u00e2st t\u00e1ll\u00e2n poolis\u00e2n, 112 j\u00e1\u00a0<a href=\"https:\/\/paliskunnat.fi\/py\/poroisannat\/\">pu\u00e1sui-i\u0161ed\u00e2n<\/a>.<\/p>\n<p>Peenui\u00e4ig\u00e1dist lii ain ovd\u00e2sv\u00e1st\u00e1d\u00e2s pennuustis j\u00e1 ton tov\u00e2tt\u00e2m vah\u00e2gijn. Poccuu kalga sajanm\u00e4ksi\u0111 pu\u00e1suiom\u00e2steijei. Poccuu \u00e1rvu meriduvvoo pu\u00e1sui\u0161laaj\u00e2 mield. Taarb\u00e2\u0161dijn poccuu \u00e1\u00e1rvust pu\u00e1ht\u00e1 pivde\u0111 ci\u00e4lkk\u00e1mu\u0161 Palg\u00e2sij ovt\u00e2stus\u00e2st.<\/p>\n<p>&nbsp;<\/p>\n<p>Palg\u00e2sijd ovt\u00e2stus\u00a0<a href=\"https:\/\/paliskunnat.fi\/po\/organisaatio-ja-haldattas\/ohtavuotatiaduh\/\">oht\u00e2vuot\u00e2ti\u00e4\u0111uh<\/a><\/p>\n<p>&nbsp;<\/p>\n<p>&nbsp;<\/p>\n<p>&nbsp;<\/p>\n","protected":false},"excerpt":{"rendered":"<p>Jis peenuvvaah\u00e2g ti\u00e4iv\u00e1 Kode paa lama\u0161uvv\u00e2m poccuu. Almoot t\u00e1b\u00e1htus\u00e2st t\u00e1ll\u00e2n poolis\u00e2n, 112 j\u00e1\u00a0pu\u00e1sui-i\u0161ed\u00e2n. Peenui\u00e4ig\u00e1dist lii ain ovd\u00e2sv\u00e1st\u00e1d\u00e2s pennuustis j\u00e1 ton tov\u00e2tt\u00e2m vah\u00e2gijn. Poccuu kalga sajanm\u00e4ksi\u0111 pu\u00e1suiom\u00e2steijei. Poccuu \u00e1rvu meriduvvoo pu\u00e1sui\u0161laaj\u00e2 mield. Taarb\u00e2\u0161dijn poccuu \u00e1\u00e1rvust pu\u00e1ht\u00e1 pivde\u0111 ci\u00e4lkk\u00e1mu\u0161 Palg\u00e2sij ovt\u00e2stus\u00e2st. &nbsp; Palg\u00e2sijd ovt\u00e2stus\u00a0oht\u00e2vuot\u00e2ti\u00e4\u0111uh &nbsp; &nbsp; &nbsp;<\/p>\n","protected":false},"author":1,"featured_media":0,"parent":863,"menu_order":1,"comment_status":"open","ping_status":"closed","template":"","meta":{"footnotes":""},"class_list":["post-870","page","type-page","status-publish","hentry"],"_links":{"self":[{"href":"https:\/\/paliskunnat.fi\/po\/wp-json\/wp\/v2\/pages\/870","targetHints":{"allow":["GET"]}}],"collection":[{"href":"https:\/\/paliskunnat.fi\/po\/wp-json\/wp\/v2\/pages"}],"about":[{"href":"https:\/\/paliskunnat.fi\/po\/wp-json\/wp\/v2\/types\/page"}],"author":[{"embeddable":true,"href":"https:\/\/paliskunnat.fi\/po\/wp-json\/wp\/v2\/users\/1"}],"replies":[{"embeddable":true,"href":"https:\/\/paliskunnat.fi\/po\/wp-json\/wp\/v2\/comments?post=870"}],"version-history":[{"count":4,"href":"https:\/\/paliskunnat.fi\/po\/wp-json\/wp\/v2\/pages\/870\/revisions"}],"predecessor-version":[{"id":5618,"href":"https:\/\/paliskunnat.fi\/po\/wp-json\/wp\/v2\/pages\/870\/revisions\/5618"}],"up":[{"embeddable":true,"href":"https:\/\/paliskunnat.fi\/po\/wp-json\/wp\/v2\/pages\/863"}],"wp:attachment":[{"href":"https:\/\/paliskunnat.fi\/po\/wp-json\/wp\/v2\/media?parent=870"}],"curies":[{"name":"wp","href":"https:\/\/api.w.org\/{rel}","templated":true}]}}