{"id":10,"date":"2014-08-05T18:35:46","date_gmt":"2014-08-05T18:35:46","guid":{"rendered":"http:\/\/80.69.171.23\/py\/?page_id=10"},"modified":"2024-03-11T10:07:20","modified_gmt":"2024-03-11T08:07:20","slug":"etusivu","status":"publish","type":"page","link":"https:\/\/paliskunnat.fi\/poh\/","title":{"rendered":"Ouddseidd"},"content":{"rendered":"<p><!--more--><\/p>\n<p><img loading=\"lazy\" decoding=\"async\" class=\"alignnone wp-image-4263 size-full\" src=\"https:\/\/paliskunnat.fi\/py\/wp-content\/uploads\/2014\/08\/kutuharju_2015-09a.jpg\" alt=\"Kutuharju_2015-09\" width=\"300\" height=\"170\" \/><\/p>\n<p><strong>Pu\u00e4\u0292\u0292o\u0111\u0111\u00e2z<\/strong><\/p>\n<p>Seu\u02b9rre \u00e4\u00e4i\u02b9jpoddsa\u017e pu\u00e4\u0292\u0292o\u0111\u0111sid Paal\u01e5\u00e2skoo\u02b9ddi<br \/>\n\u00f5htt\u00f5\u00f5zz <a href=\"https:\/\/www.facebook.com\/Paliskuntainyhdistys?ref=bookmarks\">Facebook-seeidast<\/a><br \/>\n<!--more--><\/p>\n<p><!--more--><img loading=\"lazy\" decoding=\"async\" class=\"alignnone\" src=\"https:\/\/feed.lehtiluukku.fi\/cover?id=634\" alt=\"\" width=\"143\" height=\"200\" \/><\/p>\n<p><strong>Poromies-l\u00f5stt<\/strong><\/p>\n<p>Poromies lij pu\u00e4\u0292\u0292h\u00e5\u00e5id \u00e4mmatl\u00f5stt. Kompaktt<br \/>\nte\u00e2ttpa\u02b9\u01e9e\u02b9tt i\u02b9lmst\u00e2\u00e2vv kuu\u0111 vu\u00e2ra ee\u02b9jjest.<br \/>\nTi\u02b9lle \u00e5\u00e5\u02b9n jiijjad l\u00f5stt\u00e2d <a href=\"https:\/\/paliskunnat.fi\/py\/organisaatio\/poromies-lehti\/\">t\u00e4\u00e4i\u02b9ben<\/a><\/p>\n<p><!--more--><\/p>\n<p><!--more--><\/p>\n<p><strong>Vu\u00e4\u02b9pst\u00f5s mu\u0161ttat<\/strong><\/p>\n<p><a href=\"https:\/\/paliskunnat.fi\/py\/porovahingot\/liikennevahingot\/porokolarin-sattuessa\/\">Tu\u00e5immjemvu\u00e4\u02b9pst\u00f5\u00f5zz<br \/>\nda \u00f5httvu\u00f5tt-te\u00e2\u0111<\/a><\/p>\n<p><a href=\"https:\/\/paliskunnat.fi\/ohjeet_oppaat\/Puazz.pdf\" target=\"_blank\" rel=\"noopener\">Pu\u00e4\u0292\u0292.pdf<\/a><\/p>\n","protected":false},"excerpt":{"rendered":"","protected":false},"author":1,"featured_media":0,"parent":0,"menu_order":0,"comment_status":"open","ping_status":"closed","template":"etusivu.php","meta":{"footnotes":""},"class_list":["post-10","page","type-page","status-publish","hentry"],"aioseo_notices":[],"_links":{"self":[{"href":"https:\/\/paliskunnat.fi\/poh\/wp-json\/wp\/v2\/pages\/10","targetHints":{"allow":["GET"]}}],"collection":[{"href":"https:\/\/paliskunnat.fi\/poh\/wp-json\/wp\/v2\/pages"}],"about":[{"href":"https:\/\/paliskunnat.fi\/poh\/wp-json\/wp\/v2\/types\/page"}],"author":[{"embeddable":true,"href":"https:\/\/paliskunnat.fi\/poh\/wp-json\/wp\/v2\/users\/1"}],"replies":[{"embeddable":true,"href":"https:\/\/paliskunnat.fi\/poh\/wp-json\/wp\/v2\/comments?post=10"}],"version-history":[{"count":20,"href":"https:\/\/paliskunnat.fi\/poh\/wp-json\/wp\/v2\/pages\/10\/revisions"}],"predecessor-version":[{"id":7147,"href":"https:\/\/paliskunnat.fi\/poh\/wp-json\/wp\/v2\/pages\/10\/revisions\/7147"}],"wp:attachment":[{"href":"https:\/\/paliskunnat.fi\/poh\/wp-json\/wp\/v2\/media?parent=10"}],"curies":[{"name":"wp","href":"https:\/\/api.w.org\/{rel}","templated":true}]}}