{"id":1109,"date":"2014-11-18T17:15:50","date_gmt":"2014-11-18T15:15:50","guid":{"rendered":"http:\/\/80.69.171.23\/py\/?page_id=1109"},"modified":"2020-03-22T12:13:33","modified_gmt":"2020-03-22T10:13:33","slug":"brosyyr-da-vuoppaz","status":"publish","type":"page","link":"https:\/\/paliskunnat.fi\/poh\/puazzteatt\/brosyyr-da-vuoppaz\/","title":{"rendered":"Brosyyr da vu\u00e4ppaz"},"content":{"rendered":"<h2>Brosyyr da vu\u00e4ppaz<\/h2>\n<p>Pu\u00e4\u0292\u0292h\u00e5\u00e5id brosyyr da vu\u00e4ppaz lie klasst\u00f5llum tee\u02b9mi mie\u02b9ldd pukid jurddum takaibrosyyrid, pu\u00e4\u0292\u0292oummid jurddum n\u00e4\u00e4\u02b9l vu\u00e4ppsid di m\u00e4dd\u00e2\u00e2\u02b9nnma \u00f5httneei vu\u00e4ppsid.<\/p>\n<p>&nbsp;<\/p>\n<div class=\"issuuembed\" style=\"width: 460px; height: 500px;\" data-configid=\"35657285\/67584935\"><\/div>\n<p><script type=\"text\/javascript\" src=\"\/\/e.issuu.com\/embed.js\" async=\"true\"><\/script><\/p>\n<p>&nbsp;<\/p>\n<p>&nbsp;<\/p>\n","protected":false},"excerpt":{"rendered":"<p>Brosyyr da vu\u00e4ppaz Pu\u00e4\u0292\u0292h\u00e5\u00e5id brosyyr da vu\u00e4ppaz lie klasst\u00f5llum tee\u02b9mi mie\u02b9ldd pukid jurddum takaibrosyyrid, pu\u00e4\u0292\u0292oummid jurddum n\u00e4\u00e4\u02b9l vu\u00e4ppsid di m\u00e4dd\u00e2\u00e2\u02b9nnma \u00f5httneei vu\u00e4ppsid. &nbsp; &nbsp; &nbsp;<\/p>\n","protected":false},"author":1,"featured_media":0,"parent":179,"menu_order":1,"comment_status":"open","ping_status":"closed","template":"","meta":{"footnotes":""},"class_list":["post-1109","page","type-page","status-publish","hentry"],"aioseo_notices":[],"_links":{"self":[{"href":"https:\/\/paliskunnat.fi\/poh\/wp-json\/wp\/v2\/pages\/1109","targetHints":{"allow":["GET"]}}],"collection":[{"href":"https:\/\/paliskunnat.fi\/poh\/wp-json\/wp\/v2\/pages"}],"about":[{"href":"https:\/\/paliskunnat.fi\/poh\/wp-json\/wp\/v2\/types\/page"}],"author":[{"embeddable":true,"href":"https:\/\/paliskunnat.fi\/poh\/wp-json\/wp\/v2\/users\/1"}],"replies":[{"embeddable":true,"href":"https:\/\/paliskunnat.fi\/poh\/wp-json\/wp\/v2\/comments?post=1109"}],"version-history":[{"count":1,"href":"https:\/\/paliskunnat.fi\/poh\/wp-json\/wp\/v2\/pages\/1109\/revisions"}],"predecessor-version":[{"id":6685,"href":"https:\/\/paliskunnat.fi\/poh\/wp-json\/wp\/v2\/pages\/1109\/revisions\/6685"}],"up":[{"embeddable":true,"href":"https:\/\/paliskunnat.fi\/poh\/wp-json\/wp\/v2\/pages\/179"}],"wp:attachment":[{"href":"https:\/\/paliskunnat.fi\/poh\/wp-json\/wp\/v2\/media?parent=1109"}],"curies":[{"name":"wp","href":"https:\/\/api.w.org\/{rel}","templated":true}]}}