{"id":1124,"date":"2014-11-18T18:09:46","date_gmt":"2014-11-18T16:09:46","guid":{"rendered":"http:\/\/80.69.171.23\/py\/?page_id=1124"},"modified":"2020-03-22T12:38:27","modified_gmt":"2020-03-22T10:38:27","slug":"ekonomia","status":"publish","type":"page","link":"https:\/\/paliskunnat.fi\/poh\/puazzteatt\/ekonomia\/","title":{"rendered":"Ekonomia"},"content":{"rendered":"<h2>Pu\u00e4\u0292\u0292jie\u02b9llemvue\u02b9jj ekonomia<\/h2>\n<p>T\u00e4\u00e4u\u02b9jm\u00f5s n\u00e4\u00e4\u02b9ll juurd\u010ded pu\u00e4\u0292\u0292h\u00e5\u00e5id lij kulttuur p\u00e4\u00e4i\u02b9\u01e9. T\u00e4n vu\u00e4itt-i fi\u02b9ttjed: lij vaigg\u00e2d ni juurd\u010ded t\u00e2\u00e2\u02b9v vuu\u02b9did da kulttuurid pu\u00f5ccutaa da pu\u00e4\u0292\u0292h\u00e5\u00e5idtaa. Pu\u00e4\u0292\u0292 lij je\u00e4\u02b9rben t\u00e2\u00e2\u02b9v k\u00f5rr \u00e5\u00e5rrm\u00f5\u00f5\u017e\u017eid \u0161\u00f5dd\u00e2m jie\u02b9lli, o\u02b9dinakai \u0161laajstes. De ij le\u00e4kku \u00f5\u00f5m\u00e2s, \u0161to pu\u00f5ccust da pu\u00e4\u0292\u0292h\u00e5\u00e5idast lij \u010du\u00f5\u02b9\u0111i ii\u02b9jji mie\u02b9ldd \u0161\u00f5dd\u00e2m puu\u02b9ttes t\u00e2\u00e2\u02b9v kulttuur v\u00e4imm.<\/p>\n<p>Pu\u00e4\u0292\u0292h\u00e5idd lij kuuit\u00e2\u01e5 \u0161e t\u00e2\u00e2\u02b9v L\u00e4\u00e4\u02b9ddj\u00e2nnam pu\u00e4rrsum\u00f5s \u00f5inn jie\u02b9llemvi\u00f5kksa\u017e jie\u02b9llemvue\u02b9\u01e9\u01e9. T\u00f5t lij ta\u02b9rjj\u00e4\u00e4m tall\u00f5\u00f5zzla\u017e pi\u02b9r\u01e7\u01e7ummu\u017e da jie\u02b9llem vu\u00e4ittm\u00f5\u00f5\u017e\u017eid \u010du\u00f5\u02b9\u0111i ii\u02b9jji \u00e4\u00e4i\u02b9j. Je\u00e4\u02b9rben m\u00f5\u00f5nni loo\u02b9jji ii\u02b9jji \u00e4\u00e4i\u02b9j le\u00e4\u02b9p m\u00e4ttjam juurd\u010ded da \u00e4u\u02b9\u01e9\u01e9eed pu\u00f5ccu jie\u02b9llemvue\u02b9\u01e9\u01e9n\u00e4\u00e4\u02b9lest \u0161e, oummui t\u00e4ll\u00f5\u00f5zzla\u017e pi\u02b9r\u01e7\u01e7ummu\u017e k\u00e4ivvan.<\/p>\n<p>\u00c2nn\u02bcj\u00f5\u017e\u00e4\u00e4i\u02b9j pu\u00e4\u0292\u0292h\u00e5\u00e5id harjjte v\u00e4\u02b9lddjie\u02b9llemvue\u02b9\u01e9\u01e9en nu\u02b9tt 1\u00a0000 ooum\u017eed. Nuu\u02b9bb dohta pu\u00e4\u0292\u0292 ta\u02b9rjjad mi\u00e2rkteei \u010d\u00e5rrjie\u02b9llemvue\u02b9jj, k\u00e5\u00e5\u02b9tt vue\u02b9ssen pi\u02b9r\u01e7\u01e7ummu\u017e obbvu\u00f5\u0111 vuei\u02b9tlv\u00e2stt t\u00e2\u00e2\u02b9v siidin j\u00e4lstummu\u017e.<\/p>\n<p>L\u00e2\u00e2\u02b9ssen pu\u00e4\u0292\u0292hoiddu \u00f5htt\u00e2n veidds\u00f5s joukk l\u00e2\u00e2\u02b9ssjie\u02b9llemvu\u00f5\u02b9jjid, kooi t\u00e4ll\u00f5\u00f5zzla\u017e obbvu\u00f5\u0111\u00e2st pu\u00f5ccu rool lij k\u00f5skksa\u017e. K\u00f5skksum\u00f5s t\u00f5in lie vue\u02b9\u01ef\u01ef da jee\u02b9res pu\u00e4\u0292\u0292aunnsi valm\u0161tummu\u0161 di maatk\u010dummu\u0161.<\/p>\n<p>Ee\u02b9jj 2014 rajjum \u010di\u00f5l\u01e5t\u00f5\u00f5zz mie\u02b9ldd L\u00e4\u00e4\u02b9ddj\u00e2nnam da Ru\u00f5ccj\u00e2nnam pu\u00e4\u0292\u0292t\u00e4\u00e4l tu\u00e2jjt\u00f5\u02b9tti vaikkt\u00f5s lij 15\u00a0000 ooum\u017eed da obbpu\u00e5\u0111 ee\u02b9jjest nu\u02b9tt 1.3 miljaard eu\u02b9rred. L\u00e4\u00e4\u02b9ddj\u00e2nnam vue\u02b9ss t\u00e4n obbvu\u00f5\u0111\u00e2st lij nu\u02b9tt kue\u02b9htt ku\u00e4lm\u00f5\u00f5zz\u00e2st. L\u00e4\u00e4\u02b9ddj\u00e2nnmest ju\u00f5\u02b9\u01e9\u01e9 puu\u02b9t\u02bctum pu\u00f5ccu vue\u02b9\u01ef\u01ef\u01e9ilo mi\u00e2rkk\u0161\u00e2\u00e2vv tie\u02b9\u01e7\u01e7 pe\u00e4\u02b9lest nu\u02b9tt 400 eu\u02b9rred.<\/p>\n<p>x<\/p>\n<p>M\u00e2\u02b9te jee\u02b9res alggpuu\u02b9t\u02bct\u00f5\u00f5zz\u00e2st \u0161e pu\u00e4\u0292\u0292h\u00e5\u00e5idast \u0161e puu\u02b9t\u02bcteei vue\u02b9ss obbpu\u00e5ttjest p\u00e4\u00e4cc hie\u02b9l\u01e9eld uu\u02b9ccm\u00f5ss\u00e2n. Pu\u00e4\u0292\u0292h\u00e5idd lij kuuit\u00e2\u01e5 jee\u02b9res alggpuu\u02b9t\u02bct\u00f5\u00f5zz\u00e2st \u010doo\u02b9ree\u02b9n ouddnam markk\u00e2nt\u00e4ll\u00f5ss\u00e2n, ko\u02b9st pu\u00e5\u0111\u00f5\u00f5zz \u0161i\u00f5tt\u00e2\u02b9lle k\u00f5\u00f5jj\u00f5\u00f5zz da ta\u02b9rjjummu\u017e l\u00e4\u00e4\u02b9jjme\u00e2ldla\u017evu\u00f5\u0111. Pu\u00e4\u0292\u0292oummu v\u00e4\u02b9lddpu\u00e5tti pu\u00e4\u02b9tte pu\u00f5ccu vue\u02b9\u01ef\u01ef da jee\u02b9res pu\u00e4\u0292\u0292aunnsi kaaup\u0161umm\u0161est. Tu\u00e4rjj\u00f5\u00f5zzi vue\u02b9ss obbpu\u00e5ttjin lie vu\u00e2lla 20 %, ko t\u00f5t jee\u02b9res alggpuu\u02b9t\u02bct\u00f5\u00f5zz\u00e2st kagg\u00e2\u00e2tt t\u00e4ujja joba \u00e2\u00e2lda 80 %.<\/p>\n<h3>Pu\u00f5ccu \u00e4u\u02b9\u01e9\u01e9eet obbnes<\/h3>\n<p>Pu\u00e4\u0292\u0292jie\u02b9llemvue\u02b9jj v\u00e4\u02b9lddooudas lij pu\u00f5ccu vue\u02b9\u01ef\u01ef. Pu\u00f5ccu vue\u02b9\u01ef\u01ef kvalite\u02b9tt-tu\u00e2jj lij tuejjuum systemaattl\u00e2nji kuu\u02b9\u01e9\u01e9. Valm\u0161tumm\u0161est lie rajjum o\u0111\u0111 ouddaz, se\u00e4mmast ko \u00e4\u00e4\u02b9rbvu\u00e2la\u017e ouddsid lie viikk\u00e2m kvalitee\u02b9tt pe\u00e4\u02b9lest ooud\u00e5rra. O\u02b9dinakai vue\u02b9\u01ef\u01efouddsen L\u00e4\u00e4\u02b9ddj\u00e2nnmest Lappi pu\u00f5ccu vu\u00e2\u01ef\u01efa, Lappi pu\u00f5ccu k\u00e5\u02b9\u0161\u01e9\u01e9vu\u00e2\u01ef\u01efa da Lappi pu\u00f5ccu k\u00f5lmmsu\u00f5vv-vu\u00e2\u01ef\u01efa le\u00e4\u02b9t vu\u00e4\u01ef\u01efam \u00e4\u00e4rvast \u00f5nnum EU n\u00f5mmsu\u00f5\u02b9jid. Pu\u00e4\u0292\u0292 lij j\u00e2nnman o\u02b9dinakai da pue\u02b9rm\u00f5s kvaliteettla\u017e vue\u02b9\u01ef\u01efooudas.<\/p>\n<p>Vue\u02b9\u01ef\u01ef l\u00e2\u00e2\u02b9ssen pu\u00e4\u0292\u0292 lij obbnes \u00e4u\u02b9\u01e9\u01e9uum kvalite\u02b9ttaaun\u00e2s. \u0160e\u02b9\u0161nn lij kagg\u00f5\u00f5tt\u00e2m k\u00f5\u010d\u010dum da haa\u02b9luum aunnsen maai\u02b9lm piiut\u00e2sindustriast. \u0160e\u02b9\u0161nn lij samai tee\u02b9mes, le\u0161a kuuit\u00e2\u01e5 raav\u00e2s da n\u00e2\u00e2nas. T\u00f5t lij Aarktla\u017e \u00e5\u00e5rrm\u00f5\u00f5\u017e\u017ei meiddam obbvu\u00f5tt, ij-\u01e5a va\u02b9stteei \u010d\u00e5udd le\u00e4kku k\u00e4unn\u02bcjam jee\u02b9res \u00e5\u02b9rnn maai\u02b9lmest ooccmest hu\u00f5l\u01e9ani. \u0160ee\u02b9\u0161n vuei\u02b9net eettla\u017e, ekoloogla\u017e da eksoottla\u017e aunnsen, koon r\u00e4\u00e4\u02b9jtum vu\u00e4\u01ef\u01efamvu\u00f5tt r\u00e4\u00e4jj t\u00f5\u02b9st samai mi\u00f5ll\u01e9ie\u02b9zzi. M\u00f5\u00f5nni mu\u00e4\u02b9dd ee\u02b9jj se\u02b9st m\u00e4\u00e4\u014bg maai\u02b9lmklaass piiut\u00e2sp\u00f5\u00f5rt lie \u00e4lggam si\u00e2zzted \u0161ee\u02b9\u0161n ouddsi\u02b9nez.<\/p>\n<p>Ku\u00e4lmad \u00f5inn \u0161orrneei pu\u00e4\u0292\u0292t\u00e4\u00e4l t\u00e4ll\u00f5s-sektor lij maatk\u010dummu\u0161. L\u00e4\u00e4\u02b9ddj\u00e2nnmest pu\u00e4\u0292\u0292oummu lie raajj\u00e2m tu\u00e5immjeei da ji\u00e2nnai haa\u02b9luum pu\u00e4\u0292\u0292maatk\u010demkonsee\u02b9pt, k\u00e5\u00e5\u02b9tt regsm\u00e2tt vue\u02b9ss\u02bcstes mi\u00e2rkkteeinalla t\u00e2\u00e2\u02b9v maatk\u010dummu\u017e. Maatk\u010demt\u00e4\u00e4l lie t\u00e4ujja puu\u02b9ttes pu\u00e4\u0292\u0292t\u00e4\u00e4l, koin m\u00e4\u00e4tkla pe\u00e4\u02b9sse tobdst\u00f5\u00f5tt\u00e2d pu\u00e4ccja, pu\u00e4\u0292\u0292hoiddu da \u00e4\u00e4\u02b9rbvu\u00e2la\u017e pu\u00e4\u0292\u0292kulttuu\u02b9re di \u01e9i\u00f5\u010d\u010dl\u00e2\u02b9stted jee\u02b9resnall\u0161em pu\u00e4\u0292\u0292teemla\u017e je\u00e4\u02b9lst\u00f5\u00f5zzid. Vaar\u00f5\u00f5\u0111ee\u02b9l arvvt\u00f5\u00f5lee\u02b9l pu\u00e4\u0292\u0292maatk\u010dummu\u0161 k\u00e4\u00e4zzk\u00e2stt \u010du\u00f5\u02b9\u0111id dohtid turiistid Lappist ju\u00f5\u02b9\u01e9\u01e9 ee\u02b9jj. Pu\u00e4\u0292\u0292 lij \u010do\u02b9rst\u00f5\u00f5\u01e5\u01e5taa koolm pue\u02b9rm\u00f5\u00f5zz joouk\u00e2st, ko m\u00e4\u00e4tkla\u017egalluuppin k\u00f5\u00f5jj\u00f5\u00f5l\u00e2t Lappi k\u00f5skksum\u00f5s \u01e9ie\u02b9ssemvi\u00f5kktuejjee\u02b9jid.<\/p>\n<p>Pu\u00f5ccust jee\u02b9res vu\u00e5\u01ef\u01efum aunn\u00e2z \u0161e \u01e9e\u00e4\u02b9sse mi\u00f5l L\u00e4\u00e4\u02b9ddj\u00e2nnmest da maai\u02b9lmest. Pu\u00f5ccu \u010du\u00e4\u02b9rvv da t\u00e4\u02b9htt lie m\u00e4\u00e4\u014bgpe\u00e4lls\u00e2nji \u00e4u\u02b9\u01e9\u01e9uum \u010d\u00e5rrouddaz, kooi ooud\u00e2sviikk\u00e2mtu\u00e2jj lij tuejjuum veidds\u00f5s mettk\u00e4\u00e4\u02b9vest taalk\u00e2sti\u00f5ttjest m\u00e4\u02b9t\u01e9\u01e9mo\u0161ttkau\u02b9ppe. Pu\u00f5ccu pu\u00f5i\u02b9dd da mie\u02b9l\u01e9\u01e9 lie m\u00e4\u00e4\u014bgnall\u0161em kosmetiikk- da lu\u00e2ttooud\u00e2s-sue\u02b9rj oou\u02b9dumm\u0161est mie\u02b9ldd. \u00c4httm\u00f5\u00f5\u017e\u017e \u010d\u00e5rrouddaz m\u00e2\u02b9nne kaaup\u00e2s jie\u02b9lliporrm\u00f5\u0161puu\u02b9t\u02bct\u00f5\u02b9sse. Alleergla\u017e pi\u00e2nn\u02bcji mie\u02b9rr \u0161orran maai\u02b9lmest obb \u00e4\u00e4i\u02b9j, k\u00e5\u00e5\u02b9tt \u00e4\u00e4\u02b9vad pu\u00f5ccu \u00e4\u02b9httempaa\u0292\u0292t\u00f5\u00f5zzid aivv o\u0111\u0111nall\u0161em markknid. Pu\u00e4\u0292\u0292 \u00e2\u02b9te ij allergis\u00e2\u00e2\u02b9st. Se\u00e4mma tuejjeei l\u00e2\u00e2\u02b9zzat \u0161e oummui porrm\u00f5\u0161\u0161\u00e2n \u00f5nnum pu\u00f5ccu vue\u02b9\u01ef\u01efouddsi k\u00f5\u00f5jj\u00f5\u00f5zz ju\u02b9n \u00e2nn\u02bcj\u00f5\u00f5\u017e\u017e\u00e2st.<\/p>\n<p>Pu\u00e4\u0292\u0292 lij \u00e2\u02b9te obbvu\u00f5\u0111\u00e2st, \u00e4\u02b9httempaa\u0292\u0292t\u00f5\u00f5zzid mie\u02b9ldd loo\u01e5\u01e5ee\u02b9l, t\u00e4ll\u00f5\u00f5zzl\u00e2nji \u00e4u\u02b9\u01e9\u01e9uum aaun\u00e2s. Tu\u02b9\u0161\u0161en m\u00f5\u00f5nni aunn\u00e2z t\u00f5\u02b9st jie le\u00e4kku. M\u00e5tme\u0161t kooll sarnnum, \u0161to pu\u00f5ccust ij m\u00e2\u00e2nn \u00e4\u02b9httmest tu\u02b9\u0161\u0161en ko v\u00e4imm. T\u00e4t ij kuuit\u00e2\u01e5 le\u00e4kku tu\u00f5tt, ko mij meer\u00e4\u02b9rbbvu\u00f5tt mu\u0161tt\u00e2l, \u0161to pu\u00f5ccu v\u00e4imm serddai ohjjeed Lappi skaai\u02b9din joo\u02b9tti.<\/p>\n<p>&nbsp;<\/p>\n","protected":false},"excerpt":{"rendered":"<p>Pu\u00e4\u0292\u0292jie\u02b9llemvue\u02b9jj ekonomia T\u00e4\u00e4u\u02b9jm\u00f5s n\u00e4\u00e4\u02b9ll juurd\u010ded pu\u00e4\u0292\u0292h\u00e5\u00e5id lij kulttuur p\u00e4\u00e4i\u02b9\u01e9. T\u00e4n vu\u00e4itt-i fi\u02b9ttjed: lij vaigg\u00e2d ni juurd\u010ded t\u00e2\u00e2\u02b9v vuu\u02b9did da kulttuurid pu\u00f5ccutaa da pu\u00e4\u0292\u0292h\u00e5\u00e5idtaa. Pu\u00e4\u0292\u0292 lij je\u00e4\u02b9rben t\u00e2\u00e2\u02b9v k\u00f5rr \u00e5\u00e5rrm\u00f5\u00f5\u017e\u017eid \u0161\u00f5dd\u00e2m jie\u02b9lli, o\u02b9dinakai \u0161laajstes. De ij le\u00e4kku \u00f5\u00f5m\u00e2s, \u0161to pu\u00f5ccust da pu\u00e4\u0292\u0292h\u00e5\u00e5idast lij \u010du\u00f5\u02b9\u0111i ii\u02b9jji mie\u02b9ldd \u0161\u00f5dd\u00e2m puu\u02b9ttes t\u00e2\u00e2\u02b9v kulttuur v\u00e4imm. Pu\u00e4\u0292\u0292h\u00e5idd lij kuuit\u00e2\u01e5 \u0161e t\u00e2\u00e2\u02b9v [&hellip;]<\/p>\n","protected":false},"author":1,"featured_media":0,"parent":179,"menu_order":1,"comment_status":"open","ping_status":"closed","template":"","meta":{"footnotes":""},"class_list":["post-1124","page","type-page","status-publish","hentry"],"aioseo_notices":[],"_links":{"self":[{"href":"https:\/\/paliskunnat.fi\/poh\/wp-json\/wp\/v2\/pages\/1124","targetHints":{"allow":["GET"]}}],"collection":[{"href":"https:\/\/paliskunnat.fi\/poh\/wp-json\/wp\/v2\/pages"}],"about":[{"href":"https:\/\/paliskunnat.fi\/poh\/wp-json\/wp\/v2\/types\/page"}],"author":[{"embeddable":true,"href":"https:\/\/paliskunnat.fi\/poh\/wp-json\/wp\/v2\/users\/1"}],"replies":[{"embeddable":true,"href":"https:\/\/paliskunnat.fi\/poh\/wp-json\/wp\/v2\/comments?post=1124"}],"version-history":[{"count":3,"href":"https:\/\/paliskunnat.fi\/poh\/wp-json\/wp\/v2\/pages\/1124\/revisions"}],"predecessor-version":[{"id":6692,"href":"https:\/\/paliskunnat.fi\/poh\/wp-json\/wp\/v2\/pages\/1124\/revisions\/6692"}],"up":[{"embeddable":true,"href":"https:\/\/paliskunnat.fi\/poh\/wp-json\/wp\/v2\/pages\/179"}],"wp:attachment":[{"href":"https:\/\/paliskunnat.fi\/poh\/wp-json\/wp\/v2\/media?parent=1124"}],"curies":[{"name":"wp","href":"https:\/\/api.w.org\/{rel}","templated":true}]}}