{"id":1147,"date":"2014-11-18T18:42:44","date_gmt":"2014-11-18T16:42:44","guid":{"rendered":"http:\/\/80.69.171.23\/py\/?page_id=1147"},"modified":"2020-03-22T13:04:45","modified_gmt":"2020-03-22T11:04:45","slug":"arkiiv","status":"publish","type":"page","link":"https:\/\/paliskunnat.fi\/poh\/puazzteatt\/arkiiv\/","title":{"rendered":"Arkiiv"},"content":{"rendered":"<h2>Arkiiv<\/h2>\n<p>Paal\u01e5\u00e2skoo\u02b9ddi \u00f5htt\u00f5\u00f5zz arkiiv 1980-l\u00e5\u00e5\u01e5\u01e5ast \u00e4\u00e4\u02b9ljee\u02b9l k\u00e4unn\u02bcje \u00f5htt\u00f5\u00f5zz jii\u02b9jjes arkiivs\u00f5\u00f5\u02b9jin Ru\u00e4\u02b9vnjaar\u01e5\u00e2st.<\/p>\n<p>Oulu m\u00e4ddk\u00e5\u02b9ddarkiiv\u00e2st k\u00e4unn\u02bcje \u00f5htt\u00f5\u00f5zz pu\u00e4rrsab aunst\u00f5\u00f5zz 1930-l\u00e5\u00e5\u01e5\u01e5ast \u00e4\u00e4\u02b9ljee\u02b9l. Arkiv\u00f5sttum \u00e4\u02b9\u0161\u0161\u01e9ee\u02b9rj \u00e2\u02b9nne se\u02b9st je\u00e4\u02b9rbi mie\u02b9ldd paal\u01e5\u00e2skoo\u02b9ddi tu\u00e5immjem-mainnsid, pu\u00e4\u0292\u0292lo\u01e5st\u00f5\u00f5\u01e5\u01e5id, Paal\u01e5\u00e2skoo\u02b9ddi \u00f5htt\u00f5\u00f5zz hallt\u00f5\u00f5zz da ee\u02b9tt\u01e9eeis\u00e5bbar p\u00e5\u02b9rdd\u01e9ii\u02b9rjid di pe\u02b9lljmi\u00e2rki kaupp\u01e9ii\u02b9rjid.<\/p>\n<p><a href=\"https:\/\/paliskunnat.fi\/poh\/wp-content\/uploads\/2014\/11\/poromies-lehdet.jpg\" rel=\"lightbox[1147]\"><img loading=\"lazy\" decoding=\"async\" class=\"alignnone wp-image-3744\" src=\"https:\/\/paliskunnat.fi\/poh\/wp-content\/uploads\/2014\/11\/poromies-lehdet.jpg\" alt=\"\" width=\"460\" height=\"281\" srcset=\"https:\/\/paliskunnat.fi\/poh\/wp-content\/uploads\/2014\/11\/poromies-lehdet.jpg 1000w, https:\/\/paliskunnat.fi\/poh\/wp-content\/uploads\/2014\/11\/poromies-lehdet-300x183.jpg 300w, https:\/\/paliskunnat.fi\/poh\/wp-content\/uploads\/2014\/11\/poromies-lehdet-768x469.jpg 768w\" sizes=\"auto, (max-width: 460px) 100vw, 460px\" \/><\/a><\/p>\n<p>Paal\u01e5\u00e2skoo\u02b9ddi \u00f5htt\u00f5\u00f5zz\u00e2st lie arkiv\u00f5sttum \u0161e vu\u00e4\u02b9mm Poromies-l\u00f5\u00f5st ee\u02b9jj\u01e9ee\u02b9rd, koid vu\u00e4itt tobdst\u00f5\u00f5tt\u00e2d Paal\u01e5\u00e2skoo\u02b9ddi \u00f5htt\u00f5\u00f5zz s\u00f5\u00f5\u02b9jin. Vu\u00e4\u02b9mm Poromies-l\u00f5\u00f5st ee\u02b9jj\u01e9ii\u02b9rdid je\u00e4\u02b9t lai\u02b9nne p\u00f5\u00f5rt \u00e5\u00e5l\u01e5be\u00e4lla.<\/p>\n<p>L\u00e2\u00e2\u02b9sste\u00e2\u0111 Paal\u01e5\u00e2skoo\u02b9ddi \u00f5htt\u00f5\u00f5zz arkiivin:<\/p>\n<p>te\u02b9lfon 016\u00a0331 6000<\/p>\n<p>&nbsp;<\/p>\n<p>L\u00e2\u00e2\u02b9sste\u00e2\u0111:\u00a0<a href=\"https:\/\/www.arkisto.fi\/fi\/aineistot\/kansallisarkiston-aineistot\/aineistot-ja-niiden-kaytto-5\"><strong>Oulu m\u00e4ddk\u00e5\u02b9ddarkiiv<\/strong><\/a><\/p>\n<p>&nbsp;<\/p>\n<p>&nbsp;<\/p>\n<p><!--more--><\/p>\n<h2><strong>Arkiivi \u010du\u00e2lluhss<\/strong><\/h2>\n<p><a href=\"http:\/\/wiki.narc.fi\/portti\/index.php\/Paliskunnat_ja_poronhoitoyhdistykset\">Paal\u01e5\u00e2sk\u00e5\u00e5\u02b9dd da pu\u00e4\u0292\u0292h\u00e5idd\u00f5htt\u00f5\u00f5zz<\/a><\/p>\n<p>&nbsp;<\/p>\n","protected":false},"excerpt":{"rendered":"<p>Arkiiv Paal\u01e5\u00e2skoo\u02b9ddi \u00f5htt\u00f5\u00f5zz arkiiv 1980-l\u00e5\u00e5\u01e5\u01e5ast \u00e4\u00e4\u02b9ljee\u02b9l k\u00e4unn\u02bcje \u00f5htt\u00f5\u00f5zz jii\u02b9jjes arkiivs\u00f5\u00f5\u02b9jin Ru\u00e4\u02b9vnjaar\u01e5\u00e2st. Oulu m\u00e4ddk\u00e5\u02b9ddarkiiv\u00e2st k\u00e4unn\u02bcje \u00f5htt\u00f5\u00f5zz pu\u00e4rrsab aunst\u00f5\u00f5zz 1930-l\u00e5\u00e5\u01e5\u01e5ast \u00e4\u00e4\u02b9ljee\u02b9l. Arkiv\u00f5sttum \u00e4\u02b9\u0161\u0161\u01e9ee\u02b9rj \u00e2\u02b9nne se\u02b9st je\u00e4\u02b9rbi mie\u02b9ldd paal\u01e5\u00e2skoo\u02b9ddi tu\u00e5immjem-mainnsid, pu\u00e4\u0292\u0292lo\u01e5st\u00f5\u00f5\u01e5\u01e5id, Paal\u01e5\u00e2skoo\u02b9ddi \u00f5htt\u00f5\u00f5zz hallt\u00f5\u00f5zz da ee\u02b9tt\u01e9eeis\u00e5bbar p\u00e5\u02b9rdd\u01e9ii\u02b9rjid di pe\u02b9lljmi\u00e2rki kaupp\u01e9ii\u02b9rjid. Paal\u01e5\u00e2skoo\u02b9ddi \u00f5htt\u00f5\u00f5zz\u00e2st lie arkiv\u00f5sttum \u0161e vu\u00e4\u02b9mm Poromies-l\u00f5\u00f5st ee\u02b9jj\u01e9ee\u02b9rd, koid vu\u00e4itt tobdst\u00f5\u00f5tt\u00e2d Paal\u01e5\u00e2skoo\u02b9ddi \u00f5htt\u00f5\u00f5zz s\u00f5\u00f5\u02b9jin. Vu\u00e4\u02b9mm Poromies-l\u00f5\u00f5st ee\u02b9jj\u01e9ii\u02b9rdid je\u00e4\u02b9t [&hellip;]<\/p>\n","protected":false},"author":1,"featured_media":0,"parent":179,"menu_order":3,"comment_status":"open","ping_status":"closed","template":"","meta":{"footnotes":""},"class_list":["post-1147","page","type-page","status-publish","hentry"],"aioseo_notices":[],"_links":{"self":[{"href":"https:\/\/paliskunnat.fi\/poh\/wp-json\/wp\/v2\/pages\/1147","targetHints":{"allow":["GET"]}}],"collection":[{"href":"https:\/\/paliskunnat.fi\/poh\/wp-json\/wp\/v2\/pages"}],"about":[{"href":"https:\/\/paliskunnat.fi\/poh\/wp-json\/wp\/v2\/types\/page"}],"author":[{"embeddable":true,"href":"https:\/\/paliskunnat.fi\/poh\/wp-json\/wp\/v2\/users\/1"}],"replies":[{"embeddable":true,"href":"https:\/\/paliskunnat.fi\/poh\/wp-json\/wp\/v2\/comments?post=1147"}],"version-history":[{"count":5,"href":"https:\/\/paliskunnat.fi\/poh\/wp-json\/wp\/v2\/pages\/1147\/revisions"}],"predecessor-version":[{"id":6703,"href":"https:\/\/paliskunnat.fi\/poh\/wp-json\/wp\/v2\/pages\/1147\/revisions\/6703"}],"up":[{"embeddable":true,"href":"https:\/\/paliskunnat.fi\/poh\/wp-json\/wp\/v2\/pages\/179"}],"wp:attachment":[{"href":"https:\/\/paliskunnat.fi\/poh\/wp-json\/wp\/v2\/media?parent=1147"}],"curies":[{"name":"wp","href":"https:\/\/api.w.org\/{rel}","templated":true}]}}