{"id":1266,"date":"2014-11-20T14:01:10","date_gmt":"2014-11-20T12:01:10","guid":{"rendered":"http:\/\/80.69.171.23\/py\/?page_id=1266"},"modified":"2025-08-11T12:39:36","modified_gmt":"2025-08-11T09:39:36","slug":"paistuoddar","status":"publish","type":"page","link":"https:\/\/paliskunnat.fi\/poh\/paalgaskaadd\/paalgaskooddi_tead\/paistuoddar\/","title":{"rendered":"1 Paistu\u00f5dd\u00e2r"},"content":{"rendered":"<h2>Paistu\u00f5dd\u00e2r<\/h2>\n<p>Pu\u00e4\u0292\u0292ee\u02b9\u017e\u017eed: Valle Hannu<br \/>\nTe\u02b9lfon: +358 40 843 2749<br \/>\nNe\u02b9ttp\u00e5\u00e5\u02b9\u0161t: &#x70;&#97;i&#x73;&#x74;&#117;n&#x74;&#x75;&#114;i&#x31;&#64;g&#x6d;&#x61;&#105;l&#x2e;&#x63;&#111;m<\/p>\n<p><a href=\"https:\/\/paliskunnat.fi\/py\/wp-content\/uploads\/2014\/11\/1_paistunturi.png\" rel=\"lightbox[1266]\"><img loading=\"lazy\" decoding=\"async\" class=\"alignnone wp-image-1270\" src=\"https:\/\/paliskunnat.fi\/py\/wp-content\/uploads\/2014\/11\/1_paistunturi.png\" alt=\"1 Paistunturin paliskunta\" width=\"300\" height=\"387\" srcset=\"https:\/\/paliskunnat.fi\/poh\/wp-content\/uploads\/2014\/11\/1_paistunturi.png 776w, https:\/\/paliskunnat.fi\/poh\/wp-content\/uploads\/2014\/11\/1_paistunturi-233x300.png 233w, https:\/\/paliskunnat.fi\/poh\/wp-content\/uploads\/2014\/11\/1_paistunturi-768x990.png 768w\" sizes=\"auto, (max-width: 300px) 100vw, 300px\" \/><\/a><\/p>\n<table style=\"height: 122px;\" width=\"450\">\n<tbody>\n<tr>\n<td>Dommk\u00e5\u02b9dd:<\/td>\n<td>Uccjokk<\/td>\n<\/tr>\n<tr>\n<td>Vu\u02b9vdd\u0161orr\u00e2dvu\u00f5tt:<\/td>\n<td>2 976,9 km<sup>2<\/sup><\/td>\n<\/tr>\n<tr>\n<td>\u0160uurm\u00f5s l\u00e5\u00e5vla\u017e pu\u00e4\u0292\u0292l\u00e5\u00e5kk:<\/td>\n<td>6\u00a0300<\/td>\n<\/tr>\n<tr>\n<td>Pu\u00e4\u0292\u0292vu\u00e4\u02b9msteei:<\/td>\n<td>87<\/td>\n<\/tr>\n<\/tbody>\n<\/table>\n<p>Paistu\u00f5dd\u00e2r paal\u01e5\u00e2sk\u00e5\u02b9dd kooll Uccjoo\u01e5\u01e5 mi\u00e2rkkpirr\u00f5\u02b9sse. Paal\u01e5\u00e2sk\u00e5\u02b9dd lij Uccjoo\u01e5\u01e5 k\u00e5\u00e5\u02b9ddest, je\u00e4\u02b9rben pu\u00e4\u0292\u0292h\u00e5\u00e5id v\u00e4\u00e4ras jurddum vuu\u02b9dest da t\u00f5n \u00f5\u00f5l s\u00e4\u02b9mmlai dommvuu\u02b9dest.<\/p>\n<p>Paal\u01e5\u00e2sk\u00e5\u00e5\u02b9dd r\u00e4\u02b9jjla\u017epaal\u01e5\u00e2sk\u00e5\u00e5\u02b9dd lie nu\u00f5rttjest Kaldoaivi, oo\u02b9bbdnee\u02b9\u01e9\u01e9est Muddusj\u00e4u\u02b9rr da saauj\u00e2st Muotkatu\u00f5dd\u00e2r. Vi\u00f5sttrest da t\u00e2\u00e2vast paal\u01e5\u00e2sk\u00e5\u00e5\u02b9dd r\u00e4\u00e4\u02b9jat Te\u00e4njokk da Taarrj\u00e2nnam v\u00e4\u02b9lddk\u00e5\u02b9ddraajj. Paal\u01e5\u00e2sk\u00e5\u00e5\u02b9dd vuu\u02b9dest 94,1 % lie riikkj\u00e2nnam da 5,9 % privattj\u00e2nnam. Vuu\u02b9dest jie le\u00e4kku \u010duu\u02b9t pie\u02b9\u0292\u0292 le\u02b9be t\u00e4ll\u00f5smie\u02b9cc. J\u00e2nnam lie tu\u00f5dd\u00e2r da jokkvaard, ko\u02b9st mu\u00f5r lie \u010de\u00e4\u02b9rrsue\u02b9jj. Paal\u01e5\u00e2sk\u00e5\u00e5\u02b9dd voudda lij alttuum lu\u00e2ttsu\u00f5jjleml\u00e4\u00e4\u02b9jj nu\u00e4jja Kevo lu\u00e2ttmu\u00f5rrkaard\u00e2s.<\/p>\n<p>Paistu\u00f5dd\u00e2r palggsest jie le\u00e4kku vue\u02b9ssmie\u02b9r\u01e9\u01e9ummu\u017e \u01e9e\u00e4ssa pe\u02b9ce pu\u00e4\u0292\u0292h\u00e5iddtu\u00e2jaid altteet k\u00e5lggmannust r\u00f5\u00f5\u01e5\u01e5\u00e2d\u00e4\u00e4i\u02b9j mie\u02b9ldd. Paal\u01e5\u00e2sk\u00e5\u00e5\u02b9dd o\u02b9dinakai pikal\u00f5sp\u00e4i\u02b9\u01e9\u01e9 lij \u00c1ilegas pikal\u00f5s\u00e4i\u02b9dd. Aazzt\u00f5s lij h\u00e4\u00e4\u02b9rves da j\u00e4\u00e4nm\u00f5s\u00e2n Te\u00e4njokk vaard\u00e2st. \u0160uurm\u00f5s siid lie Karigasnjargg, Kaam\u00e2smokk da vue\u02b9ss Uccjoo\u01e5\u01e5\u00e2st.<\/p>\n<p>&nbsp;<\/p>\n<p><!--more--><\/p>\n<h2>Paistu\u00f5dd\u00e2r pu\u00f5ccu<\/h2>\n<p>Pu\u00f5ccid r\u00e4\u02b9t\u01e9\u01e9eet Uccjoo\u01e5\u01e5\u00e2st Paistu\u00f5dd\u00e2r paal\u01e5\u00e2sk\u00e5\u00e5\u02b9ddest \u00c1ilegas \u00e4\u00e4idast \u0161i\u00f5\u01e5\u01e5 mi\u00f5lin 11\/2013 (<a href=\"https:\/\/www.youtube.com\/watch?v=8aQyCAWGLfg\"><strong>Youtube<\/strong><\/a>).\u00a0Olli Miettunen \u2013 Lapin Kansa<\/p>\n<p>&nbsp;<\/p>\n<p>&nbsp;<\/p>\n<p>&nbsp;<\/p>\n","protected":false},"excerpt":{"rendered":"<p>Paistunturi<\/p>\n","protected":false},"author":1,"featured_media":0,"parent":420,"menu_order":1,"comment_status":"open","ping_status":"closed","template":"paliskuntasivut.php","meta":{"footnotes":""},"class_list":["post-1266","page","type-page","status-publish","hentry"],"aioseo_notices":[],"_links":{"self":[{"href":"https:\/\/paliskunnat.fi\/poh\/wp-json\/wp\/v2\/pages\/1266","targetHints":{"allow":["GET"]}}],"collection":[{"href":"https:\/\/paliskunnat.fi\/poh\/wp-json\/wp\/v2\/pages"}],"about":[{"href":"https:\/\/paliskunnat.fi\/poh\/wp-json\/wp\/v2\/types\/page"}],"author":[{"embeddable":true,"href":"https:\/\/paliskunnat.fi\/poh\/wp-json\/wp\/v2\/users\/1"}],"replies":[{"embeddable":true,"href":"https:\/\/paliskunnat.fi\/poh\/wp-json\/wp\/v2\/comments?post=1266"}],"version-history":[{"count":8,"href":"https:\/\/paliskunnat.fi\/poh\/wp-json\/wp\/v2\/pages\/1266\/revisions"}],"predecessor-version":[{"id":7209,"href":"https:\/\/paliskunnat.fi\/poh\/wp-json\/wp\/v2\/pages\/1266\/revisions\/7209"}],"up":[{"embeddable":true,"href":"https:\/\/paliskunnat.fi\/poh\/wp-json\/wp\/v2\/pages\/420"}],"wp:attachment":[{"href":"https:\/\/paliskunnat.fi\/poh\/wp-json\/wp\/v2\/media?parent=1266"}],"curies":[{"name":"wp","href":"https:\/\/api.w.org\/{rel}","templated":true}]}}