{"id":1293,"date":"2014-11-22T19:44:48","date_gmt":"2014-11-22T17:44:48","guid":{"rendered":"http:\/\/80.69.171.23\/py\/?page_id=1293"},"modified":"2023-06-07T15:28:19","modified_gmt":"2023-06-07T12:28:19","slug":"kaldoaivi","status":"publish","type":"page","link":"https:\/\/paliskunnat.fi\/poh\/paalgaskaadd\/paalgaskooddi_tead\/kaldoaivi\/","title":{"rendered":"2 Kaldoaivi"},"content":{"rendered":"<h2>Kaldoaivi<\/h2>\n<p>Pu\u00e4\u0292\u0292ee\u02b9\u017e\u017eed: L\u00e4nsman Vesa<br \/>\nTe\u02b9lfon: 040 729 6176<br \/>\nNe\u02b9ttp\u00e5\u00e5\u02b9\u0161t: v&#101;&#115;&#97;&#x40;&#x6c;&#x75;mi&#112;&#111;&#x72;&#x6f;&#x2e;&#x66;i<\/p>\n<p><a href=\"https:\/\/paliskunnat.fi\/py\/wp-content\/uploads\/2014\/11\/2_kaldoaivi.png\" rel=\"lightbox[1293]\"><img loading=\"lazy\" decoding=\"async\" class=\"alignnone wp-image-1294\" src=\"https:\/\/paliskunnat.fi\/py\/wp-content\/uploads\/2014\/11\/2_kaldoaivi.png\" alt=\"2 Kaldoaivi\" width=\"300\" height=\"387\" srcset=\"https:\/\/paliskunnat.fi\/poh\/wp-content\/uploads\/2014\/11\/2_kaldoaivi.png 776w, https:\/\/paliskunnat.fi\/poh\/wp-content\/uploads\/2014\/11\/2_kaldoaivi-233x300.png 233w, https:\/\/paliskunnat.fi\/poh\/wp-content\/uploads\/2014\/11\/2_kaldoaivi-768x990.png 768w\" sizes=\"auto, (max-width: 300px) 100vw, 300px\" \/><\/a><\/p>\n<table style=\"height: 122px;\" width=\"450\">\n<tbody>\n<tr>\n<td>Dommk\u00e5\u02b9dd:<\/td>\n<td>Uccjokk<\/td>\n<\/tr>\n<tr>\n<td>Vu\u02b9vdd\u0161orr\u00e2dvu\u00f5tt:<\/td>\n<td>2 410,7 km<sup>2<\/sup><\/td>\n<\/tr>\n<tr>\n<td>\u0160uurm\u00f5s l\u00e5\u00e5vla\u017e pu\u00e4\u0292\u0292l\u00e5\u00e5kk:<\/td>\n<td>5 300<\/td>\n<\/tr>\n<tr>\n<td>Pu\u00e4\u0292\u0292vu\u00e4\u02b9msteei:<\/td>\n<td>78<\/td>\n<\/tr>\n<\/tbody>\n<\/table>\n<p>Kaldoaivi paal\u01e5\u00e2sk\u00e5\u02b9dd lij L\u00e4\u00e4\u02b9ddj\u00e2nnam riikk t\u00e2\u00e2\u02b9vm\u00f5s vue\u02b9zzest Uccjoo\u01e5\u01e5 k\u00e5\u00e5\u02b9dd vuu\u02b9dest. Paal\u01e5\u00e2sk\u00e5\u00e5\u02b9dd r\u00e4\u02b9jjla\u017e lij Taarrj\u00e2nnam Te\u00e4njoo\u01e5\u01e5 nuu\u02b9bb be\u00e4\u02b9lnn. Paal\u01e5\u00e2sk\u00e5\u02b9dd kooll Uccjoo\u01e5\u01e5 mi\u00e2rkkpirr\u00f5\u02b9sse. Palgg\u00e2z r\u00e4\u02b9jjla\u017epaal\u01e5\u00e2sk\u00e5\u00e5\u02b9dd lie nu\u00f5rttjest Njaudd\u00e2m, oo\u02b9bbdne\u01e9-saujjvuu\u02b9dest Muddusj\u00e4u\u02b9rr, vu\u00e4rjjlest Muotkatu\u00f5dd\u00e2r di vi\u00f5sttrest Paistu\u00f5dd\u00e2r.<\/p>\n<p>Paal\u01e5\u00e2sk\u00e5\u00e5\u02b9dd vuu\u02b9dest 95,6 % lie riikkj\u00e2nnam da 4,4 % privattj\u00e2nnam.<\/p>\n<p>Paal\u01e5\u00e2sk\u00e5\u00e5\u02b9ddest lie Skalluv\u00e4\u00e4\u02b9r, Pie\u02b9cce\u01e9 da Njallav\u00e4\u00e4\u02b9r pikal\u00f5s\u00e4\u00e4id di t\u00f5n \u00f5\u00f5l \u00c4\u02b9nnv\u00e4\u00e4\u02b9r noorr\u00e2m\u00e4idd. Paal\u01e5\u00e2sk\u00e5\u02b9dd lij \u00e4idduum pirr.<\/p>\n<p>Aazzt\u00f5\u00f5zz lij paal\u01e5\u00e2sk\u00e5\u00e5\u02b9dd reu\u02b9nnvuu\u02b9din: Nuorggmest, Uccjoo\u01e5\u01e5\u00e2st, Te\u00e4njokkvaard\u00e2st di Uccjokkvaard\u00e2st.<\/p>\n","protected":false},"excerpt":{"rendered":"<p>Kaldoaivi<\/p>\n","protected":false},"author":1,"featured_media":0,"parent":420,"menu_order":2,"comment_status":"open","ping_status":"closed","template":"paliskuntasivut.php","meta":{"footnotes":""},"class_list":["post-1293","page","type-page","status-publish","hentry"],"aioseo_notices":[],"_links":{"self":[{"href":"https:\/\/paliskunnat.fi\/poh\/wp-json\/wp\/v2\/pages\/1293","targetHints":{"allow":["GET"]}}],"collection":[{"href":"https:\/\/paliskunnat.fi\/poh\/wp-json\/wp\/v2\/pages"}],"about":[{"href":"https:\/\/paliskunnat.fi\/poh\/wp-json\/wp\/v2\/types\/page"}],"author":[{"embeddable":true,"href":"https:\/\/paliskunnat.fi\/poh\/wp-json\/wp\/v2\/users\/1"}],"replies":[{"embeddable":true,"href":"https:\/\/paliskunnat.fi\/poh\/wp-json\/wp\/v2\/comments?post=1293"}],"version-history":[{"count":6,"href":"https:\/\/paliskunnat.fi\/poh\/wp-json\/wp\/v2\/pages\/1293\/revisions"}],"predecessor-version":[{"id":7034,"href":"https:\/\/paliskunnat.fi\/poh\/wp-json\/wp\/v2\/pages\/1293\/revisions\/7034"}],"up":[{"embeddable":true,"href":"https:\/\/paliskunnat.fi\/poh\/wp-json\/wp\/v2\/pages\/420"}],"wp:attachment":[{"href":"https:\/\/paliskunnat.fi\/poh\/wp-json\/wp\/v2\/media?parent=1293"}],"curies":[{"name":"wp","href":"https:\/\/api.w.org\/{rel}","templated":true}]}}