{"id":1296,"date":"2014-11-22T19:53:03","date_gmt":"2014-11-22T17:53:03","guid":{"rendered":"http:\/\/80.69.171.23\/py\/?page_id=1296"},"modified":"2023-06-07T15:29:01","modified_gmt":"2023-06-07T12:29:01","slug":"njauddam","status":"publish","type":"page","link":"https:\/\/paliskunnat.fi\/poh\/paalgaskaadd\/paalgaskooddi_tead\/njauddam\/","title":{"rendered":"3 Njaudd\u00e2m"},"content":{"rendered":"<h2>Njaudd\u00e2m<\/h2>\n<p>Pu\u00e4\u0292\u0292ee\u02b9\u017e\u017eed: Feodoroff Wille<br \/>\nTe\u02b9lfon: 040 502 4887<br \/>\nNe\u02b9ttp\u00e5\u00e5\u02b9\u0161t: &#x77;&#102;e&#x6f;&#100;&#111;&#x72;&#x6f;&#102;f&#x40;&#103;m&#x61;&#x69;&#108;&#46;&#x63;&#111;m<\/p>\n<p><a href=\"https:\/\/paliskunnat.fi\/py\/wp-content\/uploads\/2014\/11\/3_naatamo.png\" rel=\"lightbox[1296]\"><img loading=\"lazy\" decoding=\"async\" class=\"alignnone wp-image-1297\" src=\"https:\/\/paliskunnat.fi\/py\/wp-content\/uploads\/2014\/11\/3_naatamo.png\" alt=\"3 N\u00e4\u00e4t\u00e4m\u00f6\" width=\"300\" height=\"387\" srcset=\"https:\/\/paliskunnat.fi\/poh\/wp-content\/uploads\/2014\/11\/3_naatamo.png 776w, https:\/\/paliskunnat.fi\/poh\/wp-content\/uploads\/2014\/11\/3_naatamo-233x300.png 233w, https:\/\/paliskunnat.fi\/poh\/wp-content\/uploads\/2014\/11\/3_naatamo-768x990.png 768w\" sizes=\"auto, (max-width: 300px) 100vw, 300px\" \/><\/a><\/p>\n<table style=\"height: 122px;\" width=\"450\">\n<tbody>\n<tr>\n<td>Dommk\u00e5\u02b9dd:<\/td>\n<td>Aanar<\/td>\n<\/tr>\n<tr>\n<td>Vu\u02b9vdd\u0161orr\u00e2dvu\u00f5tt:<\/td>\n<td>1 278,8 km<sup>2<\/sup><\/td>\n<\/tr>\n<tr>\n<td>\u0160uurm\u00f5s l\u00e5\u00e5vla\u017e pu\u00e4\u0292\u0292l\u00e5\u00e5kk:<\/td>\n<td>3 600<\/td>\n<\/tr>\n<tr>\n<td>Pu\u00e4\u0292\u0292vu\u00e4\u02b9msteei:<\/td>\n<td>28<\/td>\n<\/tr>\n<\/tbody>\n<\/table>\n<p>Njaudd\u00e2m paal\u01e5\u00e2sk\u00e5\u02b9dd kooll Aanar mi\u00e2rkkpirr\u00f5\u02b9sse. Paal\u01e5\u00e2sk\u00e5\u02b9dd lij Aanar k\u00e5\u00e5\u02b9dd t\u00e2\u02b9vv-vue\u02b9zzest.<\/p>\n<p>Paal\u01e5\u00e2sk\u00e5\u00e5\u02b9dd raajj lij t\u00e2\u00e2vast Taarrj\u00e2nnam riikk raajj, r\u00e4\u02b9jjla\u017epaal\u01e5\u00e2sk\u00e5\u00e5\u02b9dd lie vi\u00f5sttrest V\u00e4\u02b9\u010d\u010der, saauj\u00e2st Muddusj\u00e4u\u02b9rr da vi\u00f5sttrest Kaldoaivi.<\/p>\n<p>Paal\u01e5\u00e2sk\u00e5\u00e5\u02b9dd vuu\u02b9dest 98,2 % lie riikkj\u00e2nnam da 1,8 % privattj\u00e2nnam.<\/p>\n","protected":false},"excerpt":{"rendered":"<p>N\u00e4\u00e4t\u00e4m\u00f6<\/p>\n","protected":false},"author":1,"featured_media":0,"parent":420,"menu_order":3,"comment_status":"open","ping_status":"closed","template":"paliskuntasivut.php","meta":{"footnotes":""},"class_list":["post-1296","page","type-page","status-publish","hentry"],"aioseo_notices":[],"_links":{"self":[{"href":"https:\/\/paliskunnat.fi\/poh\/wp-json\/wp\/v2\/pages\/1296","targetHints":{"allow":["GET"]}}],"collection":[{"href":"https:\/\/paliskunnat.fi\/poh\/wp-json\/wp\/v2\/pages"}],"about":[{"href":"https:\/\/paliskunnat.fi\/poh\/wp-json\/wp\/v2\/types\/page"}],"author":[{"embeddable":true,"href":"https:\/\/paliskunnat.fi\/poh\/wp-json\/wp\/v2\/users\/1"}],"replies":[{"embeddable":true,"href":"https:\/\/paliskunnat.fi\/poh\/wp-json\/wp\/v2\/comments?post=1296"}],"version-history":[{"count":7,"href":"https:\/\/paliskunnat.fi\/poh\/wp-json\/wp\/v2\/pages\/1296\/revisions"}],"predecessor-version":[{"id":7035,"href":"https:\/\/paliskunnat.fi\/poh\/wp-json\/wp\/v2\/pages\/1296\/revisions\/7035"}],"up":[{"embeddable":true,"href":"https:\/\/paliskunnat.fi\/poh\/wp-json\/wp\/v2\/pages\/420"}],"wp:attachment":[{"href":"https:\/\/paliskunnat.fi\/poh\/wp-json\/wp\/v2\/media?parent=1296"}],"curies":[{"name":"wp","href":"https:\/\/api.w.org\/{rel}","templated":true}]}}