{"id":1312,"date":"2014-11-22T20:17:49","date_gmt":"2014-11-22T18:17:49","guid":{"rendered":"http:\/\/80.69.171.23\/py\/?page_id=1312"},"modified":"2025-11-11T06:38:25","modified_gmt":"2025-11-11T04:38:25","slug":"vaccer","status":"publish","type":"page","link":"https:\/\/paliskunnat.fi\/poh\/paalgaskaadd\/paalgaskooddi_tead\/vaccer\/","title":{"rendered":"5 V\u00e4\u02b9\u010d\u010der"},"content":{"rendered":"<h2>V\u00e4\u02b9\u010d\u010der<\/h2>\n<p>Pu\u00e4\u0292\u0292ee\u02b9\u017e\u017eed: Semenoff Tuomas<br \/>\nTe\u02b9lfon: 045 113 8326<br \/>\nNe\u02b9ttp\u00e5\u00e5\u02b9\u0161t: &#116;&#x75;&#x6f;&#109;&#x61;&#x73;&#46;&#x73;&#x65;m&#101;&#x6e;o&#102;&#x66;&#64;&#103;&#x6d;a&#105;&#x6c;&#46;&#99;&#x6f;&#x6d;<\/p>\n<p><a href=\"https:\/\/paliskunnat.fi\/py\/wp-content\/uploads\/2014\/11\/5_vatsari.png\" rel=\"lightbox[1312]\"><img loading=\"lazy\" decoding=\"async\" class=\"alignnone wp-image-1313\" src=\"https:\/\/paliskunnat.fi\/py\/wp-content\/uploads\/2014\/11\/5_vatsari.png\" alt=\"5 V\u00e4ts\u00e4ri\" width=\"300\" height=\"387\" srcset=\"https:\/\/paliskunnat.fi\/poh\/wp-content\/uploads\/2014\/11\/5_vatsari.png 776w, https:\/\/paliskunnat.fi\/poh\/wp-content\/uploads\/2014\/11\/5_vatsari-233x300.png 233w, https:\/\/paliskunnat.fi\/poh\/wp-content\/uploads\/2014\/11\/5_vatsari-768x990.png 768w\" sizes=\"auto, (max-width: 300px) 100vw, 300px\" \/><\/a><\/p>\n<table width=\"450\">\n<tbody>\n<tr>\n<td>Dommk\u00e5\u02b9dd:<\/td>\n<td>Aanar<\/td>\n<\/tr>\n<tr>\n<td>Vu\u02b9vdd\u0161orr\u00e2dvu\u00f5tt:<\/td>\n<td>1 176,1 km<sup>2<\/sup><\/td>\n<\/tr>\n<tr>\n<td>\u0160uurm\u00f5s l\u00e5\u00e5vla\u017e pu\u00e4\u0292\u0292l\u00e5\u00e5kk:<\/td>\n<td>3 000<\/td>\n<\/tr>\n<tr>\n<td>Pu\u00e4\u0292\u0292vu\u00e4\u02b9msteei:<\/td>\n<td>30<\/td>\n<\/tr>\n<\/tbody>\n<\/table>\n<p>V\u00e4\u02b9\u010d\u010der paal\u01e5\u00e2sk\u00e5\u02b9dd kooll Aanar mi\u00e2rkkpirr\u00f5\u02b9sse. Paal\u01e5\u00e2sk\u00e5\u02b9dd lij Aanar k\u00e5\u00e5\u02b9dd \u00e4\u00e4ppalvue\u02b9zzest. Paal\u01e5\u00e2sk\u00e5\u00e5\u02b9dd raajj lij t\u00e2\u02b9vv- da nu\u00f5rttvue\u02b9zzest Taarrj\u00e2nnam raajj, saauj\u00e2st r\u00e4\u02b9jjla\u017epaal\u01e5\u00e2sk\u00e5\u02b9dd lij Pa\u010d\u010djokk, vu\u00e4rjjlest Muddusj\u00e4u\u02b9rr da vi\u00f5sttrest Njaudd\u00e2m.<\/p>\n<p>Paal\u01e5\u00e2sk\u00e5\u00e5\u02b9dd vuu\u02b9dest 99,6 % lie riikkj\u00e2nnam da 0,4 % privattj\u00e2nnam.<\/p>\n<p>&nbsp;<\/p>\n<p><!--more--><\/p>\n<h2>V\u00e4\u02b9\u010d\u010der poostaij\u00e2nnam h\u00e5iddam- da \u00e2\u00e2\u02b9nnemplaan<\/h2>\n<p>Me\u00e4\u02b9cchallt\u00f5\u00f5zz (<a href=\"http:\/\/julkaisut.metsa.fi\/julkaisut\/show\/1052\"><strong>2008<\/strong><\/a>) h\u00e5iddam- da \u00e2\u00e2\u02b9nnemplaan\u00e2st V\u00e4\u02b9\u010d\u010der da Pa\u010d\u010djoo\u01e5\u01e5 paal\u01e5\u00e2skoo\u02b9ddi pu\u00e4\u0292\u0292t\u00e4\u00e4ll\u010di\u00f5\u02b9l\u01e7\u01e7\u00f5s.<\/p>\n<p>&nbsp;<\/p>\n","protected":false},"excerpt":{"rendered":"<p>V\u00e4ts\u00e4ri<\/p>\n","protected":false},"author":1,"featured_media":0,"parent":420,"menu_order":5,"comment_status":"open","ping_status":"closed","template":"paliskuntasivut.php","meta":{"footnotes":""},"class_list":["post-1312","page","type-page","status-publish","hentry"],"aioseo_notices":[],"_links":{"self":[{"href":"https:\/\/paliskunnat.fi\/poh\/wp-json\/wp\/v2\/pages\/1312","targetHints":{"allow":["GET"]}}],"collection":[{"href":"https:\/\/paliskunnat.fi\/poh\/wp-json\/wp\/v2\/pages"}],"about":[{"href":"https:\/\/paliskunnat.fi\/poh\/wp-json\/wp\/v2\/types\/page"}],"author":[{"embeddable":true,"href":"https:\/\/paliskunnat.fi\/poh\/wp-json\/wp\/v2\/users\/1"}],"replies":[{"embeddable":true,"href":"https:\/\/paliskunnat.fi\/poh\/wp-json\/wp\/v2\/comments?post=1312"}],"version-history":[{"count":7,"href":"https:\/\/paliskunnat.fi\/poh\/wp-json\/wp\/v2\/pages\/1312\/revisions"}],"predecessor-version":[{"id":7217,"href":"https:\/\/paliskunnat.fi\/poh\/wp-json\/wp\/v2\/pages\/1312\/revisions\/7217"}],"up":[{"embeddable":true,"href":"https:\/\/paliskunnat.fi\/poh\/wp-json\/wp\/v2\/pages\/420"}],"wp:attachment":[{"href":"https:\/\/paliskunnat.fi\/poh\/wp-json\/wp\/v2\/media?parent=1312"}],"curies":[{"name":"wp","href":"https:\/\/api.w.org\/{rel}","templated":true}]}}