{"id":1321,"date":"2014-11-22T21:20:27","date_gmt":"2014-11-22T19:20:27","guid":{"rendered":"http:\/\/80.69.171.23\/py\/?page_id=1321"},"modified":"2023-06-07T15:35:05","modified_gmt":"2023-06-07T12:35:05","slug":"muotkatuoddar","status":"publish","type":"page","link":"https:\/\/paliskunnat.fi\/poh\/paalgaskaadd\/paalgaskooddi_tead\/muotkatuoddar\/","title":{"rendered":"10 Muotkatu\u00f5dd\u00e2r"},"content":{"rendered":"<h2>Muotkatu\u00f5dd\u00e2r<\/h2>\n<p>Pu\u00e4\u0292\u0292ee\u02b9\u017e\u017eed: Kitti Janne<br \/>\nTe\u02b9lfon: 040 017 6883<br \/>\nNe\u02b9ttp\u00e5\u00e5\u02b9\u0161t: &#x6d;&#117;&#111;&#x74;&#x6b;&#97;&#116;&#x75;&#x6e;&#116;&#117;&#x72;&#x69;&#112;&#108;&#x6b;&#x40;&#103;&#109;&#x61;&#x69;&#108;&#46;&#x63;&#x6f;&#109;<\/p>\n<p><a href=\"https:\/\/paliskunnat.fi\/py\/wp-content\/uploads\/2014\/11\/10_muotkatunturi1.png\" rel=\"lightbox[1321]\"><img loading=\"lazy\" decoding=\"async\" class=\"alignnone wp-image-1325\" src=\"https:\/\/paliskunnat.fi\/py\/wp-content\/uploads\/2014\/11\/10_muotkatunturi1.png\" alt=\"10 Muotkatunturi\" width=\"300\" height=\"387\" srcset=\"https:\/\/paliskunnat.fi\/poh\/wp-content\/uploads\/2014\/11\/10_muotkatunturi1.png 776w, https:\/\/paliskunnat.fi\/poh\/wp-content\/uploads\/2014\/11\/10_muotkatunturi1-233x300.png 233w, https:\/\/paliskunnat.fi\/poh\/wp-content\/uploads\/2014\/11\/10_muotkatunturi1-768x990.png 768w\" sizes=\"auto, (max-width: 300px) 100vw, 300px\" \/><\/a><\/p>\n<table width=\"450\">\n<tbody>\n<tr>\n<td>Dommk\u00e5\u02b9dd:<\/td>\n<td>Aanar<\/td>\n<\/tr>\n<tr>\n<td>Vu\u02b9vdd\u0161orr\u00e2dvu\u00f5tt:<\/td>\n<td>2 580,0 km<sup>2<\/sup><\/td>\n<\/tr>\n<tr>\n<td>\u0160uurm\u00f5s l\u00e5\u00e5vla\u017e pu\u00e4\u0292\u0292l\u00e5\u00e5kk:<\/td>\n<td>6 800<\/td>\n<\/tr>\n<tr>\n<td>Pu\u00e4\u0292\u0292vu\u00e4\u02b9msteei:<\/td>\n<td>100<\/td>\n<\/tr>\n<\/tbody>\n<\/table>\n<p>Muotkatu\u00f5dd\u00e2r paal\u01e5\u00e2sk\u00e5\u02b9dd kooll Aanar mi\u00e2rkkpirr\u00f5\u02b9sse. Paal\u01e5\u00e2sk\u00e5\u02b9dd lij Aanar k\u00e5\u00e5\u02b9ddest. Paal\u01e5\u00e2sk\u00e5\u00e5\u02b9dd r\u00e4\u02b9jjla\u017epaal\u01e5\u00e2sk\u00e5\u00e5\u02b9dd lie t\u00e2\u00e2vast Paistu\u00f5dd\u00e2r, \u00e4pplest Muddusj\u00e4\u00e4u\u02b9r, oo\u02b9bbdnee\u02b9\u01e9\u01e9est P\u00e4\u00e4\u02b9nntu\u00f5dd\u00e2r da saauj\u00e2st Salliv\u00e4\u00e4\u02b9r paal\u01e5\u00e2sk\u00e5\u00e5\u02b9dd. Vi\u00f5sttrest paal\u01e5\u00e2sk\u00e5\u02b9dd rajjan Taarrj\u00e2nnam ra\u02b9jje.<\/p>\n<p>Paal\u01e5\u00e2sk\u00e5\u00e5\u02b9dd vuu\u02b9dest 91,8 % lie riikkj\u00e2nnam da 8,2 % privattj\u00e2nnam.<\/p>\n<p>&nbsp;<\/p>\n<p>&nbsp;<\/p>\n","protected":false},"excerpt":{"rendered":"<p>Muotkatu\u00f5dd\u00e2r Pu\u00e4\u0292\u0292ee\u02b9\u017e\u017eed: Kitti Janne Te\u02b9lfon: 040 017 6883 Ne\u02b9ttp\u00e5\u00e5\u02b9\u0161t: muot&#107;&#97;&#116;&#117;&#110;&#x74;&#x75;&#x72;&#x69;&#x70;&#x6c;&#x6b;&#64;gma&#105;&#108;&#46;&#99;&#111;&#x6d; Dommk\u00e5\u02b9dd: Aanar Vu\u02b9vdd\u0161orr\u00e2dvu\u00f5tt: 2 580,0 km2 \u0160uurm\u00f5s l\u00e5\u00e5vla\u017e pu\u00e4\u0292\u0292l\u00e5\u00e5kk: 6 800 Pu\u00e4\u0292\u0292vu\u00e4\u02b9msteei: 100 Muotkatu\u00f5dd\u00e2r paal\u01e5\u00e2sk\u00e5\u02b9dd kooll Aanar mi\u00e2rkkpirr\u00f5\u02b9sse. Paal\u01e5\u00e2sk\u00e5\u02b9dd lij Aanar k\u00e5\u00e5\u02b9ddest. Paal\u01e5\u00e2sk\u00e5\u00e5\u02b9dd r\u00e4\u02b9jjla\u017epaal\u01e5\u00e2sk\u00e5\u00e5\u02b9dd lie t\u00e2\u00e2vast Paistu\u00f5dd\u00e2r, \u00e4pplest Muddusj\u00e4\u00e4u\u02b9r, oo\u02b9bbdnee\u02b9\u01e9\u01e9est P\u00e4\u00e4\u02b9nntu\u00f5dd\u00e2r da saauj\u00e2st Salliv\u00e4\u00e4\u02b9r paal\u01e5\u00e2sk\u00e5\u00e5\u02b9dd. Vi\u00f5sttrest paal\u01e5\u00e2sk\u00e5\u02b9dd rajjan Taarrj\u00e2nnam ra\u02b9jje. Paal\u01e5\u00e2sk\u00e5\u00e5\u02b9dd vuu\u02b9dest 91,8 % lie [&hellip;]<\/p>\n","protected":false},"author":1,"featured_media":0,"parent":420,"menu_order":11,"comment_status":"open","ping_status":"closed","template":"paliskuntasivut.php","meta":{"footnotes":""},"class_list":["post-1321","page","type-page","status-publish","hentry"],"aioseo_notices":[],"_links":{"self":[{"href":"https:\/\/paliskunnat.fi\/poh\/wp-json\/wp\/v2\/pages\/1321","targetHints":{"allow":["GET"]}}],"collection":[{"href":"https:\/\/paliskunnat.fi\/poh\/wp-json\/wp\/v2\/pages"}],"about":[{"href":"https:\/\/paliskunnat.fi\/poh\/wp-json\/wp\/v2\/types\/page"}],"author":[{"embeddable":true,"href":"https:\/\/paliskunnat.fi\/poh\/wp-json\/wp\/v2\/users\/1"}],"replies":[{"embeddable":true,"href":"https:\/\/paliskunnat.fi\/poh\/wp-json\/wp\/v2\/comments?post=1321"}],"version-history":[{"count":7,"href":"https:\/\/paliskunnat.fi\/poh\/wp-json\/wp\/v2\/pages\/1321\/revisions"}],"predecessor-version":[{"id":7042,"href":"https:\/\/paliskunnat.fi\/poh\/wp-json\/wp\/v2\/pages\/1321\/revisions\/7042"}],"up":[{"embeddable":true,"href":"https:\/\/paliskunnat.fi\/poh\/wp-json\/wp\/v2\/pages\/420"}],"wp:attachment":[{"href":"https:\/\/paliskunnat.fi\/poh\/wp-json\/wp\/v2\/media?parent=1321"}],"curies":[{"name":"wp","href":"https:\/\/api.w.org\/{rel}","templated":true}]}}