{"id":1331,"date":"2014-11-22T21:37:39","date_gmt":"2014-11-22T19:37:39","guid":{"rendered":"http:\/\/80.69.171.23\/py\/?page_id=1331"},"modified":"2023-06-07T15:31:15","modified_gmt":"2023-06-07T12:31:15","slug":"paccjokk","status":"publish","type":"page","link":"https:\/\/paliskunnat.fi\/poh\/paalgaskaadd\/paalgaskooddi_tead\/paccjokk\/","title":{"rendered":"6 Pa\u010d\u010djokk"},"content":{"rendered":"<h2>Pa\u010d\u010djokk<\/h2>\n<p>Pu\u00e4\u0292\u0292ee\u02b9\u017e\u017eed: H\u00e4nninen Petri<br \/>\nTe\u02b9lfon: 040 019 9798<br \/>\nNe\u02b9ttp\u00e5\u00e5\u02b9\u0161t: &#112;&#x6f;&#114;&#x6f;m&#x69;e&#115;&#x2e;&#112;&#x65;&#116;&#x72;i&#x40;g&#109;&#x61;&#105;&#x6c;&#46;&#x63;o&#x6d;<\/p>\n<p><a href=\"https:\/\/paliskunnat.fi\/py\/wp-content\/uploads\/2014\/11\/6_paatsjoki.png\" rel=\"lightbox[1331]\"><img loading=\"lazy\" decoding=\"async\" class=\"alignnone wp-image-1332\" src=\"https:\/\/paliskunnat.fi\/py\/wp-content\/uploads\/2014\/11\/6_paatsjoki.png\" alt=\"6 Paatsjoki\" width=\"300\" height=\"387\" srcset=\"https:\/\/paliskunnat.fi\/poh\/wp-content\/uploads\/2014\/11\/6_paatsjoki.png 776w, https:\/\/paliskunnat.fi\/poh\/wp-content\/uploads\/2014\/11\/6_paatsjoki-233x300.png 233w, https:\/\/paliskunnat.fi\/poh\/wp-content\/uploads\/2014\/11\/6_paatsjoki-768x990.png 768w\" sizes=\"auto, (max-width: 300px) 100vw, 300px\" \/><\/a><\/p>\n<table width=\"450\">\n<tbody>\n<tr>\n<td>Dommk\u00e5\u02b9dd:<\/td>\n<td>Aanar<\/td>\n<\/tr>\n<tr>\n<td>Vu\u02b9vdd\u0161orr\u00e2dvu\u00f5tt:<\/td>\n<td>1 056,0 km<sup>2<\/sup><\/td>\n<\/tr>\n<tr>\n<td>\u0160uurm\u00f5s l\u00e5\u00e5vla\u017e pu\u00e4\u0292\u0292l\u00e5\u00e5kk:<\/td>\n<td>1 600<\/td>\n<\/tr>\n<tr>\n<td>Pu\u00e4\u0292\u0292vu\u00e4\u02b9msteei:<\/td>\n<td>5<\/td>\n<\/tr>\n<\/tbody>\n<\/table>\n<p>Pa\u010d\u010djoo\u01e5\u01e5 paal\u01e5\u00e2sk\u00e5\u02b9dd kooll Aanar mi\u00e2rkkpirr\u00f5\u02b9sse. Paal\u01e5\u00e2sk\u00e5\u02b9dd lij Aanar k\u00e5\u00e5\u02b9dd nu\u00f5rttvue\u02b9zzest.<\/p>\n<p>Paal\u01e5\u00e2sk\u00e5\u00e5\u02b9ddest lie raaj t\u00e2\u00e2vast V\u00e4\u02b9\u010d\u010der, saauj\u00e2st \u00c2\u02b9vvel da vi\u00f5sttrest Muddusj\u00e4\u00e4u\u02b9r paal\u01e5\u00e2skoo\u02b9ddivui\u02b9m. Nu\u00f5rttjest paal\u01e5\u00e2sk\u00e5\u02b9dd rajjan Taarrj\u00e2nnam da Ru\u00f5\u0161\u0161j\u00e2nnam ra\u02b9jje.<\/p>\n<p>Paal\u01e5\u00e2sk\u00e5\u00e5\u02b9dd vuu\u02b9dest 97,7 % lie riikkj\u00e2nnam da 2,3 % privattj\u00e2nnam.<\/p>\n<p>&nbsp;<\/p>\n","protected":false},"excerpt":{"rendered":"<p>Pa\u010d\u010djokk Pu\u00e4\u0292\u0292ee\u02b9\u017e\u017eed: H\u00e4nninen Petri Te\u02b9lfon: 040 019 9798 Ne\u02b9ttp\u00e5\u00e5\u02b9\u0161t: &#x70;&#x6f;&#x72;&#x6f;&#x6d;&#x69;&#x65;&#x73;&#x2e;&#x70;&#x65;&#x74;&#x72;&#x69;&#64;&#103;&#109;&#97;&#105;&#108;&#46;&#99;&#111;&#109; Dommk\u00e5\u02b9dd: Aanar Vu\u02b9vdd\u0161orr\u00e2dvu\u00f5tt: 1 056,0 km2 \u0160uurm\u00f5s l\u00e5\u00e5vla\u017e pu\u00e4\u0292\u0292l\u00e5\u00e5kk: 1 600 Pu\u00e4\u0292\u0292vu\u00e4\u02b9msteei: 5 Pa\u010d\u010djoo\u01e5\u01e5 paal\u01e5\u00e2sk\u00e5\u02b9dd kooll Aanar mi\u00e2rkkpirr\u00f5\u02b9sse. Paal\u01e5\u00e2sk\u00e5\u02b9dd lij Aanar k\u00e5\u00e5\u02b9dd nu\u00f5rttvue\u02b9zzest. Paal\u01e5\u00e2sk\u00e5\u00e5\u02b9ddest lie raaj t\u00e2\u00e2vast V\u00e4\u02b9\u010d\u010der, saauj\u00e2st \u00c2\u02b9vvel da vi\u00f5sttrest Muddusj\u00e4\u00e4u\u02b9r paal\u01e5\u00e2skoo\u02b9ddivui\u02b9m. Nu\u00f5rttjest paal\u01e5\u00e2sk\u00e5\u02b9dd rajjan Taarrj\u00e2nnam da Ru\u00f5\u0161\u0161j\u00e2nnam ra\u02b9jje. Paal\u01e5\u00e2sk\u00e5\u00e5\u02b9dd vuu\u02b9dest 97,7 % [&hellip;]<\/p>\n","protected":false},"author":1,"featured_media":0,"parent":420,"menu_order":6,"comment_status":"open","ping_status":"closed","template":"paliskuntasivut.php","meta":{"footnotes":""},"class_list":["post-1331","page","type-page","status-publish","hentry"],"aioseo_notices":[],"_links":{"self":[{"href":"https:\/\/paliskunnat.fi\/poh\/wp-json\/wp\/v2\/pages\/1331","targetHints":{"allow":["GET"]}}],"collection":[{"href":"https:\/\/paliskunnat.fi\/poh\/wp-json\/wp\/v2\/pages"}],"about":[{"href":"https:\/\/paliskunnat.fi\/poh\/wp-json\/wp\/v2\/types\/page"}],"author":[{"embeddable":true,"href":"https:\/\/paliskunnat.fi\/poh\/wp-json\/wp\/v2\/users\/1"}],"replies":[{"embeddable":true,"href":"https:\/\/paliskunnat.fi\/poh\/wp-json\/wp\/v2\/comments?post=1331"}],"version-history":[{"count":6,"href":"https:\/\/paliskunnat.fi\/poh\/wp-json\/wp\/v2\/pages\/1331\/revisions"}],"predecessor-version":[{"id":7038,"href":"https:\/\/paliskunnat.fi\/poh\/wp-json\/wp\/v2\/pages\/1331\/revisions\/7038"}],"up":[{"embeddable":true,"href":"https:\/\/paliskunnat.fi\/poh\/wp-json\/wp\/v2\/pages\/420"}],"wp:attachment":[{"href":"https:\/\/paliskunnat.fi\/poh\/wp-json\/wp\/v2\/media?parent=1331"}],"curies":[{"name":"wp","href":"https:\/\/api.w.org\/{rel}","templated":true}]}}