{"id":1338,"date":"2014-11-22T22:00:58","date_gmt":"2014-11-22T20:00:58","guid":{"rendered":"http:\/\/80.69.171.23\/py\/?page_id=1338"},"modified":"2023-06-07T15:34:30","modified_gmt":"2023-06-07T12:34:30","slug":"sallivaarr","status":"publish","type":"page","link":"https:\/\/paliskunnat.fi\/poh\/paalgaskaadd\/paalgaskooddi_tead\/sallivaarr\/","title":{"rendered":"9 Salliv\u00e4\u00e4\u02b9rr"},"content":{"rendered":"<h2>Salliv\u00e4\u00e4\u02b9rr<\/h2>\n<p>Pu\u00e4\u0292\u0292ee\u02b9\u017e\u017eed: N\u00e4kk\u00e4l\u00e4j\u00e4rvi Iisko-Henrik<br \/>\nTe\u02b9lfon: +358 40 481 7212<br \/>\nNe\u02b9ttp\u00e5\u00e5\u02b9\u0161t: &#x73;&#x61;&#x6c;&#x6c;&#x69;&#x76;&#x61;&#97;&#114;&#97;&#110;&#112;alis&#x6b;&#x75;&#x6e;&#x74;&#x61;&#x40;&#x67;&#x6d;&#97;&#105;&#108;&#46;&#99;om<\/p>\n<p><a href=\"https:\/\/paliskunnat.fi\/py\/wp-content\/uploads\/2014\/11\/9_sallivaara1.png\" rel=\"lightbox[1338]\"><img loading=\"lazy\" decoding=\"async\" class=\"alignnone wp-image-1342\" src=\"https:\/\/paliskunnat.fi\/py\/wp-content\/uploads\/2014\/11\/9_sallivaara1.png\" alt=\"9 Sallivaara\" width=\"300\" height=\"387\" srcset=\"https:\/\/paliskunnat.fi\/poh\/wp-content\/uploads\/2014\/11\/9_sallivaara1.png 776w, https:\/\/paliskunnat.fi\/poh\/wp-content\/uploads\/2014\/11\/9_sallivaara1-233x300.png 233w, https:\/\/paliskunnat.fi\/poh\/wp-content\/uploads\/2014\/11\/9_sallivaara1-768x990.png 768w\" sizes=\"auto, (max-width: 300px) 100vw, 300px\" \/><\/a><\/p>\n<table width=\"450\">\n<tbody>\n<tr>\n<td>Dommk\u00e5\u02b9dd:<\/td>\n<td>Aanar<\/td>\n<\/tr>\n<tr>\n<td>Vu\u02b9vdd\u0161orr\u00e2dvu\u00f5tt:<\/td>\n<td>2 988,8 km<sup>2<\/sup><\/td>\n<\/tr>\n<tr>\n<td>\u0160uurm\u00f5s l\u00e5\u00e5vla\u017e pu\u00e4\u0292\u0292l\u00e5\u00e5kk:<\/td>\n<td>7 500<\/td>\n<\/tr>\n<tr>\n<td>Pu\u00e4\u0292\u0292vu\u00e4\u02b9msteei:<\/td>\n<td>126<\/td>\n<\/tr>\n<\/tbody>\n<\/table>\n<p>Salliv\u00e4\u00e4\u02b9r paal\u01e5\u00e2sk\u00e5\u02b9dd kooll Aanar mi\u00e2rkkpirr\u00f5\u02b9sse. Paal\u01e5\u00e2sk\u00e5\u02b9dd lij Aanar k\u00e5\u00e5\u02b9dd vi\u00f5st\u00e2r\u01e9ie\u02b9jjest. Paal\u01e5\u00e2sk\u00e5\u02b9dd rajjan reddvi\u00f5sttrest Taarrj\u00e2nnam ra\u02b9jje, t\u00e2\u00e2vast Muotkatu\u00f5dd\u00e2r, nu\u00f5rttjest P\u00e4\u00e4\u02b9nntu\u00f5dd\u00e2r, saauj\u00e2st Lappi da Kuivasalmi da vi\u00f5sttrest N\u00e4kk\u00e4l\u00e4 paal\u01e5\u00e2skoo\u02b9ddid. Paal\u01e5\u00e2sk\u00e5\u00e5\u02b9dd vuu\u02b9dest 98,2 % lie riikkj\u00e2nnam da 1,8 % privattj\u00e2nnam. Paal\u01e5\u00e2sk\u00e5\u02b9dd lij \u0161uurm\u00f5s vue\u02b9zzest Lemmejoo\u01e5\u01e5 meermie\u02b9ccest da P\u00e4\u00e4\u02b9nntu\u00f5dd\u00e2r poostaij\u00e2nnamvuu\u02b9dest.<\/p>\n<p>Paal\u01e5\u00e2sk\u00e5\u00e5\u02b9dd v\u00e4\u02b9lddpikal\u00f5s\u00e4idd lij Hirvassalmist. Nu\u02b9bb k\u00f5skksa\u017e pikal\u00f5s\u00e4idd lij Lismast. Vue\u02b9ssmie\u02b9r\u01e9\u01e9eem\u00e4\u00e4id lie Peltotu\u00f5ddrest da Marastost.<\/p>\n<p>Paal\u01e5\u00e2sk\u00e5\u00e5\u02b9dd pu\u00e4\u0292\u0292oummu j\u00e4lste Lemmenjoo\u01e5\u01e5, Menesj\u00e4\u00e4u\u02b9r, Kuttura, Lisma, Repojoo\u01e5\u01e5 da Ivalonmatti siidin. Lisma sijdd lij obbnes meermie\u02b9cc se\u02b9st.<\/p>\n","protected":false},"excerpt":{"rendered":"<p>Salliv\u00e4\u00e4\u02b9rr Pu\u00e4\u0292\u0292ee\u02b9\u017e\u017eed: N\u00e4kk\u00e4l\u00e4j\u00e4rvi Iisko-Henrik Te\u02b9lfon: +358 40 481 7212 Ne\u02b9ttp\u00e5\u00e5\u02b9\u0161t: &#115;&#x61;&#x6c;l&#105;&#x76;&#x61;a&#114;&#x61;n&#112;&#x61;&#x6c;i&#115;&#x6b;u&#110;&#x74;&#x61;&#64;&#103;&#x6d;&#x61;&#105;&#x6c;&#x2e;c&#111;&#x6d; Dommk\u00e5\u02b9dd: Aanar Vu\u02b9vdd\u0161orr\u00e2dvu\u00f5tt: 2 988,8 km2 \u0160uurm\u00f5s l\u00e5\u00e5vla\u017e pu\u00e4\u0292\u0292l\u00e5\u00e5kk: 7 500 Pu\u00e4\u0292\u0292vu\u00e4\u02b9msteei: 126 Salliv\u00e4\u00e4\u02b9r paal\u01e5\u00e2sk\u00e5\u02b9dd kooll Aanar mi\u00e2rkkpirr\u00f5\u02b9sse. Paal\u01e5\u00e2sk\u00e5\u02b9dd lij Aanar k\u00e5\u00e5\u02b9dd vi\u00f5st\u00e2r\u01e9ie\u02b9jjest. Paal\u01e5\u00e2sk\u00e5\u02b9dd rajjan reddvi\u00f5sttrest Taarrj\u00e2nnam ra\u02b9jje, t\u00e2\u00e2vast Muotkatu\u00f5dd\u00e2r, nu\u00f5rttjest P\u00e4\u00e4\u02b9nntu\u00f5dd\u00e2r, saauj\u00e2st Lappi da Kuivasalmi da vi\u00f5sttrest N\u00e4kk\u00e4l\u00e4 paal\u01e5\u00e2skoo\u02b9ddid. Paal\u01e5\u00e2sk\u00e5\u00e5\u02b9dd vuu\u02b9dest 98,2 % [&hellip;]<\/p>\n","protected":false},"author":1,"featured_media":0,"parent":420,"menu_order":9,"comment_status":"open","ping_status":"closed","template":"paliskuntasivut.php","meta":{"footnotes":""},"class_list":["post-1338","page","type-page","status-publish","hentry"],"aioseo_notices":[],"_links":{"self":[{"href":"https:\/\/paliskunnat.fi\/poh\/wp-json\/wp\/v2\/pages\/1338","targetHints":{"allow":["GET"]}}],"collection":[{"href":"https:\/\/paliskunnat.fi\/poh\/wp-json\/wp\/v2\/pages"}],"about":[{"href":"https:\/\/paliskunnat.fi\/poh\/wp-json\/wp\/v2\/types\/page"}],"author":[{"embeddable":true,"href":"https:\/\/paliskunnat.fi\/poh\/wp-json\/wp\/v2\/users\/1"}],"replies":[{"embeddable":true,"href":"https:\/\/paliskunnat.fi\/poh\/wp-json\/wp\/v2\/comments?post=1338"}],"version-history":[{"count":7,"href":"https:\/\/paliskunnat.fi\/poh\/wp-json\/wp\/v2\/pages\/1338\/revisions"}],"predecessor-version":[{"id":7041,"href":"https:\/\/paliskunnat.fi\/poh\/wp-json\/wp\/v2\/pages\/1338\/revisions\/7041"}],"up":[{"embeddable":true,"href":"https:\/\/paliskunnat.fi\/poh\/wp-json\/wp\/v2\/pages\/420"}],"wp:attachment":[{"href":"https:\/\/paliskunnat.fi\/poh\/wp-json\/wp\/v2\/media?parent=1338"}],"curies":[{"name":"wp","href":"https:\/\/api.w.org\/{rel}","templated":true}]}}