{"id":1351,"date":"2014-11-22T22:50:50","date_gmt":"2014-11-22T20:50:50","guid":{"rendered":"http:\/\/80.69.171.23\/py\/?page_id=1351"},"modified":"2023-06-07T15:35:44","modified_gmt":"2023-06-07T12:35:44","slug":"nakkala","status":"publish","type":"page","link":"https:\/\/paliskunnat.fi\/poh\/paalgaskaadd\/paalgaskooddi_tead\/nakkala\/","title":{"rendered":"11 N\u00e4kk\u00e4l\u00e4"},"content":{"rendered":"<h2>N\u00e4kk\u00e4l\u00e4<\/h2>\n<p>Dommk\u00e5\u02b9dd: Ranta Hannu<br \/>\nTe\u02b9lfon: 0400 173 820<br \/>\nNe\u02b9ttp\u00e5\u00e5\u02b9\u0161t: &#x68;&#x61;&#110;n&#x75;&#x2e;&#114;an&#x74;&#x61;&#53;1&#x38;&#x40;&#111;&#117;t&#x6c;&#x6f;&#111;k&#x2e;&#x63;&#111;&#109;<\/p>\n<p><a href=\"https:\/\/paliskunnat.fi\/py\/wp-content\/uploads\/2014\/11\/11_nakkala.png\" rel=\"lightbox[1351]\"><img loading=\"lazy\" decoding=\"async\" class=\"alignnone wp-image-1353\" src=\"https:\/\/paliskunnat.fi\/py\/wp-content\/uploads\/2014\/11\/11_nakkala.png\" alt=\"11 N\u00e4kk\u00e4l\u00e4\" width=\"300\" height=\"387\" srcset=\"https:\/\/paliskunnat.fi\/poh\/wp-content\/uploads\/2014\/11\/11_nakkala.png 776w, https:\/\/paliskunnat.fi\/poh\/wp-content\/uploads\/2014\/11\/11_nakkala-233x300.png 233w, https:\/\/paliskunnat.fi\/poh\/wp-content\/uploads\/2014\/11\/11_nakkala-768x990.png 768w\" sizes=\"auto, (max-width: 300px) 100vw, 300px\" \/><\/a><\/p>\n<table width=\"450\">\n<tbody>\n<tr>\n<td>Dommk\u00e5\u02b9dd:<\/td>\n<td>Je\u00e4n\u00f5k<\/td>\n<\/tr>\n<tr>\n<td>Vu\u02b9vdd\u0161orr\u00e2dvu\u00f5tt:<\/td>\n<td>3 557,0 km<sup>2<\/sup><\/td>\n<\/tr>\n<tr>\n<td>\u0160uurm\u00f5s l\u00e5\u00e5vla\u017e pu\u00e4\u0292\u0292l\u00e5\u00e5kk:<\/td>\n<td>8 300<\/td>\n<\/tr>\n<tr>\n<td>Pu\u00e4\u0292\u0292vu\u00e4\u02b9msteei:<\/td>\n<td>166<\/td>\n<\/tr>\n<\/tbody>\n<\/table>\n<p>N\u00e4kk\u00e4l\u00e4 paal\u01e5\u00e2sk\u00e5\u02b9dd kooll Je\u00e4n\u00f5\u00f5\u01e5\u01e5 mi\u00e2rkkpirr\u00f5\u02b9sse. Paal\u01e5\u00e2sk\u00e5\u02b9dd lij Je\u00e4n\u00f5\u00f5\u01e5\u01e5 k\u00e5\u00e5\u02b9dd saujjvue\u02b9zzest.<\/p>\n<p>Paal\u01e5\u00e2sk\u00e5\u02b9dd rajjan t\u00e2\u00e2vast Taarrj\u00e2nnam ra\u02b9jje, nu\u00f5rttjest Salliv\u00e4\u00e4\u02b9r, saauj\u00e2st Kyr\u00f6 da Muonio paal\u01e5\u00e2skoo\u02b9ddid da vi\u00f5sttrest Ru\u00f5ccj\u00e2nnam ra\u02b9jje di \u01e8i\u00f5ttmaddi paal\u01e5\u00e2sk\u00e5dda.<\/p>\n<p>Paal\u01e5\u00e2sk\u00e5\u00e5\u02b9dd vuu\u02b9dest 78,5 % lie riikkj\u00e2nnam da 21,5 % privattj\u00e2nnam.<\/p>\n<p>&nbsp;<\/p>\n","protected":false},"excerpt":{"rendered":"<p>N\u00e4kk\u00e4l\u00e4 Dommk\u00e5\u02b9dd: Ranta Hannu Te\u02b9lfon: 0400 173 820 Ne\u02b9ttp\u00e5\u00e5\u02b9\u0161t: &#104;&#97;&#x6e;n&#117;&#x2e;&#x72;a&#110;&#x74;&#x61;5&#49;&#x38;&#64;&#111;&#x75;&#x74;l&#111;&#x6f;&#x6b;&#46;&#99;&#x6f;m Dommk\u00e5\u02b9dd: Je\u00e4n\u00f5k Vu\u02b9vdd\u0161orr\u00e2dvu\u00f5tt: 3 557,0 km2 \u0160uurm\u00f5s l\u00e5\u00e5vla\u017e pu\u00e4\u0292\u0292l\u00e5\u00e5kk: 8 300 Pu\u00e4\u0292\u0292vu\u00e4\u02b9msteei: 166 N\u00e4kk\u00e4l\u00e4 paal\u01e5\u00e2sk\u00e5\u02b9dd kooll Je\u00e4n\u00f5\u00f5\u01e5\u01e5 mi\u00e2rkkpirr\u00f5\u02b9sse. Paal\u01e5\u00e2sk\u00e5\u02b9dd lij Je\u00e4n\u00f5\u00f5\u01e5\u01e5 k\u00e5\u00e5\u02b9dd saujjvue\u02b9zzest. Paal\u01e5\u00e2sk\u00e5\u02b9dd rajjan t\u00e2\u00e2vast Taarrj\u00e2nnam ra\u02b9jje, nu\u00f5rttjest Salliv\u00e4\u00e4\u02b9r, saauj\u00e2st Kyr\u00f6 da Muonio paal\u01e5\u00e2skoo\u02b9ddid da vi\u00f5sttrest Ru\u00f5ccj\u00e2nnam ra\u02b9jje di \u01e8i\u00f5ttmaddi paal\u01e5\u00e2sk\u00e5dda. Paal\u01e5\u00e2sk\u00e5\u00e5\u02b9dd vuu\u02b9dest 78,5 [&hellip;]<\/p>\n","protected":false},"author":1,"featured_media":0,"parent":420,"menu_order":11,"comment_status":"open","ping_status":"closed","template":"paliskuntasivut.php","meta":{"footnotes":""},"class_list":["post-1351","page","type-page","status-publish","hentry"],"aioseo_notices":[],"_links":{"self":[{"href":"https:\/\/paliskunnat.fi\/poh\/wp-json\/wp\/v2\/pages\/1351","targetHints":{"allow":["GET"]}}],"collection":[{"href":"https:\/\/paliskunnat.fi\/poh\/wp-json\/wp\/v2\/pages"}],"about":[{"href":"https:\/\/paliskunnat.fi\/poh\/wp-json\/wp\/v2\/types\/page"}],"author":[{"embeddable":true,"href":"https:\/\/paliskunnat.fi\/poh\/wp-json\/wp\/v2\/users\/1"}],"replies":[{"embeddable":true,"href":"https:\/\/paliskunnat.fi\/poh\/wp-json\/wp\/v2\/comments?post=1351"}],"version-history":[{"count":7,"href":"https:\/\/paliskunnat.fi\/poh\/wp-json\/wp\/v2\/pages\/1351\/revisions"}],"predecessor-version":[{"id":7043,"href":"https:\/\/paliskunnat.fi\/poh\/wp-json\/wp\/v2\/pages\/1351\/revisions\/7043"}],"up":[{"embeddable":true,"href":"https:\/\/paliskunnat.fi\/poh\/wp-json\/wp\/v2\/pages\/420"}],"wp:attachment":[{"href":"https:\/\/paliskunnat.fi\/poh\/wp-json\/wp\/v2\/media?parent=1351"}],"curies":[{"name":"wp","href":"https:\/\/api.w.org\/{rel}","templated":true}]}}