{"id":1356,"date":"2014-11-22T22:56:36","date_gmt":"2014-11-22T20:56:36","guid":{"rendered":"http:\/\/80.69.171.23\/py\/?page_id=1356"},"modified":"2023-06-07T15:37:20","modified_gmt":"2023-06-07T12:37:20","slug":"muonio","status":"publish","type":"page","link":"https:\/\/paliskunnat.fi\/poh\/paalgaskaadd\/paalgaskooddi_tead\/muonio\/","title":{"rendered":"13 Muonio"},"content":{"rendered":"<h2>Muonio<\/h2>\n<p>Pu\u00e4\u0292\u0292ee\u02b9\u017e\u017eed: Kurki Vili<br \/>\nTe\u02b9lfon: +358 40 083 3373<br \/>\nNe\u02b9ttp\u00e5\u00e5\u02b9\u0161t: &#x76;&#105;&#108;i&#x6b;&#x75;&#114;k&#x69;&#x40;&#103;ma&#x69;&#108;&#46;c&#x6f;&#x6d;<\/p>\n<p><a href=\"https:\/\/paliskunnat.fi\/py\/wp-content\/uploads\/2014\/11\/13_muonio.png\" rel=\"lightbox[1356]\"><img loading=\"lazy\" decoding=\"async\" class=\"alignnone wp-image-1358\" src=\"https:\/\/paliskunnat.fi\/py\/wp-content\/uploads\/2014\/11\/13_muonio.png\" alt=\"13 Muonio\" width=\"300\" height=\"387\" srcset=\"https:\/\/paliskunnat.fi\/poh\/wp-content\/uploads\/2014\/11\/13_muonio.png 776w, https:\/\/paliskunnat.fi\/poh\/wp-content\/uploads\/2014\/11\/13_muonio-233x300.png 233w, https:\/\/paliskunnat.fi\/poh\/wp-content\/uploads\/2014\/11\/13_muonio-768x990.png 768w\" sizes=\"auto, (max-width: 300px) 100vw, 300px\" \/><\/a><\/p>\n<table width=\"450\">\n<tbody>\n<tr>\n<td>Dommk\u00e5\u02b9dd:<\/td>\n<td>Muonio<\/td>\n<\/tr>\n<tr>\n<td>Vu\u02b9vdd\u0161orr\u00e2dvu\u00f5tt:<\/td>\n<td>2 666,4 km<sup>2<\/sup><\/td>\n<\/tr>\n<tr>\n<td>\u0160uurm\u00f5s l\u00e5\u00e5vla\u017e pu\u00e4\u0292\u0292l\u00e5\u00e5kk:<\/td>\n<td>6 000<\/td>\n<\/tr>\n<tr>\n<td>Pu\u00e4\u0292\u0292vu\u00e4\u02b9msteei:<\/td>\n<td>127<\/td>\n<\/tr>\n<\/tbody>\n<\/table>\n<p>Muonio paal\u01e5\u00e2sk\u00e5\u02b9dd kooll Pallastunturi mi\u00e2rkkpirr\u00f5\u02b9sse. Paal\u01e5\u00e2sk\u00e5\u02b9dd lij Muonio k\u00e5\u00e5\u02b9dd l\u00e2\u00e2\u02b9ssen (80 % paal\u01e5\u00e2sk\u00e5\u00e5\u02b9ddest) Kolari da Kihttel koo\u02b9ddi vuu\u02b9dest.<\/p>\n<p>Paal\u01e5\u00e2sk\u00e5\u02b9dd rajjan vi\u00f5sttrest Ru\u00f5ccj\u00e2nnam ra\u02b9jje, t\u00e2\u00e2vast N\u00e4kk\u00e4l\u00e4, nu\u00f5rttjest Kyr\u00f6 da Alakyl\u00e4 da saauj\u00e2st Kolari paal\u01e5\u00e2skoo\u02b9ddid.<\/p>\n<p>Paal\u01e5\u00e2sk\u00e5\u00e5\u02b9dd vuu\u02b9dest 66,5 % lie riikkj\u00e2nnam da 33,5 % privattj\u00e2nnam. Paal\u01e5\u00e2sk\u00e5\u00e5\u02b9dd \u00e4\u00e4ppal- da nu\u00f5rttvue\u02b9zzest lij Pallas-Yll\u00e4stunturi meerme\u00e4\u02b9cc.<\/p>\n<p>Paal\u01e5\u00e2sk\u00e5\u00e5\u02b9dd v\u00e4\u02b9lddpikal\u00f5s\u00e4idd lij Lamumaa, ko\u02b9st lij veidds\u00f5s poortem\u00e4idd \u0161e. Jee\u02b9res pikal\u00f5s\u00e4\u00e4id lie Sainkangas, Rautuvaara, K\u00e4kivaara, Ahvenkielinen, Hangasmaa, Luusunselk\u00e4, Juutilainen da Tiuraselk\u00e4.<\/p>\n<p>Paal\u01e5\u00e2sk\u00e5\u00e5\u02b9dd vuu\u02b9dest lie kue\u02b9htt j\u00f5nn maatk\u010demk\u00f5\u00f5sk\u00f5\u00f5zz \u00c4k\u00e4slompolo-Yll\u00e4stunturi da Olostunturi. Olos maatk\u010demk\u00f5\u00f5sk\u00f5\u00f5zz\u00e2st lij pi\u00f5ggkaard\u00e2s da Kolari Hannukainen-p\u00e4ikka lij plaaneemnalla ru\u02b9vddku\u00e5iv\u00e2s.<\/p>\n<p>Aazzt\u00f5s lij j\u00e4\u00e4nm\u00f5s\u00e2n Muoniojokkvaard\u00e2st da v\u00e4\u02b9ldd\u010du\u00f5kku 21 \u00e2\u00e2lda \u00e5\u00e5rrai siidin. Aazzt\u00f5s lij n\u00e2nnsum\u00f5s Muoniost, k\u00e5\u00e5\u02b9tt lij paal\u01e5\u00e2sk\u00e5\u00e5\u02b9dd k\u00f5skkp\u00e4\u00e4i\u02b9\u01e9est.<\/p>\n<p>&nbsp;<\/p>\n<p>&nbsp;<\/p>\n","protected":false},"excerpt":{"rendered":"<p>Muonio Pu\u00e4\u0292\u0292ee\u02b9\u017e\u017eed: Kurki Vili Te\u02b9lfon: +358 40 083 3373 Ne\u02b9ttp\u00e5\u00e5\u02b9\u0161t: &#x76;&#x69;&#108;i&#x6b;&#x75;&#114;&#107;i&#x40;&#x67;&#109;&#97;i&#x6c;&#x2e;&#99;om Dommk\u00e5\u02b9dd: Muonio Vu\u02b9vdd\u0161orr\u00e2dvu\u00f5tt: 2 666,4 km2 \u0160uurm\u00f5s l\u00e5\u00e5vla\u017e pu\u00e4\u0292\u0292l\u00e5\u00e5kk: 6 000 Pu\u00e4\u0292\u0292vu\u00e4\u02b9msteei: 127 Muonio paal\u01e5\u00e2sk\u00e5\u02b9dd kooll Pallastunturi mi\u00e2rkkpirr\u00f5\u02b9sse. Paal\u01e5\u00e2sk\u00e5\u02b9dd lij Muonio k\u00e5\u00e5\u02b9dd l\u00e2\u00e2\u02b9ssen (80 % paal\u01e5\u00e2sk\u00e5\u00e5\u02b9ddest) Kolari da Kihttel koo\u02b9ddi vuu\u02b9dest. Paal\u01e5\u00e2sk\u00e5\u02b9dd rajjan vi\u00f5sttrest Ru\u00f5ccj\u00e2nnam ra\u02b9jje, t\u00e2\u00e2vast N\u00e4kk\u00e4l\u00e4, nu\u00f5rttjest Kyr\u00f6 da Alakyl\u00e4 da saauj\u00e2st [&hellip;]<\/p>\n","protected":false},"author":1,"featured_media":0,"parent":420,"menu_order":13,"comment_status":"open","ping_status":"closed","template":"paliskuntasivut.php","meta":{"footnotes":""},"class_list":["post-1356","page","type-page","status-publish","hentry"],"aioseo_notices":[],"_links":{"self":[{"href":"https:\/\/paliskunnat.fi\/poh\/wp-json\/wp\/v2\/pages\/1356","targetHints":{"allow":["GET"]}}],"collection":[{"href":"https:\/\/paliskunnat.fi\/poh\/wp-json\/wp\/v2\/pages"}],"about":[{"href":"https:\/\/paliskunnat.fi\/poh\/wp-json\/wp\/v2\/types\/page"}],"author":[{"embeddable":true,"href":"https:\/\/paliskunnat.fi\/poh\/wp-json\/wp\/v2\/users\/1"}],"replies":[{"embeddable":true,"href":"https:\/\/paliskunnat.fi\/poh\/wp-json\/wp\/v2\/comments?post=1356"}],"version-history":[{"count":6,"href":"https:\/\/paliskunnat.fi\/poh\/wp-json\/wp\/v2\/pages\/1356\/revisions"}],"predecessor-version":[{"id":7045,"href":"https:\/\/paliskunnat.fi\/poh\/wp-json\/wp\/v2\/pages\/1356\/revisions\/7045"}],"up":[{"embeddable":true,"href":"https:\/\/paliskunnat.fi\/poh\/wp-json\/wp\/v2\/pages\/420"}],"wp:attachment":[{"href":"https:\/\/paliskunnat.fi\/poh\/wp-json\/wp\/v2\/media?parent=1356"}],"curies":[{"name":"wp","href":"https:\/\/api.w.org\/{rel}","templated":true}]}}