{"id":1362,"date":"2014-11-22T23:02:01","date_gmt":"2014-11-22T21:02:01","guid":{"rendered":"http:\/\/80.69.171.23\/py\/?page_id=1362"},"modified":"2023-06-07T15:37:57","modified_gmt":"2023-06-07T12:37:57","slug":"kyro","status":"publish","type":"page","link":"https:\/\/paliskunnat.fi\/poh\/paalgaskaadd\/paalgaskooddi_tead\/kyro\/","title":{"rendered":"14 Kyr\u00f6"},"content":{"rendered":"<h2>Kyr\u00f6<\/h2>\n<p>Pu\u00e4\u0292\u0292ee\u02b9\u017e\u017eed: Autto Juuso<br \/>\nTe\u02b9lfon: 040 537 1289<br \/>\nNe\u02b9ttp\u00e5\u00e5\u02b9\u0161t: &#x6a;&#x75;&#x75;&#x73;&#x6f;&#x2e;&#x61;&#x75;&#x74;&#x74;&#x6f;&#x40;&#x79;&#x61;&#x68;&#x6f;&#x6f;&#x2e;&#x63;&#x6f;&#x6d;<\/p>\n<p><a href=\"https:\/\/paliskunnat.fi\/py\/wp-content\/uploads\/2014\/11\/14_kyro1.png\" rel=\"lightbox[1362]\"><img loading=\"lazy\" decoding=\"async\" class=\"alignnone wp-image-1365\" src=\"https:\/\/paliskunnat.fi\/py\/wp-content\/uploads\/2014\/11\/14_kyro1.png\" alt=\"14 Kyr\u00f6\" width=\"300\" height=\"387\" srcset=\"https:\/\/paliskunnat.fi\/poh\/wp-content\/uploads\/2014\/11\/14_kyro1.png 776w, https:\/\/paliskunnat.fi\/poh\/wp-content\/uploads\/2014\/11\/14_kyro1-233x300.png 233w, https:\/\/paliskunnat.fi\/poh\/wp-content\/uploads\/2014\/11\/14_kyro1-768x990.png 768w\" sizes=\"auto, (max-width: 300px) 100vw, 300px\" \/><\/a><\/p>\n<table width=\"450\">\n<tbody>\n<tr>\n<td>Dommk\u00e5\u02b9dd:<\/td>\n<td>Kihttel<\/td>\n<\/tr>\n<tr>\n<td>Vu\u02b9vdd\u0161orr\u00e2dvu\u00f5tt:<\/td>\n<td>1 721,6 km<sup>2<\/sup><\/td>\n<\/tr>\n<tr>\n<td>\u0160uurm\u00f5s l\u00e5\u00e5vla\u017e pu\u00e4\u0292\u0292l\u00e5\u00e5kk:<\/td>\n<td>3 500<\/td>\n<\/tr>\n<tr>\n<td>Pu\u00e4\u0292\u0292vu\u00e4\u02b9msteei:<\/td>\n<td>87<\/td>\n<\/tr>\n<\/tbody>\n<\/table>\n<p>Kyr\u00f6 paal\u01e5\u00e2sk\u00e5\u02b9dd kooll Pallastunturi mi\u00e2rkkpirr\u00f5\u02b9sse. Paal\u01e5\u00e2sk\u00e5\u02b9dd lij Kihttel k\u00e5\u00e5\u02b9ddest, vu\u00e4lee\u02b9l vi\u00f5st\u00e2rvue\u02b9zzin Muonio k\u00e5\u00e5\u02b9dd voudda \u0161e. Paal\u01e5\u00e2sk\u00e5\u02b9dd rajjan t\u00e2\u00e2vast N\u00e4kk\u00e4l\u00e4, nu\u00f5rttjest Kuivasalmi, saauj\u00e2st Alakyl\u00e4 da vi\u00f5sttrest Muonio paal\u01e5\u00e2skoo\u02b9ddid.<\/p>\n<p>Paal\u01e5\u00e2sk\u00e5\u00e5\u02b9dd t\u00e2\u02b9vv-vue\u02b9zzest lij Raakevuoma je\u00e4\u02b9\u01e7\u01e7su\u00f5jjlemvu\u02b9vdd da vi\u00f5st\u00e2rvue\u02b9zzest Pallastunturi, k\u00e5\u00e5\u02b9tt lij vue\u02b9ss ee\u02b9jj 2005 alttuum Pallas-Yll\u00e4stunturi 1020 \u01e9m\u00b2 \u0161oora meermie\u02b9ccest.<\/p>\n<p>Paal\u01e5\u00e2sk\u00e5\u00e5\u02b9dd vuu\u02b9dest 80,2 % lie riikkj\u00e2nnam da 19,8 % privattj\u00e2nnam.<\/p>\n<p>&nbsp;<\/p>\n","protected":false},"excerpt":{"rendered":"<p>Kyr\u00f6 Pu\u00e4\u0292\u0292ee\u02b9\u017e\u017eed: Autto Juuso Te\u02b9lfon: 040 537 1289 Ne\u02b9ttp\u00e5\u00e5\u02b9\u0161t: j&#117;&#117;&#x73;&#x6f;&#x2e;a&#117;&#116;&#x74;&#x6f;&#x40;ya&#104;&#x6f;&#x6f;&#x2e;co&#109; Dommk\u00e5\u02b9dd: Kihttel Vu\u02b9vdd\u0161orr\u00e2dvu\u00f5tt: 1 721,6 km2 \u0160uurm\u00f5s l\u00e5\u00e5vla\u017e pu\u00e4\u0292\u0292l\u00e5\u00e5kk: 3 500 Pu\u00e4\u0292\u0292vu\u00e4\u02b9msteei: 87 Kyr\u00f6 paal\u01e5\u00e2sk\u00e5\u02b9dd kooll Pallastunturi mi\u00e2rkkpirr\u00f5\u02b9sse. Paal\u01e5\u00e2sk\u00e5\u02b9dd lij Kihttel k\u00e5\u00e5\u02b9ddest, vu\u00e4lee\u02b9l vi\u00f5st\u00e2rvue\u02b9zzin Muonio k\u00e5\u00e5\u02b9dd voudda \u0161e. Paal\u01e5\u00e2sk\u00e5\u02b9dd rajjan t\u00e2\u00e2vast N\u00e4kk\u00e4l\u00e4, nu\u00f5rttjest Kuivasalmi, saauj\u00e2st Alakyl\u00e4 da vi\u00f5sttrest Muonio paal\u01e5\u00e2skoo\u02b9ddid. Paal\u01e5\u00e2sk\u00e5\u00e5\u02b9dd t\u00e2\u02b9vv-vue\u02b9zzest lij Raakevuoma je\u00e4\u02b9\u01e7\u01e7su\u00f5jjlemvu\u02b9vdd [&hellip;]<\/p>\n","protected":false},"author":1,"featured_media":0,"parent":420,"menu_order":14,"comment_status":"open","ping_status":"closed","template":"paliskuntasivut.php","meta":{"footnotes":""},"class_list":["post-1362","page","type-page","status-publish","hentry"],"aioseo_notices":[],"_links":{"self":[{"href":"https:\/\/paliskunnat.fi\/poh\/wp-json\/wp\/v2\/pages\/1362","targetHints":{"allow":["GET"]}}],"collection":[{"href":"https:\/\/paliskunnat.fi\/poh\/wp-json\/wp\/v2\/pages"}],"about":[{"href":"https:\/\/paliskunnat.fi\/poh\/wp-json\/wp\/v2\/types\/page"}],"author":[{"embeddable":true,"href":"https:\/\/paliskunnat.fi\/poh\/wp-json\/wp\/v2\/users\/1"}],"replies":[{"embeddable":true,"href":"https:\/\/paliskunnat.fi\/poh\/wp-json\/wp\/v2\/comments?post=1362"}],"version-history":[{"count":5,"href":"https:\/\/paliskunnat.fi\/poh\/wp-json\/wp\/v2\/pages\/1362\/revisions"}],"predecessor-version":[{"id":7046,"href":"https:\/\/paliskunnat.fi\/poh\/wp-json\/wp\/v2\/pages\/1362\/revisions\/7046"}],"up":[{"embeddable":true,"href":"https:\/\/paliskunnat.fi\/poh\/wp-json\/wp\/v2\/pages\/420"}],"wp:attachment":[{"href":"https:\/\/paliskunnat.fi\/poh\/wp-json\/wp\/v2\/media?parent=1362"}],"curies":[{"name":"wp","href":"https:\/\/api.w.org\/{rel}","templated":true}]}}