{"id":1369,"date":"2014-11-22T23:07:13","date_gmt":"2014-11-22T21:07:13","guid":{"rendered":"http:\/\/80.69.171.23\/py\/?page_id=1369"},"modified":"2023-06-07T15:33:46","modified_gmt":"2023-06-07T12:33:46","slug":"paanntuoddar","status":"publish","type":"page","link":"https:\/\/paliskunnat.fi\/poh\/paalgaskaadd\/paalgaskooddi_tead\/paanntuoddar\/","title":{"rendered":"8 P\u00e4\u00e4\u02b9nntu\u00f5dd\u00e2r"},"content":{"rendered":"<h2>P\u00e4\u00e4\u02b9nntu\u00f5dd\u00e2r<\/h2>\n<p>Dommk\u00e5\u02b9dd: Haataja Jarmo<br \/>\nTe\u02b9lfon: 0400 151 712<br \/>\nNe\u02b9ttp\u00e5\u00e5\u02b9\u0161t: &#104;&#x61;&#109;&#x6d;&#97;&#x73;t&#x75;n&#x74;u&#114;&#x69;&#110;&#x70;&#108;&#x6b;&#64;&#x67;m&#x61;i&#x6c;&#46;&#99;&#x6f;&#109;<\/p>\n<p><a href=\"https:\/\/paliskunnat.fi\/py\/wp-content\/uploads\/2014\/11\/8_hammastunturi1.png\" rel=\"lightbox[1369]\"><img loading=\"lazy\" decoding=\"async\" class=\"alignnone wp-image-1373\" src=\"https:\/\/paliskunnat.fi\/py\/wp-content\/uploads\/2014\/11\/8_hammastunturi1.png\" alt=\"8 Hammastunturi\" width=\"300\" height=\"387\" srcset=\"https:\/\/paliskunnat.fi\/poh\/wp-content\/uploads\/2014\/11\/8_hammastunturi1.png 776w, https:\/\/paliskunnat.fi\/poh\/wp-content\/uploads\/2014\/11\/8_hammastunturi1-233x300.png 233w, https:\/\/paliskunnat.fi\/poh\/wp-content\/uploads\/2014\/11\/8_hammastunturi1-768x990.png 768w\" sizes=\"auto, (max-width: 300px) 100vw, 300px\" \/><\/a><\/p>\n<table width=\"450\">\n<tbody>\n<tr>\n<td>Dommk\u00e5\u02b9dd:<\/td>\n<td>Aanar<\/td>\n<\/tr>\n<tr>\n<td>Vu\u02b9vdd\u0161orr\u00e2dvu\u00f5tt:<\/td>\n<td>2 487,2 km<sup>2<\/sup><\/td>\n<\/tr>\n<tr>\n<td>\u0160uurm\u00f5s l\u00e5\u00e5vla\u017e pu\u00e4\u0292\u0292l\u00e5\u00e5kk:<\/td>\n<td>5 500<\/td>\n<\/tr>\n<tr>\n<td>Pu\u00e4\u0292\u0292vu\u00e4\u02b9msteei:<\/td>\n<td>81<\/td>\n<\/tr>\n<\/tbody>\n<\/table>\n<p>P\u00e4\u00e4\u02b9nntu\u00f5dd\u00e2r paal\u01e5\u00e2sk\u00e5\u02b9dd kooll Aanar mi\u00e2rkkpirr\u00f5\u02b9sse. Paal\u01e5\u00e2sk\u00e5\u02b9dd lij Aanar k\u00e5\u00e5\u02b9dd saujjvue\u02b9zzest. Paal\u01e5\u00e2sk\u00e5\u02b9dd rajjan t\u00e2\u00e2vast Muddusj\u00e4\u00e4u\u02b9r, nu\u00f5rttjest \u00c2\u02b9vvel, saauj\u00e2st Lappi, vi\u00f5sttrest Salliv\u00e4\u00e4\u02b9r da reddvi\u00f5sttrest Muotkatu\u00f5dd\u00e2r paal\u01e5\u00e2skoo\u02b9ddid.<\/p>\n<p>Paal\u01e5\u00e2sk\u00e5\u00e5\u02b9dd vuu\u02b9dest 83,5 % lie riikkj\u00e2nnam da 16,5 % privattj\u00e2nnam.<\/p>\n<p>&nbsp;<\/p>\n","protected":false},"excerpt":{"rendered":"<p>P\u00e4\u00e4\u02b9nntu\u00f5dd\u00e2r Dommk\u00e5\u02b9dd: Haataja Jarmo Te\u02b9lfon: 0400 151 712 Ne\u02b9ttp\u00e5\u00e5\u02b9\u0161t: &#x68;&#x61;&#109;m&#x61;&#x73;&#x74;&#117;n&#x74;&#x75;&#x72;&#105;n&#x70;&#x6c;&#x6b;&#64;g&#x6d;&#x61;&#x69;&#108;&#46;&#x63;&#x6f;&#x6d; Dommk\u00e5\u02b9dd: Aanar Vu\u02b9vdd\u0161orr\u00e2dvu\u00f5tt: 2 487,2 km2 \u0160uurm\u00f5s l\u00e5\u00e5vla\u017e pu\u00e4\u0292\u0292l\u00e5\u00e5kk: 5 500 Pu\u00e4\u0292\u0292vu\u00e4\u02b9msteei: 81 P\u00e4\u00e4\u02b9nntu\u00f5dd\u00e2r paal\u01e5\u00e2sk\u00e5\u02b9dd kooll Aanar mi\u00e2rkkpirr\u00f5\u02b9sse. Paal\u01e5\u00e2sk\u00e5\u02b9dd lij Aanar k\u00e5\u00e5\u02b9dd saujjvue\u02b9zzest. Paal\u01e5\u00e2sk\u00e5\u02b9dd rajjan t\u00e2\u00e2vast Muddusj\u00e4\u00e4u\u02b9r, nu\u00f5rttjest \u00c2\u02b9vvel, saauj\u00e2st Lappi, vi\u00f5sttrest Salliv\u00e4\u00e4\u02b9r da reddvi\u00f5sttrest Muotkatu\u00f5dd\u00e2r paal\u01e5\u00e2skoo\u02b9ddid. Paal\u01e5\u00e2sk\u00e5\u00e5\u02b9dd vuu\u02b9dest 83,5 % lie riikkj\u00e2nnam da 16,5 [&hellip;]<\/p>\n","protected":false},"author":1,"featured_media":0,"parent":420,"menu_order":8,"comment_status":"open","ping_status":"closed","template":"paliskuntasivut.php","meta":{"footnotes":""},"class_list":["post-1369","page","type-page","status-publish","hentry"],"aioseo_notices":[],"_links":{"self":[{"href":"https:\/\/paliskunnat.fi\/poh\/wp-json\/wp\/v2\/pages\/1369","targetHints":{"allow":["GET"]}}],"collection":[{"href":"https:\/\/paliskunnat.fi\/poh\/wp-json\/wp\/v2\/pages"}],"about":[{"href":"https:\/\/paliskunnat.fi\/poh\/wp-json\/wp\/v2\/types\/page"}],"author":[{"embeddable":true,"href":"https:\/\/paliskunnat.fi\/poh\/wp-json\/wp\/v2\/users\/1"}],"replies":[{"embeddable":true,"href":"https:\/\/paliskunnat.fi\/poh\/wp-json\/wp\/v2\/comments?post=1369"}],"version-history":[{"count":6,"href":"https:\/\/paliskunnat.fi\/poh\/wp-json\/wp\/v2\/pages\/1369\/revisions"}],"predecessor-version":[{"id":7040,"href":"https:\/\/paliskunnat.fi\/poh\/wp-json\/wp\/v2\/pages\/1369\/revisions\/7040"}],"up":[{"embeddable":true,"href":"https:\/\/paliskunnat.fi\/poh\/wp-json\/wp\/v2\/pages\/420"}],"wp:attachment":[{"href":"https:\/\/paliskunnat.fi\/poh\/wp-json\/wp\/v2\/media?parent=1369"}],"curies":[{"name":"wp","href":"https:\/\/api.w.org\/{rel}","templated":true}]}}