{"id":1375,"date":"2014-11-22T23:14:54","date_gmt":"2014-11-22T21:14:54","guid":{"rendered":"http:\/\/80.69.171.23\/py\/?page_id=1375"},"modified":"2023-06-07T16:09:15","modified_gmt":"2023-06-07T13:09:15","slug":"avvel","status":"publish","type":"page","link":"https:\/\/paliskunnat.fi\/poh\/paalgaskaadd\/paalgaskooddi_tead\/avvel\/","title":{"rendered":"7 \u00c2\u02b9vvel"},"content":{"rendered":"<h2>\u00c2\u02b9vvel<\/h2>\n<p>Dommk\u00e5\u02b9dd: Kustula Niko<br \/>\nVu\u02b9vdd\u0161orr\u00e2dvu\u00f5tt: 040 844 6247<br \/>\nNe\u02b9ttp\u00e5\u00e5\u02b9\u0161t: iva&#108;&#111;&#110;&#112;&#x6c;&#x6b;&#x40;&#x67;&#x6d;&#x61;&#x69;l&#46;c&#111;&#109;<\/p>\n<p><a href=\"https:\/\/paliskunnat.fi\/py\/wp-content\/uploads\/2014\/11\/7_ivalo.png\" rel=\"lightbox[1375]\"><img loading=\"lazy\" decoding=\"async\" class=\"alignnone wp-image-1376\" src=\"https:\/\/paliskunnat.fi\/py\/wp-content\/uploads\/2014\/11\/7_ivalo.png\" alt=\"7 Ivalo\" width=\"300\" height=\"387\" srcset=\"https:\/\/paliskunnat.fi\/poh\/wp-content\/uploads\/2014\/11\/7_ivalo.png 776w, https:\/\/paliskunnat.fi\/poh\/wp-content\/uploads\/2014\/11\/7_ivalo-233x300.png 233w, https:\/\/paliskunnat.fi\/poh\/wp-content\/uploads\/2014\/11\/7_ivalo-768x990.png 768w\" sizes=\"auto, (max-width: 300px) 100vw, 300px\" \/><\/a><\/p>\n<table width=\"450\">\n<tbody>\n<tr>\n<td>Dommk\u00e5\u02b9dd:<\/td>\n<td>Aanar<\/td>\n<\/tr>\n<tr>\n<td>Vu\u02b9vdd\u0161orr\u00e2dvu\u00f5tt:<\/td>\n<td>2 825,6 km<sup>2<\/sup><\/td>\n<\/tr>\n<tr>\n<td>\u0160uurm\u00f5s l\u00e5\u00e5vla\u017e pu\u00e4\u0292\u0292l\u00e5\u00e5kk:<\/td>\n<td>6 000<\/td>\n<\/tr>\n<tr>\n<td>Pu\u00e4\u0292\u0292vu\u00e4\u02b9msteei:<\/td>\n<td>87<\/td>\n<\/tr>\n<\/tbody>\n<\/table>\n<p>\u00c2\u02b9vvel paal\u01e5\u00e2sk\u00e5\u02b9dd kooll Aanar mi\u00e2rkkpirr\u00f5\u02b9sse. Paal\u01e5\u00e2sk\u00e5\u02b9dd lij Aanar k\u00e5\u00e5\u02b9dd saujjvue\u02b9zzest. Nu\u00f5rttr\u00e4\u02b9jjli\u02b9\u017e\u017een lij Ru\u00f5\u0161\u0161j\u00e2nnam, saauj\u00e2st Lappi, vi\u00f5sttrest P\u00e4\u00e4\u02b9nntu\u00f5dd\u00e2r da t\u00e2\u00e2vast Pa\u010d\u010djoo\u01e5\u01e5 paal\u01e5\u00e2sk\u00e5\u02b9dd.<\/p>\n<p>Paal\u01e5\u00e2sk\u00e5\u00e5\u02b9dd vuu\u02b9dest 90,2 % lie riikkj\u00e2nnam da 9,8 % privattj\u00e2nnam. T\u00f5n \u00f5\u00f5l lie \u00f5httsa\u017emie\u02b9cc da privattoummi j\u00e2nnam. Paal\u01e5\u00e2sk\u00e5\u00e5\u02b9dd vuu\u02b9dest lij Su\u00e2l\u010di\u00f5\u02b9lj maatk\u010demk\u00f5\u00f5sk\u00f5s. L\u00e2\u00e2\u02b9ssen vuu\u02b9dest lij vue\u02b9ss UKK-mu\u00f5rrkarddsest.<\/p>\n<p>Pu\u00f5cci \u01e9i\u00f5tt\u02bct\u00f5\u00f5ll\u00e2mp\u00e4\u00e4i\u02b9\u01e9 lie Moitakuru, Juurakkomaa, Kettuj\u00e4rvi, Martinj\u00e4rvi, Mutalampi da Pet\u00e4j\u00e4j\u00e4rvi, Kostiatalasvaara. L\u00e2\u00e2\u02b9ssen vuei\u02b9tet vuokrjed Raajj-Joo\u02b9sep pikal\u00f5s\u00e4\u00e4id Lappi paal\u01e5\u00e2sk\u00e5\u00e5\u02b9ddest.<\/p>\n<p>Paal\u01e5\u00e2sk\u00e5\u00e5\u02b9dd vuu\u02b9dest lie \u00c2\u02b9vvel, T\u00f6rm\u00e4nen, Akuj\u00e4\u00e4u\u02b9r, Kev\u00e4j\u00e4\u00e4u\u02b9r, Veskoniemi, Nje\u00e4\u02b9llem da Su\u00e2l\u010di\u00f5\u02b9lj siid. Pu\u00e4\u0292\u0292oummu j\u00e4lste s\u00f5rgg ju\u00f5\u02b9\u01e9\u01e9 siid\u00e2st.<\/p>\n<p><!--more--><\/p>\n<h2>Lu\u00e2ttpe\u00e2mm\u02bcm\u00f5\u0161 \u00c2\u02b9vvel paal\u01e5\u00e2sk\u00e5\u00e5\u02b9ddest<\/h2>\n<p>\u00c2\u02b9vvel paal\u01e5\u00e2sk\u00e5\u00e5\u02b9dd saujj- da k\u00f5skkvue\u02b9zz pu\u00f5cci lu\u00e2ttpe\u00e2mm\u02bcm\u00f5\u0161 (<a href=\"https:\/\/www.youtube.com\/watch?v=NpKRrJz-kvM\"><strong>Youtube<\/strong><\/a>).\u00a0Ru\u00e4\u02b9vnjaar\u01e5 \u00e4mmat\u00f5ll\u0161kooul pLAB \u2013 \u00f5lmst\u00f5ttum 3\/2013.<\/p>\n<p>&nbsp;<\/p>\n","protected":false},"excerpt":{"rendered":"<p>\u00c2\u02b9vvel Dommk\u00e5\u02b9dd: Kustula Niko Vu\u02b9vdd\u0161orr\u00e2dvu\u00f5tt: 040 844 6247 Ne\u02b9ttp\u00e5\u00e5\u02b9\u0161t: &#105;&#x76;&#97;&#x6c;o&#110;&#x70;&#108;&#x6b;&#64;&#x67;m&#97;&#x69;&#108;&#x2e;c&#x6f;&#x6d; Dommk\u00e5\u02b9dd: Aanar Vu\u02b9vdd\u0161orr\u00e2dvu\u00f5tt: 2 825,6 km2 \u0160uurm\u00f5s l\u00e5\u00e5vla\u017e pu\u00e4\u0292\u0292l\u00e5\u00e5kk: 6 000 Pu\u00e4\u0292\u0292vu\u00e4\u02b9msteei: 87 \u00c2\u02b9vvel paal\u01e5\u00e2sk\u00e5\u02b9dd kooll Aanar mi\u00e2rkkpirr\u00f5\u02b9sse. Paal\u01e5\u00e2sk\u00e5\u02b9dd lij Aanar k\u00e5\u00e5\u02b9dd saujjvue\u02b9zzest. Nu\u00f5rttr\u00e4\u02b9jjli\u02b9\u017e\u017een lij Ru\u00f5\u0161\u0161j\u00e2nnam, saauj\u00e2st Lappi, vi\u00f5sttrest P\u00e4\u00e4\u02b9nntu\u00f5dd\u00e2r da t\u00e2\u00e2vast Pa\u010d\u010djoo\u01e5\u01e5 paal\u01e5\u00e2sk\u00e5\u02b9dd. Paal\u01e5\u00e2sk\u00e5\u00e5\u02b9dd vuu\u02b9dest 90,2 % lie riikkj\u00e2nnam da 9,8 % privattj\u00e2nnam. T\u00f5n [&hellip;]<\/p>\n","protected":false},"author":1,"featured_media":0,"parent":420,"menu_order":7,"comment_status":"open","ping_status":"closed","template":"paliskuntasivut.php","meta":{"footnotes":""},"class_list":["post-1375","page","type-page","status-publish","hentry"],"aioseo_notices":[],"_links":{"self":[{"href":"https:\/\/paliskunnat.fi\/poh\/wp-json\/wp\/v2\/pages\/1375","targetHints":{"allow":["GET"]}}],"collection":[{"href":"https:\/\/paliskunnat.fi\/poh\/wp-json\/wp\/v2\/pages"}],"about":[{"href":"https:\/\/paliskunnat.fi\/poh\/wp-json\/wp\/v2\/types\/page"}],"author":[{"embeddable":true,"href":"https:\/\/paliskunnat.fi\/poh\/wp-json\/wp\/v2\/users\/1"}],"replies":[{"embeddable":true,"href":"https:\/\/paliskunnat.fi\/poh\/wp-json\/wp\/v2\/comments?post=1375"}],"version-history":[{"count":6,"href":"https:\/\/paliskunnat.fi\/poh\/wp-json\/wp\/v2\/pages\/1375\/revisions"}],"predecessor-version":[{"id":7089,"href":"https:\/\/paliskunnat.fi\/poh\/wp-json\/wp\/v2\/pages\/1375\/revisions\/7089"}],"up":[{"embeddable":true,"href":"https:\/\/paliskunnat.fi\/poh\/wp-json\/wp\/v2\/pages\/420"}],"wp:attachment":[{"href":"https:\/\/paliskunnat.fi\/poh\/wp-json\/wp\/v2\/media?parent=1375"}],"curies":[{"name":"wp","href":"https:\/\/api.w.org\/{rel}","templated":true}]}}