{"id":1378,"date":"2014-11-22T23:21:48","date_gmt":"2014-11-22T21:21:48","guid":{"rendered":"http:\/\/80.69.171.23\/py\/?page_id=1378"},"modified":"2026-02-25T10:17:47","modified_gmt":"2026-02-25T08:17:47","slug":"kuivasalmi","status":"publish","type":"page","link":"https:\/\/paliskunnat.fi\/poh\/paalgaskaadd\/paalgaskooddi_tead\/kuivasalmi\/","title":{"rendered":"15 Kuivasalmi"},"content":{"rendered":"<h2>Kuivasalmi<\/h2>\n<p>Pu\u00e4\u0292\u0292ee\u02b9\u017e\u017eed: Koskela Antti I.<br \/>\nTe\u02b9lfon: 040 846 8321<br \/>\nNe\u02b9ttp\u00e5\u00e5\u02b9\u0161t: ako&#115;&#107;&#101;&#x6c;&#x61;&#x38;&#x36;&#x40;&#x67;mai&#108;&#46;&#99;&#111;&#x6d;<\/p>\n<p><a href=\"https:\/\/paliskunnat.fi\/py\/wp-content\/uploads\/2014\/11\/15_kuivasalmi.png\" rel=\"lightbox[1378]\"><img loading=\"lazy\" decoding=\"async\" class=\"alignnone wp-image-1380\" src=\"https:\/\/paliskunnat.fi\/py\/wp-content\/uploads\/2014\/11\/15_kuivasalmi.png\" alt=\"15 Kuivasalmi\" width=\"300\" height=\"387\" srcset=\"https:\/\/paliskunnat.fi\/poh\/wp-content\/uploads\/2014\/11\/15_kuivasalmi.png 776w, https:\/\/paliskunnat.fi\/poh\/wp-content\/uploads\/2014\/11\/15_kuivasalmi-233x300.png 233w, https:\/\/paliskunnat.fi\/poh\/wp-content\/uploads\/2014\/11\/15_kuivasalmi-768x990.png 768w\" sizes=\"auto, (max-width: 300px) 100vw, 300px\" \/><\/a><\/p>\n<table width=\"450\">\n<tbody>\n<tr>\n<td>Dommk\u00e5\u02b9dd:<\/td>\n<td>Kittil\u00e4<\/td>\n<\/tr>\n<tr>\n<td>Vu\u02b9vdd\u0161orr\u00e2dvu\u00f5tt:<\/td>\n<td>3 518,9 km<sup>2<\/sup><\/td>\n<\/tr>\n<tr>\n<td>\u0160uurm\u00f5s l\u00e5\u00e5vla\u017e pu\u00e4\u0292\u0292l\u00e5\u00e5kk:<\/td>\n<td>6 000<\/td>\n<\/tr>\n<tr>\n<td>Pu\u00e4\u0292\u0292vu\u00e4\u02b9msteei:<\/td>\n<td>153<\/td>\n<\/tr>\n<\/tbody>\n<\/table>\n<p>Kuivasalmi paal\u01e5\u00e2sk\u00e5\u02b9dd kooll Kihttel mi\u00e2rkkpirr\u00f5\u02b9sse. Paal\u01e5\u00e2sk\u00e5\u02b9dd lij Kihttel k\u00e5\u00e5\u02b9dd \u00e4\u00e4ppalvue\u02b9zzest. Paal\u01e5\u00e2sk\u00e5\u00e5\u02b9dd raaj lie t\u00e2\u00e2vast N\u00e4kk\u00e4l\u00e4 da Salliv\u00e4\u00e4\u02b9r paal\u01e5\u00e2skoo\u02b9ddivui\u02b9m, nu\u00f5rttjest Sattasniemi da Lappi paal\u01e5\u00e2skoo\u02b9ddivui\u02b9m, saauj\u00e2st Alakyl\u00e4 da vi\u00f5sttrest Kyr\u00f6 paal\u01e5\u00e2skoo\u02b9ddivui\u02b9m.<\/p>\n<p>Paal\u01e5\u00e2sk\u00e5\u00e5\u02b9dd vuu\u02b9dest 78,8 % lie riikkj\u00e2nnam da 21,2 % privattj\u00e2nnam. Paal\u01e5\u00e2sk\u00e5\u00e5\u02b9dd t\u00e2\u02b9vv-vue\u02b9ss vu\u00e4ll Lemmenjoo\u01e5\u01e5 meermie\u02b9cc voudda. Paal\u01e5\u00e2sk\u00e5\u00e5\u02b9dd reddvi\u00f5st\u00e2rvuu\u02b9dest lij Pulju poostaij\u00e2nnamvu\u02b9vdd da \u00e4\u00e4ppal\u010di\u00f5\u01e5\u01e5\u00e2st occka\u017e vu\u02b9vdd P\u00e4\u00e4\u02b9nntu\u00f5dd\u00e2r poostaij\u00e2nnamvuu\u02b9dest.<\/p>\n<p>Paal\u01e5\u00e2sk\u00e5\u00e5\u02b9dd k\u00f5\u00f5sk\u00e2st lij Kihttel Suurikuusikko k\u00e5\u02b9llku\u00e5iv\u00e2s, k\u00e5\u00e5\u02b9tt lij tu\u00e5immjam ee\u02b9jjest 2009. K\u00e5\u02b9llku\u00e5ivvsest lij j\u00e5\u00e5\u02b9ttmen veeideemha\u02b9\u014b\u01e9\u01e9\u00f5s Kuotko malmm\u00f5\u00f5\u01e5\u01e5 \u00e5rra. Tu\u00e5immjumm\u0161i veeidummu\u0161 ooudald o\u0111\u0111 reggstemvu\u00f5dd\u00e2svuu\u02b9d alttummu\u017e di ku\u00e5iv\u00e2skruugg veeidummu\u017e. Nu\u02b9bb mi\u00e2rkteei da \u0161orrneei tu\u00e5immvu\u02b9vdd paal\u01e5\u00e2sk\u00e5\u00e5\u02b9dd vuu\u02b9dest lij maatk\u010dummu\u0161. Levi maatk\u010demk\u00f5\u00f5sk\u00f5s lij paal\u01e5\u00e2sk\u00e5\u00e5\u02b9dd vuu\u02b9dest. L\u00e2\u00e2\u02b9ssen Kuivasalmi da Sattasniemi ra\u02b9jje, Kuolavaara-Keulakkop\u00e4\u00e4-voudda raaj\u00e2t pi\u00f5ggvi\u00f5kkpuu\u02b9t\u02bctemvuu\u02b9d. Kursuj\u00e4rvenmaa da Sammalselk\u00e4 lie paal\u01e5\u00e2sk\u00e5\u00e5\u02b9dd v\u00e4\u02b9lddpikal\u00f5sp\u00e4\u00e4i\u02b9\u01e9.<\/p>\n<p>Paal\u01e5\u00e2sk\u00e5\u00e5\u02b9ddest lij h\u00e4\u00e4\u02b9rves aazzt\u00f5s. V\u00e4\u00e4\u017en\u02bcjummuz siid lie Pulju, Lompolo, K\u00f6ng\u00e4s-Rauduskyl\u00e4, Hanhimaa, Pokka, Kuivasalmi, Kiistala, Jeesi\u00f6j\u00e4rvi da Tepsa. Kihttel k\u00e5\u00e5\u02b9dd \u010d\u00f5kkp\u00e4i\u02b9\u01e9\u01e9 p\u00e4\u00e4cc paal\u01e5\u00e2sk\u00e5\u00e5\u02b9dd \u00e5\u00e5l\u01e5be\u00e4lla.<\/p>\n","protected":false},"excerpt":{"rendered":"<p>Kuivasalmi Pu\u00e4\u0292\u0292ee\u02b9\u017e\u017eed: Koskela Antti I. Te\u02b9lfon: 040 846 8321 Ne\u02b9ttp\u00e5\u00e5\u02b9\u0161t: akoske&#108;&#97;&#56;&#54;&#64;&#103;&#109;&#x61;&#x69;&#x6c;&#x2e;&#x63;&#x6f;&#x6d; Dommk\u00e5\u02b9dd: Kittil\u00e4 Vu\u02b9vdd\u0161orr\u00e2dvu\u00f5tt: 3 518,9 km2 \u0160uurm\u00f5s l\u00e5\u00e5vla\u017e pu\u00e4\u0292\u0292l\u00e5\u00e5kk: 6 000 Pu\u00e4\u0292\u0292vu\u00e4\u02b9msteei: 153 Kuivasalmi paal\u01e5\u00e2sk\u00e5\u02b9dd kooll Kihttel mi\u00e2rkkpirr\u00f5\u02b9sse. Paal\u01e5\u00e2sk\u00e5\u02b9dd lij Kihttel k\u00e5\u00e5\u02b9dd \u00e4\u00e4ppalvue\u02b9zzest. Paal\u01e5\u00e2sk\u00e5\u00e5\u02b9dd raaj lie t\u00e2\u00e2vast N\u00e4kk\u00e4l\u00e4 da Salliv\u00e4\u00e4\u02b9r paal\u01e5\u00e2skoo\u02b9ddivui\u02b9m, nu\u00f5rttjest Sattasniemi da Lappi paal\u01e5\u00e2skoo\u02b9ddivui\u02b9m, saauj\u00e2st Alakyl\u00e4 da vi\u00f5sttrest Kyr\u00f6 paal\u01e5\u00e2skoo\u02b9ddivui\u02b9m. Paal\u01e5\u00e2sk\u00e5\u00e5\u02b9dd vuu\u02b9dest [&hellip;]<\/p>\n","protected":false},"author":1,"featured_media":0,"parent":420,"menu_order":15,"comment_status":"open","ping_status":"closed","template":"paliskuntasivut.php","meta":{"footnotes":""},"class_list":["post-1378","page","type-page","status-publish","hentry"],"aioseo_notices":[],"_links":{"self":[{"href":"https:\/\/paliskunnat.fi\/poh\/wp-json\/wp\/v2\/pages\/1378","targetHints":{"allow":["GET"]}}],"collection":[{"href":"https:\/\/paliskunnat.fi\/poh\/wp-json\/wp\/v2\/pages"}],"about":[{"href":"https:\/\/paliskunnat.fi\/poh\/wp-json\/wp\/v2\/types\/page"}],"author":[{"embeddable":true,"href":"https:\/\/paliskunnat.fi\/poh\/wp-json\/wp\/v2\/users\/1"}],"replies":[{"embeddable":true,"href":"https:\/\/paliskunnat.fi\/poh\/wp-json\/wp\/v2\/comments?post=1378"}],"version-history":[{"count":6,"href":"https:\/\/paliskunnat.fi\/poh\/wp-json\/wp\/v2\/pages\/1378\/revisions"}],"predecessor-version":[{"id":7224,"href":"https:\/\/paliskunnat.fi\/poh\/wp-json\/wp\/v2\/pages\/1378\/revisions\/7224"}],"up":[{"embeddable":true,"href":"https:\/\/paliskunnat.fi\/poh\/wp-json\/wp\/v2\/pages\/420"}],"wp:attachment":[{"href":"https:\/\/paliskunnat.fi\/poh\/wp-json\/wp\/v2\/media?parent=1378"}],"curies":[{"name":"wp","href":"https:\/\/api.w.org\/{rel}","templated":true}]}}