{"id":1383,"date":"2014-11-22T23:28:51","date_gmt":"2014-11-22T21:28:51","guid":{"rendered":"http:\/\/80.69.171.23\/py\/?page_id=1383"},"modified":"2023-06-07T15:40:03","modified_gmt":"2023-06-07T12:40:03","slug":"sattasniemi","status":"publish","type":"page","link":"https:\/\/paliskunnat.fi\/poh\/paalgaskaadd\/paalgaskooddi_tead\/sattasniemi\/","title":{"rendered":"17 Sattasniemi"},"content":{"rendered":"<h2>Sattasniemi<\/h2>\n<p>Pu\u00e4\u0292\u0292ee\u02b9\u017e\u017eed: Riipi Matti<br \/>\nTe\u02b9lfon: 040 706 6832<br \/>\nNe\u02b9ttp\u00e5\u00e5\u02b9\u0161t: &#x73;a&#x74;&#116;a&#x73;&#110;&#x69;&#101;m&#x69;&#109;&#x61;&#116;t&#x69;&#64;&#x67;&#x6d;a&#x69;&#108;&#46;&#x63;&#111;&#x6d;<\/p>\n<p><a href=\"https:\/\/paliskunnat.fi\/py\/wp-content\/uploads\/2014\/11\/17_sattasniemi.png\" rel=\"lightbox[1383]\"><img loading=\"lazy\" decoding=\"async\" class=\"alignnone wp-image-1385\" src=\"https:\/\/paliskunnat.fi\/py\/wp-content\/uploads\/2014\/11\/17_sattasniemi.png\" alt=\"17 Sattasniemi\" width=\"300\" height=\"387\" srcset=\"https:\/\/paliskunnat.fi\/poh\/wp-content\/uploads\/2014\/11\/17_sattasniemi.png 776w, https:\/\/paliskunnat.fi\/poh\/wp-content\/uploads\/2014\/11\/17_sattasniemi-233x300.png 233w, https:\/\/paliskunnat.fi\/poh\/wp-content\/uploads\/2014\/11\/17_sattasniemi-768x990.png 768w\" sizes=\"auto, (max-width: 300px) 100vw, 300px\" \/><\/a><\/p>\n<table width=\"450\">\n<tbody>\n<tr>\n<td>Dommk\u00e5\u02b9dd:<\/td>\n<td>Su\u00e4\u02b9\u0111jel<\/td>\n<\/tr>\n<tr>\n<td>Vu\u02b9vdd\u0161orr\u00e2dvu\u00f5tt:<\/td>\n<td>2 431,9 km<sup>2<\/sup><\/td>\n<\/tr>\n<tr>\n<td>\u0160uurm\u00f5s l\u00e5\u00e5vla\u017e pu\u00e4\u0292\u0292l\u00e5\u00e5kk:<\/td>\n<td>5 300<\/td>\n<\/tr>\n<tr>\n<td>Pu\u00e4\u0292\u0292vu\u00e4\u02b9msteei:<\/td>\n<td>163<\/td>\n<\/tr>\n<\/tbody>\n<\/table>\n<p>Sattasniemi paal\u01e5\u00e2sk\u00e5\u02b9dd kooll Su\u00e4\u02b9\u0111jel mi\u00e2rkkpirr\u00f5\u02b9sse. Paal\u01e5\u00e2sk\u00e5\u02b9dd lij Su\u00e4\u02b9\u0111jel k\u00e5\u00e5\u02b9ddest. Paal\u01e5\u00e2sk\u00e5\u00e5\u02b9dd raaj lie t\u00e2\u00e2vast Lappi, nu\u00f5rttjest Oraniemi, saauj\u00e2st Syv\u00e4j\u00e4rvi da vi\u00f5sttrest Kuivasalmi paal\u01e5\u00e2skoo\u02b9ddivui\u02b9m.<\/p>\n<p>Paal\u01e5\u00e2sk\u00e5\u00e5\u02b9dd vuu\u02b9dest 85,9 % lie riikkj\u00e2nnam da 14,1 % privattj\u00e2nnam. Paal\u01e5\u00e2sk\u00e5\u00e5\u02b9dd vuu\u02b9dest lie Pomokaira su\u00f5jjlemvu\u02b9vdd da Kaarestunturi su\u00f5jjlemvu\u02b9vdd, k\u00e5\u00e5\u02b9tt lij 31,5 % paal\u01e5\u00e2sk\u00e5\u00e5\u02b9dd vu\u02b9vdd\u0161orr\u00e2dvu\u00f5\u0111\u00e2st. Paal\u01e5\u00e2sk\u00e5\u00e5\u02b9dd vuu\u02b9dest lie vitt \u010d\u00e4\u00e4\u02b9ccvi\u00f5\u01e5\u01e5 puu\u02b9t\u02bctumm\u0161a jurddum tu\u02b9lvv\u00e4\u00e4u\u02b9d. T\u00f5n \u00f5\u00f5l paal\u01e5\u00e2sk\u00e5\u00e5\u02b9ddest lij mie\u02b9rr\u00e4\u00e4i\u01e5as tu\u00e5immjumm\u0161es j\u00f5skk\u00e2m Pahtavaara k\u00e5\u02b9llku\u00e5iv\u00e2s. Su\u00e4\u02b9\u0111jel prizoovk\u00e5\u02b9dd lij paal\u01e5\u00e2sk\u00e5\u00e5\u02b9dd vuu\u02b9dest.<\/p>\n<p>Paal\u01e5\u00e2sk\u00e5\u00e5\u02b9dd v\u00e4\u02b9lddpikal\u00f5s\u00e4\u00e4id lie Kautoselk\u00e4 da Sattasvaara. Jee\u02b9res \u00e4iddp\u00e4\u00e4i\u02b9\u01e9 lie Kurkiper\u00e4vaara, Kaarresselk\u00e4, Hirvilauttanen, Vanttio, Poksaselk\u00e4, Kuorajoki, Vuomarova, Salmuri da Kunnanen.<\/p>\n<p>Paal\u01e5\u00e2sk\u00e5\u00e5\u02b9dd aazzt\u00f5s lij n\u00e2\u00e2nas Su\u00e4\u02b9\u0111jel \u010d\u00f5kkp\u00e4\u00e4i\u02b9\u01e9est. Rajala sijdd lij k\u00e2skka paal\u01e5\u00e2sk\u00e5\u00e5\u02b9dd da jee\u02b9res siid (Kersil\u00f6, Sattanen, Jeesi\u00f6 da Sodankyl\u00e4) lie paal\u01e5\u00e2sk\u00e5\u00e5\u02b9dd ru\u00f5bd\u00e2st.<\/p>\n<p>&nbsp;<\/p>\n<p>&nbsp;<\/p>\n","protected":false},"excerpt":{"rendered":"<p>Sattasniemi Pu\u00e4\u0292\u0292ee\u02b9\u017e\u017eed: Riipi Matti Te\u02b9lfon: 040 706 6832 Ne\u02b9ttp\u00e5\u00e5\u02b9\u0161t: &#x73;&#x61;&#x74;&#x74;&#x61;&#x73;&#x6e;&#x69;&#101;&#109;&#105;&#109;&#97;&#116;&#116;i&#64;gm&#x61;&#x69;&#x6c;&#x2e;&#x63;&#x6f;&#x6d; Dommk\u00e5\u02b9dd: Su\u00e4\u02b9\u0111jel Vu\u02b9vdd\u0161orr\u00e2dvu\u00f5tt: 2 431,9 km2 \u0160uurm\u00f5s l\u00e5\u00e5vla\u017e pu\u00e4\u0292\u0292l\u00e5\u00e5kk: 5 300 Pu\u00e4\u0292\u0292vu\u00e4\u02b9msteei: 163 Sattasniemi paal\u01e5\u00e2sk\u00e5\u02b9dd kooll Su\u00e4\u02b9\u0111jel mi\u00e2rkkpirr\u00f5\u02b9sse. Paal\u01e5\u00e2sk\u00e5\u02b9dd lij Su\u00e4\u02b9\u0111jel k\u00e5\u00e5\u02b9ddest. Paal\u01e5\u00e2sk\u00e5\u00e5\u02b9dd raaj lie t\u00e2\u00e2vast Lappi, nu\u00f5rttjest Oraniemi, saauj\u00e2st Syv\u00e4j\u00e4rvi da vi\u00f5sttrest Kuivasalmi paal\u01e5\u00e2skoo\u02b9ddivui\u02b9m. Paal\u01e5\u00e2sk\u00e5\u00e5\u02b9dd vuu\u02b9dest 85,9 % lie riikkj\u00e2nnam da 14,1 % privattj\u00e2nnam. [&hellip;]<\/p>\n","protected":false},"author":1,"featured_media":0,"parent":420,"menu_order":17,"comment_status":"open","ping_status":"closed","template":"paliskuntasivut.php","meta":{"footnotes":""},"class_list":["post-1383","page","type-page","status-publish","hentry"],"aioseo_notices":[],"_links":{"self":[{"href":"https:\/\/paliskunnat.fi\/poh\/wp-json\/wp\/v2\/pages\/1383","targetHints":{"allow":["GET"]}}],"collection":[{"href":"https:\/\/paliskunnat.fi\/poh\/wp-json\/wp\/v2\/pages"}],"about":[{"href":"https:\/\/paliskunnat.fi\/poh\/wp-json\/wp\/v2\/types\/page"}],"author":[{"embeddable":true,"href":"https:\/\/paliskunnat.fi\/poh\/wp-json\/wp\/v2\/users\/1"}],"replies":[{"embeddable":true,"href":"https:\/\/paliskunnat.fi\/poh\/wp-json\/wp\/v2\/comments?post=1383"}],"version-history":[{"count":6,"href":"https:\/\/paliskunnat.fi\/poh\/wp-json\/wp\/v2\/pages\/1383\/revisions"}],"predecessor-version":[{"id":7049,"href":"https:\/\/paliskunnat.fi\/poh\/wp-json\/wp\/v2\/pages\/1383\/revisions\/7049"}],"up":[{"embeddable":true,"href":"https:\/\/paliskunnat.fi\/poh\/wp-json\/wp\/v2\/pages\/420"}],"wp:attachment":[{"href":"https:\/\/paliskunnat.fi\/poh\/wp-json\/wp\/v2\/media?parent=1383"}],"curies":[{"name":"wp","href":"https:\/\/api.w.org\/{rel}","templated":true}]}}