{"id":1389,"date":"2014-11-22T23:38:36","date_gmt":"2014-11-22T21:38:36","guid":{"rendered":"http:\/\/80.69.171.23\/py\/?page_id=1389"},"modified":"2024-08-08T16:02:08","modified_gmt":"2024-08-08T13:02:08","slug":"lappi","status":"publish","type":"page","link":"https:\/\/paliskunnat.fi\/poh\/paalgaskaadd\/paalgaskooddi_tead\/lappi\/","title":{"rendered":"21 Lappi"},"content":{"rendered":"<h2>Lappi<\/h2>\n<p>Pu\u00e4\u0292\u0292ee\u02b9\u017e\u017eed: Hirvasvuopio Nilla<br \/>\nTe\u02b9lfon: 040 017 3385<br \/>\nNe\u02b9ttp\u00e5\u00e5\u02b9\u0161t: <span class=\"laatikko1\">&#x6c;&#x61;&#x70;&#x69;&#110;&#112;&#97;&#108;kin&#x65;&#x6e;&#x40;&#x67;&#x6d;&#97;&#105;&#108;&#46;co&#x6d;<\/span><\/p>\n<p><a href=\"https:\/\/paliskunnat.fi\/py\/wp-content\/uploads\/2014\/11\/21_lappi.png\" rel=\"lightbox[1389]\"><img loading=\"lazy\" decoding=\"async\" class=\"alignnone wp-image-1392\" src=\"https:\/\/paliskunnat.fi\/py\/wp-content\/uploads\/2014\/11\/21_lappi.png\" alt=\"21 Lappi\" width=\"300\" height=\"387\" srcset=\"https:\/\/paliskunnat.fi\/poh\/wp-content\/uploads\/2014\/11\/21_lappi.png 776w, https:\/\/paliskunnat.fi\/poh\/wp-content\/uploads\/2014\/11\/21_lappi-233x300.png 233w, https:\/\/paliskunnat.fi\/poh\/wp-content\/uploads\/2014\/11\/21_lappi-768x990.png 768w\" sizes=\"auto, (max-width: 300px) 100vw, 300px\" \/><\/a><\/p>\n<table width=\"450\">\n<tbody>\n<tr>\n<td>Dommk\u00e5\u02b9dd:<\/td>\n<td>Su\u00e4\u02b9\u0111jel<\/td>\n<\/tr>\n<tr>\n<td>Vu\u02b9vdd\u0161orr\u00e2dvu\u00f5tt:<\/td>\n<td>4 559,1 km<sup>2<\/sup><\/td>\n<\/tr>\n<tr>\n<td>\u0160uurm\u00f5s l\u00e5\u00e5vla\u017e pu\u00e4\u0292\u0292l\u00e5\u00e5kk:<\/td>\n<td>8 000<\/td>\n<\/tr>\n<tr>\n<td>Pu\u00e4\u0292\u0292vu\u00e4\u02b9msteei:<\/td>\n<td>146<\/td>\n<\/tr>\n<\/tbody>\n<\/table>\n<p>Lappi paal\u01e5\u00e2sk\u00e5\u02b9dd kooll Su\u00e4\u02b9\u0111jel mi\u00e2rkkpirr\u00f5\u02b9sse. Paal\u01e5\u00e2sk\u00e5\u02b9dd lij Su\u00e4\u02b9\u0111jel k\u00e5\u00e5\u02b9dd t\u00e2\u02b9vv-vue\u02b9zzest da u\u02b9cc vue\u02b9zz lie Aanar da Su\u00f5vvku\u00f5\u0161k koo\u02b9ddi be\u00e4\u02b9lnn.<\/p>\n<p>Paal\u01e5\u00e2sk\u00e5\u00e5\u02b9dd raaj lie t\u00e2\u00e2vast Salliv\u00e4\u00e4\u02b9r, P\u00e4\u00e4\u02b9nntu\u00f5dd\u00e2r da \u00c2\u02b9vvel paal\u01e5\u00e2skoo\u02b9ddivui\u02b9m, nu\u00f5rttjest Ru\u00f5\u0161\u0161j\u00e2nnam raaj\u00e2st, oo\u02b9bbdnee\u02b9\u01e9\u01e9est \u01e8ee\u02b9mm-Sompio, saauj\u00e2st Oraniemi da Sattasniemi da nu\u00f5rttjest Kuivasalmi paal\u01e5\u00e2skoo\u02b9ddivui\u02b9m.<\/p>\n<p>Paal\u01e5\u00e2sk\u00e5\u00e5\u02b9dd vuu\u02b9dest 94,2 % lie riikkj\u00e2nnam da 5,8 % privattj\u00e2nnam.<\/p>\n<p>&nbsp;<\/p>\n","protected":false},"excerpt":{"rendered":"<p>Lappi Pu\u00e4\u0292\u0292ee\u02b9\u017e\u017eed: Hirvasvuopio Nilla Te\u02b9lfon: 040 017 3385 Ne\u02b9ttp\u00e5\u00e5\u02b9\u0161t: &#108;&#x61;p&#x69;n&#112;&#x61;&#108;&#x6b;i&#110;&#x65;&#110;&#x40;g&#x6d;&#x61;&#105;&#x6c;&#46;&#x63;o&#109; Dommk\u00e5\u02b9dd: Su\u00e4\u02b9\u0111jel Vu\u02b9vdd\u0161orr\u00e2dvu\u00f5tt: 4 559,1 km2 \u0160uurm\u00f5s l\u00e5\u00e5vla\u017e pu\u00e4\u0292\u0292l\u00e5\u00e5kk: 8 000 Pu\u00e4\u0292\u0292vu\u00e4\u02b9msteei: 146 Lappi paal\u01e5\u00e2sk\u00e5\u02b9dd kooll Su\u00e4\u02b9\u0111jel mi\u00e2rkkpirr\u00f5\u02b9sse. Paal\u01e5\u00e2sk\u00e5\u02b9dd lij Su\u00e4\u02b9\u0111jel k\u00e5\u00e5\u02b9dd t\u00e2\u02b9vv-vue\u02b9zzest da u\u02b9cc vue\u02b9zz lie Aanar da Su\u00f5vvku\u00f5\u0161k koo\u02b9ddi be\u00e4\u02b9lnn. Paal\u01e5\u00e2sk\u00e5\u00e5\u02b9dd raaj lie t\u00e2\u00e2vast Salliv\u00e4\u00e4\u02b9r, P\u00e4\u00e4\u02b9nntu\u00f5dd\u00e2r da \u00c2\u02b9vvel paal\u01e5\u00e2skoo\u02b9ddivui\u02b9m, nu\u00f5rttjest Ru\u00f5\u0161\u0161j\u00e2nnam raaj\u00e2st, oo\u02b9bbdnee\u02b9\u01e9\u01e9est [&hellip;]<\/p>\n","protected":false},"author":1,"featured_media":0,"parent":420,"menu_order":21,"comment_status":"open","ping_status":"closed","template":"paliskuntasivut.php","meta":{"footnotes":""},"class_list":["post-1389","page","type-page","status-publish","hentry"],"aioseo_notices":[],"_links":{"self":[{"href":"https:\/\/paliskunnat.fi\/poh\/wp-json\/wp\/v2\/pages\/1389","targetHints":{"allow":["GET"]}}],"collection":[{"href":"https:\/\/paliskunnat.fi\/poh\/wp-json\/wp\/v2\/pages"}],"about":[{"href":"https:\/\/paliskunnat.fi\/poh\/wp-json\/wp\/v2\/types\/page"}],"author":[{"embeddable":true,"href":"https:\/\/paliskunnat.fi\/poh\/wp-json\/wp\/v2\/users\/1"}],"replies":[{"embeddable":true,"href":"https:\/\/paliskunnat.fi\/poh\/wp-json\/wp\/v2\/comments?post=1389"}],"version-history":[{"count":7,"href":"https:\/\/paliskunnat.fi\/poh\/wp-json\/wp\/v2\/pages\/1389\/revisions"}],"predecessor-version":[{"id":7168,"href":"https:\/\/paliskunnat.fi\/poh\/wp-json\/wp\/v2\/pages\/1389\/revisions\/7168"}],"up":[{"embeddable":true,"href":"https:\/\/paliskunnat.fi\/poh\/wp-json\/wp\/v2\/pages\/420"}],"wp:attachment":[{"href":"https:\/\/paliskunnat.fi\/poh\/wp-json\/wp\/v2\/media?parent=1389"}],"curies":[{"name":"wp","href":"https:\/\/api.w.org\/{rel}","templated":true}]}}