{"id":1395,"date":"2014-11-22T23:43:29","date_gmt":"2014-11-22T21:43:29","guid":{"rendered":"http:\/\/80.69.171.23\/py\/?page_id=1395"},"modified":"2023-06-07T15:43:18","modified_gmt":"2023-06-07T12:43:18","slug":"keemm-sompio","status":"publish","type":"page","link":"https:\/\/paliskunnat.fi\/poh\/paalgaskaadd\/paalgaskooddi_tead\/keemm-sompio\/","title":{"rendered":"22 \u01e8ee\u02b9mm-Sompio"},"content":{"rendered":"<h2><strong>\u01e8ee\u02b9mm-Sompio<\/strong><\/h2>\n<p>Pu\u00e4\u0292\u0292ee\u02b9\u017e\u017eed: Kavakka Mika<br \/>\nTe\u02b9lfon: 0400 211 861<br \/>\nNe\u02b9ttp\u00e5\u00e5\u02b9\u0161t: &#x6d;i&#x6b;a&#x2e;&#107;&#x61;&#118;a&#x6b;k&#x61;&#64;&#x67;&#109;&#x61;&#105;l&#x2e;c&#x6f;&#109;<\/p>\n<p><a href=\"https:\/\/paliskunnat.fi\/py\/wp-content\/uploads\/2014\/11\/22_kemin_sompio.png\" rel=\"lightbox[1395]\"><img loading=\"lazy\" decoding=\"async\" class=\"alignnone wp-image-1397\" src=\"https:\/\/paliskunnat.fi\/py\/wp-content\/uploads\/2014\/11\/22_kemin_sompio.png\" alt=\"22 Kemin-Sompio\" width=\"300\" height=\"387\" srcset=\"https:\/\/paliskunnat.fi\/poh\/wp-content\/uploads\/2014\/11\/22_kemin_sompio.png 776w, https:\/\/paliskunnat.fi\/poh\/wp-content\/uploads\/2014\/11\/22_kemin_sompio-233x300.png 233w, https:\/\/paliskunnat.fi\/poh\/wp-content\/uploads\/2014\/11\/22_kemin_sompio-768x990.png 768w\" sizes=\"auto, (max-width: 300px) 100vw, 300px\" \/><\/a><\/p>\n<table width=\"450\">\n<tbody>\n<tr>\n<td>Dommk\u00e5\u02b9dd:<\/td>\n<td>Su\u00f5vvku\u00f5\u0161kk<\/td>\n<\/tr>\n<tr>\n<td>Vu\u02b9vdd\u0161orr\u00e2dvu\u00f5tt:<\/td>\n<td>5 775,9 km<sup>2<\/sup><\/td>\n<\/tr>\n<tr>\n<td>\u0160uurm\u00f5s l\u00e5\u00e5vla\u017e pu\u00e4\u0292\u0292l\u00e5\u00e5kk:<\/td>\n<td>12 000<\/td>\n<\/tr>\n<tr>\n<td>Pu\u00e4\u0292\u0292vu\u00e4\u02b9msteei:<\/td>\n<td>179<\/td>\n<\/tr>\n<\/tbody>\n<\/table>\n<p>\u01e8ee\u02b9mm-Sompio paal\u01e5\u00e2sk\u00e5\u02b9dd lij nu\u02b9tt vu\u02b9vdd\u0161orr\u00e2dvu\u00f5\u0111 ko pu\u00e4\u0292\u0292me\u00e4\u02b9r pe\u00e4\u02b9lest L\u00e4\u00e4\u02b9ddj\u00e2nnam \u0161uurm\u00f5s paal\u01e5\u00e2sk\u00e5\u02b9dd. \u01e8ee\u02b9mm-Sompio paal\u01e5\u00e2sk\u00e5\u02b9dd kooll Keminkyl\u00e4 mi\u00e2rkkpirr\u00f5\u02b9sse. Paal\u01e5\u00e2sk\u00e5\u02b9dd lij Su\u00f5vvku\u00f5\u0161k k\u00e5\u00e5\u02b9dd vuu\u02b9dest da vue\u02b9zzi Su\u00e4\u02b9\u0111jel k\u00e5\u00e5\u02b9dd vuu\u02b9dest.<\/p>\n<p>Paal\u01e5\u00e2sk\u00e5\u00e5\u02b9dd vuu\u02b9dest 90,9 % lie riikkj\u00e2nnam da 9,1 % privattj\u00e2nnam.<\/p>\n<p>Paal\u01e5\u00e2sk\u00e5\u00e5\u02b9dd raajj lij t\u00e2\u00e2vast Ru\u00f5\u0161\u0161j\u00e2nnam v\u00e4\u02b9lddk\u00e5\u00e5\u02b9dd raaj\u00e2st, nu\u00f5rttjest T\u00e2\u02b9vv-Salla, saauj\u00e2st Salla da vi\u00f5sttrest Oraniemi da Lappi paal\u01e5\u00e2skoo\u02b9ddivui\u02b9m.<\/p>\n<p>Sokli fosfaattku\u00e5ivv\u00e2z lie plaan\u00e4\u00e4m \u01e8ee\u02b9mm-Sompio paal\u01e5\u00e2sk\u00e5\u00e5\u02b9ddest j\u00e4\u00e4nab da uu\u02b9ccben aktiivl\u00e2nji ee\u02b9jjest 1967, ko k\u00e4u\u02b9nne fosfaatt. M\u00f5\u00f5nni ii\u02b9jjin ha\u02b9\u014b\u01e9\u01e9\u00f5\u00f5zz ooud\u00e2sviikkmest lij va\u02b9stt\u00e4\u00e4m Yara Suomi Oy. Malmm\u00f5k \u00e2\u00e2nn se\u02b9st fosfoor l\u00e2\u00e2\u02b9ssen ruu\u02b9d, mangaan, niobi, tantaal da uraan. Ku\u00e5iv\u00e2s vii\u01e5\u01e5\u010di \u010d\u00f5\u00f5\u0111 m\u00f5\u00f5nee\u02b9n veidds\u00e2nji palgg\u00e2m- da ku\u00e4ivvamvuu\u02b9did, pue\u02b9t\u01e9\u01e9e\u02b9\u010di palgg\u00e2m- da ku\u00e4ivvampaai\u02b9\u01e9i vu\u00e2rt\u00f5\u00f5llm\u00f5\u00f5\u017e\u017e da p\u00e4\u00e4kkte\u02b9\u010di paal\u01e5\u00e2sk\u00e5\u00e5\u02b9dd mu\u02b9tted pu\u00f5cci h\u00e5iddamnaa\u02b9lid nu\u02b9tt, \u0161to vu\u00e4\u02b9mm ma\u02b9lle ij le\u02b9\u010d\u010di m\u00e4ccm\u00f5\u0161. T\u00e4n l\u00e2\u00e2\u02b9ssen \u01e8ee\u02b9mmjoo\u01e5\u01e5 veidds\u00f5s \u010d\u00e4\u02b9cc\u00f5svuu\u02b9d laa\u02b9\u0111vin \u00e5\u00e5rrai Sokli malmm\u00f5\u00f5\u01e5\u01e5 \u00e4u\u02b9\u01e9\u01e9ummu\u0161 \u00e2\u00e2nn se\u02b9st tu\u00f5tt\u0161\u00f5s r\u00e4\u02b9t\u01e9\u01e9ee\u01e9\u00e2ni kemiaal\u02bcla\u017e da radioaktiivla\u017e pirr\u00f5sriiskid. T\u00e4i m\u00e4\u00e4inai di\u00f5tt \u01e8ee\u02b9mm-Sompio paal\u01e5\u00e2sk\u00e5\u02b9dd lij Sokli ku\u00e5iv\u00e2sha\u02b9\u014b\u01e9\u01e9\u00f5\u00f5zz vu\u00e2stta da \u00e2\u00e2nn t\u00f5n pu\u00e4\u0292\u0292h\u00e5iddl\u00e4\u00e4\u02b9jj vu\u00e2sttsi\u02b9\u017e\u017een.<\/p>\n<p>&nbsp;<\/p>\n<p>&nbsp;<\/p>\n<p><!--more--><\/p>\n<h2>Sokli-k\u00e4\u00e4\u02b9vv \u00e2\u00e2\u02b9lm\u00f5s vaald\u0161emvu\u00f5iggsa<\/h2>\n<p>Pu\u00e4\u0292\u0292oummu ve\u02b9\u01e9\u01e9e Sokli-k\u00e4\u00e4\u02b9v \u00e2\u00e2\u02b9lm\u00f5s vaald\u0161emvu\u00f5iggsa (<a href=\"http:\/\/yle.fi\/uutiset\/poromiehet_vievat_sokli-kaavan_korkeimpaan_hallinto-oikeuteen\/7913238\"><strong>YLE<\/strong><\/a>\u00a07.4.2015).<\/p>\n<h2>Sokli poostaij\u00e2nnmen<\/h2>\n<p>Sokli poostaij\u00e2nnmen\u00a0<a href=\"https:\/\/fi-fi.facebook.com\/soklieramaana\"><strong>FB-seidd\u00f5s<\/strong><\/a>.<\/p>\n<h2>Pu\u00e4\u0292\u0292oocc\u00e2m \u01e8ee\u02b9mm-Sompiost<\/h2>\n<p>Pu\u00f5ccuid noor\u00e2t pikal\u00f5\u02b9sse \u01e8ee\u02b9mm-Sompiost (<a href=\"https:\/\/www.youtube.com\/watch?v=o6v6hcXrPaQ\"><strong>Youtube<\/strong><\/a>). Tuomas V\u00e4rri\u00f6 \u2013 \u00f5lmst\u00f5ttum 3\/2015.<\/p>\n<p>&nbsp;<\/p>\n","protected":false},"excerpt":{"rendered":"<p>\u01e8ee\u02b9mm-Sompio Pu\u00e4\u0292\u0292ee\u02b9\u017e\u017eed: Kavakka Mika Te\u02b9lfon: 0400 211 861 Ne\u02b9ttp\u00e5\u00e5\u02b9\u0161t: &#x6d;&#105;&#x6b;&#97;&#46;&#x6b;&#97;v&#x61;&#107;&#x6b;&#x61;&#64;&#x67;&#109;a&#x69;&#108;&#x2e;&#x63;o&#x6d; Dommk\u00e5\u02b9dd: Su\u00f5vvku\u00f5\u0161kk Vu\u02b9vdd\u0161orr\u00e2dvu\u00f5tt: 5 775,9 km2 \u0160uurm\u00f5s l\u00e5\u00e5vla\u017e pu\u00e4\u0292\u0292l\u00e5\u00e5kk: 12 000 Pu\u00e4\u0292\u0292vu\u00e4\u02b9msteei: 179 \u01e8ee\u02b9mm-Sompio paal\u01e5\u00e2sk\u00e5\u02b9dd lij nu\u02b9tt vu\u02b9vdd\u0161orr\u00e2dvu\u00f5\u0111 ko pu\u00e4\u0292\u0292me\u00e4\u02b9r pe\u00e4\u02b9lest L\u00e4\u00e4\u02b9ddj\u00e2nnam \u0161uurm\u00f5s paal\u01e5\u00e2sk\u00e5\u02b9dd. \u01e8ee\u02b9mm-Sompio paal\u01e5\u00e2sk\u00e5\u02b9dd kooll Keminkyl\u00e4 mi\u00e2rkkpirr\u00f5\u02b9sse. Paal\u01e5\u00e2sk\u00e5\u02b9dd lij Su\u00f5vvku\u00f5\u0161k k\u00e5\u00e5\u02b9dd vuu\u02b9dest da vue\u02b9zzi Su\u00e4\u02b9\u0111jel k\u00e5\u00e5\u02b9dd vuu\u02b9dest. Paal\u01e5\u00e2sk\u00e5\u00e5\u02b9dd vuu\u02b9dest 90,9 % lie riikkj\u00e2nnam [&hellip;]<\/p>\n","protected":false},"author":1,"featured_media":0,"parent":420,"menu_order":22,"comment_status":"open","ping_status":"closed","template":"paliskuntasivut.php","meta":{"footnotes":""},"class_list":["post-1395","page","type-page","status-publish","hentry"],"aioseo_notices":[],"_links":{"self":[{"href":"https:\/\/paliskunnat.fi\/poh\/wp-json\/wp\/v2\/pages\/1395","targetHints":{"allow":["GET"]}}],"collection":[{"href":"https:\/\/paliskunnat.fi\/poh\/wp-json\/wp\/v2\/pages"}],"about":[{"href":"https:\/\/paliskunnat.fi\/poh\/wp-json\/wp\/v2\/types\/page"}],"author":[{"embeddable":true,"href":"https:\/\/paliskunnat.fi\/poh\/wp-json\/wp\/v2\/users\/1"}],"replies":[{"embeddable":true,"href":"https:\/\/paliskunnat.fi\/poh\/wp-json\/wp\/v2\/comments?post=1395"}],"version-history":[{"count":5,"href":"https:\/\/paliskunnat.fi\/poh\/wp-json\/wp\/v2\/pages\/1395\/revisions"}],"predecessor-version":[{"id":7053,"href":"https:\/\/paliskunnat.fi\/poh\/wp-json\/wp\/v2\/pages\/1395\/revisions\/7053"}],"up":[{"embeddable":true,"href":"https:\/\/paliskunnat.fi\/poh\/wp-json\/wp\/v2\/pages\/420"}],"wp:attachment":[{"href":"https:\/\/paliskunnat.fi\/poh\/wp-json\/wp\/v2\/media?parent=1395"}],"curies":[{"name":"wp","href":"https:\/\/api.w.org\/{rel}","templated":true}]}}