{"id":1400,"date":"2014-11-22T23:47:35","date_gmt":"2014-11-22T21:47:35","guid":{"rendered":"http:\/\/80.69.171.23\/py\/?page_id=1400"},"modified":"2025-06-10T15:13:42","modified_gmt":"2025-06-10T12:13:42","slug":"pohjois-salla","status":"publish","type":"page","link":"https:\/\/paliskunnat.fi\/poh\/paalgaskaadd\/paalgaskooddi_tead\/pohjois-salla\/","title":{"rendered":"23 T\u00e2\u02b9vv-Salla"},"content":{"rendered":"<h2>T\u00e2\u02b9vv-Salla<\/h2>\n<p>Pu\u00e4\u0292\u0292ee\u02b9\u017e\u017eed: Aatsinki Lasse<br \/>\nTe\u02b9lfon: 040 535 0184<br \/>\nNe\u02b9ttp\u00e5\u00e5\u02b9\u0161t: l&#97;&#115;&#x73;&#x65;&#x61;at&#115;&#105;&#x6e;&#x6b;&#x69;&#46;&#112;&#111;&#104;&#x6a;&#x6f;&#x69;s&#115;&#97;&#x6c;&#x6c;&#x61;&#64;g&#109;&#97;&#x69;&#x6c;&#x2e;c&#111;&#109;<\/p>\n<p><a href=\"https:\/\/paliskunnat.fi\/py\/wp-content\/uploads\/2014\/11\/23_pohjois_salla.png\" rel=\"lightbox[1400]\"><img loading=\"lazy\" decoding=\"async\" class=\"alignnone wp-image-1401\" src=\"https:\/\/paliskunnat.fi\/py\/wp-content\/uploads\/2014\/11\/23_pohjois_salla.png\" alt=\"23 Pohjois-Salla\" width=\"300\" height=\"387\" srcset=\"https:\/\/paliskunnat.fi\/poh\/wp-content\/uploads\/2014\/11\/23_pohjois_salla.png 776w, https:\/\/paliskunnat.fi\/poh\/wp-content\/uploads\/2014\/11\/23_pohjois_salla-233x300.png 233w, https:\/\/paliskunnat.fi\/poh\/wp-content\/uploads\/2014\/11\/23_pohjois_salla-768x990.png 768w\" sizes=\"auto, (max-width: 300px) 100vw, 300px\" \/><\/a><\/p>\n<table width=\"450\">\n<tbody>\n<tr>\n<td>Dommk\u00e5\u02b9dd:<\/td>\n<td>Salla<\/td>\n<\/tr>\n<tr>\n<td>Vu\u02b9vdd\u0161orr\u00e2dvu\u00f5tt:<\/td>\n<td>2 149,0 km<sup>2<\/sup><\/td>\n<\/tr>\n<tr>\n<td>\u0160uurm\u00f5s l\u00e5\u00e5vla\u017e pu\u00e4\u0292\u0292l\u00e5\u00e5kk:<\/td>\n<td>4 800<\/td>\n<\/tr>\n<tr>\n<td>Pu\u00e4\u0292\u0292vu\u00e4\u02b9msteei:<\/td>\n<td>102<\/td>\n<\/tr>\n<\/tbody>\n<\/table>\n<p>T\u00e2\u02b9vv-Salla paal\u01e5\u00e2sk\u00e5\u02b9dd kooll Keminkyl\u00e4 mi\u00e2rkkpirr\u00f5\u02b9sse. Paal\u01e5\u00e2sk\u00e5\u02b9dd lij Salla k\u00e5\u00e5\u02b9dd t\u00e2\u02b9vv-vue\u02b9zzest. Paal\u01e5\u00e2sk\u00e5\u00e5\u02b9dd raajj lij t\u00e2\u02b9vv-nu\u00f5rtt \u00e5\u02b9rnn Ru\u00f5\u0161\u0161j\u00e2nnam raajj, saauj\u00e2st Salla da vi\u00f5sttrest \u01e8ee\u02b9mm-Sompio paal\u01e5\u00e2skoo\u02b9ddivui\u02b9m.<\/p>\n<p>Paal\u01e5\u00e2sk\u00e5\u00e5\u02b9dd vuu\u02b9dest 65,7 % lie riikkj\u00e2nnam da 34,3 % privattj\u00e2nnam.<\/p>\n<p>Paal\u01e5\u00e2sk\u00e5\u00e5\u02b9dd pikal\u00f5s\u00e4\u00e4id lie Aukiselk\u00e4, Kuningastolppa, Tuohivaara, Sarasaari, Lautakotaoja,\u00a0 Aitatsivaara, V\u00e4rri\u00f6, R\u00e4ntselm\u00e4selk\u00e4 da Peurahaara.<\/p>\n<p>Naruskast j\u00e4lste mue\u02b9dd pu\u00e4\u0292\u0292oummu. V\u00e4\u02b9lddvue\u02b9ss vue\u02b9ssnii\u02b9\u01e9\u01e9in jie j\u00e4\u00e4last paal\u01e5\u00e2sk\u00e5\u00e5\u02b9dd vuu\u02b9dest, pe\u02b9ce Salla ceerkavsiid\u00e2st le\u02b9be Salla p\u00e5\u00e5\u0111j\u00e4lstemvuu\u02b9dest.<\/p>\n<p>&nbsp;<\/p>\n","protected":false},"excerpt":{"rendered":"<p>T\u00e2\u02b9vv-Salla Pu\u00e4\u0292\u0292ee\u02b9\u017e\u017eed: Aatsinki Lasse Te\u02b9lfon: 040 535 0184 Ne\u02b9ttp\u00e5\u00e5\u02b9\u0161t: l&#97;&#115;&#115;&#x65;&#x61;&#x61;ts&#105;&#110;&#x6b;&#x69;&#x2e;&#x70;oh&#106;&#111;&#x69;&#x73;&#x73;&#x61;l&#108;&#97;&#64;&#x67;&#x6d;&#x61;il&#46;&#99;&#111;&#x6d; Dommk\u00e5\u02b9dd: Salla Vu\u02b9vdd\u0161orr\u00e2dvu\u00f5tt: 2 149,0 km2 \u0160uurm\u00f5s l\u00e5\u00e5vla\u017e pu\u00e4\u0292\u0292l\u00e5\u00e5kk: 4 800 Pu\u00e4\u0292\u0292vu\u00e4\u02b9msteei: 102 T\u00e2\u02b9vv-Salla paal\u01e5\u00e2sk\u00e5\u02b9dd kooll Keminkyl\u00e4 mi\u00e2rkkpirr\u00f5\u02b9sse. Paal\u01e5\u00e2sk\u00e5\u02b9dd lij Salla k\u00e5\u00e5\u02b9dd t\u00e2\u02b9vv-vue\u02b9zzest. Paal\u01e5\u00e2sk\u00e5\u00e5\u02b9dd raajj lij t\u00e2\u02b9vv-nu\u00f5rtt \u00e5\u02b9rnn Ru\u00f5\u0161\u0161j\u00e2nnam raajj, saauj\u00e2st Salla da vi\u00f5sttrest \u01e8ee\u02b9mm-Sompio paal\u01e5\u00e2skoo\u02b9ddivui\u02b9m. Paal\u01e5\u00e2sk\u00e5\u00e5\u02b9dd vuu\u02b9dest 65,7 % lie riikkj\u00e2nnam da 34,3 % [&hellip;]<\/p>\n","protected":false},"author":1,"featured_media":0,"parent":420,"menu_order":23,"comment_status":"open","ping_status":"closed","template":"paliskuntasivut.php","meta":{"footnotes":""},"class_list":["post-1400","page","type-page","status-publish","hentry"],"aioseo_notices":[],"_links":{"self":[{"href":"https:\/\/paliskunnat.fi\/poh\/wp-json\/wp\/v2\/pages\/1400","targetHints":{"allow":["GET"]}}],"collection":[{"href":"https:\/\/paliskunnat.fi\/poh\/wp-json\/wp\/v2\/pages"}],"about":[{"href":"https:\/\/paliskunnat.fi\/poh\/wp-json\/wp\/v2\/types\/page"}],"author":[{"embeddable":true,"href":"https:\/\/paliskunnat.fi\/poh\/wp-json\/wp\/v2\/users\/1"}],"replies":[{"embeddable":true,"href":"https:\/\/paliskunnat.fi\/poh\/wp-json\/wp\/v2\/comments?post=1400"}],"version-history":[{"count":7,"href":"https:\/\/paliskunnat.fi\/poh\/wp-json\/wp\/v2\/pages\/1400\/revisions"}],"predecessor-version":[{"id":7204,"href":"https:\/\/paliskunnat.fi\/poh\/wp-json\/wp\/v2\/pages\/1400\/revisions\/7204"}],"up":[{"embeddable":true,"href":"https:\/\/paliskunnat.fi\/poh\/wp-json\/wp\/v2\/pages\/420"}],"wp:attachment":[{"href":"https:\/\/paliskunnat.fi\/poh\/wp-json\/wp\/v2\/media?parent=1400"}],"curies":[{"name":"wp","href":"https:\/\/api.w.org\/{rel}","templated":true}]}}