{"id":1418,"date":"2014-11-23T11:49:10","date_gmt":"2014-11-23T09:49:10","guid":{"rendered":"http:\/\/80.69.171.23\/py\/?page_id=1418"},"modified":"2023-06-07T15:39:22","modified_gmt":"2023-06-07T12:39:22","slug":"alakyla","status":"publish","type":"page","link":"https:\/\/paliskunnat.fi\/poh\/paalgaskaadd\/paalgaskooddi_tead\/alakyla\/","title":{"rendered":"16 Alakyl\u00e4"},"content":{"rendered":"<h2>Alakyl\u00e4<\/h2>\n<p>Pu\u00e4\u0292\u0292ee\u02b9\u017e\u017eed: Kantola Antti<br \/>\nTe\u02b9lfon: +358 40 562 5214<br \/>\nNe\u02b9ttp\u00e5\u00e5\u02b9\u0161t: an&#116;&#116;&#105;&#x2e;&#x6b;&#x61;&#x6e;&#x74;ol&#97;&#64;&#107;&#x61;&#x69;&#x72;&#x61;&#x6e;pa&#108;&#118;&#101;&#x6c;&#x75;&#x74;&#x2e;&#x66;i<\/p>\n<p><a href=\"https:\/\/paliskunnat.fi\/py\/wp-content\/uploads\/2014\/11\/16_alakyla.png\" rel=\"lightbox[1418]\"><img loading=\"lazy\" decoding=\"async\" class=\"alignnone wp-image-1424\" src=\"https:\/\/paliskunnat.fi\/py\/wp-content\/uploads\/2014\/11\/16_alakyla.png\" alt=\"16 Alakyl\u00e4\" width=\"300\" height=\"387\" srcset=\"https:\/\/paliskunnat.fi\/poh\/wp-content\/uploads\/2014\/11\/16_alakyla.png 776w, https:\/\/paliskunnat.fi\/poh\/wp-content\/uploads\/2014\/11\/16_alakyla-233x300.png 233w, https:\/\/paliskunnat.fi\/poh\/wp-content\/uploads\/2014\/11\/16_alakyla-768x990.png 768w\" sizes=\"auto, (max-width: 300px) 100vw, 300px\" \/><\/a><\/p>\n<table width=\"450\">\n<tbody>\n<tr>\n<td>Dommk\u00e5\u02b9dd:<\/td>\n<td>Kihttel<\/td>\n<\/tr>\n<tr>\n<td>Vu\u02b9vdd\u0161orr\u00e2dvu\u00f5tt:<\/td>\n<td>2 950,5 km<sup>2<\/sup><\/td>\n<\/tr>\n<tr>\n<td>\u0160uurm\u00f5s l\u00e5\u00e5vla\u017e pu\u00e4\u0292\u0292l\u00e5\u00e5kk:<\/td>\n<td>5 300<\/td>\n<\/tr>\n<tr>\n<td>Pu\u00e4\u0292\u0292vu\u00e4\u02b9msteei:<\/td>\n<td>95<\/td>\n<\/tr>\n<\/tbody>\n<\/table>\n<p>Alakyl\u00e4 paal\u01e5\u00e2sk\u00e5\u02b9dd kooll Kihttel mi\u00e2rkkpirr\u00f5\u02b9sse. Paal\u01e5\u00e2sk\u00e5\u00e5\u02b9dd raaj lie vi\u00f5sttrest Muonio da Kolari, saauj\u00e2st J\u00e4\u00e4sk\u00f6 da Poikaj\u00e4rvi, nu\u00f5rttjest Syv\u00e4j\u00e4rvi da t\u00e2\u00e2vast Kuivasalmi da Kyr\u00f6 paal\u01e5\u00e2skoo\u02b9ddivui\u02b9m.<\/p>\n<p>Paal\u01e5\u00e2sk\u00e5\u00e5\u02b9dd vuu\u02b9dest 53,7 % lie riikkj\u00e2nnam da 46,3 % privattj\u00e2nnam. Jee\u02b9res \u00e5\u02b9rnn paal\u01e5\u00e2sk\u00e5\u00e5\u02b9dd lie ji\u00e2nnai su\u00f5jjlemprograammid kuulli vuu\u02b9d, j\u00e4\u00e4nm\u00f5s\u00e2n je\u00e4\u02b9\u01e7\u01e7su\u00f5jjlemvuu\u02b9d. Su\u00f5jjlemvuu\u02b9di vu\u02b9vdd\u0161orr\u00e2dvu\u00f5tt lij mi\u00e2rkteei. Levitunturi maatk\u010demk\u00f5\u00f5sk\u00f5s lij paal\u01e5\u00e2sk\u00e5\u00e5\u02b9dd t\u00e2\u02b9vvraaj\u00e2st.<\/p>\n<p>Alakyl\u00e4 paal\u01e5\u00e2sk\u00e5\u00e5\u02b9ddest lie 17 pu\u00f5ccui \u01e9i\u00f5tt\u02bct\u00f5\u00f5ll\u00e2mp\u00e4i\u02b9\u01e9\u01e9ed, kook lie jee\u02b9res \u00e5\u02b9rnn paal\u01e5\u00e2sk\u00e5\u00e5\u02b9dd. Aazzt\u00f5\u00f5zz lij ji\u00e2nnai da j\u00e4\u00e4nm\u00f5s\u00e2n Ounasjokkvaard j\u00f5nn siidin: Lohiniva, Kaukonen, Helppi, Alakyl\u00e4, Kihttel da Sirkka.<\/p>\n<p>&nbsp;<\/p>\n<p>&nbsp;<\/p>\n<p>&nbsp;<\/p>\n<p>&nbsp;<\/p>\n","protected":false},"excerpt":{"rendered":"<p>Alakyl\u00e4 Pu\u00e4\u0292\u0292ee\u02b9\u017e\u017eed: Kantola Antti Te\u02b9lfon: +358 40 562 5214 Ne\u02b9ttp\u00e5\u00e5\u02b9\u0161t: antti&#46;&#107;&#97;&#110;&#116;&#111;&#108;&#97;&#x40;&#x6b;&#x61;&#x69;&#x72;&#x61;&#x6e;&#x70;&#x61;&#x6c;&#x76;&#x65;lut&#46;fi Dommk\u00e5\u02b9dd: Kihttel Vu\u02b9vdd\u0161orr\u00e2dvu\u00f5tt: 2 950,5 km2 \u0160uurm\u00f5s l\u00e5\u00e5vla\u017e pu\u00e4\u0292\u0292l\u00e5\u00e5kk: 5 300 Pu\u00e4\u0292\u0292vu\u00e4\u02b9msteei: 95 Alakyl\u00e4 paal\u01e5\u00e2sk\u00e5\u02b9dd kooll Kihttel mi\u00e2rkkpirr\u00f5\u02b9sse. Paal\u01e5\u00e2sk\u00e5\u00e5\u02b9dd raaj lie vi\u00f5sttrest Muonio da Kolari, saauj\u00e2st J\u00e4\u00e4sk\u00f6 da Poikaj\u00e4rvi, nu\u00f5rttjest Syv\u00e4j\u00e4rvi da t\u00e2\u00e2vast Kuivasalmi da Kyr\u00f6 paal\u01e5\u00e2skoo\u02b9ddivui\u02b9m. Paal\u01e5\u00e2sk\u00e5\u00e5\u02b9dd vuu\u02b9dest 53,7 % lie riikkj\u00e2nnam da [&hellip;]<\/p>\n","protected":false},"author":1,"featured_media":0,"parent":420,"menu_order":16,"comment_status":"open","ping_status":"closed","template":"paliskuntasivut.php","meta":{"footnotes":""},"class_list":["post-1418","page","type-page","status-publish","hentry"],"aioseo_notices":[],"_links":{"self":[{"href":"https:\/\/paliskunnat.fi\/poh\/wp-json\/wp\/v2\/pages\/1418","targetHints":{"allow":["GET"]}}],"collection":[{"href":"https:\/\/paliskunnat.fi\/poh\/wp-json\/wp\/v2\/pages"}],"about":[{"href":"https:\/\/paliskunnat.fi\/poh\/wp-json\/wp\/v2\/types\/page"}],"author":[{"embeddable":true,"href":"https:\/\/paliskunnat.fi\/poh\/wp-json\/wp\/v2\/users\/1"}],"replies":[{"embeddable":true,"href":"https:\/\/paliskunnat.fi\/poh\/wp-json\/wp\/v2\/comments?post=1418"}],"version-history":[{"count":8,"href":"https:\/\/paliskunnat.fi\/poh\/wp-json\/wp\/v2\/pages\/1418\/revisions"}],"predecessor-version":[{"id":7048,"href":"https:\/\/paliskunnat.fi\/poh\/wp-json\/wp\/v2\/pages\/1418\/revisions\/7048"}],"up":[{"embeddable":true,"href":"https:\/\/paliskunnat.fi\/poh\/wp-json\/wp\/v2\/pages\/420"}],"wp:attachment":[{"href":"https:\/\/paliskunnat.fi\/poh\/wp-json\/wp\/v2\/media?parent=1418"}],"curies":[{"name":"wp","href":"https:\/\/api.w.org\/{rel}","templated":true}]}}