{"id":1420,"date":"2014-11-23T11:50:30","date_gmt":"2014-11-23T09:50:30","guid":{"rendered":"http:\/\/80.69.171.23\/py\/?page_id=1420"},"modified":"2023-06-07T15:41:35","modified_gmt":"2023-06-07T12:41:35","slug":"syvajarvi","status":"publish","type":"page","link":"https:\/\/paliskunnat.fi\/poh\/paalgaskaadd\/paalgaskooddi_tead\/syvajarvi\/","title":{"rendered":"19 Syv\u00e4j\u00e4rvi"},"content":{"rendered":"<h2>Syv\u00e4j\u00e4rvi<\/h2>\n<p>Pu\u00e4\u0292\u0292ee\u02b9\u017e\u017eed: Hannula Jari<br \/>\nTe\u02b9lfon: 040 742 0291<br \/>\nNe\u02b9ttp\u00e5\u00e5\u02b9\u0161t: &#106;&#x61;&#x72;i&#46;&#x68;a&#110;&#x6e;&#x75;l&#97;&#x2e;s&#121;&#x76;&#x61;p&#108;&#x6b;&#64;&#103;&#x6d;&#x61;&#105;&#108;&#x2e;c&#111;&#x6d;<\/p>\n<p><a href=\"https:\/\/paliskunnat.fi\/py\/wp-content\/uploads\/2014\/11\/19_syvajarvi.png\" rel=\"lightbox[1420]\"><img loading=\"lazy\" decoding=\"async\" class=\"alignnone wp-image-1427\" src=\"https:\/\/paliskunnat.fi\/py\/wp-content\/uploads\/2014\/11\/19_syvajarvi.png\" alt=\"19_syvajarvi\" width=\"300\" height=\"387\" srcset=\"https:\/\/paliskunnat.fi\/poh\/wp-content\/uploads\/2014\/11\/19_syvajarvi.png 776w, https:\/\/paliskunnat.fi\/poh\/wp-content\/uploads\/2014\/11\/19_syvajarvi-233x300.png 233w, https:\/\/paliskunnat.fi\/poh\/wp-content\/uploads\/2014\/11\/19_syvajarvi-768x990.png 768w\" sizes=\"auto, (max-width: 300px) 100vw, 300px\" \/><\/a><\/p>\n<table style=\"width: 53.76%; height: 99px;\" width=\"450\">\n<tbody>\n<tr style=\"height: 24px;\">\n<td style=\"height: 24px;\">Dommk\u00e5\u02b9dd:<\/td>\n<td style=\"height: 24px;\">Su\u00e4\u02b9\u0111jel<\/td>\n<\/tr>\n<tr style=\"height: 27px;\">\n<td style=\"height: 27px;\">Vu\u02b9vdd\u0161orr\u00e2dvu\u00f5tt:<\/td>\n<td style=\"height: 27px;\">2 263,4 km<sup>2<\/sup><\/td>\n<\/tr>\n<tr style=\"height: 24px;\">\n<td style=\"height: 24px;\">\u0160uurm\u00f5s l\u00e5\u00e5vla\u017e pu\u00e4\u0292\u0292l\u00e5\u00e5kk:<\/td>\n<td style=\"height: 24px;\">5 500<\/td>\n<\/tr>\n<tr style=\"height: 24px;\">\n<td style=\"height: 24px;\">Pu\u00e4\u0292\u0292vu\u00e4\u02b9msteei:<\/td>\n<td style=\"height: 24px;\">106<\/td>\n<\/tr>\n<\/tbody>\n<\/table>\n<p>Syv\u00e4j\u00e4rvi paal\u01e5\u00e2sk\u00e5\u02b9dd kooll Su\u00e4\u02b9\u0111jel mi\u00e2rkkpirr\u00f5\u02b9sse. Paal\u01e5\u00e2sk\u00e5\u02b9dd lij Su\u00e4\u02b9\u0111jel k\u00e5\u00e5\u02b9dd saujjvue\u02b9zzest da vu\u00e4ll si\u00f5mmna Ru\u00e4\u02b9vnjaar\u01e5 be\u00e4lla. T\u00e2\u00e2vast paal\u01e5\u00e2sk\u00e5\u00e5\u02b9dd raajj lij Sattasniemi paal\u01e5\u00e2skoo\u02b9ddin, nu\u00f5rttjest Oraniemi da Pyh\u00e4-Kallio, saauj\u00e2st Poikaj\u00e4rvi da vi\u00f5sttrest Alakyl\u00e4 paal\u01e5\u00e2skoo\u02b9ddivui\u02b9m.<\/p>\n<p>Paal\u01e5\u00e2sk\u00e5\u00e5\u02b9dd vuu\u02b9dest 51,3 % lie riikkj\u00e2nnam da 48,7 % privattj\u00e2nnam. Kyl\u00e4j\u00e4rvi p\u00e4\u00e4\u010d\u010damvu\u02b9vdd lij Piitti\u00f6nkairast, koon riikk vu\u00e4\u02b9mast da Pe\u00e4l\u0161temvi\u00f5\u01e5\u01e5 \u00e2\u00e2nn. Paal\u01e5\u00e2sk\u00e5\u00e5\u02b9ddest lij l\u00e2u\u02b9\u014b\u014bpuu\u02b9t\u02bctemvu\u02b9vdd da Su\u00e4\u02b9\u0111jel Joukhaisselk\u00e4\u00e4\u02b9je raaj\u00e2t pi\u00f5ggvi\u00f5kkpuu\u02b9t\u02bctemvuu\u02b9d.<\/p>\n<p>Paal\u01e5\u00e2sk\u00e5\u00e5\u02b9ddest lij \u0161i\u00f5\u01e5\u01e5 \u00e4iddne\u02b9tt, k\u00e5\u00e5\u02b9tt \u0161\u00e2dd nu\u02b9tt 24 \u00e4\u00e4idast.<\/p>\n<p>Mi\u00e2rkteei aazzt\u00f5sk\u00f5\u00f5sk\u00f5s lij Su\u00e4\u02b9\u0111jel ceerkavsijdd.<\/p>\n<p>&nbsp;<\/p>\n","protected":false},"excerpt":{"rendered":"<p>Syv\u00e4j\u00e4rvi Pu\u00e4\u0292\u0292ee\u02b9\u017e\u017eed: Hannula Jari Te\u02b9lfon: 040 742 0291 Ne\u02b9ttp\u00e5\u00e5\u02b9\u0161t: &#106;&#x61;&#x72;i&#46;&#x68;a&#110;&#x6e;u&#108;&#x61;&#46;&#115;&#x79;&#x76;&#97;&#x70;&#x6c;k&#64;&#x67;m&#97;&#x69;l&#46;&#x63;&#x6f;&#109; Dommk\u00e5\u02b9dd: Su\u00e4\u02b9\u0111jel Vu\u02b9vdd\u0161orr\u00e2dvu\u00f5tt: 2 263,4 km2 \u0160uurm\u00f5s l\u00e5\u00e5vla\u017e pu\u00e4\u0292\u0292l\u00e5\u00e5kk: 5 500 Pu\u00e4\u0292\u0292vu\u00e4\u02b9msteei: 106 Syv\u00e4j\u00e4rvi paal\u01e5\u00e2sk\u00e5\u02b9dd kooll Su\u00e4\u02b9\u0111jel mi\u00e2rkkpirr\u00f5\u02b9sse. Paal\u01e5\u00e2sk\u00e5\u02b9dd lij Su\u00e4\u02b9\u0111jel k\u00e5\u00e5\u02b9dd saujjvue\u02b9zzest da vu\u00e4ll si\u00f5mmna Ru\u00e4\u02b9vnjaar\u01e5 be\u00e4lla. T\u00e2\u00e2vast paal\u01e5\u00e2sk\u00e5\u00e5\u02b9dd raajj lij Sattasniemi paal\u01e5\u00e2skoo\u02b9ddin, nu\u00f5rttjest Oraniemi da Pyh\u00e4-Kallio, saauj\u00e2st Poikaj\u00e4rvi da vi\u00f5sttrest Alakyl\u00e4 paal\u01e5\u00e2skoo\u02b9ddivui\u02b9m. Paal\u01e5\u00e2sk\u00e5\u00e5\u02b9dd [&hellip;]<\/p>\n","protected":false},"author":1,"featured_media":0,"parent":420,"menu_order":19,"comment_status":"open","ping_status":"closed","template":"paliskuntasivut.php","meta":{"footnotes":""},"class_list":["post-1420","page","type-page","status-publish","hentry"],"aioseo_notices":[],"_links":{"self":[{"href":"https:\/\/paliskunnat.fi\/poh\/wp-json\/wp\/v2\/pages\/1420","targetHints":{"allow":["GET"]}}],"collection":[{"href":"https:\/\/paliskunnat.fi\/poh\/wp-json\/wp\/v2\/pages"}],"about":[{"href":"https:\/\/paliskunnat.fi\/poh\/wp-json\/wp\/v2\/types\/page"}],"author":[{"embeddable":true,"href":"https:\/\/paliskunnat.fi\/poh\/wp-json\/wp\/v2\/users\/1"}],"replies":[{"embeddable":true,"href":"https:\/\/paliskunnat.fi\/poh\/wp-json\/wp\/v2\/comments?post=1420"}],"version-history":[{"count":5,"href":"https:\/\/paliskunnat.fi\/poh\/wp-json\/wp\/v2\/pages\/1420\/revisions"}],"predecessor-version":[{"id":7051,"href":"https:\/\/paliskunnat.fi\/poh\/wp-json\/wp\/v2\/pages\/1420\/revisions\/7051"}],"up":[{"embeddable":true,"href":"https:\/\/paliskunnat.fi\/poh\/wp-json\/wp\/v2\/pages\/420"}],"wp:attachment":[{"href":"https:\/\/paliskunnat.fi\/poh\/wp-json\/wp\/v2\/media?parent=1420"}],"curies":[{"name":"wp","href":"https:\/\/api.w.org\/{rel}","templated":true}]}}