{"id":1422,"date":"2014-11-23T11:52:15","date_gmt":"2014-11-23T09:52:15","guid":{"rendered":"http:\/\/80.69.171.23\/py\/?page_id=1422"},"modified":"2023-06-07T15:41:01","modified_gmt":"2023-06-07T12:41:01","slug":"oraniemi","status":"publish","type":"page","link":"https:\/\/paliskunnat.fi\/poh\/paalgaskaadd\/paalgaskooddi_tead\/oraniemi\/","title":{"rendered":"18 Oraniemi"},"content":{"rendered":"<h2>Oraniemi<\/h2>\n<p>Pu\u00e4\u0292\u0292ee\u02b9\u017e\u017eed: Siivola Martti<br \/>\nTe\u02b9lfon: 040 0182 580<br \/>\nNe\u02b9ttp\u00e5\u00e5\u02b9\u0161t: &#109;&#x61;r&#x74;t&#105;&#x2e;&#115;&#x69;i&#118;&#x6f;&#108;&#x61;&#64;&#x6c;&#x75;&#117;&#x6b;k&#x75;&#46;&#99;&#x6f;&#109;<\/p>\n<p><a href=\"https:\/\/paliskunnat.fi\/py\/wp-content\/uploads\/2014\/11\/18_oraniemi.png\" rel=\"lightbox[1422]\"><img loading=\"lazy\" decoding=\"async\" class=\"alignnone wp-image-1429\" src=\"https:\/\/paliskunnat.fi\/py\/wp-content\/uploads\/2014\/11\/18_oraniemi.png\" alt=\"18 Oraniemi\" width=\"300\" height=\"387\" srcset=\"https:\/\/paliskunnat.fi\/poh\/wp-content\/uploads\/2014\/11\/18_oraniemi.png 776w, https:\/\/paliskunnat.fi\/poh\/wp-content\/uploads\/2014\/11\/18_oraniemi-233x300.png 233w, https:\/\/paliskunnat.fi\/poh\/wp-content\/uploads\/2014\/11\/18_oraniemi-768x990.png 768w\" sizes=\"auto, (max-width: 300px) 100vw, 300px\" \/><\/a><\/p>\n<table width=\"450\">\n<tbody>\n<tr>\n<td>Dommk\u00e5\u02b9dd:<\/td>\n<td>Su\u00e4\u02b9\u0111jel<\/td>\n<\/tr>\n<tr>\n<td>Vu\u02b9vdd\u0161orr\u00e2dvu\u00f5tt:<\/td>\n<td>3 892,7 km<sup>2<\/sup><\/td>\n<\/tr>\n<tr>\n<td>\u0160uurm\u00f5s l\u00e5\u00e5vla\u017e pu\u00e4\u0292\u0292l\u00e5\u00e5kk:<\/td>\n<td>6 000<\/td>\n<\/tr>\n<tr>\n<td>Poronomistajia:<\/td>\n<td>123<\/td>\n<\/tr>\n<\/tbody>\n<\/table>\n<p>Oraniemi paal\u01e5\u00e2sk\u00e5\u02b9dd kooll Su\u00e4\u02b9\u0111jel mi\u00e2rkkpirr\u00f5\u02b9sse. Paal\u01e5\u00e2sk\u00e5\u02b9dd lij \u00a0Su\u00e4\u02b9\u0111jel (60 %), Pelkosenniemi (15 %) da Su\u00f5vvku\u00f5\u0161k (25 %) koo\u02b9ddi vuu\u02b9dest. Paal\u01e5\u00e2sk\u00e5\u00e5\u02b9dd raaj lie t\u00e2\u00e2vast Lappi, nu\u00f5rttjest \u01e8ee\u02b9mm-Sompio, oo\u02b9bbdnee\u02b9\u01e9\u01e9est Salla, saauj\u00e2st Hirvasniemi da Pyh\u00e4-Kallio, vu\u00e4rjjlest Syv\u00e4j\u00e4rvi da vi\u00f5sttrest Sattasniemi paal\u01e5\u00e2skoo\u02b9ddivui\u02b9m. Paal\u01e5\u00e2sk\u00e5\u00e5\u02b9dd vuu\u02b9dest 69,4 % lie riikkj\u00e2nnam da 30,6 % privattj\u00e2nnam.<\/p>\n<p>Paal\u01e5\u00e2sk\u00e5\u00e5\u02b9ddest \u00e5\u00e5rrai Naturavuu\u02b9d lie samai v\u00e4\u00e4\u017enai pu\u00f5ccui palgg\u00e2m- da ku\u00e4ivvamvuu\u02b9d. Paal\u01e5\u00e2sk\u00e5\u00e5\u02b9dd vuu\u02b9dest lij l\u00e2\u00e2\u02b9ssen aktiivla\u017e malmmooccm\u00f5\u0161, koin kuu\u02b9\u01e9\u01e9m\u00f5s\u00e2n ouddnam da j\u00e4\u00e4nm\u00f5s\u00e2n mi\u00e2rkteei lij Sakatti ku\u00e5iv\u00e2sha\u02b9\u014b\u01e9\u01e9\u00f5s. Malmmoocc\u00e2mvuu\u02b9d vu\u00e4lla vue\u02b9zzi Naturavuu\u02b9did. T\u00e4i \u00f5\u00f5l Oraniemi vuu\u02b9dest lie Puolakkavaarast Turveruukki Paarnitsa-aapa l\u00e2u\u02b9\u014b\u014bpuu\u02b9t\u02bctemvu\u02b9vdd di kookkas ouddnam pi\u00f5ggvi\u00f5kkpuu\u02b9t\u02bctemha\u02b9\u014b\u01e9\u01e9\u00f5s Keluvaarast.<\/p>\n<p>Paal\u01e5\u00e2sk\u00e5\u00e5\u02b9dd \u0161uurm\u00f5s da v\u00e4\u00e4\u017en\u02bcjummus pikal\u00f5sp\u00e4i\u02b9\u01e9\u01e9 lij Kyl\u00e4selk\u00e4. Jee\u02b9res pikal\u00f5sp\u00e4\u00e4i\u02b9\u01e9 lie Routusvaara, Nallukka, Matero, Niemiselk\u00e4, Kommatti da Tulinenj\u00e4rvi.<\/p>\n<p>V\u00e4\u00e4\u017en\u02bcjummus aazzt\u00f5sk\u00f5\u00f5sk\u00f5s lij Su\u00e4\u02b9\u0111jel ceerkavsijdd, koon nu\u00f5rttpie\u02b9ll kooll Oraniemi paal\u01e5\u00e2sk\u00e5dda. V\u00e4\u02b9lddvue\u02b9ss paal\u01e5\u00e2sk\u00e5\u00e5\u02b9dd vue\u02b9ssnii\u02b9\u01e9\u01e9in j\u00e4\u00e4last paal\u01e5\u00e2sk\u00e5\u00e5\u02b9dd vuu\u02b9d p\u00e5\u00e5\u0111j\u00e4lstemvuu\u02b9d siidin.<\/p>\n<p>&nbsp;<\/p>\n<p>&nbsp;<\/p>\n<p><!--more--><\/p>\n<h2>Pikal\u00f5s 1982<\/h2>\n<p>Pikal\u00f5s Kommattivaarast 1982 (<a href=\"https:\/\/www.youtube.com\/watch?v=Hu5JQ0M1JhA\"><strong>Youtube<\/strong><\/a>). Fi\u02b9lmmjummu\u0161: Pentti Vuoj\u00e4rvi \u2013 \u00f5lmst\u00f5ttum 3\/2013.<\/p>\n<p>&nbsp;<\/p>\n","protected":false},"excerpt":{"rendered":"<p>Oraniemi Pu\u00e4\u0292\u0292ee\u02b9\u017e\u017eed: Siivola Martti Te\u02b9lfon: 040 0182 580 Ne\u02b9ttp\u00e5\u00e5\u02b9\u0161t: &#x6d;&#x61;&#114;&#116;ti&#x2e;&#x73;&#x69;&#105;vo&#x6c;&#x61;&#x40;&#108;&#117;u&#x6b;&#x6b;&#x75;&#46;&#99;o&#x6d; Dommk\u00e5\u02b9dd: Su\u00e4\u02b9\u0111jel Vu\u02b9vdd\u0161orr\u00e2dvu\u00f5tt: 3 892,7 km2 \u0160uurm\u00f5s l\u00e5\u00e5vla\u017e pu\u00e4\u0292\u0292l\u00e5\u00e5kk: 6 000 Poronomistajia: 123 Oraniemi paal\u01e5\u00e2sk\u00e5\u02b9dd kooll Su\u00e4\u02b9\u0111jel mi\u00e2rkkpirr\u00f5\u02b9sse. Paal\u01e5\u00e2sk\u00e5\u02b9dd lij \u00a0Su\u00e4\u02b9\u0111jel (60 %), Pelkosenniemi (15 %) da Su\u00f5vvku\u00f5\u0161k (25 %) koo\u02b9ddi vuu\u02b9dest. Paal\u01e5\u00e2sk\u00e5\u00e5\u02b9dd raaj lie t\u00e2\u00e2vast Lappi, nu\u00f5rttjest \u01e8ee\u02b9mm-Sompio, oo\u02b9bbdnee\u02b9\u01e9\u01e9est Salla, saauj\u00e2st Hirvasniemi da Pyh\u00e4-Kallio, [&hellip;]<\/p>\n","protected":false},"author":1,"featured_media":0,"parent":420,"menu_order":18,"comment_status":"open","ping_status":"closed","template":"paliskuntasivut.php","meta":{"footnotes":""},"class_list":["post-1422","page","type-page","status-publish","hentry"],"aioseo_notices":[],"_links":{"self":[{"href":"https:\/\/paliskunnat.fi\/poh\/wp-json\/wp\/v2\/pages\/1422","targetHints":{"allow":["GET"]}}],"collection":[{"href":"https:\/\/paliskunnat.fi\/poh\/wp-json\/wp\/v2\/pages"}],"about":[{"href":"https:\/\/paliskunnat.fi\/poh\/wp-json\/wp\/v2\/types\/page"}],"author":[{"embeddable":true,"href":"https:\/\/paliskunnat.fi\/poh\/wp-json\/wp\/v2\/users\/1"}],"replies":[{"embeddable":true,"href":"https:\/\/paliskunnat.fi\/poh\/wp-json\/wp\/v2\/comments?post=1422"}],"version-history":[{"count":6,"href":"https:\/\/paliskunnat.fi\/poh\/wp-json\/wp\/v2\/pages\/1422\/revisions"}],"predecessor-version":[{"id":7050,"href":"https:\/\/paliskunnat.fi\/poh\/wp-json\/wp\/v2\/pages\/1422\/revisions\/7050"}],"up":[{"embeddable":true,"href":"https:\/\/paliskunnat.fi\/poh\/wp-json\/wp\/v2\/pages\/420"}],"wp:attachment":[{"href":"https:\/\/paliskunnat.fi\/poh\/wp-json\/wp\/v2\/media?parent=1422"}],"curies":[{"name":"wp","href":"https:\/\/api.w.org\/{rel}","templated":true}]}}