{"id":1446,"date":"2014-11-23T14:58:45","date_gmt":"2014-11-23T12:58:45","guid":{"rendered":"http:\/\/80.69.171.23\/py\/?page_id=1446"},"modified":"2025-06-03T11:48:37","modified_gmt":"2025-06-03T08:48:37","slug":"salla","status":"publish","type":"page","link":"https:\/\/paliskunnat.fi\/poh\/paalgaskaadd\/paalgaskooddi_tead\/salla\/","title":{"rendered":"24 Salla"},"content":{"rendered":"<h2>Salla<\/h2>\n<p>Pu\u00e4\u0292\u0292ee\u02b9\u017e\u017eed: Mursu Sami<br \/>\nTe\u02b9lfon: 040 547 1397<br \/>\nNe\u02b9ttp\u00e5\u00e5\u02b9\u0161t: &#115;a&#x6c;l&#x61;n&#x70;&#108;&#x6b;&#50;&#x34;&#64;g&#x6d;a&#x69;l&#x2e;&#99;&#x6f;&#109;<\/p>\n<p><a href=\"https:\/\/paliskunnat.fi\/py\/wp-content\/uploads\/2014\/11\/24_salla.png\" rel=\"lightbox[1446]\"><img loading=\"lazy\" decoding=\"async\" class=\"alignnone wp-image-1495\" src=\"https:\/\/paliskunnat.fi\/py\/wp-content\/uploads\/2014\/11\/24_salla.png\" alt=\"24 Salla\" width=\"300\" height=\"387\" srcset=\"https:\/\/paliskunnat.fi\/poh\/wp-content\/uploads\/2014\/11\/24_salla.png 775w, https:\/\/paliskunnat.fi\/poh\/wp-content\/uploads\/2014\/11\/24_salla-233x300.png 233w, https:\/\/paliskunnat.fi\/poh\/wp-content\/uploads\/2014\/11\/24_salla-768x991.png 768w\" sizes=\"auto, (max-width: 300px) 100vw, 300px\" \/><\/a><\/p>\n<table width=\"450\">\n<tbody>\n<tr>\n<td>Dommk\u00e5\u02b9dd:<\/td>\n<td>Salla<\/td>\n<\/tr>\n<tr>\n<td>Vu\u02b9vdd\u0161orr\u00e2dvu\u00f5tt:<\/td>\n<td>4 378,0 km<sup>2<\/sup><\/td>\n<\/tr>\n<tr>\n<td>\u0160uurm\u00f5s l\u00e5\u00e5vla\u017e pu\u00e4\u0292\u0292l\u00e5\u00e5kk:<\/td>\n<td>5 300<\/td>\n<\/tr>\n<tr>\n<td>Pu\u00e4\u0292\u0292vu\u00e4\u02b9msteei:<\/td>\n<td>178<\/td>\n<\/tr>\n<\/tbody>\n<\/table>\n<p>Salla paal\u01e5\u00e2sk\u00e5\u02b9dd kooll Salla mi\u00e2rkkpirr\u00f5\u02b9sse. Paal\u01e5\u00e2sk\u00e5\u02b9dd lij \u0161uurm\u00f5s vue\u02b9zzest Salla k\u00e5\u00e5\u02b9dd vuu\u02b9dest da u\u02b9cc vue\u02b9zz lie \u01e8ee\u02b9mmj\u00e4\u00e4u\u02b9r, Pelkosenniemi da Su\u00f5vvku\u00f5\u0161k koo\u02b9ddi vuu\u02b9dest.<\/p>\n<p>Paal\u01e5\u00e2sk\u00e5\u00e5\u02b9dd raajj lij nu\u00f5rttjest Ru\u00f5\u0161\u0161j\u00e2nnam v\u00e4\u02b9lddk\u00e5\u00e5\u02b9dd raaj\u00e2st. Saauj\u00e2st paal\u01e5\u00e2sk\u00e5\u00e5\u02b9dd raajj lij Alakitka da Tolva, vi\u00f5sttrest Hirvasniemi, reddvi\u00f5sttrest Oraniemi da t\u00e2\u00e2vast \u01e8ee\u02b9mm-Sompio da T\u00e2\u02b9vv-Salla paal\u01e5\u00e2skoo\u02b9ddivui\u02b9m.<\/p>\n<p>Paal\u01e5\u00e2sk\u00e5\u00e5\u02b9dd vuu\u02b9dest 36,1 % lie riikkj\u00e2nnam da 63,9 % privattj\u00e2nnam.. Oulanka meerme\u00e4\u02b9cc lij vue\u02b9zzi paal\u01e5\u00e2sk\u00e5\u00e5\u02b9dd vuu\u02b9dest. Sallatunturi \u010du\u00f5igg\u00e2mk\u00f5\u00f5sk\u00f5s lij paal\u01e5\u00e2sk\u00e5\u00e5\u02b9dd vuu\u02b9dest-<\/p>\n<p>Paal\u01e5\u00e2sk\u00e5\u00e5\u02b9dd vuu\u02b9dest lie \u01e9iidd\u00f5s \u00e4\u00e4id le\u0161a se\u02b9rddem\u00e4\u00e4id lie p\u00e2i t\u00e4\u00e4u\u02b9jben \u00e2\u00e2\u02b9nnmest. Aazzt\u00f5\u00f5zz lij j\u00e4\u00e4nm\u00f5s\u00e2n Salla ceerkavsiid\u00e2st da ju\u00e2kkj\u00e2\u00e2vv mu\u0111oi t\u00e4\u00e4\u02b9sspe\u00e4lls\u00e2nji m\u00e4\u014bggan \u010d\u00e5rrsiid k\u00f5\u00f5sk.<\/p>\n<p>&nbsp;<\/p>\n<p>&nbsp;<\/p>\n","protected":false},"excerpt":{"rendered":"<p>Salla Pu\u00e4\u0292\u0292ee\u02b9\u017e\u017eed: Mursu Sami Te\u02b9lfon: 040 547 1397 Ne\u02b9ttp\u00e5\u00e5\u02b9\u0161t: &#115;&#97;&#x6c;l&#97;&#x6e;&#x70;l&#107;&#x32;&#x34;&#64;&#103;&#x6d;&#x61;i&#108;&#x2e;&#x63;o&#109; Dommk\u00e5\u02b9dd: Salla Vu\u02b9vdd\u0161orr\u00e2dvu\u00f5tt: 4 378,0 km2 \u0160uurm\u00f5s l\u00e5\u00e5vla\u017e pu\u00e4\u0292\u0292l\u00e5\u00e5kk: 5 300 Pu\u00e4\u0292\u0292vu\u00e4\u02b9msteei: 178 Salla paal\u01e5\u00e2sk\u00e5\u02b9dd kooll Salla mi\u00e2rkkpirr\u00f5\u02b9sse. Paal\u01e5\u00e2sk\u00e5\u02b9dd lij \u0161uurm\u00f5s vue\u02b9zzest Salla k\u00e5\u00e5\u02b9dd vuu\u02b9dest da u\u02b9cc vue\u02b9zz lie \u01e8ee\u02b9mmj\u00e4\u00e4u\u02b9r, Pelkosenniemi da Su\u00f5vvku\u00f5\u0161k koo\u02b9ddi vuu\u02b9dest. Paal\u01e5\u00e2sk\u00e5\u00e5\u02b9dd raajj lij nu\u00f5rttjest Ru\u00f5\u0161\u0161j\u00e2nnam v\u00e4\u02b9lddk\u00e5\u00e5\u02b9dd raaj\u00e2st. Saauj\u00e2st paal\u01e5\u00e2sk\u00e5\u00e5\u02b9dd raajj [&hellip;]<\/p>\n","protected":false},"author":1,"featured_media":0,"parent":420,"menu_order":24,"comment_status":"open","ping_status":"closed","template":"paliskuntasivut.php","meta":{"footnotes":""},"class_list":["post-1446","page","type-page","status-publish","hentry"],"aioseo_notices":[],"_links":{"self":[{"href":"https:\/\/paliskunnat.fi\/poh\/wp-json\/wp\/v2\/pages\/1446","targetHints":{"allow":["GET"]}}],"collection":[{"href":"https:\/\/paliskunnat.fi\/poh\/wp-json\/wp\/v2\/pages"}],"about":[{"href":"https:\/\/paliskunnat.fi\/poh\/wp-json\/wp\/v2\/types\/page"}],"author":[{"embeddable":true,"href":"https:\/\/paliskunnat.fi\/poh\/wp-json\/wp\/v2\/users\/1"}],"replies":[{"embeddable":true,"href":"https:\/\/paliskunnat.fi\/poh\/wp-json\/wp\/v2\/comments?post=1446"}],"version-history":[{"count":6,"href":"https:\/\/paliskunnat.fi\/poh\/wp-json\/wp\/v2\/pages\/1446\/revisions"}],"predecessor-version":[{"id":7200,"href":"https:\/\/paliskunnat.fi\/poh\/wp-json\/wp\/v2\/pages\/1446\/revisions\/7200"}],"up":[{"embeddable":true,"href":"https:\/\/paliskunnat.fi\/poh\/wp-json\/wp\/v2\/pages\/420"}],"wp:attachment":[{"href":"https:\/\/paliskunnat.fi\/poh\/wp-json\/wp\/v2\/media?parent=1446"}],"curies":[{"name":"wp","href":"https:\/\/api.w.org\/{rel}","templated":true}]}}