{"id":1449,"date":"2014-11-23T15:12:52","date_gmt":"2014-11-23T13:12:52","guid":{"rendered":"http:\/\/80.69.171.23\/py\/?page_id=1449"},"modified":"2024-05-31T14:14:34","modified_gmt":"2024-05-31T11:14:34","slug":"hirvasniemi","status":"publish","type":"page","link":"https:\/\/paliskunnat.fi\/poh\/paalgaskaadd\/paalgaskooddi_tead\/hirvasniemi\/","title":{"rendered":"25  Hirvasniemi"},"content":{"rendered":"<h2>Hirvasniemi<\/h2>\n<p>Pu\u00e4\u0292\u0292ee\u02b9\u017e\u017eed: Alaluusua Alpo<br \/>\nTe\u02b9lfon: 040 720 9385<br \/>\nNe\u02b9ttp\u00e5\u00e5\u02b9\u0161t: &#97;&#x6c;&#x70;o&#97;&#x6c;&#x61;l&#117;&#x75;s&#117;&#x61;&#x40;g&#109;&#x61;i&#108;&#x2e;&#x63;o&#109;<\/p>\n<p><a href=\"https:\/\/paliskunnat.fi\/py\/wp-content\/uploads\/2014\/11\/25_hirvasniemi.png\" rel=\"lightbox[1449]\"><img loading=\"lazy\" decoding=\"async\" class=\"alignnone wp-image-1501\" src=\"https:\/\/paliskunnat.fi\/py\/wp-content\/uploads\/2014\/11\/25_hirvasniemi.png\" alt=\"25 Hirvassniemi\" width=\"300\" height=\"387\" srcset=\"https:\/\/paliskunnat.fi\/poh\/wp-content\/uploads\/2014\/11\/25_hirvasniemi.png 776w, https:\/\/paliskunnat.fi\/poh\/wp-content\/uploads\/2014\/11\/25_hirvasniemi-233x300.png 233w, https:\/\/paliskunnat.fi\/poh\/wp-content\/uploads\/2014\/11\/25_hirvasniemi-768x990.png 768w\" sizes=\"auto, (max-width: 300px) 100vw, 300px\" \/><\/a><\/p>\n<table width=\"450\">\n<tbody>\n<tr>\n<td>Dommk\u00e5\u02b9dd:<\/td>\n<td>\u01e8ee\u02b9mmj\u00e4u\u02b9rr<\/td>\n<\/tr>\n<tr>\n<td>Vu\u02b9vdd\u0161orr\u00e2dvu\u00f5tt:<\/td>\n<td>1 925,9 km<sup>2<\/sup><\/td>\n<\/tr>\n<tr>\n<td>\u0160uurm\u00f5s l\u00e5\u00e5vla\u017e pu\u00e4\u0292\u0292l\u00e5\u00e5kk:<\/td>\n<td>2 300<\/td>\n<\/tr>\n<tr>\n<td>Pu\u00e4\u0292\u0292vu\u00e4\u02b9msteei:<\/td>\n<td>70<\/td>\n<\/tr>\n<\/tbody>\n<\/table>\n<p>Hirvasniemi paal\u01e5\u00e2sk\u00e5\u02b9dd kooll Salla mi\u00e2rkkpirr\u00f5\u02b9sse. Paal\u01e5\u00e2sk\u00e5\u02b9dd lij \u01e8ee\u02b9mmj\u00e4\u00e4u\u02b9r (n.65 %), Pelkosenniemi (n.25 %) da Su\u00f5vvku\u00f5\u0161k (n.10 %) koo\u02b9ddi vuu\u02b9dest. Paal\u01e5\u00e2sk\u00e5\u02b9dd rajjan vi\u00f5sttrest Pyh\u00e4-Kallio, t\u00e2\u00e2vast Oraniemi, nu\u00f5rttjest Salla di saauj\u00e2st Timisj\u00e4rvi paal\u01e5\u00e2skoo\u02b9ddid.<\/p>\n<p>Paal\u01e5\u00e2sk\u00e5\u00e5\u02b9dd vuu\u02b9dest 24,8 % lie riikkj\u00e2nnam da 75,2 % privattj\u00e2nnam. Meermie\u02b9cc le\u02b9be lu\u00e2ttmu\u00f5rrkardd\u00e2z jie paal\u01e5\u00e2sk\u00e5\u00e5\u02b9dd vuu\u02b9dest le\u00e4kku, jie ni poostaij\u00e2nnamvuu\u02b9d. Vu\u00e4\u02b9mm mie\u02b9cc da lu\u00e2ttmie\u02b9cc lie v\u00f5l Ottovaara \u010di\u00f5\u02b9ljest, k\u00e5\u00e5\u02b9tt kooll Natura su\u00f5jjlemvuu\u02b9did.<\/p>\n<p>Paal\u01e5\u00e2sk\u00e5\u00e5\u02b9dd v\u00e4\u00e4\u017enai pikal\u00f5sp\u00e4\u00e4i\u02b9\u01e9 lie Isokyl\u00e4, Soppela, Palomaa, Haukivaara da Seitavaara. Hanhivaarast lij \u01e9iidd\u00f5s \u00e4idd, koon \u00e2\u02b9nne \u01e9ie\u02b9ssmie\u02b9r\u01e9\u01e9umm\u0161in.<\/p>\n<p>V\u00e4\u02b9lddvue\u02b9ss paal\u01e5\u00e2sk\u00e5\u00e5\u02b9dd vue\u02b9ssnii\u02b9\u01e9\u01e9in j\u00e4lste siidin, kook lie Isokyl\u00e4, Kallaanvaara, Joutsij\u00e4rvi, Kostamo da Luusua. Soppelast j\u00e4lste nu\u02b9tt 80 % vue\u02b9ssnii\u02b9\u01e9\u01e9in.<\/p>\n<p>&nbsp;<\/p>\n<p>&nbsp;<\/p>\n","protected":false},"excerpt":{"rendered":"<p>Hirvasniemi Pu\u00e4\u0292\u0292ee\u02b9\u017e\u017eed: Alaluusua Alpo Te\u02b9lfon: 040 720 9385 Ne\u02b9ttp\u00e5\u00e5\u02b9\u0161t: &#x61;&#x6c;&#x70;&#x6f;&#x61;&#x6c;&#x61;&#x6c;&#x75;&#x75;&#x73;&#x75;&#x61;&#x40;&#x67;&#x6d;&#x61;&#x69;&#x6c;&#x2e;&#x63;&#x6f;&#x6d; Dommk\u00e5\u02b9dd: \u01e8ee\u02b9mmj\u00e4u\u02b9rr Vu\u02b9vdd\u0161orr\u00e2dvu\u00f5tt: 1 925,9 km2 \u0160uurm\u00f5s l\u00e5\u00e5vla\u017e pu\u00e4\u0292\u0292l\u00e5\u00e5kk: 2 300 Pu\u00e4\u0292\u0292vu\u00e4\u02b9msteei: 70 Hirvasniemi paal\u01e5\u00e2sk\u00e5\u02b9dd kooll Salla mi\u00e2rkkpirr\u00f5\u02b9sse. Paal\u01e5\u00e2sk\u00e5\u02b9dd lij \u01e8ee\u02b9mmj\u00e4\u00e4u\u02b9r (n.65 %), Pelkosenniemi (n.25 %) da Su\u00f5vvku\u00f5\u0161k (n.10 %) koo\u02b9ddi vuu\u02b9dest. Paal\u01e5\u00e2sk\u00e5\u02b9dd rajjan vi\u00f5sttrest Pyh\u00e4-Kallio, t\u00e2\u00e2vast Oraniemi, nu\u00f5rttjest Salla di saauj\u00e2st Timisj\u00e4rvi paal\u01e5\u00e2skoo\u02b9ddid. Paal\u01e5\u00e2sk\u00e5\u00e5\u02b9dd [&hellip;]<\/p>\n","protected":false},"author":1,"featured_media":0,"parent":420,"menu_order":25,"comment_status":"open","ping_status":"closed","template":"paliskuntasivut.php","meta":{"footnotes":""},"class_list":["post-1449","page","type-page","status-publish","hentry"],"aioseo_notices":[],"_links":{"self":[{"href":"https:\/\/paliskunnat.fi\/poh\/wp-json\/wp\/v2\/pages\/1449","targetHints":{"allow":["GET"]}}],"collection":[{"href":"https:\/\/paliskunnat.fi\/poh\/wp-json\/wp\/v2\/pages"}],"about":[{"href":"https:\/\/paliskunnat.fi\/poh\/wp-json\/wp\/v2\/types\/page"}],"author":[{"embeddable":true,"href":"https:\/\/paliskunnat.fi\/poh\/wp-json\/wp\/v2\/users\/1"}],"replies":[{"embeddable":true,"href":"https:\/\/paliskunnat.fi\/poh\/wp-json\/wp\/v2\/comments?post=1449"}],"version-history":[{"count":6,"href":"https:\/\/paliskunnat.fi\/poh\/wp-json\/wp\/v2\/pages\/1449\/revisions"}],"predecessor-version":[{"id":7162,"href":"https:\/\/paliskunnat.fi\/poh\/wp-json\/wp\/v2\/pages\/1449\/revisions\/7162"}],"up":[{"embeddable":true,"href":"https:\/\/paliskunnat.fi\/poh\/wp-json\/wp\/v2\/pages\/420"}],"wp:attachment":[{"href":"https:\/\/paliskunnat.fi\/poh\/wp-json\/wp\/v2\/media?parent=1449"}],"curies":[{"name":"wp","href":"https:\/\/api.w.org\/{rel}","templated":true}]}}