{"id":1451,"date":"2014-11-23T15:14:17","date_gmt":"2014-11-23T13:14:17","guid":{"rendered":"http:\/\/80.69.171.23\/py\/?page_id=1451"},"modified":"2023-06-07T15:46:00","modified_gmt":"2023-06-07T12:46:00","slug":"pyha-kallio","status":"publish","type":"page","link":"https:\/\/paliskunnat.fi\/poh\/paalgaskaadd\/paalgaskooddi_tead\/pyha-kallio\/","title":{"rendered":"26 Pyh\u00e4-Kallio"},"content":{"rendered":"<h2>Pyh\u00e4-Kallio<\/h2>\n<p>Pu\u00e4\u0292\u0292ee\u02b9\u017e\u017eed: Uutela Ky\u00f6sti<br \/>\nTe\u02b9lfon: 0400 132 161<br \/>\nNe\u02b9ttp\u00e5\u00e5\u02b9\u0161t: &#x6b;&#x79;&#x6f;&#x73;&#x74;&#x69;&#x2e;&#x75;&#x75;&#x74;&#x65;&#x6c;&#x61;&#x40;&#x68;&#x6f;&#x74;&#x6d;&#x61;&#x69;&#x6c;&#x2e;&#102;&#105;<\/p>\n<p><a href=\"https:\/\/paliskunnat.fi\/py\/wp-content\/uploads\/2014\/11\/26_pyha_kallio.png\" rel=\"lightbox[1451]\"><img loading=\"lazy\" decoding=\"async\" class=\"alignnone wp-image-1503\" src=\"https:\/\/paliskunnat.fi\/py\/wp-content\/uploads\/2014\/11\/26_pyha_kallio.png\" alt=\"26_pyha_kallio\" width=\"300\" height=\"387\" srcset=\"https:\/\/paliskunnat.fi\/poh\/wp-content\/uploads\/2014\/11\/26_pyha_kallio.png 776w, https:\/\/paliskunnat.fi\/poh\/wp-content\/uploads\/2014\/11\/26_pyha_kallio-233x300.png 233w, https:\/\/paliskunnat.fi\/poh\/wp-content\/uploads\/2014\/11\/26_pyha_kallio-768x990.png 768w\" sizes=\"auto, (max-width: 300px) 100vw, 300px\" \/><\/a><\/p>\n<table width=\"450\">\n<tbody>\n<tr>\n<td>Dommk\u00e5\u02b9dd:<\/td>\n<td>\u01e8ee\u02b9mmj\u00e4u\u02b9rr<\/td>\n<\/tr>\n<tr>\n<td>Vu\u02b9vdd\u0161orr\u00e2dvu\u00f5tt:<\/td>\n<td>3 976,7 km<sup>2<\/sup><\/td>\n<\/tr>\n<tr>\n<td>\u0160uurm\u00f5s l\u00e5\u00e5vla\u017e pu\u00e4\u0292\u0292l\u00e5\u00e5kk:<\/td>\n<td>6 500<\/td>\n<\/tr>\n<tr>\n<td>Pu\u00e4\u0292\u0292vu\u00e4\u02b9msteei:<\/td>\n<td>139<\/td>\n<\/tr>\n<\/tbody>\n<\/table>\n<p>Pyh\u00e4-Kallio paal\u01e5\u00e2sk\u00e5\u02b9dd lij Ru\u00e4\u02b9vnjaar\u01e5, \u01e8ee\u02b9mmj\u00e4\u00e4u\u02b9r, Su\u00e4\u02b9\u0111jel da Pelkosenniemi koo\u02b9ddi vuu\u02b9dest. T\u00e2\u00e2vast paal\u01e5\u00e2sk\u00e5\u02b9dd rajjan Oraniemi, nu\u00f5rttjest Hirvasniemi, saauj\u00e2st Vanttaus da Timisj\u00e4rvi paal\u01e5\u00e2skoo\u02b9ddid, vi\u00f5sttrest Poikaj\u00e4rvi da Syv\u00e4j\u00e4rvi paal\u01e5\u00e2skoo\u02b9ddid.<\/p>\n<p>Paal\u01e5\u00e2sk\u00e5\u00e5\u02b9dd vuu\u02b9dest 55,0 % lie riikkj\u00e2nnam da 45,0 % privattj\u00e2nnam. Rovaj\u00e4rvi p\u00e4\u00e4\u010d\u010damvu\u02b9vdd, Pyh\u00e4-Luosto meerme\u00e4\u02b9cc di Pyh\u00e4 da Luosto maatk\u010demk\u00f5\u00f5sk\u00f5\u00f5zz lie paal\u01e5\u00e2sk\u00e5\u00e5\u02b9dd vuu\u02b9dest.<\/p>\n<p>Paal\u01e5\u00e2sk\u00e5\u00e5\u02b9ddest lij \u0161i\u00f5\u01e5\u01e5 \u00e4iddne\u02b9tt, ko\u02b9st lie nu\u02b9tt 40 \u00e4iddad. Paal\u01e5\u00e2sk\u00e5\u00e5\u02b9ddest lij k\u00f5skkmie\u02b9rin \u00f5htt \u00e4idd \/ 100 \u01e9m<sup>2<\/sup>.<\/p>\n<p>Mi\u00e2rkteei aazzt\u00f5sk\u00f5\u00f5sk\u00f5\u00f5zz lie \u01e8ee\u02b9mmj\u00e4\u00e4u\u02b9r g\u00e5\u00e5rad da Pelkosenniemi ceerkavsijdd. Paal\u01e5\u00e2sk\u00e5\u00e5\u02b9dd vuu\u02b9dest lie ji\u00e2nnai u\u02b9cc siid. Pu\u00e4\u0292\u0292oummu j\u00e4lste pirr paal\u01e5\u00e2sk\u00e5\u00e5\u02b9dd vuu\u02b9d.<\/p>\n<p>&nbsp;<\/p>\n","protected":false},"excerpt":{"rendered":"<p>Pyh\u00e4-Kallio Pu\u00e4\u0292\u0292ee\u02b9\u017e\u017eed: Uutela Ky\u00f6sti Te\u02b9lfon: 0400 132 161 Ne\u02b9ttp\u00e5\u00e5\u02b9\u0161t: &#x6b;&#x79;&#x6f;&#x73;&#x74;&#x69;&#x2e;&#x75;&#x75;&#x74;&#x65;&#108;&#97;&#64;&#104;&#111;&#116;&#109;ail&#46;fi Dommk\u00e5\u02b9dd: \u01e8ee\u02b9mmj\u00e4u\u02b9rr Vu\u02b9vdd\u0161orr\u00e2dvu\u00f5tt: 3 976,7 km2 \u0160uurm\u00f5s l\u00e5\u00e5vla\u017e pu\u00e4\u0292\u0292l\u00e5\u00e5kk: 6 500 Pu\u00e4\u0292\u0292vu\u00e4\u02b9msteei: 139 Pyh\u00e4-Kallio paal\u01e5\u00e2sk\u00e5\u02b9dd lij Ru\u00e4\u02b9vnjaar\u01e5, \u01e8ee\u02b9mmj\u00e4\u00e4u\u02b9r, Su\u00e4\u02b9\u0111jel da Pelkosenniemi koo\u02b9ddi vuu\u02b9dest. T\u00e2\u00e2vast paal\u01e5\u00e2sk\u00e5\u02b9dd rajjan Oraniemi, nu\u00f5rttjest Hirvasniemi, saauj\u00e2st Vanttaus da Timisj\u00e4rvi paal\u01e5\u00e2skoo\u02b9ddid, vi\u00f5sttrest Poikaj\u00e4rvi da Syv\u00e4j\u00e4rvi paal\u01e5\u00e2skoo\u02b9ddid. Paal\u01e5\u00e2sk\u00e5\u00e5\u02b9dd vuu\u02b9dest 55,0 % lie riikkj\u00e2nnam [&hellip;]<\/p>\n","protected":false},"author":1,"featured_media":0,"parent":420,"menu_order":26,"comment_status":"open","ping_status":"closed","template":"paliskuntasivut.php","meta":{"footnotes":""},"class_list":["post-1451","page","type-page","status-publish","hentry"],"aioseo_notices":[],"_links":{"self":[{"href":"https:\/\/paliskunnat.fi\/poh\/wp-json\/wp\/v2\/pages\/1451","targetHints":{"allow":["GET"]}}],"collection":[{"href":"https:\/\/paliskunnat.fi\/poh\/wp-json\/wp\/v2\/pages"}],"about":[{"href":"https:\/\/paliskunnat.fi\/poh\/wp-json\/wp\/v2\/types\/page"}],"author":[{"embeddable":true,"href":"https:\/\/paliskunnat.fi\/poh\/wp-json\/wp\/v2\/users\/1"}],"replies":[{"embeddable":true,"href":"https:\/\/paliskunnat.fi\/poh\/wp-json\/wp\/v2\/comments?post=1451"}],"version-history":[{"count":5,"href":"https:\/\/paliskunnat.fi\/poh\/wp-json\/wp\/v2\/pages\/1451\/revisions"}],"predecessor-version":[{"id":7057,"href":"https:\/\/paliskunnat.fi\/poh\/wp-json\/wp\/v2\/pages\/1451\/revisions\/7057"}],"up":[{"embeddable":true,"href":"https:\/\/paliskunnat.fi\/poh\/wp-json\/wp\/v2\/pages\/420"}],"wp:attachment":[{"href":"https:\/\/paliskunnat.fi\/poh\/wp-json\/wp\/v2\/media?parent=1451"}],"curies":[{"name":"wp","href":"https:\/\/api.w.org\/{rel}","templated":true}]}}