{"id":1453,"date":"2014-11-23T15:15:45","date_gmt":"2014-11-23T13:15:45","guid":{"rendered":"http:\/\/80.69.171.23\/py\/?page_id=1453"},"modified":"2023-06-07T15:46:37","modified_gmt":"2023-06-07T12:46:37","slug":"vanttaus","status":"publish","type":"page","link":"https:\/\/paliskunnat.fi\/poh\/paalgaskaadd\/paalgaskooddi_tead\/vanttaus\/","title":{"rendered":"27 Vanttaus"},"content":{"rendered":"<h2>Vanttaus<\/h2>\n<p>Pu\u00e4\u0292\u0292ee\u02b9\u017e\u017eed: Karvonen Seppo<br \/>\nTe\u02b9lfon: 040 \u00a0741 1969<br \/>\nNe\u02b9ttp\u00e5\u00e5\u02b9\u0161t: kar&#118;&#111;&#110;&#x65;&#x6e;&#x73;&#x65;&#x70;&#x70;o64&#64;&#103;&#109;&#97;&#x69;&#x6c;&#x2e;&#x63;&#x6f;&#x6d;<\/p>\n<p><a href=\"https:\/\/paliskunnat.fi\/py\/wp-content\/uploads\/2014\/11\/27_vanttaus.png\" rel=\"lightbox[1453]\"><img loading=\"lazy\" decoding=\"async\" class=\"alignnone wp-image-1505\" src=\"https:\/\/paliskunnat.fi\/py\/wp-content\/uploads\/2014\/11\/27_vanttaus.png\" alt=\"27 Vanttaus\" width=\"300\" height=\"387\" srcset=\"https:\/\/paliskunnat.fi\/poh\/wp-content\/uploads\/2014\/11\/27_vanttaus.png 776w, https:\/\/paliskunnat.fi\/poh\/wp-content\/uploads\/2014\/11\/27_vanttaus-233x300.png 233w, https:\/\/paliskunnat.fi\/poh\/wp-content\/uploads\/2014\/11\/27_vanttaus-768x990.png 768w\" sizes=\"auto, (max-width: 300px) 100vw, 300px\" \/><\/a><\/p>\n<table width=\"450\">\n<tbody>\n<tr>\n<td>Dommk\u00e5\u02b9dd:<\/td>\n<td>Ru\u00e4\u02b9vnjargg<\/td>\n<\/tr>\n<tr>\n<td>Vu\u02b9vdd\u0161orr\u00e2dvu\u00f5tt:<\/td>\n<td>793,1 km<sup>2<\/sup><\/td>\n<\/tr>\n<tr>\n<td>\u0160uurm\u00f5s l\u00e5\u00e5vla\u017e pu\u00e4\u0292\u0292l\u00e5\u00e5kk:<\/td>\n<td>1 200<\/td>\n<\/tr>\n<tr>\n<td>Pu\u00e4\u0292\u0292vu\u00e4\u02b9msteei:<\/td>\n<td>21<\/td>\n<\/tr>\n<\/tbody>\n<\/table>\n<p>Vanttaus paal\u01e5\u00e2sk\u00e5\u02b9dd kooll Raudanjoki mi\u00e2rkkpirr\u00f5\u02b9sse. Paal\u01e5\u00e2sk\u00e5\u02b9dd lij Ru\u00e4\u02b9vnjaar\u01e5 g\u00e5\u00e5rad oo\u02b9bbdne\u01e9vue\u02b9zzest. Paal\u01e5\u00e2sk\u00e5\u02b9dd rajjan t\u00e2\u00e2vast Pyh\u00e4-Kallio, nu\u00f5rttjest Timisj\u00e4rvi, saauj\u00e2st Niemel\u00e4 da Narkaus da vi\u00f5sttrest Poikaj\u00e4rvi paal\u01e5\u00e2skoo\u02b9ddid.<\/p>\n<p>Paal\u01e5\u00e2sk\u00e5\u00e5\u02b9dd vuu\u02b9dest 50,8 % lie riikkj\u00e2nnam da 49,2 % privattj\u00e2nnam. Paal\u01e5\u00e2sk\u00e5\u00e5\u02b9dd vuu\u02b9dest ij le\u00e4kku l\u00e2u\u02b9\u014b\u014bpuu\u02b9t\u02bctummu\u017e, le\u0161a vuu\u02b9d j\u00f5nn m\u00e4ddt\u00e4\u00e4l r\u00e4\u00e4\u02b9jte pu\u00f5cci palgg\u00e2m- da ku\u00e4ivvamvuu\u02b9did. Palggsest jie le\u00e4kku c\u00f5gg\u00e2m\u00e4\u00e4id le\u02b9be ku\u00e4ivvam- da palgg\u00e2mpaai\u02b9\u01e9i k\u00f5skk\u00e4\u00e4id. Pikal\u00f5s\u00e4iddp\u00e4\u00e4i\u02b9\u01e9 lie \u00e2\u00e2\u02b9nnmest kutt. Paal\u01e5\u00e2sk\u00e5\u00e5\u02b9dd pu\u00e4\u0292\u0292oummu j\u00e4lste j\u00e4\u00e4nm\u00f5s\u00e2n \u01e8ee\u02b9mmjokkvaard\u00e2st. \u010c\u00f5kkp\u00e4\u00e4i\u02b9\u01e9est j\u00e4lsteei pu\u00e4\u0292\u0292oummu lie mue\u02b9dd.<\/p>\n<p>&nbsp;<\/p>\n","protected":false},"excerpt":{"rendered":"<p>Vanttaus Pu\u00e4\u0292\u0292ee\u02b9\u017e\u017eed: Karvonen Seppo Te\u02b9lfon: 040 \u00a0741 1969 Ne\u02b9ttp\u00e5\u00e5\u02b9\u0161t: ka&#114;&#118;&#x6f;&#x6e;&#x65;&#x6e;se&#112;&#112;&#x6f;&#x36;&#x34;&#x40;gm&#97;&#105;&#108;&#x2e;&#x63;&#x6f;&#x6d; Dommk\u00e5\u02b9dd: Ru\u00e4\u02b9vnjargg Vu\u02b9vdd\u0161orr\u00e2dvu\u00f5tt: 793,1 km2 \u0160uurm\u00f5s l\u00e5\u00e5vla\u017e pu\u00e4\u0292\u0292l\u00e5\u00e5kk: 1 200 Pu\u00e4\u0292\u0292vu\u00e4\u02b9msteei: 21 Vanttaus paal\u01e5\u00e2sk\u00e5\u02b9dd kooll Raudanjoki mi\u00e2rkkpirr\u00f5\u02b9sse. Paal\u01e5\u00e2sk\u00e5\u02b9dd lij Ru\u00e4\u02b9vnjaar\u01e5 g\u00e5\u00e5rad oo\u02b9bbdne\u01e9vue\u02b9zzest. Paal\u01e5\u00e2sk\u00e5\u02b9dd rajjan t\u00e2\u00e2vast Pyh\u00e4-Kallio, nu\u00f5rttjest Timisj\u00e4rvi, saauj\u00e2st Niemel\u00e4 da Narkaus da vi\u00f5sttrest Poikaj\u00e4rvi paal\u01e5\u00e2skoo\u02b9ddid. Paal\u01e5\u00e2sk\u00e5\u00e5\u02b9dd vuu\u02b9dest 50,8 % lie riikkj\u00e2nnam da 49,2 % [&hellip;]<\/p>\n","protected":false},"author":1,"featured_media":0,"parent":420,"menu_order":27,"comment_status":"open","ping_status":"closed","template":"paliskuntasivut.php","meta":{"footnotes":""},"class_list":["post-1453","page","type-page","status-publish","hentry"],"aioseo_notices":[],"_links":{"self":[{"href":"https:\/\/paliskunnat.fi\/poh\/wp-json\/wp\/v2\/pages\/1453","targetHints":{"allow":["GET"]}}],"collection":[{"href":"https:\/\/paliskunnat.fi\/poh\/wp-json\/wp\/v2\/pages"}],"about":[{"href":"https:\/\/paliskunnat.fi\/poh\/wp-json\/wp\/v2\/types\/page"}],"author":[{"embeddable":true,"href":"https:\/\/paliskunnat.fi\/poh\/wp-json\/wp\/v2\/users\/1"}],"replies":[{"embeddable":true,"href":"https:\/\/paliskunnat.fi\/poh\/wp-json\/wp\/v2\/comments?post=1453"}],"version-history":[{"count":5,"href":"https:\/\/paliskunnat.fi\/poh\/wp-json\/wp\/v2\/pages\/1453\/revisions"}],"predecessor-version":[{"id":7058,"href":"https:\/\/paliskunnat.fi\/poh\/wp-json\/wp\/v2\/pages\/1453\/revisions\/7058"}],"up":[{"embeddable":true,"href":"https:\/\/paliskunnat.fi\/poh\/wp-json\/wp\/v2\/pages\/420"}],"wp:attachment":[{"href":"https:\/\/paliskunnat.fi\/poh\/wp-json\/wp\/v2\/media?parent=1453"}],"curies":[{"name":"wp","href":"https:\/\/api.w.org\/{rel}","templated":true}]}}