{"id":1456,"date":"2014-11-23T15:17:25","date_gmt":"2014-11-23T13:17:25","guid":{"rendered":"http:\/\/80.69.171.23\/py\/?page_id=1456"},"modified":"2023-06-07T16:12:33","modified_gmt":"2023-06-07T13:12:33","slug":"poikajarvi","status":"publish","type":"page","link":"https:\/\/paliskunnat.fi\/poh\/paalgaskaadd\/paalgaskooddi_tead\/poikajarvi\/","title":{"rendered":"28 Poikaj\u00e4rvi"},"content":{"rendered":"<h2>Poikaj\u00e4rvi<\/h2>\n<p>Pu\u00e4\u0292\u0292ee\u02b9\u017e\u017eed: Mustonen Janne<br \/>\nTe\u02b9lfon: 040 127 8990<br \/>\nNe\u02b9ttp\u00e5\u00e5\u02b9\u0161t: po&#105;&#107;&#97;&#x6a;&#x61;&#x72;&#x76;en&#112;&#108;&#107;&#x40;&#x67;&#x6d;&#x61;il&#46;&#99;&#111;&#x6d;<\/p>\n<p><a href=\"https:\/\/paliskunnat.fi\/py\/wp-content\/uploads\/2014\/11\/28_poikajarvi1.png\" rel=\"lightbox[1456]\"><img loading=\"lazy\" decoding=\"async\" class=\"alignnone wp-image-1509\" src=\"https:\/\/paliskunnat.fi\/py\/wp-content\/uploads\/2014\/11\/28_poikajarvi1.png\" alt=\"28_poikajarvi\" width=\"300\" height=\"387\" srcset=\"https:\/\/paliskunnat.fi\/poh\/wp-content\/uploads\/2014\/11\/28_poikajarvi1.png 776w, https:\/\/paliskunnat.fi\/poh\/wp-content\/uploads\/2014\/11\/28_poikajarvi1-233x300.png 233w, https:\/\/paliskunnat.fi\/poh\/wp-content\/uploads\/2014\/11\/28_poikajarvi1-768x990.png 768w\" sizes=\"auto, (max-width: 300px) 100vw, 300px\" \/><\/a><\/p>\n<table width=\"450\">\n<tbody>\n<tr>\n<td>Dommk\u00e5\u02b9dd:<\/td>\n<td>Ru\u00e4\u02b9vnjargg<\/td>\n<\/tr>\n<tr>\n<td>Vu\u02b9vdd\u0161orr\u00e2dvu\u00f5tt:<\/td>\n<td>2 536,0 km<sup>2<\/sup><\/td>\n<\/tr>\n<tr>\n<td>\u0160uurm\u00f5s l\u00e5\u00e5vla\u017e pu\u00e4\u0292\u0292l\u00e5\u00e5kk:<\/td>\n<td>4 600<\/td>\n<\/tr>\n<tr>\n<td>Pu\u00e4\u0292\u0292vu\u00e4\u02b9msteei:<\/td>\n<td>96<\/td>\n<\/tr>\n<\/tbody>\n<\/table>\n<p>Poikaj\u00e4rvi paal\u01e5\u00e2sk\u00e5\u02b9dd kooll Raudanjoki mi\u00e2rkkpirr\u00f5\u02b9sse. Paal\u01e5\u00e2sk\u00e5\u02b9dd lij Ru\u00e4\u02b9vnjaar\u01e5 t\u00e2\u02b9vv-vue\u02b9zzest. Paal\u01e5\u00e2sk\u00e5\u02b9dd rajjan t\u00e2\u00e2vast Alakyl\u00e4 da Syv\u00e4j\u00e4rvi, nu\u00f5rttjest Pyh\u00e4-Kallio, oo\u02b9bbdnee\u02b9\u01e9\u01e9est Vanttaus, saauj\u00e2st Narkaus da vi\u00f5sttrest Paloj\u00e4rvi da J\u00e4\u00e4sk\u00f6 paal\u01e5\u00e2skoo\u02b9ddid.<\/p>\n<p>Paal\u01e5\u00e2sk\u00e5\u00e5\u02b9dd vuu\u02b9dest 60,1 % lie riikkj\u00e2nnam da 39,9 % privattj\u00e2nnam. Paal\u01e5\u00e2sk\u00e5\u00e5\u02b9dd vuu\u02b9d raajat Ounasjokk, koon vaard ko\u02b9lle Natura 2000 -voudda. Paal\u01e5\u00e2sk\u00e5\u00e5\u02b9dd r\u00e2\u00e2st j\u00e5\u00e5tt v\u00e4\u02b9ldd\u010du\u00e2\u01e5\u01e5as 4, ko\u02b9st lij ji\u00e2nnai j\u00e5\u00e5ttl\u00f5\u00f5\u01e5\u01e5 da \u0161\u00e2\u02b9dde ji\u00e2nnai pu\u00e4\u0292\u0292p\u00e4\u00e4\u02b9rt. Someroharju prizoovk\u00e5\u02b9ddvu\u02b9vdd da jarplaan\u01e9e\u02b9dd lie paal\u01e5\u00e2sk\u00e5\u00e5\u02b9dd vuu\u02b9dest.<\/p>\n<p>Paal\u01e5\u00e2sk\u00e5\u00e5\u02b9dd vuu\u02b9dest lie nu\u02b9tt 30 pu\u00f5cci \u01e9i\u00f5tt\u02bct\u00f5\u00f5ll\u00e2m v\u00e4\u00e4ras jurddum \u00e4\u00e4id. Mie\u02b9rr lij pu\u00e4\u0292\u0292h\u00e5iddvuu\u02b9d \u00f5htt \u0161uurm\u00f5s mie\u02b9rin. Paal\u01e5\u00e2sk\u00e5\u00e5\u02b9ddest jie le\u00e4kku c\u00f5gg\u00e2m\u00e4\u00e4id le\u02b9be ku\u00e4ivvam- da palgg\u00e2mpaai\u02b9\u01e9i k\u00f5skk\u00e4\u00e4id.<\/p>\n<p>Paal\u01e5\u00e2sk\u00e5\u02b9dd lij vue\u02b9zzi Ru\u00e4\u02b9vnjaar\u01e5 g\u00e5\u00e5rad \u010d\u00f5kkp\u00e4i\u02b9\u01e9\u01e9vuu\u02b9dest. Vue\u02b9ssnee\u02b9\u01e9\u01e9 j\u00e4lste t\u00e4\u00e4\u02b9sspe\u00e4lls\u00e2nji pirr paal\u01e5\u00e2sk\u00e5\u00e5\u02b9dd. S\u00f5rgg puk vue\u02b9ssnee\u02b9\u01e9\u01e9 lie m\u00e4ddvu\u00e4\u02b9msteei. T\u00e4\u00e4l lie ju\u02b9n-a m\u00e4ddt\u00e4\u00e4l le\u02b9be me\u00e4\u02b9cct\u00e4\u00e4l.<\/p>\n<p>&nbsp;<\/p>\n<p><!--more--><\/p>\n<h2>Pikal\u00f5s 10\/2013<\/h2>\n<p>Poikaj\u00e4rvi paal\u01e5\u00e2sk\u00e5\u00e5\u02b9dd \u010d\u00f5\u00f5u\u010d vu\u00f5ssm\u00f5s pikal\u00f5s Hietaselk\u00e4 \u00e4\u00e4id \u00e5\u02b9rnn 7.10.2013 (<a href=\"https:\/\/www.youtube.com\/watch?v=oHAvC1MhwdA\"><strong>Youtube<\/strong><\/a>). \u00d5lmst\u00f5ttum 10\/2013.<\/p>\n<h2>Pikal\u00f5s Hietaselk\u00e4st 10\/2014<\/h2>\n<p>Pikal\u00f5s Hietaselk\u00e4st 13.10.2014 (<a href=\"https:\/\/www.youtube.com\/watch?v=7ryyGXJ3bN0\"><strong>Youtube<\/strong><\/a>). \u00d5lmst\u00f5ttum 10\/2014.<\/p>\n<p>&nbsp;<\/p>\n<p>&nbsp;<\/p>\n","protected":false},"excerpt":{"rendered":"<p>Poikaj\u00e4rvi Pu\u00e4\u0292\u0292ee\u02b9\u017e\u017eed: Mustonen Janne Te\u02b9lfon: 040 127 8990 Ne\u02b9ttp\u00e5\u00e5\u02b9\u0161t: &#112;&#x6f;&#x69;k&#97;&#x6a;a&#114;&#x76;&#x65;&#110;&#x70;&#x6c;k&#64;&#x67;m&#97;&#x69;&#x6c;&#46;&#x63;&#x6f;m Dommk\u00e5\u02b9dd: Ru\u00e4\u02b9vnjargg Vu\u02b9vdd\u0161orr\u00e2dvu\u00f5tt: 2 536,0 km2 \u0160uurm\u00f5s l\u00e5\u00e5vla\u017e pu\u00e4\u0292\u0292l\u00e5\u00e5kk: 4 600 Pu\u00e4\u0292\u0292vu\u00e4\u02b9msteei: 96 Poikaj\u00e4rvi paal\u01e5\u00e2sk\u00e5\u02b9dd kooll Raudanjoki mi\u00e2rkkpirr\u00f5\u02b9sse. Paal\u01e5\u00e2sk\u00e5\u02b9dd lij Ru\u00e4\u02b9vnjaar\u01e5 t\u00e2\u02b9vv-vue\u02b9zzest. Paal\u01e5\u00e2sk\u00e5\u02b9dd rajjan t\u00e2\u00e2vast Alakyl\u00e4 da Syv\u00e4j\u00e4rvi, nu\u00f5rttjest Pyh\u00e4-Kallio, oo\u02b9bbdnee\u02b9\u01e9\u01e9est Vanttaus, saauj\u00e2st Narkaus da vi\u00f5sttrest Paloj\u00e4rvi da J\u00e4\u00e4sk\u00f6 paal\u01e5\u00e2skoo\u02b9ddid. Paal\u01e5\u00e2sk\u00e5\u00e5\u02b9dd vuu\u02b9dest 60,1 % lie [&hellip;]<\/p>\n","protected":false},"author":1,"featured_media":0,"parent":420,"menu_order":28,"comment_status":"open","ping_status":"closed","template":"paliskuntasivut.php","meta":{"footnotes":""},"class_list":["post-1456","page","type-page","status-publish","hentry"],"aioseo_notices":[],"_links":{"self":[{"href":"https:\/\/paliskunnat.fi\/poh\/wp-json\/wp\/v2\/pages\/1456","targetHints":{"allow":["GET"]}}],"collection":[{"href":"https:\/\/paliskunnat.fi\/poh\/wp-json\/wp\/v2\/pages"}],"about":[{"href":"https:\/\/paliskunnat.fi\/poh\/wp-json\/wp\/v2\/types\/page"}],"author":[{"embeddable":true,"href":"https:\/\/paliskunnat.fi\/poh\/wp-json\/wp\/v2\/users\/1"}],"replies":[{"embeddable":true,"href":"https:\/\/paliskunnat.fi\/poh\/wp-json\/wp\/v2\/comments?post=1456"}],"version-history":[{"count":6,"href":"https:\/\/paliskunnat.fi\/poh\/wp-json\/wp\/v2\/pages\/1456\/revisions"}],"predecessor-version":[{"id":7092,"href":"https:\/\/paliskunnat.fi\/poh\/wp-json\/wp\/v2\/pages\/1456\/revisions\/7092"}],"up":[{"embeddable":true,"href":"https:\/\/paliskunnat.fi\/poh\/wp-json\/wp\/v2\/pages\/420"}],"wp:attachment":[{"href":"https:\/\/paliskunnat.fi\/poh\/wp-json\/wp\/v2\/media?parent=1456"}],"curies":[{"name":"wp","href":"https:\/\/api.w.org\/{rel}","templated":true}]}}