{"id":1458,"date":"2014-11-23T15:18:35","date_gmt":"2014-11-23T13:18:35","guid":{"rendered":"http:\/\/80.69.171.23\/py\/?page_id=1458"},"modified":"2023-06-07T16:11:43","modified_gmt":"2023-06-07T13:11:43","slug":"lohijarvi","status":"publish","type":"page","link":"https:\/\/paliskunnat.fi\/poh\/paalgaskaadd\/paalgaskooddi_tead\/lohijarvi\/","title":{"rendered":"29 Lohij\u00e4rvi"},"content":{"rendered":"<h2>Lohij\u00e4rvi<\/h2>\n<p>Pu\u00e4\u0292\u0292ee\u02b9\u017e\u017eed: Holster Matti<br \/>\nTe\u02b9lfon: 040 732 8773<br \/>\nNe\u02b9ttp\u00e5\u00e5\u02b9\u0161t: &#x6d;a&#x74;&#116;i&#x2e;&#104;&#x6f;&#x6c;s&#x74;&#101;r&#x40;&#103;&#x6d;&#97;i&#x6c;&#46;c&#x6f;&#109;<\/p>\n<p><a href=\"https:\/\/paliskunnat.fi\/py\/wp-content\/uploads\/2014\/11\/29_lohijarvi.png\" rel=\"lightbox[1458]\"><img loading=\"lazy\" decoding=\"async\" class=\"alignnone wp-image-1512\" src=\"https:\/\/paliskunnat.fi\/py\/wp-content\/uploads\/2014\/11\/29_lohijarvi.png\" alt=\"29_lohijarvi\" width=\"300\" height=\"387\" srcset=\"https:\/\/paliskunnat.fi\/poh\/wp-content\/uploads\/2014\/11\/29_lohijarvi.png 776w, https:\/\/paliskunnat.fi\/poh\/wp-content\/uploads\/2014\/11\/29_lohijarvi-233x300.png 233w, https:\/\/paliskunnat.fi\/poh\/wp-content\/uploads\/2014\/11\/29_lohijarvi-768x990.png 768w\" sizes=\"auto, (max-width: 300px) 100vw, 300px\" \/><\/a><\/p>\n<table width=\"450\">\n<tbody>\n<tr>\n<td>Dommk\u00e5\u02b9dd:<\/td>\n<td>P\u00e2\u02b9jjtornio<\/td>\n<\/tr>\n<tr>\n<td>Vu\u02b9vdd\u0161orr\u00e2dvu\u00f5tt:<\/td>\n<td>1 233,8 km<sup>2<\/sup><\/td>\n<\/tr>\n<tr>\n<td>\u0160uurm\u00f5s l\u00e5\u00e5vla\u017e pu\u00e4\u0292\u0292l\u00e5\u00e5kk:<\/td>\n<td>1 400<\/td>\n<\/tr>\n<tr>\n<td>Pu\u00e4\u0292\u0292vu\u00e4\u02b9msteei:<\/td>\n<td>48<\/td>\n<\/tr>\n<\/tbody>\n<\/table>\n<p>Lohij\u00e4rvi paal\u01e5\u00e2sk\u00e5\u02b9dd kooll vi\u00f5stt\u00e2r mi\u00e2rkkpirr\u00f5\u02b9sse. Paal\u01e5\u00e2sk\u00e5\u02b9dd lij v\u00e4\u02b9lddvue\u02b9zzest P\u00e2\u02b9jjtornio k\u00e5\u00e5\u02b9dd vuu\u02b9dest, u\u02b9cc vue\u02b9ss paal\u01e5\u00e2sk\u00e5\u00e5\u02b9dd t\u00e2\u02b9vv-vue\u02b9zzest lij Pello k\u00e5\u00e5\u02b9dd vuu\u02b9dest. Paal\u01e5\u00e2sk\u00e5\u02b9dd rajjan vi\u00f5sttrest v\u00e4\u02b9lddk\u00e5\u00e5\u02b9dd ra\u02b9jje, t\u00e2\u00e2vast Oraj\u00e4rvi, nu\u00f5rttjest Paloj\u00e4rvi paal\u01e5\u00e2skoo\u02b9ddid da saauj\u00e2st Tornio g\u00e5\u00e5rad ra\u02b9jje, k\u00e5\u00e5\u02b9tt lij pu\u00e4\u0292\u0292h\u00e5iddvuu\u02b9d raajj \u0161e.<\/p>\n<p>Lohij\u00e4rvi paal\u01e5\u00e2sk\u00e5\u02b9dd lij s\u00f5rgg obbnes privattvu\u00e4\u02b9mstumm\u0161est, t\u00e5\u02b9l\u01e9 m\u00e5ttam u\u02b9cc p\u00e5\u00e5\u0111ai vuu\u02b9d lie riikk vu\u00e4\u02b9mstumm\u0161est. Paal\u01e5\u00e2sk\u00e5\u00e5\u02b9dd vuu\u02b9dest 6,4 % lie riikkj\u00e2nnam da 93,6 % privattj\u00e2nnam. Paal\u01e5\u00e2sk\u00e5\u02b9dd tu\u00e5immai pu\u00e4\u0292\u0292h\u00e5iddvuu\u02b9d saujjraaj\u00e2st, ij-\u01e5a raaj\u00e2st le\u00e4kku \u00e4idd.<\/p>\n<p>Aazzt\u00f5s lij j\u00e4\u00e4nm\u00f5s\u00e2n P\u00e2\u02b9jjtornio ceerkavsiid\u00e2st da Lohij\u00e4rvi, Mellakoski da Portimoj\u00e4rvi vuu\u02b9din. Aazzt\u00f5\u00f5zz lij t\u00e4\u00e4\u02b9sspe\u00e4lls\u00e2nji paal\u01e5\u00e2sk\u00e5\u00e5\u02b9dd vuu\u02b9dest. Lohij\u00e4rvi paal\u01e5\u00e2sk\u00e5\u00e5\u02b9dd vue\u02b9ssnii\u02b9\u01e9\u01e9in s\u00f5rgg ju\u00f5\u02b9\u01e9\u01e9\u02bckast lij m\u00e4ddt\u00e4\u00e4ll. V\u00e4\u02b9lddve\u00e4rla\u017e pu\u00e4\u0292\u0292t\u00e4\u00e4laid lij p\u00e2i \u00f5htt.<\/p>\n<p>&nbsp;<\/p>\n<p>&nbsp;<\/p>\n","protected":false},"excerpt":{"rendered":"<p>Lohij\u00e4rvi Pu\u00e4\u0292\u0292ee\u02b9\u017e\u017eed: Holster Matti Te\u02b9lfon: 040 732 8773 Ne\u02b9ttp\u00e5\u00e5\u02b9\u0161t: m&#97;&#116;&#x74;&#x69;&#x2e;h&#111;&#108;&#x73;&#x74;&#x65;r&#64;&#103;&#x6d;&#x61;&#x69;l&#46;&#99;&#111;&#x6d; Dommk\u00e5\u02b9dd: P\u00e2\u02b9jjtornio Vu\u02b9vdd\u0161orr\u00e2dvu\u00f5tt: 1 233,8 km2 \u0160uurm\u00f5s l\u00e5\u00e5vla\u017e pu\u00e4\u0292\u0292l\u00e5\u00e5kk: 1 400 Pu\u00e4\u0292\u0292vu\u00e4\u02b9msteei: 48 Lohij\u00e4rvi paal\u01e5\u00e2sk\u00e5\u02b9dd kooll vi\u00f5stt\u00e2r mi\u00e2rkkpirr\u00f5\u02b9sse. Paal\u01e5\u00e2sk\u00e5\u02b9dd lij v\u00e4\u02b9lddvue\u02b9zzest P\u00e2\u02b9jjtornio k\u00e5\u00e5\u02b9dd vuu\u02b9dest, u\u02b9cc vue\u02b9ss paal\u01e5\u00e2sk\u00e5\u00e5\u02b9dd t\u00e2\u02b9vv-vue\u02b9zzest lij Pello k\u00e5\u00e5\u02b9dd vuu\u02b9dest. Paal\u01e5\u00e2sk\u00e5\u02b9dd rajjan vi\u00f5sttrest v\u00e4\u02b9lddk\u00e5\u00e5\u02b9dd ra\u02b9jje, t\u00e2\u00e2vast Oraj\u00e4rvi, nu\u00f5rttjest Paloj\u00e4rvi paal\u01e5\u00e2skoo\u02b9ddid da saauj\u00e2st Tornio [&hellip;]<\/p>\n","protected":false},"author":1,"featured_media":0,"parent":420,"menu_order":29,"comment_status":"open","ping_status":"closed","template":"paliskuntasivut.php","meta":{"footnotes":""},"class_list":["post-1458","page","type-page","status-publish","hentry"],"aioseo_notices":[],"_links":{"self":[{"href":"https:\/\/paliskunnat.fi\/poh\/wp-json\/wp\/v2\/pages\/1458","targetHints":{"allow":["GET"]}}],"collection":[{"href":"https:\/\/paliskunnat.fi\/poh\/wp-json\/wp\/v2\/pages"}],"about":[{"href":"https:\/\/paliskunnat.fi\/poh\/wp-json\/wp\/v2\/types\/page"}],"author":[{"embeddable":true,"href":"https:\/\/paliskunnat.fi\/poh\/wp-json\/wp\/v2\/users\/1"}],"replies":[{"embeddable":true,"href":"https:\/\/paliskunnat.fi\/poh\/wp-json\/wp\/v2\/comments?post=1458"}],"version-history":[{"count":6,"href":"https:\/\/paliskunnat.fi\/poh\/wp-json\/wp\/v2\/pages\/1458\/revisions"}],"predecessor-version":[{"id":7091,"href":"https:\/\/paliskunnat.fi\/poh\/wp-json\/wp\/v2\/pages\/1458\/revisions\/7091"}],"up":[{"embeddable":true,"href":"https:\/\/paliskunnat.fi\/poh\/wp-json\/wp\/v2\/pages\/420"}],"wp:attachment":[{"href":"https:\/\/paliskunnat.fi\/poh\/wp-json\/wp\/v2\/media?parent=1458"}],"curies":[{"name":"wp","href":"https:\/\/api.w.org\/{rel}","templated":true}]}}