{"id":1460,"date":"2014-11-23T15:19:40","date_gmt":"2014-11-23T13:19:40","guid":{"rendered":"http:\/\/80.69.171.23\/py\/?page_id=1460"},"modified":"2023-06-07T15:49:13","modified_gmt":"2023-06-07T12:49:13","slug":"palojarvi","status":"publish","type":"page","link":"https:\/\/paliskunnat.fi\/poh\/paalgaskaadd\/paalgaskooddi_tead\/palojarvi\/","title":{"rendered":"30 Paloj\u00e4rvi"},"content":{"rendered":"<h2>Paloj\u00e4rvi<\/h2>\n<p>Pu\u00e4\u0292\u0292ee\u02b9\u017e\u017eed: Vuolo Tapio<br \/>\nTe\u02b9lfon: 040 027 2555<br \/>\nNe\u02b9ttp\u00e5\u00e5\u02b9\u0161t:<\/p>\n<p><a href=\"https:\/\/paliskunnat.fi\/py\/wp-content\/uploads\/2014\/11\/30_palojarvi.png\" rel=\"lightbox[1460]\"><img loading=\"lazy\" decoding=\"async\" class=\"alignnone wp-image-1514\" src=\"https:\/\/paliskunnat.fi\/py\/wp-content\/uploads\/2014\/11\/30_palojarvi.png\" alt=\"30 Paloj\u00e4rvi\" width=\"300\" height=\"387\" srcset=\"https:\/\/paliskunnat.fi\/poh\/wp-content\/uploads\/2014\/11\/30_palojarvi.png 776w, https:\/\/paliskunnat.fi\/poh\/wp-content\/uploads\/2014\/11\/30_palojarvi-233x300.png 233w, https:\/\/paliskunnat.fi\/poh\/wp-content\/uploads\/2014\/11\/30_palojarvi-768x990.png 768w\" sizes=\"auto, (max-width: 300px) 100vw, 300px\" \/><\/a><\/p>\n<table width=\"450\">\n<tbody>\n<tr>\n<td>Dommk\u00e5\u02b9dd:<\/td>\n<td>Ru\u00e4\u02b9vnjargg<\/td>\n<\/tr>\n<tr>\n<td>Vu\u02b9vdd\u0161orr\u00e2dvu\u00f5tt:<\/td>\n<td>3 857,2 km<sup>2<\/sup><\/td>\n<\/tr>\n<tr>\n<td>\u0160uurm\u00f5s l\u00e5\u00e5vla\u017e pu\u00e4\u0292\u0292l\u00e5\u00e5kk:<\/td>\n<td>5 000<\/td>\n<\/tr>\n<tr>\n<td>Pu\u00e4\u0292\u0292vu\u00e4\u02b9msteei:<\/td>\n<td>178<\/td>\n<\/tr>\n<\/tbody>\n<\/table>\n<p>Paloj\u00e4rvi paal\u01e5\u00e2sk\u00e5\u02b9dd kooll vi\u00f5stt\u00e2r mi\u00e2rkkpirr\u00f5\u02b9sse. Paal\u01e5\u00e2sk\u00e5\u02b9dd lij Ru\u00e4\u02b9vnjaar\u01e5, Pello, P\u00e2\u02b9jjtornio da Tervola koo\u02b9ddin. Paal\u01e5\u00e2sk\u00e5\u02b9dd rajjan t\u00e2\u00e2vast J\u00e4\u00e4sk\u00f6 da Kolari, nu\u00f5rttjest Poikaj\u00e4rvi, vi\u00f5sttrest Lohij\u00e4rvi da Oraj\u00e4rvi da saauj\u00e2st Narkaus paal\u01e5\u00e2skoo\u02b9ddid.<\/p>\n<p>Paal\u01e5\u00e2sk\u00e5\u00e5\u02b9dd vuu\u02b9dest 42,7 % lie riikkj\u00e2nnam da 57,3 % privattj\u00e2nnam. Paal\u01e5\u00e2sk\u00e5\u00e5\u02b9dd vuu\u02b9dest lij Pisavaara lu\u00e2ttmu\u00f5rrkaard\u00e2s, k\u00e5\u00e5\u02b9tt lij \u00f5htt pu\u00e4rrsum\u00f5s L\u00e4\u00e4\u02b9ddj\u00e2nnam lu\u00e2ttmu\u00f5rrkarddsin. L\u00e2\u00e2\u02b9ssen paal\u01e5\u00e2sk\u00e5\u00e5\u02b9ddest lie m\u00e5ttam je\u00e4\u02b9\u01e7\u01e7su\u00f5jjlemvuu\u02b9d.<\/p>\n<p>Paal\u01e5\u00e2sk\u00e5\u00e5\u02b9ddest lie s\u00f5rgg koummlo \u01e9iidd\u00f5s pikal\u00f5s\u00e4iddad. \u00c2\u00e2\u02b9nnmest me\u00e4dda p\u00e4\u00e4ccam pikal\u00f5s\u00e4\u00e4id lie pu\u02b9r\u01e7\u01e7uum.<\/p>\n<p>Paal\u01e5\u00e2sk\u00e5\u00e5\u02b9dd vuu\u02b9dest \u0161uurm\u00f5s aazzt\u00f5sk\u00f5\u00f5sk\u00f5s lij Ru\u00e4\u02b9vnjaar\u01e5 g\u00e5\u00e5rad. Pu\u00e4\u0292\u0292vu\u00e4\u02b9mstee\u02b9ji j\u00e4lstummu\u017e ju\u00e2kkj\u00e2\u00e2vv t\u00e4\u00e4\u02b9sspe\u00e4llsanji paal\u01e5\u00e2sk\u00e5\u00e5\u02b9dd voudda.<\/p>\n<p>&nbsp;<\/p>\n<p>&nbsp;<\/p>\n","protected":false},"excerpt":{"rendered":"<p>Paloj\u00e4rvi Pu\u00e4\u0292\u0292ee\u02b9\u017e\u017eed: Vuolo Tapio Te\u02b9lfon: 040 027 2555 Ne\u02b9ttp\u00e5\u00e5\u02b9\u0161t: Dommk\u00e5\u02b9dd: Ru\u00e4\u02b9vnjargg Vu\u02b9vdd\u0161orr\u00e2dvu\u00f5tt: 3 857,2 km2 \u0160uurm\u00f5s l\u00e5\u00e5vla\u017e pu\u00e4\u0292\u0292l\u00e5\u00e5kk: 5 000 Pu\u00e4\u0292\u0292vu\u00e4\u02b9msteei: 178 Paloj\u00e4rvi paal\u01e5\u00e2sk\u00e5\u02b9dd kooll vi\u00f5stt\u00e2r mi\u00e2rkkpirr\u00f5\u02b9sse. Paal\u01e5\u00e2sk\u00e5\u02b9dd lij Ru\u00e4\u02b9vnjaar\u01e5, Pello, P\u00e2\u02b9jjtornio da Tervola koo\u02b9ddin. Paal\u01e5\u00e2sk\u00e5\u02b9dd rajjan t\u00e2\u00e2vast J\u00e4\u00e4sk\u00f6 da Kolari, nu\u00f5rttjest Poikaj\u00e4rvi, vi\u00f5sttrest Lohij\u00e4rvi da Oraj\u00e4rvi da saauj\u00e2st Narkaus paal\u01e5\u00e2skoo\u02b9ddid. Paal\u01e5\u00e2sk\u00e5\u00e5\u02b9dd vuu\u02b9dest 42,7 % [&hellip;]<\/p>\n","protected":false},"author":1,"featured_media":0,"parent":420,"menu_order":30,"comment_status":"open","ping_status":"closed","template":"paliskuntasivut.php","meta":{"footnotes":""},"class_list":["post-1460","page","type-page","status-publish","hentry"],"aioseo_notices":[],"_links":{"self":[{"href":"https:\/\/paliskunnat.fi\/poh\/wp-json\/wp\/v2\/pages\/1460","targetHints":{"allow":["GET"]}}],"collection":[{"href":"https:\/\/paliskunnat.fi\/poh\/wp-json\/wp\/v2\/pages"}],"about":[{"href":"https:\/\/paliskunnat.fi\/poh\/wp-json\/wp\/v2\/types\/page"}],"author":[{"embeddable":true,"href":"https:\/\/paliskunnat.fi\/poh\/wp-json\/wp\/v2\/users\/1"}],"replies":[{"embeddable":true,"href":"https:\/\/paliskunnat.fi\/poh\/wp-json\/wp\/v2\/comments?post=1460"}],"version-history":[{"count":6,"href":"https:\/\/paliskunnat.fi\/poh\/wp-json\/wp\/v2\/pages\/1460\/revisions"}],"predecessor-version":[{"id":7061,"href":"https:\/\/paliskunnat.fi\/poh\/wp-json\/wp\/v2\/pages\/1460\/revisions\/7061"}],"up":[{"embeddable":true,"href":"https:\/\/paliskunnat.fi\/poh\/wp-json\/wp\/v2\/pages\/420"}],"wp:attachment":[{"href":"https:\/\/paliskunnat.fi\/poh\/wp-json\/wp\/v2\/media?parent=1460"}],"curies":[{"name":"wp","href":"https:\/\/api.w.org\/{rel}","templated":true}]}}