{"id":1465,"date":"2014-11-23T15:22:50","date_gmt":"2014-11-23T13:22:50","guid":{"rendered":"http:\/\/80.69.171.23\/py\/?page_id=1465"},"modified":"2023-06-07T15:50:34","modified_gmt":"2023-06-07T12:50:34","slug":"kolari","status":"publish","type":"page","link":"https:\/\/paliskunnat.fi\/poh\/paalgaskaadd\/paalgaskooddi_tead\/kolari\/","title":{"rendered":"32 Kolari"},"content":{"rendered":"<h2>Kolari<\/h2>\n<p>Pu\u00e4\u0292\u0292ee\u02b9\u017e\u017eed: Satta Mika E.<br \/>\nTe\u02b9lfon: 0400 231 710<br \/>\nNe\u02b9ttp\u00e5\u00e5\u02b9\u0161t: m&#105;&#x6b;&#x61;&#46;&#101;&#46;&#x73;&#x61;t&#116;&#x61;&#x40;g&#109;&#97;&#x69;&#x6c;&#46;&#99;&#x6f;&#x6d;<\/p>\n<p><a href=\"https:\/\/paliskunnat.fi\/py\/wp-content\/uploads\/2014\/11\/32_kolari.png\" rel=\"lightbox[1465]\"><img loading=\"lazy\" decoding=\"async\" class=\"alignnone wp-image-1519\" src=\"https:\/\/paliskunnat.fi\/py\/wp-content\/uploads\/2014\/11\/32_kolari.png\" alt=\"32 Kolari\" width=\"300\" height=\"387\" srcset=\"https:\/\/paliskunnat.fi\/poh\/wp-content\/uploads\/2014\/11\/32_kolari.png 776w, https:\/\/paliskunnat.fi\/poh\/wp-content\/uploads\/2014\/11\/32_kolari-233x300.png 233w, https:\/\/paliskunnat.fi\/poh\/wp-content\/uploads\/2014\/11\/32_kolari-768x990.png 768w\" sizes=\"auto, (max-width: 300px) 100vw, 300px\" \/><\/a><\/p>\n<table width=\"450\">\n<tbody>\n<tr>\n<td>Dommk\u00e5\u02b9dd:<\/td>\n<td>Kolari<\/td>\n<\/tr>\n<tr>\n<td>Vu\u02b9vdd\u0161orr\u00e2dvu\u00f5tt:<\/td>\n<td>1 998,8 km<sup>2<\/sup><\/td>\n<\/tr>\n<tr>\n<td>\u0160uurm\u00f5s l\u00e5\u00e5vla\u017e pu\u00e4\u0292\u0292l\u00e5\u00e5kk:<\/td>\n<td>2 600<\/td>\n<\/tr>\n<tr>\n<td>Pu\u00e4\u0292\u0292vu\u00e4\u02b9msteei:<\/td>\n<td>66<\/td>\n<\/tr>\n<\/tbody>\n<\/table>\n<p>Kolari paal\u01e5\u00e2sk\u00e5\u02b9dd kooll vi\u00f5stt\u00e2r mi\u00e2rkkpirr\u00f5\u02b9sse. Paal\u01e5\u00e2sk\u00e5\u02b9dd lij Kolari k\u00e5\u00e5\u02b9dd vuu\u02b9dest. Paal\u01e5\u00e2sk\u00e5\u02b9dd rajjan t\u00e2\u00e2vast Muonio, nu\u00f5rttjest Alakyl\u00e4 da J\u00e4\u00e4sk\u00f6, saauj\u00e2st Paloj\u00e4rvi da Oraj\u00e4rvi paal\u01e5\u00e2soo\u02b9ddid da vi\u00f5sttrest v\u00e4\u02b9lddk\u00e5\u00e5\u02b9dd ra\u02b9jje.<\/p>\n<p>Paal\u01e5\u00e2sk\u00e5\u00e5\u02b9dd vuu\u02b9dest 60,4 % lie riikkj\u00e2nnam da 39,6 % privattj\u00e2nnam. Palgg\u00e2z t\u00e2\u02b9vv-vue\u02b9zzest lij Teuravuoma \u2013 Kivij\u00e4rvenvuoma je\u00e4\u02b9\u01e7\u01e7su\u00f5jjlemvu\u02b9vdd. Ru\u02b9vdd\u010du\u00e2\u01e5\u01e5as Torniost Kolarii\u02b9je j\u00e5\u00e5tt paal\u01e5\u00e2sk\u00e5\u00e5\u02b9dd vuu\u02b9dest. V\u00f5l t\u00e4n poodd j\u00e5\u00e5ttl\u00f5kme\u00e4\u02b9r jie le\u00e4kku vaarr pu\u00e4\u0292\u0292tallu. J\u00f5s kuuit\u00e2\u01e5 Pajala da Kolari ku\u00e5ivvsid \u00e4\u00e4\u02b9veet, j\u00e5\u00e5ttl\u00f5kmie\u02b9rr ru\u02b9vdd\u010du\u00e2kksest \u0161orran m\u00e4\u00e4\u014bg\u01e9e\u00e2rddsen.<\/p>\n<p>Paal\u01e5\u00e2sk\u00e5\u00e5\u02b9dd v\u00e4\u00e4\u017en\u02bcjummuz pikal\u00f5sp\u00e4\u00e4i\u02b9\u01e9 lie Kukkarolaki, Karkulainen, Karjalainen, Rantalehto, Vuolittaja, Ylinenvaara, Ruostevaara, Ruokovaara, Hinttarova, Kaivoslaki da Otosmaa. Paal\u01e5\u00e2sk\u00e5\u02b9dd lij \u00e4idduum saujj- da vi\u00f5st\u00e2rvue\u02b9zzin palgg\u00e2m- da ku\u00e4ivvam- le\u02b9be raajj\u00e4\u00e4idain. Siid, koid palgg\u00e2z vuu\u02b9dest vu\u00e4it\u010di pe\u00e4ggted lie Kolari, Vaattoj\u00e4rvi da Sieppij\u00e4rvi. Pu\u00e4\u0292\u0292oummu j\u00e4lste pirr paal\u01e5\u00e2sk\u00e5\u00e5\u02b9dd.<\/p>\n<p>&nbsp;<\/p>\n<p>&nbsp;<\/p>\n<p>&nbsp;<\/p>\n<p>&nbsp;<\/p>\n","protected":false},"excerpt":{"rendered":"<p>Kolari Pu\u00e4\u0292\u0292ee\u02b9\u017e\u017eed: Satta Mika E. Te\u02b9lfon: 0400 231 710 Ne\u02b9ttp\u00e5\u00e5\u02b9\u0161t: m&#105;&#x6b;&#x61;&#46;&#101;&#x2e;&#x73;a&#116;&#x74;&#x61;&#64;&#103;&#x6d;&#x61;i&#108;&#x2e;&#x63;o&#109; Dommk\u00e5\u02b9dd: Kolari Vu\u02b9vdd\u0161orr\u00e2dvu\u00f5tt: 1 998,8 km2 \u0160uurm\u00f5s l\u00e5\u00e5vla\u017e pu\u00e4\u0292\u0292l\u00e5\u00e5kk: 2 600 Pu\u00e4\u0292\u0292vu\u00e4\u02b9msteei: 66 Kolari paal\u01e5\u00e2sk\u00e5\u02b9dd kooll vi\u00f5stt\u00e2r mi\u00e2rkkpirr\u00f5\u02b9sse. Paal\u01e5\u00e2sk\u00e5\u02b9dd lij Kolari k\u00e5\u00e5\u02b9dd vuu\u02b9dest. Paal\u01e5\u00e2sk\u00e5\u02b9dd rajjan t\u00e2\u00e2vast Muonio, nu\u00f5rttjest Alakyl\u00e4 da J\u00e4\u00e4sk\u00f6, saauj\u00e2st Paloj\u00e4rvi da Oraj\u00e4rvi paal\u01e5\u00e2soo\u02b9ddid da vi\u00f5sttrest v\u00e4\u02b9lddk\u00e5\u00e5\u02b9dd ra\u02b9jje. Paal\u01e5\u00e2sk\u00e5\u00e5\u02b9dd vuu\u02b9dest 60,4 % [&hellip;]<\/p>\n","protected":false},"author":1,"featured_media":0,"parent":420,"menu_order":32,"comment_status":"open","ping_status":"closed","template":"paliskuntasivut.php","meta":{"footnotes":""},"class_list":["post-1465","page","type-page","status-publish","hentry"],"aioseo_notices":[],"_links":{"self":[{"href":"https:\/\/paliskunnat.fi\/poh\/wp-json\/wp\/v2\/pages\/1465","targetHints":{"allow":["GET"]}}],"collection":[{"href":"https:\/\/paliskunnat.fi\/poh\/wp-json\/wp\/v2\/pages"}],"about":[{"href":"https:\/\/paliskunnat.fi\/poh\/wp-json\/wp\/v2\/types\/page"}],"author":[{"embeddable":true,"href":"https:\/\/paliskunnat.fi\/poh\/wp-json\/wp\/v2\/users\/1"}],"replies":[{"embeddable":true,"href":"https:\/\/paliskunnat.fi\/poh\/wp-json\/wp\/v2\/comments?post=1465"}],"version-history":[{"count":4,"href":"https:\/\/paliskunnat.fi\/poh\/wp-json\/wp\/v2\/pages\/1465\/revisions"}],"predecessor-version":[{"id":7063,"href":"https:\/\/paliskunnat.fi\/poh\/wp-json\/wp\/v2\/pages\/1465\/revisions\/7063"}],"up":[{"embeddable":true,"href":"https:\/\/paliskunnat.fi\/poh\/wp-json\/wp\/v2\/pages\/420"}],"wp:attachment":[{"href":"https:\/\/paliskunnat.fi\/poh\/wp-json\/wp\/v2\/media?parent=1465"}],"curies":[{"name":"wp","href":"https:\/\/api.w.org\/{rel}","templated":true}]}}