{"id":1471,"date":"2014-11-23T17:28:46","date_gmt":"2014-11-23T15:28:46","guid":{"rendered":"http:\/\/80.69.171.23\/py\/?page_id=1471"},"modified":"2023-06-07T15:52:34","modified_gmt":"2023-06-07T12:52:34","slug":"niemela","status":"publish","type":"page","link":"https:\/\/paliskunnat.fi\/poh\/paalgaskaadd\/paalgaskooddi_tead\/niemela\/","title":{"rendered":"35 Niemel\u00e4"},"content":{"rendered":"<h2>Niemel\u00e4<\/h2>\n<p>Pu\u00e4\u0292\u0292ee\u02b9\u017e\u017eed: Komulainen Matti<br \/>\nTe\u02b9lfon: 0400 696 721<br \/>\nNe\u02b9ttp\u00e5\u00e5\u02b9\u0161t: &#109;&#97;&#x74;&#x74;&#105;&#46;&#x6b;&#x6f;&#109;&#117;&#x6c;&#x61;&#105;&#110;&#x65;&#x6e;&#64;&#112;&#x61;&#x6c;&#105;&#115;&#x6b;&#x75;&#110;&#110;&#x61;&#x74;&#46;&#102;&#x69;<\/p>\n<p><a href=\"http:\/\/paliskunnat.fi\/py\/wp-content\/uploads\/2014\/11\/35_niemela.png\" rel=\"lightbox[1471]\"><img loading=\"lazy\" decoding=\"async\" class=\"alignnone wp-image-1525\" src=\"http:\/\/paliskunnat.fi\/py\/wp-content\/uploads\/2014\/11\/35_niemela.png\" alt=\"Niemel\u00e4n paliskunta\" width=\"300\" height=\"387\" srcset=\"https:\/\/paliskunnat.fi\/poh\/wp-content\/uploads\/2014\/11\/35_niemela.png 775w, https:\/\/paliskunnat.fi\/poh\/wp-content\/uploads\/2014\/11\/35_niemela-233x300.png 233w, https:\/\/paliskunnat.fi\/poh\/wp-content\/uploads\/2014\/11\/35_niemela-768x991.png 768w\" sizes=\"auto, (max-width: 300px) 100vw, 300px\" \/><\/a><\/p>\n<table width=\"450\">\n<tbody>\n<tr>\n<td>Dommk\u00e5\u02b9dd:<\/td>\n<td>Ru\u00e4\u02b9vnjargg<\/td>\n<\/tr>\n<tr>\n<td>Vu\u02b9vdd\u0161orr\u00e2dvu\u00f5tt:<\/td>\n<td>1 254,4 km<sup>2<\/sup><\/td>\n<\/tr>\n<tr>\n<td>\u0160uurm\u00f5s l\u00e5\u00e5vla\u017e pu\u00e4\u0292\u0292l\u00e5\u00e5kk:<\/td>\n<td>1 900<\/td>\n<\/tr>\n<tr>\n<td>Pu\u00e4\u0292\u0292vu\u00e4\u02b9msteei:<\/td>\n<td>43<\/td>\n<\/tr>\n<\/tbody>\n<\/table>\n<p>Niemel\u00e4 paal\u01e5\u00e2sk\u00e5\u02b9dd kooll Nu\u00f5rtt\u01e9ee\u02b9mmjoo\u01e5\u01e5 mi\u00e2rkkpirr\u00f5\u02b9sse. Paal\u01e5\u00e2sk\u00e5\u02b9dd lij Ru\u00e4\u02b9vnjaar\u01e5 g\u00e5\u00e5rad, Ranua da Posio koo\u02b9ddi vuu\u02b9dest. Paal\u01e5\u00e2sk\u00e5\u00e5\u02b9dd rajjan t\u00e2\u00e2vast Vanttaus paal\u01e5\u00e2sk\u00e5dda, nu\u00f5rttjest Timisj\u00e4rvi da Posio Livo paal\u01e5\u00e2skoo\u02b9ddid, saauj\u00e2st Pudasj\u00e4rvi Livo da Kuukas paal\u01e5\u00e2skoo\u02b9ddid da vi\u00f5sttrest Narkaus paal\u01e5\u00e2sk\u00e5dda.<\/p>\n<p>Paal\u01e5\u00e2sk\u00e5\u00e5\u02b9dd vuu\u02b9dest 46,6 % lie riikkj\u00e2nnam da 51,4 % privattj\u00e2nnam.<\/p>\n<p>&nbsp;<\/p>\n<p>&nbsp;<\/p>\n","protected":false},"excerpt":{"rendered":"<p>Niemel\u00e4 Pu\u00e4\u0292\u0292ee\u02b9\u017e\u017eed: Komulainen Matti Te\u02b9lfon: 0400 696 721 Ne\u02b9ttp\u00e5\u00e5\u02b9\u0161t: &#x6d;&#x61;&#x74;&#x74;&#x69;&#x2e;&#x6b;&#x6f;&#x6d;&#x75;&#x6c;&#97;&#105;&#110;&#101;&#110;&#64;&#112;alisku&#x6e;&#x6e;&#x61;&#x74;&#x2e;&#x66;&#x69; Dommk\u00e5\u02b9dd: Ru\u00e4\u02b9vnjargg Vu\u02b9vdd\u0161orr\u00e2dvu\u00f5tt: 1 254,4 km2 \u0160uurm\u00f5s l\u00e5\u00e5vla\u017e pu\u00e4\u0292\u0292l\u00e5\u00e5kk: 1 900 Pu\u00e4\u0292\u0292vu\u00e4\u02b9msteei: 43 Niemel\u00e4 paal\u01e5\u00e2sk\u00e5\u02b9dd kooll Nu\u00f5rtt\u01e9ee\u02b9mmjoo\u01e5\u01e5 mi\u00e2rkkpirr\u00f5\u02b9sse. Paal\u01e5\u00e2sk\u00e5\u02b9dd lij Ru\u00e4\u02b9vnjaar\u01e5 g\u00e5\u00e5rad, Ranua da Posio koo\u02b9ddi vuu\u02b9dest. Paal\u01e5\u00e2sk\u00e5\u00e5\u02b9dd rajjan t\u00e2\u00e2vast Vanttaus paal\u01e5\u00e2sk\u00e5dda, nu\u00f5rttjest Timisj\u00e4rvi da Posio Livo paal\u01e5\u00e2skoo\u02b9ddid, saauj\u00e2st Pudasj\u00e4rvi Livo da Kuukas paal\u01e5\u00e2skoo\u02b9ddid da [&hellip;]<\/p>\n","protected":false},"author":1,"featured_media":0,"parent":420,"menu_order":35,"comment_status":"open","ping_status":"closed","template":"paliskuntasivut.php","meta":{"footnotes":""},"class_list":["post-1471","page","type-page","status-publish","hentry"],"aioseo_notices":[],"_links":{"self":[{"href":"https:\/\/paliskunnat.fi\/poh\/wp-json\/wp\/v2\/pages\/1471","targetHints":{"allow":["GET"]}}],"collection":[{"href":"https:\/\/paliskunnat.fi\/poh\/wp-json\/wp\/v2\/pages"}],"about":[{"href":"https:\/\/paliskunnat.fi\/poh\/wp-json\/wp\/v2\/types\/page"}],"author":[{"embeddable":true,"href":"https:\/\/paliskunnat.fi\/poh\/wp-json\/wp\/v2\/users\/1"}],"replies":[{"embeddable":true,"href":"https:\/\/paliskunnat.fi\/poh\/wp-json\/wp\/v2\/comments?post=1471"}],"version-history":[{"count":5,"href":"https:\/\/paliskunnat.fi\/poh\/wp-json\/wp\/v2\/pages\/1471\/revisions"}],"predecessor-version":[{"id":7066,"href":"https:\/\/paliskunnat.fi\/poh\/wp-json\/wp\/v2\/pages\/1471\/revisions\/7066"}],"up":[{"embeddable":true,"href":"https:\/\/paliskunnat.fi\/poh\/wp-json\/wp\/v2\/pages\/420"}],"wp:attachment":[{"href":"https:\/\/paliskunnat.fi\/poh\/wp-json\/wp\/v2\/media?parent=1471"}],"curies":[{"name":"wp","href":"https:\/\/api.w.org\/{rel}","templated":true}]}}