{"id":1473,"date":"2014-11-23T17:30:29","date_gmt":"2014-11-23T15:30:29","guid":{"rendered":"http:\/\/80.69.171.23\/py\/?page_id=1473"},"modified":"2024-05-31T14:16:11","modified_gmt":"2024-05-31T11:16:11","slug":"timisjarvi","status":"publish","type":"page","link":"https:\/\/paliskunnat.fi\/poh\/paalgaskaadd\/paalgaskooddi_tead\/timisjarvi\/","title":{"rendered":"36  Timisj\u00e4rvi"},"content":{"rendered":"<h2>Timisj\u00e4rvi<\/h2>\n<p>Pu\u00e4\u0292\u0292ee\u02b9\u017e\u017eed: Myllynen Matti<br \/>\nTe\u02b9lfon: 040 021 5622<br \/>\nNe\u02b9ttp\u00e5\u00e5\u02b9\u0161t: &#x6d;&#x61;&#116;t&#x69;&#x2e;&#109;yl&#x6c;&#x79;&#110;e&#x6e;&#x40;&#112;&#112;1&#x2e;&#x69;&#110;e&#x74;&#x2e;&#102;&#105;<\/p>\n<p><a href=\"https:\/\/paliskunnat.fi\/py\/wp-content\/uploads\/2014\/11\/36_timisjarvi.png\" rel=\"lightbox[1473]\"><img loading=\"lazy\" decoding=\"async\" class=\"alignnone wp-image-1527\" src=\"https:\/\/paliskunnat.fi\/py\/wp-content\/uploads\/2014\/11\/36_timisjarvi.png\" alt=\"36 Timisj\u00e4rvi\" width=\"300\" height=\"387\" srcset=\"https:\/\/paliskunnat.fi\/poh\/wp-content\/uploads\/2014\/11\/36_timisjarvi.png 775w, https:\/\/paliskunnat.fi\/poh\/wp-content\/uploads\/2014\/11\/36_timisjarvi-233x300.png 233w, https:\/\/paliskunnat.fi\/poh\/wp-content\/uploads\/2014\/11\/36_timisjarvi-768x991.png 768w\" sizes=\"auto, (max-width: 300px) 100vw, 300px\" \/><\/a><\/p>\n<table width=\"450\">\n<tbody>\n<tr>\n<td>Dommk\u00e5\u02b9dd:<\/td>\n<td>Posio<\/td>\n<\/tr>\n<tr>\n<td>Vu\u02b9vdd\u0161orr\u00e2dvu\u00f5tt:<\/td>\n<td>971,2 km<sup>2<\/sup><\/td>\n<\/tr>\n<tr>\n<td>\u0160uurm\u00f5s l\u00e5\u00e5vla\u017e pu\u00e4\u0292\u0292l\u00e5\u00e5kk:<\/td>\n<td>1 900<\/td>\n<\/tr>\n<tr>\n<td>Pu\u00e4\u0292\u0292vu\u00e4\u02b9msteei:<\/td>\n<td>29<\/td>\n<\/tr>\n<\/tbody>\n<\/table>\n<p>Timisj\u00e4rvi paal\u01e5\u00e2sk\u00e5\u02b9dd kooll Nu\u00f5rtt\u01e9ee\u02b9mmjoo\u01e5\u01e5 mi\u00e2rkkpirr\u00f5\u02b9sse. Paal\u01e5\u00e2sk\u00e5\u02b9dd Posio k\u00e5\u00e5\u02b9dd vi\u00f5st\u00e2r- da t\u00e2\u02b9vv-vue\u02b9zzest, di vue\u02b9zzi Ru\u00e4\u02b9vnjaar\u01e5 da \u01e8ee\u02b9mmj\u00e4\u00e4u\u02b9r g\u00e5\u00e5rdi vuu\u02b9din \u0161e.<\/p>\n<p>Paal\u01e5\u00e2sk\u00e5\u02b9dd rajjan vi\u00f5sttrest Niemel\u00e4, Vanttaus da Pyh\u00e4-Kallio paal\u01e5\u00e2skoo\u02b9ddid, t\u00e2\u00e2vast Hirvasniemi da Salla paal\u01e5\u00e2skoo\u02b9ddid di nu\u00f5rttjest Tolva da saauj\u00e2st Posio Livo palggsid.<\/p>\n<p>Paal\u01e5\u00e2sk\u00e5\u00e5\u02b9dd vuu\u02b9dest 26,4 % lie riikkj\u00e2nnam da 73,6 % privattj\u00e2nnam. Paal\u01e5\u00e2sk\u00e5\u00e5\u02b9dd vuu\u02b9dest lie Korouoma su\u00f5jjlemvu\u02b9vdd da Pyyt\u00f6uoma su\u00f5jjlemvu\u02b9vdd.<\/p>\n<p>Palggsest lie 14 pikal\u00f5sp\u00e4i\u02b9\u01e9\u01e9ed, le\u0161a sij \u00e2\u02b9nne se\u02b9rddem\u00e4\u00e4idaid \u0161e.<\/p>\n<p>Paal\u01e5\u00e2sk\u00e5\u00e5\u02b9dd p\u00f5\u00f5\u0161\u0161i aazzt\u00f5s lij j\u00e4\u00e4nm\u00f5s\u00e2n Aittaniemi, Jumisko, Suorsa, Lehtiniemi, Per\u00e4-Posio da Pernu siidin. Timisj\u00e4rvi paal\u01e5\u00e2sk\u00e5\u00e5\u02b9ddest jie le\u00e4kku lu\u00e2ttjie\u02b9llemvue\u02b9\u01e9\u01e9t\u00e4\u00e4l.<\/p>\n<p>&nbsp;<\/p>\n<p>&nbsp;<\/p>\n","protected":false},"excerpt":{"rendered":"<p>Timisj\u00e4rvi Pu\u00e4\u0292\u0292ee\u02b9\u017e\u017eed: Myllynen Matti Te\u02b9lfon: 040 021 5622 Ne\u02b9ttp\u00e5\u00e5\u02b9\u0161t: &#x6d;&#97;t&#x74;&#105;&#46;&#x6d;&#x79;&#108;&#x6c;&#x79;&#110;e&#x6e;&#64;p&#x70;&#x31;&#46;&#x69;&#x6e;&#101;t&#x2e;&#102;i Dommk\u00e5\u02b9dd: Posio Vu\u02b9vdd\u0161orr\u00e2dvu\u00f5tt: 971,2 km2 \u0160uurm\u00f5s l\u00e5\u00e5vla\u017e pu\u00e4\u0292\u0292l\u00e5\u00e5kk: 1 900 Pu\u00e4\u0292\u0292vu\u00e4\u02b9msteei: 29 Timisj\u00e4rvi paal\u01e5\u00e2sk\u00e5\u02b9dd kooll Nu\u00f5rtt\u01e9ee\u02b9mmjoo\u01e5\u01e5 mi\u00e2rkkpirr\u00f5\u02b9sse. Paal\u01e5\u00e2sk\u00e5\u02b9dd Posio k\u00e5\u00e5\u02b9dd vi\u00f5st\u00e2r- da t\u00e2\u02b9vv-vue\u02b9zzest, di vue\u02b9zzi Ru\u00e4\u02b9vnjaar\u01e5 da \u01e8ee\u02b9mmj\u00e4\u00e4u\u02b9r g\u00e5\u00e5rdi vuu\u02b9din \u0161e. Paal\u01e5\u00e2sk\u00e5\u02b9dd rajjan vi\u00f5sttrest Niemel\u00e4, Vanttaus da Pyh\u00e4-Kallio paal\u01e5\u00e2skoo\u02b9ddid, t\u00e2\u00e2vast Hirvasniemi da Salla paal\u01e5\u00e2skoo\u02b9ddid di [&hellip;]<\/p>\n","protected":false},"author":1,"featured_media":0,"parent":420,"menu_order":36,"comment_status":"open","ping_status":"closed","template":"paliskuntasivut.php","meta":{"footnotes":""},"class_list":["post-1473","page","type-page","status-publish","hentry"],"aioseo_notices":[],"_links":{"self":[{"href":"https:\/\/paliskunnat.fi\/poh\/wp-json\/wp\/v2\/pages\/1473","targetHints":{"allow":["GET"]}}],"collection":[{"href":"https:\/\/paliskunnat.fi\/poh\/wp-json\/wp\/v2\/pages"}],"about":[{"href":"https:\/\/paliskunnat.fi\/poh\/wp-json\/wp\/v2\/types\/page"}],"author":[{"embeddable":true,"href":"https:\/\/paliskunnat.fi\/poh\/wp-json\/wp\/v2\/users\/1"}],"replies":[{"embeddable":true,"href":"https:\/\/paliskunnat.fi\/poh\/wp-json\/wp\/v2\/comments?post=1473"}],"version-history":[{"count":6,"href":"https:\/\/paliskunnat.fi\/poh\/wp-json\/wp\/v2\/pages\/1473\/revisions"}],"predecessor-version":[{"id":7164,"href":"https:\/\/paliskunnat.fi\/poh\/wp-json\/wp\/v2\/pages\/1473\/revisions\/7164"}],"up":[{"embeddable":true,"href":"https:\/\/paliskunnat.fi\/poh\/wp-json\/wp\/v2\/pages\/420"}],"wp:attachment":[{"href":"https:\/\/paliskunnat.fi\/poh\/wp-json\/wp\/v2\/media?parent=1473"}],"curies":[{"name":"wp","href":"https:\/\/api.w.org\/{rel}","templated":true}]}}