{"id":1475,"date":"2014-11-23T17:32:10","date_gmt":"2014-11-23T15:32:10","guid":{"rendered":"http:\/\/80.69.171.23\/py\/?page_id=1475"},"modified":"2023-06-07T15:53:58","modified_gmt":"2023-06-07T12:53:58","slug":"tolva","status":"publish","type":"page","link":"https:\/\/paliskunnat.fi\/poh\/paalgaskaadd\/paalgaskooddi_tead\/tolva\/","title":{"rendered":"37  Tolva"},"content":{"rendered":"<h2>Tolva<\/h2>\n<p>Porois\u00e4nt\u00e4: L\u00e4ms\u00e4 Olavi<br \/>\nPuhelin: 0400 216 516<br \/>\nS\u00e4hk\u00f6posti:\u00a0&#x74;&#x6f;&#108;&#118;anp&#x6c;&#x6b;&#x40;&#x6f;&#117;&#116;loo&#x6b;&#x2e;&#x63;&#x6f;&#109;<\/p>\n<p><a href=\"https:\/\/paliskunnat.fi\/py\/wp-content\/uploads\/2014\/11\/37_tolva.png\" rel=\"lightbox[1475]\"><img loading=\"lazy\" decoding=\"async\" class=\"alignnone wp-image-1529\" src=\"https:\/\/paliskunnat.fi\/py\/wp-content\/uploads\/2014\/11\/37_tolva.png\" alt=\"37 Tolva\" width=\"300\" height=\"387\" srcset=\"https:\/\/paliskunnat.fi\/poh\/wp-content\/uploads\/2014\/11\/37_tolva.png 775w, https:\/\/paliskunnat.fi\/poh\/wp-content\/uploads\/2014\/11\/37_tolva-233x300.png 233w, https:\/\/paliskunnat.fi\/poh\/wp-content\/uploads\/2014\/11\/37_tolva-768x991.png 768w\" sizes=\"auto, (max-width: 300px) 100vw, 300px\" \/><\/a><\/p>\n<table width=\"450\">\n<tbody>\n<tr>\n<td>Kotikunta:<\/td>\n<td>Posio<\/td>\n<\/tr>\n<tr>\n<td>Pinta-ala:<\/td>\n<td>1 287,8 km<sup>2<\/sup><\/td>\n<\/tr>\n<tr>\n<td>Suurin sallittu eloporom\u00e4\u00e4r\u00e4:<\/td>\n<td>1 900<\/td>\n<\/tr>\n<tr>\n<td>Poronomistajia:<\/td>\n<td>55<\/td>\n<\/tr>\n<\/tbody>\n<\/table>\n<p>Tolvan paliskunta kuuluu It\u00e4kemijoen merkkipiiriin. Paliskunta sijaitsee Posion kunnan ja pienelt\u00e4 osin Kuusamon kaupungin alueella. Paliskunta rajoittuu pohjoisessa Sallan, id\u00e4ss\u00e4 Alakitkan ja Oivangin, etel\u00e4ss\u00e4 Akanlahden ja l\u00e4nness\u00e4 Posion Livon ja Timisj\u00e4rven palkisiin.<\/p>\n<p>Paliskunnan alueesta noin 22,0 % on valtionmaata ja 78,0 % yksityismaata. Paliskunnan alueella on kolme suurta suojelualuetta: Riisitunturin kansallispuisto, Ritakorkian suojelualue (Natura) ja K\u00e4tkytvaaran suojelualue (Natura).<\/p>\n<p>Paliskunnan alueella on voimakasta maanviljelyst\u00e4, joten peltoja Tolvan alueella on runsaasti.<\/p>\n<p>Esteaitoja paliskunnalla ei ole. Kiinteit\u00e4 porojen erotusaitoja on 7 ja aidat sijaitsevat ymp\u00e4ri paliskuntaa. Siirtoaitav\u00e4lineist\u00f6 on riitt\u00e4v\u00e4 ja toimiva paketti. Rakenteet koostuvat muoviverkoista, aitarehdoista ja nauharullista.<\/p>\n<p>Kiinte\u00e4 asutus on keskittynyt kuntakeskuksen Posiolle. Kyli\u00e4 alueella on useita; Karjalaisenniemi, Mourunkyl\u00e4, Kitka, Tolva ja Suonnankyl\u00e4. Vapaa-ajanasuntoja on useita satoja, koska alueella vesist\u00f6j\u00e4 runsaasti.<\/p>\n<p>&nbsp;<\/p>\n<p>&nbsp;<\/p>\n<p>&nbsp;<\/p>\n","protected":false},"excerpt":{"rendered":"<p>Tolva Porois\u00e4nt\u00e4: L\u00e4ms\u00e4 Olavi Puhelin: 0400 216 516 S\u00e4hk\u00f6posti:\u00a0&#x74;&#111;l&#x76;&#97;&#x6e;&#112;l&#x6b;&#64;&#x6f;&#117;t&#x6c;&#111;&#x6f;&#x6b;&#46;&#x63;&#111;m Kotikunta: Posio Pinta-ala: 1 287,8 km2 Suurin sallittu eloporom\u00e4\u00e4r\u00e4: 1 900 Poronomistajia: 55 Tolvan paliskunta kuuluu It\u00e4kemijoen merkkipiiriin. Paliskunta sijaitsee Posion kunnan ja pienelt\u00e4 osin Kuusamon kaupungin alueella. Paliskunta rajoittuu pohjoisessa Sallan, id\u00e4ss\u00e4 Alakitkan ja Oivangin, etel\u00e4ss\u00e4 Akanlahden ja l\u00e4nness\u00e4 Posion Livon ja Timisj\u00e4rven palkisiin. Paliskunnan [&hellip;]<\/p>\n","protected":false},"author":1,"featured_media":0,"parent":420,"menu_order":37,"comment_status":"open","ping_status":"closed","template":"paliskuntasivut.php","meta":{"footnotes":""},"class_list":["post-1475","page","type-page","status-publish","hentry"],"aioseo_notices":[],"_links":{"self":[{"href":"https:\/\/paliskunnat.fi\/poh\/wp-json\/wp\/v2\/pages\/1475","targetHints":{"allow":["GET"]}}],"collection":[{"href":"https:\/\/paliskunnat.fi\/poh\/wp-json\/wp\/v2\/pages"}],"about":[{"href":"https:\/\/paliskunnat.fi\/poh\/wp-json\/wp\/v2\/types\/page"}],"author":[{"embeddable":true,"href":"https:\/\/paliskunnat.fi\/poh\/wp-json\/wp\/v2\/users\/1"}],"replies":[{"embeddable":true,"href":"https:\/\/paliskunnat.fi\/poh\/wp-json\/wp\/v2\/comments?post=1475"}],"version-history":[{"count":3,"href":"https:\/\/paliskunnat.fi\/poh\/wp-json\/wp\/v2\/pages\/1475\/revisions"}],"predecessor-version":[{"id":7068,"href":"https:\/\/paliskunnat.fi\/poh\/wp-json\/wp\/v2\/pages\/1475\/revisions\/7068"}],"up":[{"embeddable":true,"href":"https:\/\/paliskunnat.fi\/poh\/wp-json\/wp\/v2\/pages\/420"}],"wp:attachment":[{"href":"https:\/\/paliskunnat.fi\/poh\/wp-json\/wp\/v2\/media?parent=1475"}],"curies":[{"name":"wp","href":"https:\/\/api.w.org\/{rel}","templated":true}]}}