{"id":1477,"date":"2014-11-23T17:33:54","date_gmt":"2014-11-23T15:33:54","guid":{"rendered":"http:\/\/80.69.171.23\/py\/?page_id=1477"},"modified":"2023-06-07T15:54:37","modified_gmt":"2023-06-07T12:54:37","slug":"posion-livo","status":"publish","type":"page","link":"https:\/\/paliskunnat.fi\/poh\/paalgaskaadd\/paalgaskooddi_tead\/posion-livo\/","title":{"rendered":"38 Posion Livo"},"content":{"rendered":"<h2>Posion Livo<\/h2>\n<p>Pu\u00e4\u0292\u0292ee\u02b9\u017e\u017eed: Hirvonen Seppo<br \/>\nTe\u02b9lfon: 040 585 3663<br \/>\nNe\u02b9ttp\u00e5\u00e5\u02b9\u0161t: &#x69;&#110;f&#x6f;&#64;v&#x61;&#108;k&#x65;&#97;p&#x65;&#117;r&#x61;&#46;f&#x69;<\/p>\n<p><a href=\"https:\/\/paliskunnat.fi\/py\/wp-content\/uploads\/2014\/11\/38_posion_livo.png\" rel=\"lightbox[1477]\"><img loading=\"lazy\" decoding=\"async\" class=\"alignnone wp-image-1532\" src=\"https:\/\/paliskunnat.fi\/py\/wp-content\/uploads\/2014\/11\/38_posion_livo.png\" alt=\"38_posion_livo\" width=\"300\" height=\"387\" srcset=\"https:\/\/paliskunnat.fi\/poh\/wp-content\/uploads\/2014\/11\/38_posion_livo.png 775w, https:\/\/paliskunnat.fi\/poh\/wp-content\/uploads\/2014\/11\/38_posion_livo-233x300.png 233w, https:\/\/paliskunnat.fi\/poh\/wp-content\/uploads\/2014\/11\/38_posion_livo-768x991.png 768w\" sizes=\"auto, (max-width: 300px) 100vw, 300px\" \/><\/a><\/p>\n<table width=\"450\">\n<tbody>\n<tr>\n<td>Dommk\u00e5\u02b9dd:<\/td>\n<td>Posio<\/td>\n<\/tr>\n<tr>\n<td>Vu\u02b9vdd\u0161orr\u00e2dvu\u00f5tt:<\/td>\n<td>967,5 km<sup>2<\/sup><\/td>\n<\/tr>\n<tr>\n<td>\u0160uurm\u00f5s l\u00e5\u00e5vla\u017e pu\u00e4\u0292\u0292l\u00e5\u00e5kk:<\/td>\n<td>1 500<\/td>\n<\/tr>\n<tr>\n<td>Pu\u00e4\u0292\u0292vu\u00e4\u02b9msteei:<\/td>\n<td>39<\/td>\n<\/tr>\n<\/tbody>\n<\/table>\n<p>Posion Livon paal\u01e5\u00e2sk\u00e5\u02b9dd kooll Nu\u00f5rtt\u01e9ee\u02b9mmjoo\u01e5\u01e5 mi\u00e2rkkpirr\u00f5\u02b9sse. Paal\u01e5\u00e2sk\u00e5\u02b9dd lij Posio k\u00e5\u00e5\u02b9dd vuu\u02b9dest. Paal\u01e5\u00e2sk\u00e5\u02b9dd rajjan t\u00e2\u00e2vast Timisj\u00e4rvi, \u00e4pplest Tolva, nu\u00f5rttjest Akanlahti, saauj\u00e2st Taivalkoski da vi\u00f5sttrest Niemel\u00e4 ja Pudasj\u00e4rven Livon paal\u01e5\u00e2skoo\u02b9ddid.<\/p>\n<p>Paal\u01e5\u00e2sk\u00e5\u00e5\u02b9dd vuu\u02b9dest 58,8 % lie riikkj\u00e2nnam da 41,2 % privattj\u00e2nnam. Sy\u00f6te meermie\u02b9cc t\u00e2\u02b9vv-vue\u02b9ss lij Posion Livo palggsest da to\u02b9ben lie samai \u0161i\u00f5\u01e5\u01e5 palgg\u00e2mp\u00e4\u00e4i\u02b9\u01e9. Paal\u01e5\u00e2sk\u00e5\u00e5\u02b9ddest lie Sy\u00f6te meermie\u02b9cc l\u00e2\u00e2\u02b9ssen mue\u02b9dd Naturavuu\u02b9d p\u00e4\u00e4i\u02b9\u01e9.<\/p>\n<p>Palggsest lie \u010di\u010d\u010d\u00e2m \u01e9iidd\u00f5s \u00e4iddad: Kokkovaara, Suottaniemen \u01e9ie\u02b9\u010d\u010d, Jalankangas, Kuivakangas, Lohij\u00e4rvi, Livojoki-Kerkk\u00e4m\u00e4nnikk\u00f6 da Kellinniemi. Posio vuu\u02b9dest lie ji\u00e2nnai m\u00e4ddt\u00e4\u00e4l, de \u0161\u00e2ddeemvuu\u02b9di su\u00f5jj\u00e4\u00e4id lie rajjum ji\u00e2nnai.<\/p>\n<p>Aazzt\u00f5\u00f5zz lij occ\u00e2nji da t\u00f5n lij v\u00e4\u02b9lddvue\u02b9zzest paal\u01e5\u00e2sk\u00e5\u00e5\u02b9dd saujjvue\u02b9zzest, m\u00e2\u02b9te \u0161e m\u00e4ddt\u00e4\u00e4l.<\/p>\n<p>Paal\u01e5\u00e2sk\u00e5\u00e5\u02b9dd vuu\u02b9dest \u00e5\u00e5rrai siid lie Sirni\u00f6, Kuloj\u00e4rvi, Anetj\u00e4rvi, Lauhkia, Raistakka, Livo, Pernu, Per\u00e4l\u00e4 da Posio ceerkavsiid saujjvue\u02b9ss. Paal\u01e5\u00e2sk\u00e5\u00e5\u02b9dd vue\u02b9ssnee\u02b9\u01e9\u01e9 j\u00e4lste ju\u00f5\u02b9\u01e9\u01e9 siid\u00e2st.<\/p>\n<p>&nbsp;<\/p>\n<p><!--more--><\/p>\n<h2>Posion Livo pu\u00e4\u0292\u0292ni\u00f5\u0111 jie\u02b9llem<\/h2>\n<p>Posion Livo palgg\u00e2z pu\u00e4\u0292\u0292ni\u00f5\u0111 jie\u02b9llem pu\u00e4\u0292\u0292h\u00e5\u00e5idast (<a href=\"https:\/\/www.youtube.com\/watch?v=uhDH31nsx_o\"><strong>Youtube<\/strong><\/a>). \u00d5lmst\u00f5ttum 3\/2011.<\/p>\n<p>&nbsp;<\/p>\n","protected":false},"excerpt":{"rendered":"<p>Posion Livo Pu\u00e4\u0292\u0292ee\u02b9\u017e\u017eed: Hirvonen Seppo Te\u02b9lfon: 040 585 3663 Ne\u02b9ttp\u00e5\u00e5\u02b9\u0161t: in&#102;&#111;&#64;&#x76;&#x61;&#x6c;&#x6b;&#x65;ap&#101;&#117;&#114;&#x61;&#x2e;&#x66;&#x69; Dommk\u00e5\u02b9dd: Posio Vu\u02b9vdd\u0161orr\u00e2dvu\u00f5tt: 967,5 km2 \u0160uurm\u00f5s l\u00e5\u00e5vla\u017e pu\u00e4\u0292\u0292l\u00e5\u00e5kk: 1 500 Pu\u00e4\u0292\u0292vu\u00e4\u02b9msteei: 39 Posion Livon paal\u01e5\u00e2sk\u00e5\u02b9dd kooll Nu\u00f5rtt\u01e9ee\u02b9mmjoo\u01e5\u01e5 mi\u00e2rkkpirr\u00f5\u02b9sse. Paal\u01e5\u00e2sk\u00e5\u02b9dd lij Posio k\u00e5\u00e5\u02b9dd vuu\u02b9dest. Paal\u01e5\u00e2sk\u00e5\u02b9dd rajjan t\u00e2\u00e2vast Timisj\u00e4rvi, \u00e4pplest Tolva, nu\u00f5rttjest Akanlahti, saauj\u00e2st Taivalkoski da vi\u00f5sttrest Niemel\u00e4 ja Pudasj\u00e4rven Livon paal\u01e5\u00e2skoo\u02b9ddid. Paal\u01e5\u00e2sk\u00e5\u00e5\u02b9dd vuu\u02b9dest 58,8 % [&hellip;]<\/p>\n","protected":false},"author":1,"featured_media":0,"parent":420,"menu_order":38,"comment_status":"open","ping_status":"closed","template":"paliskuntasivut.php","meta":{"footnotes":""},"class_list":["post-1477","page","type-page","status-publish","hentry"],"aioseo_notices":[],"_links":{"self":[{"href":"https:\/\/paliskunnat.fi\/poh\/wp-json\/wp\/v2\/pages\/1477","targetHints":{"allow":["GET"]}}],"collection":[{"href":"https:\/\/paliskunnat.fi\/poh\/wp-json\/wp\/v2\/pages"}],"about":[{"href":"https:\/\/paliskunnat.fi\/poh\/wp-json\/wp\/v2\/types\/page"}],"author":[{"embeddable":true,"href":"https:\/\/paliskunnat.fi\/poh\/wp-json\/wp\/v2\/users\/1"}],"replies":[{"embeddable":true,"href":"https:\/\/paliskunnat.fi\/poh\/wp-json\/wp\/v2\/comments?post=1477"}],"version-history":[{"count":5,"href":"https:\/\/paliskunnat.fi\/poh\/wp-json\/wp\/v2\/pages\/1477\/revisions"}],"predecessor-version":[{"id":7069,"href":"https:\/\/paliskunnat.fi\/poh\/wp-json\/wp\/v2\/pages\/1477\/revisions\/7069"}],"up":[{"embeddable":true,"href":"https:\/\/paliskunnat.fi\/poh\/wp-json\/wp\/v2\/pages\/420"}],"wp:attachment":[{"href":"https:\/\/paliskunnat.fi\/poh\/wp-json\/wp\/v2\/media?parent=1477"}],"curies":[{"name":"wp","href":"https:\/\/api.w.org\/{rel}","templated":true}]}}