{"id":1479,"date":"2014-11-23T17:35:51","date_gmt":"2014-11-23T15:35:51","guid":{"rendered":"http:\/\/80.69.171.23\/py\/?page_id=1479"},"modified":"2023-06-07T15:55:46","modified_gmt":"2023-06-07T12:55:46","slug":"isosydanmaa","status":"publish","type":"page","link":"https:\/\/paliskunnat.fi\/poh\/paalgaskaadd\/paalgaskooddi_tead\/isosydanmaa\/","title":{"rendered":"39 Isosyd\u00e4nmaa"},"content":{"rendered":"<h2>Isosyd\u00e4nmaa<\/h2>\n<p>Pu\u00e4\u0292\u0292ee\u02b9\u017e\u017eed: Haapaniemi Markus<br \/>\nTe\u02b9lfon: 050 561 9827<br \/>\nNe\u02b9ttp\u00e5\u00e5\u02b9\u0161t: &#109;&#x61;&#114;&#x6b;&#117;&#x73;&#46;&#x68;&#97;&#x61;&#112;&#x61;&#110;&#x69;&#101;&#x6d;&#105;&#x40;&#103;&#x6d;&#97;&#x69;&#108;&#x2e;&#99;&#x6f;&#109;<\/p>\n<p><a href=\"https:\/\/paliskunnat.fi\/py\/wp-content\/uploads\/2014\/11\/39_isosydanmaa.png\" rel=\"lightbox[1479]\"><img loading=\"lazy\" decoding=\"async\" class=\"alignnone wp-image-1535\" src=\"https:\/\/paliskunnat.fi\/py\/wp-content\/uploads\/2014\/11\/39_isosydanmaa.png\" alt=\"39 Isosyd\u00e4nmaa\" width=\"300\" height=\"387\" srcset=\"https:\/\/paliskunnat.fi\/poh\/wp-content\/uploads\/2014\/11\/39_isosydanmaa.png 775w, https:\/\/paliskunnat.fi\/poh\/wp-content\/uploads\/2014\/11\/39_isosydanmaa-233x300.png 233w, https:\/\/paliskunnat.fi\/poh\/wp-content\/uploads\/2014\/11\/39_isosydanmaa-768x991.png 768w\" sizes=\"auto, (max-width: 300px) 100vw, 300px\" \/><\/a><\/p>\n<table width=\"450\">\n<tbody>\n<tr>\n<td>Dommk\u00e5\u02b9dd:<\/td>\n<td>Simo<\/td>\n<\/tr>\n<tr>\n<td>Vu\u02b9vdd\u0161orr\u00e2dvu\u00f5tt:<\/td>\n<td>2 268,2 km<sup>2<\/sup><\/td>\n<\/tr>\n<tr>\n<td>\u0160uurm\u00f5s l\u00e5\u00e5vla\u017e pu\u00e4\u0292\u0292l\u00e5\u00e5kk:<\/td>\n<td>2 000<\/td>\n<\/tr>\n<tr>\n<td>Pu\u00e4\u0292\u0292vu\u00e4\u02b9msteei:<\/td>\n<td>68<\/td>\n<\/tr>\n<\/tbody>\n<\/table>\n<p>Isosyd\u00e4nmaan paal\u01e5\u00e2sk\u00e5\u02b9dd kooll Nu\u00f5rtt\u01e9ee\u02b9mmjoo\u01e5\u01e5 mi\u00e2rkkpirr\u00f5\u02b9sse. Paal\u01e5\u00e2sk\u00e5\u02b9dd lij Simo, Ranua da Tervola koo\u02b9ddi vuu\u02b9dest. Paal\u01e5\u00e2sk\u00e5\u02b9dd rajjan t\u00e2\u00e2vast Narkaus, nu\u00f5rttjest Kuukas da saauj\u00e2st Oij\u00e4rvi paal\u01e5\u00e2skoo\u02b9ddid. Vi\u00f5stt\u00e2r be\u00e4\u02b9lnn paal\u01e5\u00e2sk\u00e5\u02b9dd vu\u00e4ll Pu\u00e5\u0161\u0161mi\u00e2r reedd r\u00e4jja.<\/p>\n<p>Paal\u01e5\u00e2sk\u00e5\u00e5\u02b9dd vuu\u02b9dest 46,3 % lie riikkj\u00e2nnam da 53,7 % privattj\u00e2nnam.<\/p>\n<p>Paal\u01e5\u00e2sk\u00e5\u00e5\u02b9dd vuu\u02b9dest lie Runkaus lu\u00e2ttmu\u00f5rrkaard\u00e2s di mue\u02b9dd jee\u02b9res Naturavuu\u02b9d. Ranua Suhankoo\u02b9je lij plaaneem vue\u02b9lnn platinametallku\u00e5iv\u00e2s, k\u00e5\u00e5\u02b9tt \u0161\u00f5\u00f5dd\u010di Isosyd\u00e4nmaa da Narkaus ra\u02b9jje. Paal\u01e5\u00e2sk\u00e5\u00e5\u02b9dd vuu\u02b9dest lie tu\u00e5immjumm\u0161est da plaaneem vue\u02b9lnn \u00e5\u00e5rrai l\u00e2u\u02b9\u014b\u014bpuu\u02b9t\u02bctemvuu\u02b9d di m\u00e4\u00e4\u014bg plaanuum pi\u00f5ggvi\u00f5kkpuu\u02b9t\u02bctemvuu\u02b9d.<\/p>\n<p>Paal\u01e5\u00e2sk\u00e5\u00e5\u02b9ddest lie j\u00e4\u00e4nm\u00f5s\u00e2n \u00e2\u00e2\u02b9nnmest se\u02b9rddemnall\u0161em \u00e4iddne\u00e4vv. \u01e8iidd\u00f5s \u00e4\u00e4id palggsest lie Alatalon-antinvaarast, k\u00e5\u00e5\u02b9tt lij \u00e2\u00e2\u02b9nnmest ju\u00f5\u02b9\u01e9\u01e9 ee\u02b9jj. Mi\u00e2rkteei aazzt\u00f5sk\u00f5\u00f5sk\u00f5s lij Simo ceerkavsijdd, le\u0161a paal\u01e5\u00e2sk\u00e5\u00e5\u02b9dd vuu\u02b9dest lie m\u00e4\u00e4\u014bg u\u02b9cc siid. Aazzt\u00f5s vuu\u02b9dest lij samai m\u00e4ddt\u00e4\u00e4llv\u00e4lddsa\u017e \u0161e.<\/p>\n<p>&nbsp;<\/p>\n","protected":false},"excerpt":{"rendered":"<p>Isosyd\u00e4nmaa Pu\u00e4\u0292\u0292ee\u02b9\u017e\u017eed: Haapaniemi Markus Te\u02b9lfon: 050 561 9827 Ne\u02b9ttp\u00e5\u00e5\u02b9\u0161t: &#x6d;&#x61;&#114;&#107;&#117;s&#x2e;&#x68;&#x61;&#97;&#112;an&#x69;&#x65;&#x6d;&#105;&#64;g&#x6d;&#x61;&#x69;&#108;&#46;&#99;o&#x6d; Dommk\u00e5\u02b9dd: Simo Vu\u02b9vdd\u0161orr\u00e2dvu\u00f5tt: 2 268,2 km2 \u0160uurm\u00f5s l\u00e5\u00e5vla\u017e pu\u00e4\u0292\u0292l\u00e5\u00e5kk: 2 000 Pu\u00e4\u0292\u0292vu\u00e4\u02b9msteei: 68 Isosyd\u00e4nmaan paal\u01e5\u00e2sk\u00e5\u02b9dd kooll Nu\u00f5rtt\u01e9ee\u02b9mmjoo\u01e5\u01e5 mi\u00e2rkkpirr\u00f5\u02b9sse. Paal\u01e5\u00e2sk\u00e5\u02b9dd lij Simo, Ranua da Tervola koo\u02b9ddi vuu\u02b9dest. Paal\u01e5\u00e2sk\u00e5\u02b9dd rajjan t\u00e2\u00e2vast Narkaus, nu\u00f5rttjest Kuukas da saauj\u00e2st Oij\u00e4rvi paal\u01e5\u00e2skoo\u02b9ddid. Vi\u00f5stt\u00e2r be\u00e4\u02b9lnn paal\u01e5\u00e2sk\u00e5\u02b9dd vu\u00e4ll Pu\u00e5\u0161\u0161mi\u00e2r reedd r\u00e4jja. Paal\u01e5\u00e2sk\u00e5\u00e5\u02b9dd vuu\u02b9dest [&hellip;]<\/p>\n","protected":false},"author":1,"featured_media":0,"parent":420,"menu_order":39,"comment_status":"open","ping_status":"closed","template":"paliskuntasivut.php","meta":{"footnotes":""},"class_list":["post-1479","page","type-page","status-publish","hentry"],"aioseo_notices":[],"_links":{"self":[{"href":"https:\/\/paliskunnat.fi\/poh\/wp-json\/wp\/v2\/pages\/1479","targetHints":{"allow":["GET"]}}],"collection":[{"href":"https:\/\/paliskunnat.fi\/poh\/wp-json\/wp\/v2\/pages"}],"about":[{"href":"https:\/\/paliskunnat.fi\/poh\/wp-json\/wp\/v2\/types\/page"}],"author":[{"embeddable":true,"href":"https:\/\/paliskunnat.fi\/poh\/wp-json\/wp\/v2\/users\/1"}],"replies":[{"embeddable":true,"href":"https:\/\/paliskunnat.fi\/poh\/wp-json\/wp\/v2\/comments?post=1479"}],"version-history":[{"count":4,"href":"https:\/\/paliskunnat.fi\/poh\/wp-json\/wp\/v2\/pages\/1479\/revisions"}],"predecessor-version":[{"id":7070,"href":"https:\/\/paliskunnat.fi\/poh\/wp-json\/wp\/v2\/pages\/1479\/revisions\/7070"}],"up":[{"embeddable":true,"href":"https:\/\/paliskunnat.fi\/poh\/wp-json\/wp\/v2\/pages\/420"}],"wp:attachment":[{"href":"https:\/\/paliskunnat.fi\/poh\/wp-json\/wp\/v2\/media?parent=1479"}],"curies":[{"name":"wp","href":"https:\/\/api.w.org\/{rel}","templated":true}]}}