{"id":1483,"date":"2014-11-23T17:38:34","date_gmt":"2014-11-23T15:38:34","guid":{"rendered":"http:\/\/80.69.171.23\/py\/?page_id=1483"},"modified":"2023-06-07T15:57:03","modified_gmt":"2023-06-07T12:57:03","slug":"alakitka","status":"publish","type":"page","link":"https:\/\/paliskunnat.fi\/poh\/paalgaskaadd\/paalgaskooddi_tead\/alakitka\/","title":{"rendered":"42 Alakitka"},"content":{"rendered":"<h2>Alakitka<\/h2>\n<p>Pu\u00e4\u0292\u0292ee\u02b9\u017e\u017eed: Oikarainen Jalmari<br \/>\nTe\u02b9lfon: +358 40 965 0596<br \/>\nNe\u02b9ttp\u00e5\u00e5\u02b9\u0161t: &#x61;l&#x61;&#107;i&#x74;&#107;&#x61;&#x6e;p&#x6c;&#107;&#64;&#x67;&#109;&#x61;&#105;l&#x2e;&#99;o&#x6d;<\/p>\n<p><a href=\"https:\/\/paliskunnat.fi\/py\/wp-content\/uploads\/2014\/11\/42_alakitka.png\" rel=\"lightbox[1483]\"><img loading=\"lazy\" decoding=\"async\" class=\"alignnone wp-image-1541\" src=\"https:\/\/paliskunnat.fi\/py\/wp-content\/uploads\/2014\/11\/42_alakitka.png\" alt=\"42_alakitka\" width=\"300\" height=\"387\" srcset=\"https:\/\/paliskunnat.fi\/poh\/wp-content\/uploads\/2014\/11\/42_alakitka.png 776w, https:\/\/paliskunnat.fi\/poh\/wp-content\/uploads\/2014\/11\/42_alakitka-233x300.png 233w, https:\/\/paliskunnat.fi\/poh\/wp-content\/uploads\/2014\/11\/42_alakitka-768x990.png 768w\" sizes=\"auto, (max-width: 300px) 100vw, 300px\" \/><\/a><\/p>\n<table width=\"450\">\n<tbody>\n<tr>\n<td>Dommk\u00e5\u02b9dd:<\/td>\n<td>Kuusamo<\/td>\n<\/tr>\n<tr>\n<td>Vu\u02b9vdd\u0161orr\u00e2dvu\u00f5tt:<\/td>\n<td>1 175,9 km<sup>2<\/sup><\/td>\n<\/tr>\n<tr>\n<td>\u0160uurm\u00f5s l\u00e5\u00e5vla\u017e pu\u00e4\u0292\u0292l\u00e5\u00e5kk:<\/td>\n<td>1 600<\/td>\n<\/tr>\n<tr>\n<td>Pu\u00e4\u0292\u0292vu\u00e4\u02b9msteei:<\/td>\n<td>38<\/td>\n<\/tr>\n<\/tbody>\n<\/table>\n<p>Alakitka paal\u01e5\u00e2sk\u00e5\u02b9dd kooll Kuusamo mi\u00e2rkkpirr\u00f5\u02b9sse. Paal\u01e5\u00e2sk\u00e5\u02b9dd lij Kuusamo g\u00e5\u00e5rad t\u00e2\u02b9vv-vuu\u02b9dest. Paal\u01e5\u00e2sk\u00e5\u02b9dd rajjan nu\u00f5rttjest Ru\u00f5\u0161\u0161j\u00e2nnam riikkra\u02b9jje, saauj\u00e2st Oivanki, vi\u00f5sttrest Tolva da t\u00e2\u00e2vast Salla paal\u01e5\u00e2skoo\u02b9ddid.<\/p>\n<p>Paal\u01e5\u00e2sk\u00e5\u00e5\u02b9dd vuu\u02b9dest 24,6 % lie riikkj\u00e2nnam da 75,4 % privattj\u00e2nnam.. Paal\u01e5\u00e2sk\u00e5\u00e5\u02b9dd vuu\u02b9dest lij Oulanka meerme\u00e4\u02b9cc, k\u00e5\u00e5\u02b9tt staanad l\u00e2ppj\u00e2nnmi seillm\u00f5\u00f5\u017e\u017e paal\u01e5\u00e2sk\u00e5\u00e5\u02b9dd vuu\u02b9dest. L\u00e2\u00e2\u02b9ssen paal\u01e5\u00e2sk\u00e5\u00e5\u02b9dd vuu\u02b9dest lij Sukeri lu\u00e2ttmu\u00f5rrkaard\u00e2s. Ru\u00f5\u0161\u0161j\u00e2nnam \u00f5\u00f5ld\u00e2svu\u00f5tt di\u00f5tt paal\u01e5\u00e2sk\u00e5\u00e5\u02b9dd vuu\u02b9dest lie ji\u00e2nnai n\u00e4\u00e4u\u02b9d.<\/p>\n<p>Pikal\u00f5s\u00e4\u00e4id lie \u00f5httsi\u02b9\u017e\u017ee nellj. Rytinkist lij pikal\u00f5s\u00e4\u00e4id \u00f5httvu\u00f5\u0111\u00e2st poortem\u00e4idd \u0161e, ko\u02b9st pu\u00f5ccid vu\u00e4itt tu\u00f5\u02b9ll\u02bcjed da poorted taarb\u0161e\u02b9mmen v\u00e4\u02b9\u01ef\u01efelvu\u00f5\u0111itaa. J\u00e4k\u00e4l\u00e4mutkaa\u02b9je lij rajjum o\u0111\u0111 pikal\u00f5s\u00e4idd 2010.<\/p>\n<p>Paal\u01e5\u00e2sk\u00e5\u00e5\u02b9dd \u00f5htt o\u02b9dinakai sijdd lij K\u00e4yl\u00e4. Se\u00e4mmanalla Vuotunkist lij aazzt\u00f5\u00f5zz \u0161e. Lu\u00e2mm- da \u00e2stt\u00e4\u00e4i\u02b9j aazzt\u00f5\u00f5zz paal\u01e5\u00e2sk\u00e5\u00e5\u02b9dd vuu\u02b9dest lie ji\u00e2nnai. Vue\u02b9ssnee\u02b9\u01e9\u01e9 j\u00e4lste v\u00e4\u02b9lddvue\u02b9zzest K\u00e4yl\u00e4 t\u00e4ll\u00f5svuu\u02b9dest. M\u00e5tam pu\u00e4\u0292\u0292oummu j\u00e4lste Kuusamo kuvddl\u00f5\u00f5zz\u00e2st da jee\u02b9res g\u00e5\u00e5rad siidin.<\/p>\n<p>&nbsp;<\/p>\n<p>&nbsp;<\/p>\n<p>&nbsp;<\/p>\n","protected":false},"excerpt":{"rendered":"<p>Alakitka Pu\u00e4\u0292\u0292ee\u02b9\u017e\u017eed: Oikarainen Jalmari Te\u02b9lfon: +358 40 965 0596 Ne\u02b9ttp\u00e5\u00e5\u02b9\u0161t: a&#108;&#97;&#x6b;&#x69;&#x74;&#x6b;a&#110;&#112;&#108;&#x6b;&#x40;&#x67;ma&#105;&#108;&#x2e;&#x63;&#x6f;m Dommk\u00e5\u02b9dd: Kuusamo Vu\u02b9vdd\u0161orr\u00e2dvu\u00f5tt: 1 175,9 km2 \u0160uurm\u00f5s l\u00e5\u00e5vla\u017e pu\u00e4\u0292\u0292l\u00e5\u00e5kk: 1 600 Pu\u00e4\u0292\u0292vu\u00e4\u02b9msteei: 38 Alakitka paal\u01e5\u00e2sk\u00e5\u02b9dd kooll Kuusamo mi\u00e2rkkpirr\u00f5\u02b9sse. Paal\u01e5\u00e2sk\u00e5\u02b9dd lij Kuusamo g\u00e5\u00e5rad t\u00e2\u02b9vv-vuu\u02b9dest. Paal\u01e5\u00e2sk\u00e5\u02b9dd rajjan nu\u00f5rttjest Ru\u00f5\u0161\u0161j\u00e2nnam riikkra\u02b9jje, saauj\u00e2st Oivanki, vi\u00f5sttrest Tolva da t\u00e2\u00e2vast Salla paal\u01e5\u00e2skoo\u02b9ddid. Paal\u01e5\u00e2sk\u00e5\u00e5\u02b9dd vuu\u02b9dest 24,6 % lie riikkj\u00e2nnam da 75,4 [&hellip;]<\/p>\n","protected":false},"author":1,"featured_media":0,"parent":420,"menu_order":42,"comment_status":"open","ping_status":"closed","template":"paliskuntasivut.php","meta":{"footnotes":""},"class_list":["post-1483","page","type-page","status-publish","hentry"],"aioseo_notices":[],"_links":{"self":[{"href":"https:\/\/paliskunnat.fi\/poh\/wp-json\/wp\/v2\/pages\/1483","targetHints":{"allow":["GET"]}}],"collection":[{"href":"https:\/\/paliskunnat.fi\/poh\/wp-json\/wp\/v2\/pages"}],"about":[{"href":"https:\/\/paliskunnat.fi\/poh\/wp-json\/wp\/v2\/types\/page"}],"author":[{"embeddable":true,"href":"https:\/\/paliskunnat.fi\/poh\/wp-json\/wp\/v2\/users\/1"}],"replies":[{"embeddable":true,"href":"https:\/\/paliskunnat.fi\/poh\/wp-json\/wp\/v2\/comments?post=1483"}],"version-history":[{"count":7,"href":"https:\/\/paliskunnat.fi\/poh\/wp-json\/wp\/v2\/pages\/1483\/revisions"}],"predecessor-version":[{"id":7072,"href":"https:\/\/paliskunnat.fi\/poh\/wp-json\/wp\/v2\/pages\/1483\/revisions\/7072"}],"up":[{"embeddable":true,"href":"https:\/\/paliskunnat.fi\/poh\/wp-json\/wp\/v2\/pages\/420"}],"wp:attachment":[{"href":"https:\/\/paliskunnat.fi\/poh\/wp-json\/wp\/v2\/media?parent=1483"}],"curies":[{"name":"wp","href":"https:\/\/api.w.org\/{rel}","templated":true}]}}