{"id":1486,"date":"2014-11-23T17:41:10","date_gmt":"2014-11-23T15:41:10","guid":{"rendered":"http:\/\/80.69.171.23\/py\/?page_id=1486"},"modified":"2023-06-07T15:57:55","modified_gmt":"2023-06-07T12:57:55","slug":"akanlahti","status":"publish","type":"page","link":"https:\/\/paliskunnat.fi\/poh\/paalgaskaadd\/paalgaskooddi_tead\/akanlahti\/","title":{"rendered":"43 Akanlahti"},"content":{"rendered":"<h2>Akanlahti<\/h2>\n<p>Pu\u00e4\u0292\u0292ee\u02b9\u017e\u017eed: P\u00e4tsi Antti<br \/>\nTe\u02b9lfon: 040 708 2153<br \/>\nNe\u02b9ttp\u00e5\u00e5\u02b9\u0161t: a&#110;&#116;&#x74;&#x69;&#46;p&#97;&#116;&#x73;&#x69;&#64;g&#109;&#97;&#x69;&#x6c;&#46;c&#111;&#x6d;<\/p>\n<p><a href=\"https:\/\/paliskunnat.fi\/py\/wp-content\/uploads\/2014\/11\/43_akanlahti.png\" rel=\"lightbox[1486]\"><img loading=\"lazy\" decoding=\"async\" class=\"alignnone wp-image-1544\" src=\"https:\/\/paliskunnat.fi\/py\/wp-content\/uploads\/2014\/11\/43_akanlahti.png\" alt=\"43_akanlahti\" width=\"300\" height=\"387\" srcset=\"https:\/\/paliskunnat.fi\/poh\/wp-content\/uploads\/2014\/11\/43_akanlahti.png 775w, https:\/\/paliskunnat.fi\/poh\/wp-content\/uploads\/2014\/11\/43_akanlahti-233x300.png 233w, https:\/\/paliskunnat.fi\/poh\/wp-content\/uploads\/2014\/11\/43_akanlahti-768x991.png 768w\" sizes=\"auto, (max-width: 300px) 100vw, 300px\" \/><\/a><\/p>\n<table width=\"450\">\n<tbody>\n<tr>\n<td>Dommk\u00e5\u02b9dd:<\/td>\n<td>Posio<\/td>\n<\/tr>\n<tr>\n<td>Vu\u02b9vdd\u0161orr\u00e2dvu\u00f5tt:<\/td>\n<td>641,5 km<sup>2<\/sup><\/td>\n<\/tr>\n<tr>\n<td>\u0160uurm\u00f5s l\u00e5\u00e5vla\u017e pu\u00e4\u0292\u0292l\u00e5\u00e5kk:<\/td>\n<td>1 000<\/td>\n<\/tr>\n<tr>\n<td>Pu\u00e4\u0292\u0292vu\u00e4\u02b9msteei:<\/td>\n<td>17<\/td>\n<\/tr>\n<\/tbody>\n<\/table>\n<p>Akanlahti paal\u01e5\u00e2sk\u00e5\u02b9dd kooll Kuusamo mi\u00e2rkkpirr\u00f5\u02b9sse. Paal\u01e5\u00e2sk\u00e5\u02b9dd lij Posio (60 %), Kuusamo (35 %) da Taivalkoski (5 %) koo\u02b9ddin. Paal\u01e5\u00e2sk\u00e5\u02b9dd rajjan t\u00e2\u00e2vast Tolva, nu\u00f5rttjest Oivanki da Kallioluoma, saauj\u00e2st Hossa-Irni da Taivalkoski da vi\u00f5sttrest Posion Livo paal\u01e5\u00e2skoo\u02b9ddid.<\/p>\n<p>Paal\u01e5\u00e2sk\u00e5\u00e5\u02b9dd vuu\u02b9dest 12,7 % lie riikkj\u00e2nnam da 87,3 % privattj\u00e2nnam. Akanlahti paal\u01e5\u00e2sk\u00e5\u00e5\u02b9ddest jie le\u00e4kku lu\u00e2ttmu\u00f5rrkardd\u00e2z, meermie\u02b9cc le\u02b9be poostaij\u00e2nnamvuu\u02b9d.<\/p>\n<p>Paal\u01e5\u00e2sk\u00e5\u00e5\u02b9ddest lie kutt pikal\u00f5sp\u00e4\u00e4i\u02b9\u01e9: Kolomilampi, Suonper\u00e4, Aitalampi, Pitk\u00e4lampi, Isokangas da Jokilampi. Vue\u02b9ssmie\u02b9r\u01e9\u01e9umm\u0161id \u00f5\u02b9nne se\u02b9rddem\u00e4\u00e4idain.<\/p>\n<p>Aazzt\u00f5\u00f5zz lij occanj da t\u00f5n lij pirr paal\u01e5\u00e2sk\u00e5\u00e5\u02b9dd. Paal\u01e5\u00e2sk\u00e5\u00e5\u02b9dd vuu\u02b9dest ij le\u00e4kku j\u00f5nn \u010d\u00f5kkp\u00e4i\u02b9\u01e9\u01e9vuu\u02b9d, pe\u02b9ce u\u02b9cc siid, m\u00e2\u02b9te Vasaraper\u00e4, Lohiranta, Kynsivaara da Jokilampi. V\u00e4\u02b9lddvue\u02b9zzest puk vue\u02b9ssnee\u02b9\u01e9\u01e9 j\u00e4lste paal\u01e5\u00e2sk\u00e5\u00e5\u02b9dd vuu\u02b9d siidin m\u00e2\u02b9te Lohiranta da Jokilampi siidin.<\/p>\n<p>&nbsp;<\/p>\n<p>&nbsp;<\/p>\n","protected":false},"excerpt":{"rendered":"<p>Akanlahti Pu\u00e4\u0292\u0292ee\u02b9\u017e\u017eed: P\u00e4tsi Antti Te\u02b9lfon: 040 708 2153 Ne\u02b9ttp\u00e5\u00e5\u02b9\u0161t: an&#116;&#116;&#105;&#x2e;&#x70;&#x61;&#x74;&#x73;i&#64;&#103;&#109;&#97;&#x69;&#x6c;&#x2e;&#x63;&#x6f;m Dommk\u00e5\u02b9dd: Posio Vu\u02b9vdd\u0161orr\u00e2dvu\u00f5tt: 641,5 km2 \u0160uurm\u00f5s l\u00e5\u00e5vla\u017e pu\u00e4\u0292\u0292l\u00e5\u00e5kk: 1 000 Pu\u00e4\u0292\u0292vu\u00e4\u02b9msteei: 17 Akanlahti paal\u01e5\u00e2sk\u00e5\u02b9dd kooll Kuusamo mi\u00e2rkkpirr\u00f5\u02b9sse. Paal\u01e5\u00e2sk\u00e5\u02b9dd lij Posio (60 %), Kuusamo (35 %) da Taivalkoski (5 %) koo\u02b9ddin. Paal\u01e5\u00e2sk\u00e5\u02b9dd rajjan t\u00e2\u00e2vast Tolva, nu\u00f5rttjest Oivanki da Kallioluoma, saauj\u00e2st Hossa-Irni da Taivalkoski da vi\u00f5sttrest Posion [&hellip;]<\/p>\n","protected":false},"author":1,"featured_media":0,"parent":420,"menu_order":43,"comment_status":"open","ping_status":"closed","template":"paliskuntasivut.php","meta":{"footnotes":""},"class_list":["post-1486","page","type-page","status-publish","hentry"],"aioseo_notices":[],"_links":{"self":[{"href":"https:\/\/paliskunnat.fi\/poh\/wp-json\/wp\/v2\/pages\/1486","targetHints":{"allow":["GET"]}}],"collection":[{"href":"https:\/\/paliskunnat.fi\/poh\/wp-json\/wp\/v2\/pages"}],"about":[{"href":"https:\/\/paliskunnat.fi\/poh\/wp-json\/wp\/v2\/types\/page"}],"author":[{"embeddable":true,"href":"https:\/\/paliskunnat.fi\/poh\/wp-json\/wp\/v2\/users\/1"}],"replies":[{"embeddable":true,"href":"https:\/\/paliskunnat.fi\/poh\/wp-json\/wp\/v2\/comments?post=1486"}],"version-history":[{"count":5,"href":"https:\/\/paliskunnat.fi\/poh\/wp-json\/wp\/v2\/pages\/1486\/revisions"}],"predecessor-version":[{"id":7073,"href":"https:\/\/paliskunnat.fi\/poh\/wp-json\/wp\/v2\/pages\/1486\/revisions\/7073"}],"up":[{"embeddable":true,"href":"https:\/\/paliskunnat.fi\/poh\/wp-json\/wp\/v2\/pages\/420"}],"wp:attachment":[{"href":"https:\/\/paliskunnat.fi\/poh\/wp-json\/wp\/v2\/media?parent=1486"}],"curies":[{"name":"wp","href":"https:\/\/api.w.org\/{rel}","templated":true}]}}