{"id":1488,"date":"2014-11-23T17:42:53","date_gmt":"2014-11-23T15:42:53","guid":{"rendered":"http:\/\/80.69.171.23\/py\/?page_id=1488"},"modified":"2025-06-11T10:06:03","modified_gmt":"2025-06-11T07:06:03","slug":"hossa-irni","status":"publish","type":"page","link":"https:\/\/paliskunnat.fi\/poh\/paalgaskaadd\/paalgaskooddi_tead\/hossa-irni\/","title":{"rendered":"44 Hossa-Irni"},"content":{"rendered":"<h2>Hossa-Irni<\/h2>\n<p>Pu\u00e4\u0292\u0292ee\u02b9\u017e\u017eed: Sepp\u00e4nen Ville<br \/>\nTe\u02b9lfon: 040 569 6592<br \/>\nNe\u02b9ttp\u00e5\u00e5\u02b9\u0161t: &#x68;&#111;s&#x73;&#97;i&#x72;&#110;i&#x70;&#x6c;&#107;&#x40;&#x67;&#109;a&#x69;&#108;&#46;&#x63;&#111;m<\/p>\n<p><a href=\"https:\/\/paliskunnat.fi\/py\/wp-content\/uploads\/2014\/11\/44_hossa_irni.png\" rel=\"lightbox[1488]\"><img loading=\"lazy\" decoding=\"async\" class=\"alignnone wp-image-1546\" src=\"https:\/\/paliskunnat.fi\/py\/wp-content\/uploads\/2014\/11\/44_hossa_irni.png\" alt=\"44 Hossa Irni\" width=\"300\" height=\"387\" srcset=\"https:\/\/paliskunnat.fi\/poh\/wp-content\/uploads\/2014\/11\/44_hossa_irni.png 775w, https:\/\/paliskunnat.fi\/poh\/wp-content\/uploads\/2014\/11\/44_hossa_irni-233x300.png 233w, https:\/\/paliskunnat.fi\/poh\/wp-content\/uploads\/2014\/11\/44_hossa_irni-768x991.png 768w\" sizes=\"auto, (max-width: 300px) 100vw, 300px\" \/><\/a><\/p>\n<table width=\"450\">\n<tbody>\n<tr>\n<td>Dommk\u00e5\u02b9dd:<\/td>\n<td>Suomussalmi<\/td>\n<\/tr>\n<tr>\n<td>Vu\u02b9vdd\u0161orr\u00e2dvu\u00f5tt:<\/td>\n<td>3 087,4 km<sup>2<\/sup><\/td>\n<\/tr>\n<tr>\n<td>\u0160uurm\u00f5s l\u00e5\u00e5vla\u017e pu\u00e4\u0292\u0292l\u00e5\u00e5kk:<\/td>\n<td>3 000<\/td>\n<\/tr>\n<tr>\n<td>Pu\u00e4\u0292\u0292vu\u00e4\u02b9msteei:<\/td>\n<td>71<\/td>\n<\/tr>\n<\/tbody>\n<\/table>\n<p>Hossa-Irni paal\u01e5\u00e2sk\u00e5\u02b9dd kooll Kuusamo mi\u00e2rkkpirr\u00f5\u02b9sse. Paal\u01e5\u00e2sk\u00e5\u02b9dd lij Kuusamo g\u00e5\u00e5rad, Taivalkoski da Suomussalmi koo\u02b9ddi vuu\u02b9dest. Paal\u01e5\u00e2sk\u00e5\u02b9dd rajjan nu\u00f5rttjest Ru\u00f5\u0161\u0161j\u00e2nnam riikkra\u02b9jje, saauj\u00e2st N\u00e4lj\u00e4nk\u00e4, vi\u00f5sttrest Taivalkoski da t\u00e2\u00e2vast Akanlahti da Kallioluoma paal\u01e5\u00e2skoo\u02b9ddid.<\/p>\n<p>Paal\u01e5\u00e2sk\u00e5\u00e5\u02b9dd vuu\u02b9dest 50,5 % lie riikkj\u00e2nnam da 49,5 % privattj\u00e2nnam.. Paal\u01e5\u00e2sk\u00e5\u00e5\u02b9dd vuu\u02b9dest lie m\u00e4\u014bgg Naturaa\u02b9je \u00f5httneei su\u00f5jjlemvuu\u02b9d. J\u00e4\u00e4nm\u00f5s\u00e2n mi\u00e2rkteei su\u00f5jjlemvuu\u02b9d lie Martinselkonen, Hossa lu\u00e2\u0111astj\u00e5\u00e5\u02b9ttemvu\u02b9vdd da Romevaara.<\/p>\n<p>Paal\u01e5\u00e2sk\u00e5\u00e5\u02b9ddest jie le\u00e4kku c\u00f5gg\u00e2m\u00e4\u00e4id da ku\u00e4ivvam- da palgg\u00e2mpaai\u02b9\u01e9i k\u00f5skk\u00e4\u00e4id. Pikal\u00f5s\u00e4\u00e4id lie \u00f5httsi\u02b9\u017e\u017ee \u00e5\u00e5u\u02b9c. Vue\u02b9zzest \u01e9iidd\u00f5s \u00e4\u00e4idain lie poortem\u00e4\u00e4id \u0161e, koin pu\u00f5ccid vu\u00e4itt tu\u00f5\u02b9ll\u02bcjed da poorted taarb\u0161e\u02b9mmen v\u00e4\u02b9\u01ef\u01efelvu\u00f5\u0111itaa.<\/p>\n<p>Aazzt\u00f5s lij n\u00e2\u00e2nas paal\u01e5\u00e2sk\u00e5\u00e5\u02b9dd t\u00e2\u02b9vv-vue\u02b9zzin Iijoki \u010d\u00e4\u02b9cc\u00f5\u00f5zz paald\u00e2st. Se\u00e4mmanalla aazzt\u00f5\u00f5zz lij ji\u00e2nnai Kianna \u010d\u00e4\u02b9cc\u00f5\u00f5zz paald\u00e2st. \u0160uurm\u00f5s aazztum siid lie Hossa, Ruhtinansalmi da Teeriranta. Vue\u02b9ssnee\u02b9\u01e9\u01e9 j\u00e4lste j\u00e4\u00e4nm\u00f5s\u00e2n Suomissalmist Hossa pirr\u00f5\u00f5zz\u00e2st.<\/p>\n<p>&nbsp;<\/p>\n<p>&nbsp;<\/p>\n<p>&nbsp;<\/p>\n","protected":false},"excerpt":{"rendered":"<p>Hossa-Irni Pu\u00e4\u0292\u0292ee\u02b9\u017e\u017eed: Sepp\u00e4nen Ville Te\u02b9lfon: 040 569 6592 Ne\u02b9ttp\u00e5\u00e5\u02b9\u0161t: &#x68;&#x6f;&#x73;&#x73;&#x61;&#x69;&#x72;&#x6e;&#105;&#112;&#108;&#107;&#64;&#103;&#109;ail&#46;&#x63;&#x6f;&#x6d; Dommk\u00e5\u02b9dd: Suomussalmi Vu\u02b9vdd\u0161orr\u00e2dvu\u00f5tt: 3 087,4 km2 \u0160uurm\u00f5s l\u00e5\u00e5vla\u017e pu\u00e4\u0292\u0292l\u00e5\u00e5kk: 3 000 Pu\u00e4\u0292\u0292vu\u00e4\u02b9msteei: 71 Hossa-Irni paal\u01e5\u00e2sk\u00e5\u02b9dd kooll Kuusamo mi\u00e2rkkpirr\u00f5\u02b9sse. Paal\u01e5\u00e2sk\u00e5\u02b9dd lij Kuusamo g\u00e5\u00e5rad, Taivalkoski da Suomussalmi koo\u02b9ddi vuu\u02b9dest. Paal\u01e5\u00e2sk\u00e5\u02b9dd rajjan nu\u00f5rttjest Ru\u00f5\u0161\u0161j\u00e2nnam riikkra\u02b9jje, saauj\u00e2st N\u00e4lj\u00e4nk\u00e4, vi\u00f5sttrest Taivalkoski da t\u00e2\u00e2vast Akanlahti da Kallioluoma paal\u01e5\u00e2skoo\u02b9ddid. Paal\u01e5\u00e2sk\u00e5\u00e5\u02b9dd vuu\u02b9dest 50,5 [&hellip;]<\/p>\n","protected":false},"author":1,"featured_media":0,"parent":420,"menu_order":44,"comment_status":"open","ping_status":"closed","template":"paliskuntasivut.php","meta":{"footnotes":""},"class_list":["post-1488","page","type-page","status-publish","hentry"],"aioseo_notices":[],"_links":{"self":[{"href":"https:\/\/paliskunnat.fi\/poh\/wp-json\/wp\/v2\/pages\/1488","targetHints":{"allow":["GET"]}}],"collection":[{"href":"https:\/\/paliskunnat.fi\/poh\/wp-json\/wp\/v2\/pages"}],"about":[{"href":"https:\/\/paliskunnat.fi\/poh\/wp-json\/wp\/v2\/types\/page"}],"author":[{"embeddable":true,"href":"https:\/\/paliskunnat.fi\/poh\/wp-json\/wp\/v2\/users\/1"}],"replies":[{"embeddable":true,"href":"https:\/\/paliskunnat.fi\/poh\/wp-json\/wp\/v2\/comments?post=1488"}],"version-history":[{"count":6,"href":"https:\/\/paliskunnat.fi\/poh\/wp-json\/wp\/v2\/pages\/1488\/revisions"}],"predecessor-version":[{"id":7205,"href":"https:\/\/paliskunnat.fi\/poh\/wp-json\/wp\/v2\/pages\/1488\/revisions\/7205"}],"up":[{"embeddable":true,"href":"https:\/\/paliskunnat.fi\/poh\/wp-json\/wp\/v2\/pages\/420"}],"wp:attachment":[{"href":"https:\/\/paliskunnat.fi\/poh\/wp-json\/wp\/v2\/media?parent=1488"}],"curies":[{"name":"wp","href":"https:\/\/api.w.org\/{rel}","templated":true}]}}