{"id":1490,"date":"2014-11-23T17:45:38","date_gmt":"2014-11-23T15:45:38","guid":{"rendered":"http:\/\/80.69.171.23\/py\/?page_id=1490"},"modified":"2023-06-07T15:59:40","modified_gmt":"2023-06-07T12:59:40","slug":"kallioluoma","status":"publish","type":"page","link":"https:\/\/paliskunnat.fi\/poh\/paalgaskaadd\/paalgaskooddi_tead\/kallioluoma\/","title":{"rendered":"45 Kallioluoma"},"content":{"rendered":"<h2>Kallioluoma<\/h2>\n<p>Pu\u00e4\u0292\u0292ee\u02b9\u017e\u017eed: H\u00e4rm\u00e4 Heikki<br \/>\nTe\u02b9lfon: 040 540 9381<br \/>\nNe\u02b9ttp\u00e5\u00e5\u02b9\u0161t: &#104;&#x65;i&#107;&#x6b;&#105;&#x70;o&#114;&#x6f;&#64;&#x67;&#x6d;&#97;&#x69;l&#46;&#x63;o&#x6d;<\/p>\n<p><a href=\"https:\/\/paliskunnat.fi\/py\/wp-content\/uploads\/2014\/11\/45_kallioluoma.png\" rel=\"lightbox[1490]\"><img loading=\"lazy\" decoding=\"async\" class=\"alignnone wp-image-1548\" src=\"https:\/\/paliskunnat.fi\/py\/wp-content\/uploads\/2014\/11\/45_kallioluoma.png\" alt=\"45 Kallioluoma\" width=\"300\" height=\"387\" srcset=\"https:\/\/paliskunnat.fi\/poh\/wp-content\/uploads\/2014\/11\/45_kallioluoma.png 775w, https:\/\/paliskunnat.fi\/poh\/wp-content\/uploads\/2014\/11\/45_kallioluoma-233x300.png 233w, https:\/\/paliskunnat.fi\/poh\/wp-content\/uploads\/2014\/11\/45_kallioluoma-768x991.png 768w\" sizes=\"auto, (max-width: 300px) 100vw, 300px\" \/><\/a><\/p>\n<table width=\"450\">\n<tbody>\n<tr>\n<td>Dommk\u00e5\u02b9dd:<\/td>\n<td>Kuusamo<\/td>\n<\/tr>\n<tr>\n<td>Vu\u02b9vdd\u0161orr\u00e2dvu\u00f5tt:<\/td>\n<td>1 576,8 km<sup>2<\/sup><\/td>\n<\/tr>\n<tr>\n<td>\u0160uurm\u00f5s l\u00e5\u00e5vla\u017e pu\u00e4\u0292\u0292l\u00e5\u00e5kk:<\/td>\n<td>2 300<\/td>\n<\/tr>\n<tr>\n<td>Pu\u00e4\u0292\u0292vu\u00e4\u02b9msteei:<\/td>\n<td>42<\/td>\n<\/tr>\n<\/tbody>\n<\/table>\n<p>Kallioluoma paal\u01e5\u00e2sk\u00e5\u02b9dd kooll Kuusamo mi\u00e2rkkpirr\u00f5\u02b9sse. Paal\u01e5\u00e2sk\u00e5\u02b9dd lij Kuusamo g\u00e5\u00e5rad saujjvue\u02b9zzest. Paal\u01e5\u00e2sk\u00e5\u02b9dd rajjan nu\u00f5rttjest Ru\u00f5\u0161\u0161j\u00e2nnam riikkra\u02b9jje, saauj\u00e2st Hossa-Irni, vi\u00f5sttrest Akanlahti da t\u00e2\u00e2vast Oivanki paal\u01e5\u00e2skoo\u02b9ddid.<\/p>\n<p>Paal\u01e5\u00e2sk\u00e5\u00e5\u02b9dd vuu\u02b9dest 20,1 % lie riikkj\u00e2nnam da 79,9 % privattj\u00e2nnam. Paal\u01e5\u00e2sk\u00e5\u00e5\u02b9dd lu\u00f5\u02b9ddai v\u00e4\u02b9ldd\u010du\u00e2\u01e5\u01e5as 5, k\u00e5\u00e5\u02b9tt jue\u02b9\u01e9\u01e9 paal\u01e5\u00e2sk\u00e5\u00e5\u02b9dd palgg\u00e2m- da ku\u00e4ivvam- da j\u00e5\u00e5\u02b9ttemvuu\u02b9d kue\u02b9htten vu\u00e2ssa. Vu\u00e4\u02b9mm mie\u02b9cci su\u00f5jjlemvuu\u02b9d da je\u00e4\u02b9\u01e7\u01e7su\u00f5jjlemvuu\u02b9d k\u00e4unn\u02bcje palgg\u00e2z vuu\u02b9dest. Paal\u01e5\u00e2sk\u00e5\u00e5\u02b9dd vuu\u02b9dest lie mue\u02b9dd l\u00e2u\u02b9\u014b\u014bjie\u02b9\u01e7\u01e7, le\u0161a t\u00f5i raajj\u00e2m h\u00e4i\u02b9tt pu\u00e4\u0292\u0292tallu ij le\u00e4kku \u0161urr.<\/p>\n<p>Paal\u01e5\u00e2sk\u00e5\u00e5\u02b9ddest lie \u00e5\u00e5u\u02b9c \u01e9iidd\u00f5s \u00e4iddad. Pu\u00f5cci \u0161ee\u02b9llem\u00e4\u00e4id lie vitt. Vue\u02b9ssnii\u02b9\u01e9\u01e9in lie jii\u02b9jjez \u00e4\u00e4id. \u0160\u00e2ddeemj\u00e2nnmi su\u00f5jjeem di\u00f5tt lie rajjum \u0161\u00e2ddeem\u00e4\u00e4id pukid t\u00e4\u00e4laid, \u0161to pu\u00f5ccu jie ku\u00e4iv le\u02b9be paal\u01e5 to\u02b9ben.<\/p>\n<p>Aazzt\u00f5\u00f5zz lij pirr palgg\u00e2z vuu\u02b9d, j\u00f5s je\u00e4\u02b9t v\u00e4\u00e4\u02b9ld lokku nu\u00f5rttvue\u02b9ssid. \u00c2stt\u00e4\u00e4i\u02b9j p\u00f5\u00f5rt lie l\u00e2ssnam samai samai ji\u00e2nnai. Vue\u02b9ssnee\u02b9\u01e9\u01e9 j\u00e4lste pirr paal\u01e5\u00e2sk\u00e5\u00e5\u02b9dd. \u0160uurm\u00f5s vue\u02b9ss palgg\u00e2z pu\u00e4\u0292\u0292oummin lie m\u00e4ddvu\u00e4\u02b9msteei. T\u00e4\u00e4l lie m\u00e4dd-, me\u00e4\u02b9cc- da pu\u00e4\u0292\u0292t\u00e4\u00e4l.<\/p>\n<p>&nbsp;<\/p>\n<p>&nbsp;<\/p>\n<p>&nbsp;<\/p>\n","protected":false},"excerpt":{"rendered":"<p>Kallioluoma Pu\u00e4\u0292\u0292ee\u02b9\u017e\u017eed: H\u00e4rm\u00e4 Heikki Te\u02b9lfon: 040 540 9381 Ne\u02b9ttp\u00e5\u00e5\u02b9\u0161t: h&#101;&#x69;&#x6b;k&#105;&#x70;&#x6f;r&#111;&#64;&#x67;&#x6d;a&#105;&#x6c;&#x2e;c&#111;&#x6d; Dommk\u00e5\u02b9dd: Kuusamo Vu\u02b9vdd\u0161orr\u00e2dvu\u00f5tt: 1 576,8 km2 \u0160uurm\u00f5s l\u00e5\u00e5vla\u017e pu\u00e4\u0292\u0292l\u00e5\u00e5kk: 2 300 Pu\u00e4\u0292\u0292vu\u00e4\u02b9msteei: 42 Kallioluoma paal\u01e5\u00e2sk\u00e5\u02b9dd kooll Kuusamo mi\u00e2rkkpirr\u00f5\u02b9sse. Paal\u01e5\u00e2sk\u00e5\u02b9dd lij Kuusamo g\u00e5\u00e5rad saujjvue\u02b9zzest. Paal\u01e5\u00e2sk\u00e5\u02b9dd rajjan nu\u00f5rttjest Ru\u00f5\u0161\u0161j\u00e2nnam riikkra\u02b9jje, saauj\u00e2st Hossa-Irni, vi\u00f5sttrest Akanlahti da t\u00e2\u00e2vast Oivanki paal\u01e5\u00e2skoo\u02b9ddid. Paal\u01e5\u00e2sk\u00e5\u00e5\u02b9dd vuu\u02b9dest 20,1 % lie riikkj\u00e2nnam da 79,9 % [&hellip;]<\/p>\n","protected":false},"author":1,"featured_media":0,"parent":420,"menu_order":45,"comment_status":"open","ping_status":"closed","template":"paliskuntasivut.php","meta":{"footnotes":""},"class_list":["post-1490","page","type-page","status-publish","hentry"],"aioseo_notices":[],"_links":{"self":[{"href":"https:\/\/paliskunnat.fi\/poh\/wp-json\/wp\/v2\/pages\/1490","targetHints":{"allow":["GET"]}}],"collection":[{"href":"https:\/\/paliskunnat.fi\/poh\/wp-json\/wp\/v2\/pages"}],"about":[{"href":"https:\/\/paliskunnat.fi\/poh\/wp-json\/wp\/v2\/types\/page"}],"author":[{"embeddable":true,"href":"https:\/\/paliskunnat.fi\/poh\/wp-json\/wp\/v2\/users\/1"}],"replies":[{"embeddable":true,"href":"https:\/\/paliskunnat.fi\/poh\/wp-json\/wp\/v2\/comments?post=1490"}],"version-history":[{"count":5,"href":"https:\/\/paliskunnat.fi\/poh\/wp-json\/wp\/v2\/pages\/1490\/revisions"}],"predecessor-version":[{"id":7075,"href":"https:\/\/paliskunnat.fi\/poh\/wp-json\/wp\/v2\/pages\/1490\/revisions\/7075"}],"up":[{"embeddable":true,"href":"https:\/\/paliskunnat.fi\/poh\/wp-json\/wp\/v2\/pages\/420"}],"wp:attachment":[{"href":"https:\/\/paliskunnat.fi\/poh\/wp-json\/wp\/v2\/media?parent=1490"}],"curies":[{"name":"wp","href":"https:\/\/api.w.org\/{rel}","templated":true}]}}