{"id":1492,"date":"2014-11-23T17:47:16","date_gmt":"2014-11-23T15:47:16","guid":{"rendered":"http:\/\/80.69.171.23\/py\/?page_id=1492"},"modified":"2023-06-07T16:00:15","modified_gmt":"2023-06-07T13:00:15","slug":"oivanki","status":"publish","type":"page","link":"https:\/\/paliskunnat.fi\/poh\/paalgaskaadd\/paalgaskooddi_tead\/oivanki\/","title":{"rendered":"46 Oivanki"},"content":{"rendered":"<h2>Oivanki<\/h2>\n<p>Pu\u00e4\u0292\u0292ee\u02b9\u017e\u017eed: Kujala Juha<br \/>\nTe\u02b9lfon: 040 913 7616<br \/>\nNe\u02b9ttp\u00e5\u00e5\u02b9\u0161t: oivanginpali&#115;&#107;&#117;&#110;&#116;&#97;&#64;&#103;&#109;&#97;&#105;&#108;&#46;&#99;&#111;&#x6d;<\/p>\n<p><a href=\"https:\/\/paliskunnat.fi\/py\/wp-content\/uploads\/2014\/11\/46_oivanki.png\" rel=\"lightbox[1492]\"><img loading=\"lazy\" decoding=\"async\" class=\"alignnone wp-image-1550\" src=\"https:\/\/paliskunnat.fi\/py\/wp-content\/uploads\/2014\/11\/46_oivanki.png\" alt=\"46 Oivanki\" width=\"300\" height=\"387\" srcset=\"https:\/\/paliskunnat.fi\/poh\/wp-content\/uploads\/2014\/11\/46_oivanki.png 775w, https:\/\/paliskunnat.fi\/poh\/wp-content\/uploads\/2014\/11\/46_oivanki-233x300.png 233w, https:\/\/paliskunnat.fi\/poh\/wp-content\/uploads\/2014\/11\/46_oivanki-768x991.png 768w\" sizes=\"auto, (max-width: 300px) 100vw, 300px\" \/><\/a><\/p>\n<table width=\"450\">\n<tbody>\n<tr>\n<td>Dommk\u00e5\u02b9dd:<\/td>\n<td>Kuusamo<\/td>\n<\/tr>\n<tr>\n<td>Vu\u02b9vdd\u0161orr\u00e2dvu\u00f5tt:<\/td>\n<td>1 620,6 km<sup>2<\/sup><\/td>\n<\/tr>\n<tr>\n<td>\u0160uurm\u00f5s l\u00e5\u00e5vla\u017e pu\u00e4\u0292\u0292l\u00e5\u00e5kk:<\/td>\n<td>2 400<\/td>\n<\/tr>\n<tr>\n<td>Pu\u00e4\u0292\u0292vu\u00e4\u02b9msteei:<\/td>\n<td>49<\/td>\n<\/tr>\n<\/tbody>\n<\/table>\n<p>Oivanki paal\u01e5\u00e2sk\u00e5\u02b9dd kooll Kuusamo mi\u00e2rkkpirr\u00f5\u02b9sse. Paal\u01e5\u00e2sk\u00e5\u02b9dd lij Kuusamo g\u00e5\u00e5rad k\u00f5skkvue\u02b9zzest. Paal\u01e5\u00e2sk\u00e5\u02b9dd rajjan nu\u00f5rttjest Ru\u00f5\u0161\u0161j\u00e2nnam riikkra\u02b9jje, saauj\u00e2st Kallioluoma, vi\u00f5sttrest Akanlahti da Tolva da t\u00e2\u00e2vast Alakitka paal\u01e5\u00e2skoo\u02b9ddid.<\/p>\n<p>Paal\u01e5\u00e2sk\u00e5\u00e5\u02b9dd vuu\u02b9dest 3,8 % lie riikkj\u00e2nnam da 96,2 % privattj\u00e2nnam.. Paal\u01e5\u00e2sk\u00e5\u00e5\u02b9dd lu\u00f5\u02b9ddai v\u00e4\u02b9ldd\u010du\u00e2\u01e5\u01e5as 5, k\u00e5\u00e5\u02b9tt r\u00e4\u00e4jj vaiggubun pu\u00f5cci palggm\u00f5\u00f5\u017e\u017e da vesttummu\u017e. Ruka \u010du\u00f5igg\u00e2mk\u00f5\u00f5sk\u00f5s pohtt voudda ji\u00e2nnai m\u00e4\u00e4tklaid.<\/p>\n<p>Paal\u01e5\u00e2sk\u00e5\u00e5\u02b9ddest lie nu\u02b9tt 20 \u00e4iddp\u00e4i\u02b9\u01e9\u01e9ed. \u01e8iidd\u00f5s \u00e4\u00e4id lie vitt, se\u02b9rddem\u00e4\u00e4idid \u00f5\u02b9nne nu\u02b9tt l\u00e5\u00e5\u02b9jjest \u00e4iddp\u00e4\u00e4i\u02b9\u01e9est. Kue\u02b9htt \u00e4iddp\u00e4\u00e4i\u02b9\u01e9est lie poortem\u00e4\u00e4id. \u0160\u00e2ddeemvuu\u02b9d su\u00f5jj\u00e4\u00e4idid lie joudd\u00e2m raajj\u00e2d \u0161uurm\u00f5s vu\u00e2ssa \u0161\u00e2ddeemvuu\u02b9did.<\/p>\n<p>Aazzt\u00f5\u00f5zz lij j\u00e4\u00e4nm\u00f5s\u00e2n Kuusamo ceerkavsiid\u00e2st, Rukast da Nissivaarast. Aassimie\u02b9rr lij g\u00e5\u00e5rdest lij \u01e9e\u00e4ppnam m\u00f5\u00f5nni ii\u02b9jjin da je\u00e4\u02b9rben \u010d\u00e5rrsiid poostj\u00e2\u02b9vve.<\/p>\n<p>&nbsp;<\/p>\n<p>&nbsp;<\/p>\n","protected":false},"excerpt":{"rendered":"<p>Oivanki Pu\u00e4\u0292\u0292ee\u02b9\u017e\u017eed: Kujala Juha Te\u02b9lfon: 040 913 7616 Ne\u02b9ttp\u00e5\u00e5\u02b9\u0161t: &#x6f;&#105;v&#x61;&#110;g&#x69;&#110;p&#x61;&#108;i&#x73;&#107;u&#x6e;&#x74;a&#x40;&#x67;&#109;&#x61;&#x69;&#108;&#x2e;&#x63;&#111;m Dommk\u00e5\u02b9dd: Kuusamo Vu\u02b9vdd\u0161orr\u00e2dvu\u00f5tt: 1 620,6 km2 \u0160uurm\u00f5s l\u00e5\u00e5vla\u017e pu\u00e4\u0292\u0292l\u00e5\u00e5kk: 2 400 Pu\u00e4\u0292\u0292vu\u00e4\u02b9msteei: 49 Oivanki paal\u01e5\u00e2sk\u00e5\u02b9dd kooll Kuusamo mi\u00e2rkkpirr\u00f5\u02b9sse. Paal\u01e5\u00e2sk\u00e5\u02b9dd lij Kuusamo g\u00e5\u00e5rad k\u00f5skkvue\u02b9zzest. Paal\u01e5\u00e2sk\u00e5\u02b9dd rajjan nu\u00f5rttjest Ru\u00f5\u0161\u0161j\u00e2nnam riikkra\u02b9jje, saauj\u00e2st Kallioluoma, vi\u00f5sttrest Akanlahti da Tolva da t\u00e2\u00e2vast Alakitka paal\u01e5\u00e2skoo\u02b9ddid. Paal\u01e5\u00e2sk\u00e5\u00e5\u02b9dd vuu\u02b9dest 3,8 % lie riikkj\u00e2nnam da [&hellip;]<\/p>\n","protected":false},"author":1,"featured_media":0,"parent":420,"menu_order":46,"comment_status":"open","ping_status":"closed","template":"paliskuntasivut.php","meta":{"footnotes":""},"class_list":["post-1492","page","type-page","status-publish","hentry"],"aioseo_notices":[],"_links":{"self":[{"href":"https:\/\/paliskunnat.fi\/poh\/wp-json\/wp\/v2\/pages\/1492","targetHints":{"allow":["GET"]}}],"collection":[{"href":"https:\/\/paliskunnat.fi\/poh\/wp-json\/wp\/v2\/pages"}],"about":[{"href":"https:\/\/paliskunnat.fi\/poh\/wp-json\/wp\/v2\/types\/page"}],"author":[{"embeddable":true,"href":"https:\/\/paliskunnat.fi\/poh\/wp-json\/wp\/v2\/users\/1"}],"replies":[{"embeddable":true,"href":"https:\/\/paliskunnat.fi\/poh\/wp-json\/wp\/v2\/comments?post=1492"}],"version-history":[{"count":6,"href":"https:\/\/paliskunnat.fi\/poh\/wp-json\/wp\/v2\/pages\/1492\/revisions"}],"predecessor-version":[{"id":7076,"href":"https:\/\/paliskunnat.fi\/poh\/wp-json\/wp\/v2\/pages\/1492\/revisions\/7076"}],"up":[{"embeddable":true,"href":"https:\/\/paliskunnat.fi\/poh\/wp-json\/wp\/v2\/pages\/420"}],"wp:attachment":[{"href":"https:\/\/paliskunnat.fi\/poh\/wp-json\/wp\/v2\/media?parent=1492"}],"curies":[{"name":"wp","href":"https:\/\/api.w.org\/{rel}","templated":true}]}}