{"id":1554,"date":"2014-11-23T18:30:38","date_gmt":"2014-11-23T16:30:38","guid":{"rendered":"http:\/\/80.69.171.23\/py\/?page_id=1554"},"modified":"2023-06-07T16:00:52","modified_gmt":"2023-06-07T13:00:52","slug":"taivalkoski","status":"publish","type":"page","link":"https:\/\/paliskunnat.fi\/poh\/paalgaskaadd\/paalgaskooddi_tead\/taivalkoski\/","title":{"rendered":"48 Taivalkoski"},"content":{"rendered":"<h2>Taivalkoski<\/h2>\n<p>Pu\u00e4\u0292\u0292ee\u02b9\u017e\u017eed: K\u00e4sm\u00e4 Mika<br \/>\nTe\u02b9lfon: 0400 173 980<br \/>\nNe\u02b9ttp\u00e5\u00e5\u02b9\u0161t: m&#105;&#x6b;&#x61;&#46;&#107;&#x61;&#x73;m&#97;&#64;&#x70;&#x61;l&#105;&#x73;&#x6b;u&#110;&#x6e;&#x61;t&#46;&#102;&#x69;<\/p>\n<p><a href=\"https:\/\/paliskunnat.fi\/py\/wp-content\/uploads\/2014\/11\/48_taivalkoski.png\" rel=\"lightbox[1554]\"><img loading=\"lazy\" decoding=\"async\" class=\"alignnone wp-image-1557\" src=\"https:\/\/paliskunnat.fi\/py\/wp-content\/uploads\/2014\/11\/48_taivalkoski.png\" alt=\"48 Taivalkoski\" width=\"300\" height=\"387\" srcset=\"https:\/\/paliskunnat.fi\/poh\/wp-content\/uploads\/2014\/11\/48_taivalkoski.png 775w, https:\/\/paliskunnat.fi\/poh\/wp-content\/uploads\/2014\/11\/48_taivalkoski-233x300.png 233w, https:\/\/paliskunnat.fi\/poh\/wp-content\/uploads\/2014\/11\/48_taivalkoski-768x991.png 768w\" sizes=\"auto, (max-width: 300px) 100vw, 300px\" \/><\/a><\/p>\n<table width=\"450\">\n<tbody>\n<tr>\n<td>Dommk\u00e5\u02b9dd:<\/td>\n<td>Taivalkoski<\/td>\n<\/tr>\n<tr>\n<td>Vu\u02b9vdd\u0161orr\u00e2dvu\u00f5tt:<\/td>\n<td>2 459,2 km<sup>2<\/sup><\/td>\n<\/tr>\n<tr>\n<td>\u0160uurm\u00f5s l\u00e5\u00e5vla\u017e pu\u00e4\u0292\u0292l\u00e5\u00e5kk:<\/td>\n<td>2 500<\/td>\n<\/tr>\n<tr>\n<td>Pu\u00e4\u0292\u0292vu\u00e4\u02b9msteei:<\/td>\n<td>76<\/td>\n<\/tr>\n<\/tbody>\n<\/table>\n<p>Taivalkoski paal\u01e5\u00e2sk\u00e5\u02b9dd kooll Pudasj\u00e4rvi mi\u00e2rkkpirr\u00f5\u02b9sse. Paal\u01e5\u00e2sk\u00e5\u02b9dd lij Taivalkoski, Posio, Suomussalmi da Pudasj\u00e4rvi koo\u02b9ddi vuu\u02b9dest. Paal\u01e5\u00e2sk\u00e5\u02b9dd rajjan t\u00e2\u00e2vast Posion Livo da Akanlahti, nu\u00f5rttjest Hossa-Irni, saauj\u00e2st N\u00e4lj\u00e4nk\u00e4 da vi\u00f5sttrest Pintamo da Pudasj\u00e4rven Livo paal\u01e5\u00e2skoo\u02b9ddid.<\/p>\n<p>Paal\u01e5\u00e2sk\u00e5\u00e5\u02b9dd vuu\u02b9dest 67,8 % lie riikkj\u00e2nnam da 32,2 % privattj\u00e2nnam.<\/p>\n<p>Paal\u01e5\u00e2sk\u00e5\u00e5\u02b9dd t\u00e2\u02b9vv-vu\u00e2ssa lij plaaneemnalla Mustavaara (vanadiin-ru\u02b9vdd-titaan) ku\u00e5ivv\u00e2z o\u02b9\u0111\u0111est \u00e4\u00e4\u02b9vummu\u0161. Ku\u00e5iv\u00e2s le\u02b9\u010d\u010di paal\u01e5\u00e2sk\u00e5\u00e5\u02b9dd palgg\u00e2mvuu\u02b9dest.<\/p>\n<p>&nbsp;<\/p>\n","protected":false},"excerpt":{"rendered":"<p>Taivalkoski Pu\u00e4\u0292\u0292ee\u02b9\u017e\u017eed: K\u00e4sm\u00e4 Mika Te\u02b9lfon: 0400 173 980 Ne\u02b9ttp\u00e5\u00e5\u02b9\u0161t: &#x6d;&#x69;&#x6b;&#x61;&#46;&#107;asm&#x61;&#x40;&#x70;&#x61;&#108;&#105;sku&#x6e;&#x6e;&#x61;&#x74;&#46;&#102;&#105; Dommk\u00e5\u02b9dd: Taivalkoski Vu\u02b9vdd\u0161orr\u00e2dvu\u00f5tt: 2 459,2 km2 \u0160uurm\u00f5s l\u00e5\u00e5vla\u017e pu\u00e4\u0292\u0292l\u00e5\u00e5kk: 2 500 Pu\u00e4\u0292\u0292vu\u00e4\u02b9msteei: 76 Taivalkoski paal\u01e5\u00e2sk\u00e5\u02b9dd kooll Pudasj\u00e4rvi mi\u00e2rkkpirr\u00f5\u02b9sse. Paal\u01e5\u00e2sk\u00e5\u02b9dd lij Taivalkoski, Posio, Suomussalmi da Pudasj\u00e4rvi koo\u02b9ddi vuu\u02b9dest. Paal\u01e5\u00e2sk\u00e5\u02b9dd rajjan t\u00e2\u00e2vast Posion Livo da Akanlahti, nu\u00f5rttjest Hossa-Irni, saauj\u00e2st N\u00e4lj\u00e4nk\u00e4 da vi\u00f5sttrest Pintamo da Pudasj\u00e4rven Livo paal\u01e5\u00e2skoo\u02b9ddid. [&hellip;]<\/p>\n","protected":false},"author":1,"featured_media":0,"parent":420,"menu_order":48,"comment_status":"open","ping_status":"closed","template":"paliskuntasivut.php","meta":{"footnotes":""},"class_list":["post-1554","page","type-page","status-publish","hentry"],"aioseo_notices":[],"_links":{"self":[{"href":"https:\/\/paliskunnat.fi\/poh\/wp-json\/wp\/v2\/pages\/1554","targetHints":{"allow":["GET"]}}],"collection":[{"href":"https:\/\/paliskunnat.fi\/poh\/wp-json\/wp\/v2\/pages"}],"about":[{"href":"https:\/\/paliskunnat.fi\/poh\/wp-json\/wp\/v2\/types\/page"}],"author":[{"embeddable":true,"href":"https:\/\/paliskunnat.fi\/poh\/wp-json\/wp\/v2\/users\/1"}],"replies":[{"embeddable":true,"href":"https:\/\/paliskunnat.fi\/poh\/wp-json\/wp\/v2\/comments?post=1554"}],"version-history":[{"count":5,"href":"https:\/\/paliskunnat.fi\/poh\/wp-json\/wp\/v2\/pages\/1554\/revisions"}],"predecessor-version":[{"id":7077,"href":"https:\/\/paliskunnat.fi\/poh\/wp-json\/wp\/v2\/pages\/1554\/revisions\/7077"}],"up":[{"embeddable":true,"href":"https:\/\/paliskunnat.fi\/poh\/wp-json\/wp\/v2\/pages\/420"}],"wp:attachment":[{"href":"https:\/\/paliskunnat.fi\/poh\/wp-json\/wp\/v2\/media?parent=1554"}],"curies":[{"name":"wp","href":"https:\/\/api.w.org\/{rel}","templated":true}]}}