{"id":1559,"date":"2014-11-23T18:37:18","date_gmt":"2014-11-23T16:37:18","guid":{"rendered":"http:\/\/80.69.171.23\/py\/?page_id=1559"},"modified":"2023-06-07T16:01:37","modified_gmt":"2023-06-07T13:01:37","slug":"pudasjarvi","status":"publish","type":"page","link":"https:\/\/paliskunnat.fi\/poh\/paalgaskaadd\/paalgaskooddi_tead\/pudasjarvi\/","title":{"rendered":"49 Pudasj\u00e4rvi"},"content":{"rendered":"<h2>PUDASJ\u00c4RVI<\/h2>\n<p>Pu\u00e4\u0292\u0292ee\u02b9\u017e\u017eed: Jaurun Markus<br \/>\nTe\u02b9lfon: +358 40 537 4668<br \/>\nNe\u02b9ttp\u00e5\u00e5\u02b9\u0161t: &#112;&#x6f;&#114;&#x6f;&#106;&#x61;&#117;&#x72;&#117;&#x40;&#103;&#x6d;&#97;&#x69;&#108;&#x2e;&#99;&#x6f;&#109;<\/p>\n<p><a href=\"https:\/\/paliskunnat.fi\/py\/wp-content\/uploads\/2014\/11\/49_pudasjarvi.png\" rel=\"lightbox[1559]\"><img loading=\"lazy\" decoding=\"async\" class=\"alignnone wp-image-1560\" src=\"https:\/\/paliskunnat.fi\/py\/wp-content\/uploads\/2014\/11\/49_pudasjarvi.png\" alt=\"49 Pudasj\u00e4rvi\" width=\"300\" height=\"387\" srcset=\"https:\/\/paliskunnat.fi\/poh\/wp-content\/uploads\/2014\/11\/49_pudasjarvi.png 775w, https:\/\/paliskunnat.fi\/poh\/wp-content\/uploads\/2014\/11\/49_pudasjarvi-233x300.png 233w, https:\/\/paliskunnat.fi\/poh\/wp-content\/uploads\/2014\/11\/49_pudasjarvi-768x991.png 768w\" sizes=\"auto, (max-width: 300px) 100vw, 300px\" \/><\/a><\/p>\n<table width=\"450\">\n<tbody>\n<tr>\n<td>Dommk\u00e5\u02b9dd:<\/td>\n<td>Pudasj\u00e4rvi<\/td>\n<\/tr>\n<tr>\n<td>Vu\u02b9vdd\u0161orr\u00e2dvu\u00f5tt:<\/td>\n<td>2 006,3 km<sup>2<\/sup><\/td>\n<\/tr>\n<tr>\n<td>\u0160uurm\u00f5s l\u00e5\u00e5vla\u017e pu\u00e4\u0292\u0292l\u00e5\u00e5kk:<\/td>\n<td>2 200<\/td>\n<\/tr>\n<tr>\n<td>Pu\u00e4\u0292\u0292vu\u00e4\u02b9msteei:<\/td>\n<td>60<\/td>\n<\/tr>\n<\/tbody>\n<\/table>\n<p>Pudasj\u00e4rvi paal\u01e5\u00e2sk\u00e5\u02b9dd kooll Pudasj\u00e4rvi mi\u00e2rkkpirr\u00f5\u02b9sse. Paal\u01e5\u00e2sk\u00e5\u02b9dd lij Pudasj\u00e4rvi da Utaj\u00e4rvi k\u00e5\u00e5\u02b9dd vuu\u02b9din. Paal\u01e5\u00e2sk\u00e5\u02b9dd rajjan t\u00e2\u00e2vast Pudasj\u00e4rven Livo di nu\u00f5rttjest Pintamo paal\u01e5\u00e2skoo\u02b9ddid, saauj\u00e2st pu\u00e4\u0292\u0292h\u00e5iddvuu\u02b9d saujjra\u02b9jje, nu\u00f5rttjest Kiiminki da Kollaja paal\u01e5\u00e2skoo\u02b9ddid.<\/p>\n<p>Paal\u01e5\u00e2sk\u00e5\u00e5\u02b9dd vuu\u02b9dest 38,5 % lie riikkj\u00e2nnam da 61,5 % privattj\u00e2nnam.. Paal\u01e5\u00e2sk\u00e5\u00e5\u02b9dd vuu\u02b9dest lie Olvassuo lu\u00e2ttmu\u00f5rrkaard\u00e2s da m\u00e4\u00e4\u014bg Naturaa\u02b9je \u00f5httneei je\u00e4\u02b9\u01e7\u01e7su\u00f5jjlemvuu\u02b9d. Ko je\u00e4\u02b9\u01e7\u01e7vuu\u02b9d lie ji\u00e2nnai, l\u00e2u\u02b9\u014b\u014bpuu\u02b9t\u02bctemvuu\u02b9d pe\u00e2hssa da r\u00e4\u00e4\u02b9jte paal\u01e5\u00e2sk\u00e5\u00e5\u02b9dd palgg\u00e2m- da ku\u00e4ivvampaai\u02b9\u01e9id da tu\u00e5immjummu\u017e.<\/p>\n<p>Paal\u01e5\u00e2sk\u00e5\u00e5\u02b9ddest jie le\u00e4kku c\u00f5gg\u00e2m\u00e4\u00e4id da ku\u00e4ivvam- da palgg\u00e2mpaai\u02b9\u01e9i k\u00f5skk\u00e4\u00e4id. Pikal\u00f5s\u00e4\u00e4id lie \u00f5httsi\u02b9\u017e\u017ee \u010di\u010d\u010d\u00e2m. Vue\u02b9zzest \u01e9iidd\u00f5s \u00e4\u00e4idain lie poortem\u00e4\u00e4id \u0161e, koin pu\u00f5ccid vu\u00e4itt tu\u00f5\u02b9ll\u02bcjed da poorted taarb\u0161e\u02b9mmen v\u00e4\u02b9\u01ef\u01efelvu\u00f5\u0111itaa-<\/p>\n<p>Aazzt\u00f5s lij n\u00e2\u00e2nas paal\u01e5\u00e2sk\u00e5\u00e5\u02b9dd t\u00e2\u02b9vv-vue\u02b9zzin Iijoo\u01e5\u01e5 paald\u00e2st. Se\u00e4mmanalla aazzt\u00f5\u00f5zz lij ji\u00e2nnai Kiiminkijoo\u01e5\u01e5 da t\u00f5n \u010d\u00e5rrjoo\u01e5\u01e5i ku\u00e2\u014b\u014bsest. Lu\u00e2mm- da \u00e2stt\u00e4\u00e4i\u02b9j aazzt\u00f5\u00f5zz paal\u01e5\u00e2sk\u00e5\u00e5\u02b9dd vuu\u02b9dest lij ji\u00e2nnai. Vue\u02b9ssnee\u02b9\u01e9\u01e9 j\u00e4lste pirr paal\u01e5\u00e2sk\u00e5\u00e5\u02b9dd. S\u00f5rgg puk vue\u02b9ssnee\u02b9\u01e9\u01e9 lie \u0161e m\u00e4ddvu\u00e4\u02b9msteei.<\/p>\n<p>&nbsp;<\/p>\n<p>&nbsp;<\/p>\n<p>&nbsp;<\/p>\n<p>&nbsp;<\/p>\n","protected":false},"excerpt":{"rendered":"<p>PUDASJ\u00c4RVI Pu\u00e4\u0292\u0292ee\u02b9\u017e\u017eed: Jaurun Markus Te\u02b9lfon: +358 40 537 4668 Ne\u02b9ttp\u00e5\u00e5\u02b9\u0161t: po&#114;&#111;&#106;&#x61;&#x75;&#x72;&#x75;&#64;g&#109;&#97;&#105;&#x6c;&#x2e;&#x63;&#x6f;m Dommk\u00e5\u02b9dd: Pudasj\u00e4rvi Vu\u02b9vdd\u0161orr\u00e2dvu\u00f5tt: 2 006,3 km2 \u0160uurm\u00f5s l\u00e5\u00e5vla\u017e pu\u00e4\u0292\u0292l\u00e5\u00e5kk: 2 200 Pu\u00e4\u0292\u0292vu\u00e4\u02b9msteei: 60 Pudasj\u00e4rvi paal\u01e5\u00e2sk\u00e5\u02b9dd kooll Pudasj\u00e4rvi mi\u00e2rkkpirr\u00f5\u02b9sse. Paal\u01e5\u00e2sk\u00e5\u02b9dd lij Pudasj\u00e4rvi da Utaj\u00e4rvi k\u00e5\u00e5\u02b9dd vuu\u02b9din. Paal\u01e5\u00e2sk\u00e5\u02b9dd rajjan t\u00e2\u00e2vast Pudasj\u00e4rven Livo di nu\u00f5rttjest Pintamo paal\u01e5\u00e2skoo\u02b9ddid, saauj\u00e2st pu\u00e4\u0292\u0292h\u00e5iddvuu\u02b9d saujjra\u02b9jje, nu\u00f5rttjest Kiiminki da Kollaja paal\u01e5\u00e2skoo\u02b9ddid. Paal\u01e5\u00e2sk\u00e5\u00e5\u02b9dd vuu\u02b9dest [&hellip;]<\/p>\n","protected":false},"author":1,"featured_media":0,"parent":420,"menu_order":49,"comment_status":"open","ping_status":"closed","template":"paliskuntasivut.php","meta":{"footnotes":""},"class_list":["post-1559","page","type-page","status-publish","hentry"],"aioseo_notices":[],"_links":{"self":[{"href":"https:\/\/paliskunnat.fi\/poh\/wp-json\/wp\/v2\/pages\/1559","targetHints":{"allow":["GET"]}}],"collection":[{"href":"https:\/\/paliskunnat.fi\/poh\/wp-json\/wp\/v2\/pages"}],"about":[{"href":"https:\/\/paliskunnat.fi\/poh\/wp-json\/wp\/v2\/types\/page"}],"author":[{"embeddable":true,"href":"https:\/\/paliskunnat.fi\/poh\/wp-json\/wp\/v2\/users\/1"}],"replies":[{"embeddable":true,"href":"https:\/\/paliskunnat.fi\/poh\/wp-json\/wp\/v2\/comments?post=1559"}],"version-history":[{"count":7,"href":"https:\/\/paliskunnat.fi\/poh\/wp-json\/wp\/v2\/pages\/1559\/revisions"}],"predecessor-version":[{"id":7078,"href":"https:\/\/paliskunnat.fi\/poh\/wp-json\/wp\/v2\/pages\/1559\/revisions\/7078"}],"up":[{"embeddable":true,"href":"https:\/\/paliskunnat.fi\/poh\/wp-json\/wp\/v2\/pages\/420"}],"wp:attachment":[{"href":"https:\/\/paliskunnat.fi\/poh\/wp-json\/wp\/v2\/media?parent=1559"}],"curies":[{"name":"wp","href":"https:\/\/api.w.org\/{rel}","templated":true}]}}